{"id":96534,"date":"2025-07-17T17:10:24","date_gmt":"2025-07-17T15:10:24","guid":{"rendered":"https:\/\/www.edilera.com\/?post_type=product&#038;p=96534"},"modified":"2025-07-17T17:10:24","modified_gmt":"2025-07-17T15:10:24","slug":"medina-de-rioseco-artistica-y-monumental-la-ciudad-villagarcia-de-campos-la-santa-espina-san-cebrian-de-mazote-y-uruena","status":"publish","type":"product","link":"https:\/\/www.edilera.com\/index.php\/producto\/medina-de-rioseco-artistica-y-monumental-la-ciudad-villagarcia-de-campos-la-santa-espina-san-cebrian-de-mazote-y-uruena\/","title":{"rendered":"Medina de Rioseco, art\u00edstica y monumental. La ciudad, Villagarc\u00eda de Campos, la Santa Espina, San Cebri\u00e1n de Mazote y Urue\u00f1a."},"content":{"rendered":"<p><span style=\"font-family: Arial, sans-serif;\"><b>Medina de Rioseco, art\u00edstica y monumental. La ciudad, Villagarc\u00eda de Campos, la Santa Espina, San Cebri\u00e1n de Mazote y Urue\u00f1a.<\/b><\/span><\/p>\n<p align=\"JUSTIFY\"><span style=\"font-family: Arial, sans-serif;\">Gu\u00eda de Medina de Rioseco y su alfoz. La otrora riqu\u00edsima ciudad de Medina de Rioseco llamada India Chica, fruto de siglos de cultivo del arte de los mejores artistas, Juan De Juni, Sierra, Corral de Villalpando, Sierra, Bolduque, Arfe, Gil de Honta\u00f1\u00f3n, Nates, Andino, Alejo de Vah\u00eda, Churriguera, Cajiga, que nos asombran con su maestr\u00eda entre fachadas monumentales, esculturas, pinturas y otras artes a cada monumento. Un n\u00famero obras de primer nivel dif\u00edcil de repertir en un s\u00f3lo lugar. Y si dispone de algo m\u00e1s de tiempo visite Villagarc\u00eda de Campos, La Santa Espina, San Cebr\u00edan de Mazote, y Urue\u00f1a.<\/span><\/p>\n<p align=\"JUSTIFY\"><span style=\"font-family: Arial, sans-serif;\">Los textos son concisos, ricos y claros, con im\u00e1genes de medio y gran formato, planos, y esquemas que ayudan al visitante a tener una idea clara, asequible y bien aprovechada de su visita a Rioseco. A su vez sirve como recuerdo de su visita. <\/span><\/p>\n<ul>\n<li><span style=\"font-family: Arial, sans-serif;\">Encuadernaci\u00f3n: r\u00fastica cosida con solapas.<\/span><\/li>\n<li><span style=\"font-family: Arial, sans-serif;\">80 p\u00e1ginas.<\/span><\/li>\n<li><span style=\"font-family: Arial, sans-serif;\">A todo color.<\/span><\/li>\n<li><span style=\"font-family: Arial, sans-serif;\">Tama\u00f1o: 17 x 24 cm (vertical).<\/span><\/li>\n<li><span style=\"font-family: Arial, sans-serif;\">ISBN: 978-84-948338-8-5<\/span><\/li>\n<\/ul>\n<pre><span style=\"font-family: Arial, sans-serif;\"><b>\u00cdndice de aparici\u00f3n de temas tratados en el libro:<\/b><\/span>\r\n\r\n<span style=\"font-family: Arial, sans-serif;\">Historia de Medina de Rioseco.Murallas y puertas.\r\nSanta Mar\u00eda de Mediavilla.\r\nCapilla de los Benavente.\r\nSantiago de los Caballeros.\r\nSanta Cruz.\r\nMuseo de Semana Santa.\r\nCapilla de los Pasos Grandes\r\nMonasterio de San Francisco.\r\nMuseo de Arte Sacro.\r\nMonasterio de San Jos\u00e9.\r\nMonasterio de Santa Clara.\r\nTeatro.\r\nPlaza Mayor y Ayuntamiento.\r\nP\u00f3sito\r\nArcos de las Carnicer\u00edas.\r\nParque de Osuna.\r\nSan Pedro\r\nEl Canal de Castilla, esclusas.\r\nLa Semana Santa riosecana.\r\nAlrededores:\r\nVillagarc\u00eda de Campos, Colegiata.\r\nMonasterio de la Santa Espina.\r\nUrue\u00f1a, Villa del Libro.\r\nIglesia de Repoblaci\u00f3n de San Cebri\u00e1n de Mazote.\r\nBelmonte de Campos, castillo.\r\nLagunas de la Nava (desplegable interior)<\/span><\/pre>\n<p>&nbsp;<\/p>\n","protected":false},"excerpt":{"rendered":"<p>Medina de Rioseco, art\u00edstica y monumental. La ciudad, Villagarc\u00eda de Campos, la Santa Espina, San Cebri\u00e1n de Mazote y Urue\u00f1a. Gu\u00eda de Medina de Rioseco y su alfoz. La otrora riqu\u00edsima ciudad de Medina de Rioseco llamada India Chica, fruto de siglos de cultivo del arte de los mejores artistas, Juan De Juni, Sierra, Corral [&hellip;]<\/p>\n","protected":false},"featured_media":96539,"comment_status":"open","ping_status":"closed","template":"","meta":[],"product_brand":[],"product_cat":[21,20,40],"product_tag":[],"class_list":{"0":"post-96534","1":"product","2":"type-product","3":"status-publish","4":"has-post-thumbnail","6":"product_cat-artistica-y-monumental","7":"product_cat-espanol","8":"product_cat-palencia","10":"first","11":"instock","12":"taxable","13":"shipping-taxable","14":"purchasable","15":"product-type-simple"},"jetpack-related-posts":[],"jetpack_sharing_enabled":true,"_links":{"self":[{"href":"https:\/\/www.edilera.com\/index.php\/wp-json\/wp\/v2\/product\/96534","targetHints":{"allow":["GET"]}}],"collection":[{"href":"https:\/\/www.edilera.com\/index.php\/wp-json\/wp\/v2\/product"}],"about":[{"href":"https:\/\/www.edilera.com\/index.php\/wp-json\/wp\/v2\/types\/product"}],"replies":[{"embeddable":true,"href":"https:\/\/www.edilera.com\/index.php\/wp-json\/wp\/v2\/comments?post=96534"}],"version-history":[{"count":1,"href":"https:\/\/www.edilera.com\/index.php\/wp-json\/wp\/v2\/product\/96534\/revisions"}],"predecessor-version":[{"id":96540,"href":"https:\/\/www.edilera.com\/index.php\/wp-json\/wp\/v2\/product\/96534\/revisions\/96540"}],"wp:featuredmedia":[{"embeddable":true,"href":"https:\/\/www.edilera.com\/index.php\/wp-json\/wp\/v2\/media\/96539"}],"wp:attachment":[{"href":"https:\/\/www.edilera.com\/index.php\/wp-json\/wp\/v2\/media?parent=96534"}],"wp:term":[{"taxonomy":"product_brand","embeddable":true,"href":"https:\/\/www.edilera.com\/index.php\/wp-json\/wp\/v2\/product_brand?post=96534"},{"taxonomy":"product_cat","embeddable":true,"href":"https:\/\/www.edilera.com\/index.php\/wp-json\/wp\/v2\/product_cat?post=96534"},{"taxonomy":"product_tag","embeddable":true,"href":"https:\/\/www.edilera.com\/index.php\/wp-json\/wp\/v2\/product_tag?post=96534"}],"curies":[{"name":"wp","href":"https:\/\/api.w.org\/{rel}","templated":true}]}}