{"id":95916,"date":"2022-04-08T09:19:08","date_gmt":"2022-04-08T07:19:08","guid":{"rendered":"https:\/\/www.edilera.com\/?post_type=product&#038;p=95916"},"modified":"2022-04-08T09:19:42","modified_gmt":"2022-04-08T07:19:42","slug":"el-monasterio-de-san-miguel-de-escalada","status":"publish","type":"product","link":"https:\/\/www.edilera.com\/index.php\/producto\/el-monasterio-de-san-miguel-de-escalada\/","title":{"rendered":"El monasterio de San Miguel de Escalada"},"content":{"rendered":"<p><span style=\"font-family: Arial, sans-serif;\"><span style=\"font-size: medium;\">La iglesia del antiguo monasterio de San Miguel de Escalada.<br \/>\n<\/span><\/span><\/p>\n<p><span style=\"font-family: Arial, sans-serif;\"><span style=\"font-size: medium;\">Paradigma del estilo de Repoblaci\u00f3n o moz\u00e1rabe y milgrosamente intacta, se alza la iglesia de San Miguel de Escalada junto a orillas del r\u00edo Esla.<br \/>\n<\/span><\/span><\/p>\n<p><span style=\"font-family: Arial, sans-serif;\"><span style=\"font-size: medium;\">Se estudia su origen, antecedentes, y comparativas con otros templos tanto coet\u00e1neos como del prerrom\u00e1nico asturiano y visigodos.<br \/>\n<\/span><\/span><\/p>\n<p><span style=\"font-family: Arial, sans-serif;\"><span style=\"font-size: medium;\">Se aborda la historia y construcci\u00f3n del edificio desde el arte, la historia o su composici\u00f3n y metrolog\u00eda.<br \/>\n<\/span><\/span><\/p>\n<p>Al final del libro se recuerda el origen del Beato de Escalada (T\u00e1bara 1) iluminado por Maius para este monasterio.<\/p>\n<p><span style=\"font-family: Arial, sans-serif;\"><span style=\"font-size: medium;\">Los textos como en todos nuestros libros son concisos, ricos y claros, con im\u00e1genes, planos, y esquemas que ayudan al visitante a tener una idea clara, asequible y bien aprovechada de su visita. Y que su vez sirve como recuerdo.<\/span><\/span><\/p>\n<p>Y muy pr\u00e1ctica durante la visita, la posibilidad de realizar una visita guiada a los puntos principales de la iglesia a trav\u00e9s del c\u00f3digo QR que se incluye en la p\u00e1gina 48 del libro; o volver a visitar la iglesia desde la comodidad de su casa mientras rememora su visita.<\/p>\n<ul>\n<li><span style=\"font-family: Arial, sans-serif;\"><span style=\"font-size: medium;\">Encuadernaci\u00f3n: r\u00fastica con solapas, cosida con grapa.<\/span><\/span><\/li>\n<li><span style=\"font-family: Arial, sans-serif;\"><span style=\"font-size: medium;\">48 p\u00e1ginas.<\/span><\/span><\/li>\n<li><span style=\"font-family: Arial, sans-serif;\"><span style=\"font-size: medium;\">A todo color.<\/span><\/span><\/li>\n<li><span style=\"font-family: Arial, sans-serif;\"><span style=\"font-size: medium;\">Tama\u00f1o: 24 x 17 vertical.<\/span><\/span><\/li>\n<li><span style=\"font-family: Arial, sans-serif;\"><span style=\"font-size: medium;\">Con grandes im\u00e1genes del interior, y detalles de los capiteles y decoraci\u00f3n.<br \/>\n<\/span><\/span><\/li>\n<li>Visita virtual a la iglesia con informaci\u00f3n y audiogu\u00eda.<\/li>\n<li><span style=\"font-family: Arial, sans-serif;\"><span style=\"font-size: medium;\">ISBN: 978-84-948338-9-2<\/span><\/span><\/li>\n<\/ul>\n<p><span style=\"font-family: Arial, sans-serif;\"><b>\u00cdndice alfab\u00e9tico de temas tratados en el libro:<\/b><\/span><\/p>\n<p><span style=\"font-family: Arial, sans-serif;\">Emplazamiento<\/span><\/p>\n<p><span style=\"font-family: Arial, sans-serif;\">Historia<\/span><\/p>\n<p><span style=\"font-family: Arial, sans-serif;\">Las mesas de altar<br \/>\n<\/span><\/p>\n<p><span style=\"font-family: Arial, sans-serif;\">Composici\u00f3n y metrolog\u00eda<br \/>\n<\/span><\/p>\n<p><span style=\"font-family: Arial, sans-serif;\">Exterior<\/span><\/p>\n<p>P\u00f3rtico<\/p>\n<p>Interior<\/p>\n<p>Decoraci\u00f3n<\/p>\n<p>El Beato de Escalada<\/p>\n<p>\u00cdndice de Giga fotos, visita virtual y audiogu\u00eda.<\/p>\n<p>&nbsp;<\/p>\n","protected":false},"excerpt":{"rendered":"<p>La iglesia del antiguo monasterio de San Miguel de Escalada. Paradigma del estilo de Repoblaci\u00f3n o moz\u00e1rabe y milgrosamente intacta, se alza la iglesia de San Miguel de Escalada junto a orillas del r\u00edo Esla. Se estudia su origen, antecedentes, y comparativas con otros templos tanto coet\u00e1neos como del prerrom\u00e1nico asturiano y visigodos. Se aborda [&hellip;]<\/p>\n","protected":false},"featured_media":95917,"comment_status":"open","ping_status":"closed","template":"","meta":[],"product_brand":[],"product_cat":[20,50,51,19,29],"product_tag":[],"class_list":{"0":"post-95916","1":"product","2":"type-product","3":"status-publish","4":"has-post-thumbnail","6":"product_cat-espanol","7":"product_cat-leon","8":"product_cat-monasterios-del-reino-de-leon","9":"product_cat-monograficos","10":"product_cat-zamora","12":"first","13":"instock","14":"taxable","15":"shipping-taxable","16":"purchasable","17":"product-type-simple"},"jetpack-related-posts":[],"jetpack_sharing_enabled":true,"_links":{"self":[{"href":"https:\/\/www.edilera.com\/index.php\/wp-json\/wp\/v2\/product\/95916","targetHints":{"allow":["GET"]}}],"collection":[{"href":"https:\/\/www.edilera.com\/index.php\/wp-json\/wp\/v2\/product"}],"about":[{"href":"https:\/\/www.edilera.com\/index.php\/wp-json\/wp\/v2\/types\/product"}],"replies":[{"embeddable":true,"href":"https:\/\/www.edilera.com\/index.php\/wp-json\/wp\/v2\/comments?post=95916"}],"version-history":[{"count":1,"href":"https:\/\/www.edilera.com\/index.php\/wp-json\/wp\/v2\/product\/95916\/revisions"}],"predecessor-version":[{"id":95921,"href":"https:\/\/www.edilera.com\/index.php\/wp-json\/wp\/v2\/product\/95916\/revisions\/95921"}],"wp:featuredmedia":[{"embeddable":true,"href":"https:\/\/www.edilera.com\/index.php\/wp-json\/wp\/v2\/media\/95917"}],"wp:attachment":[{"href":"https:\/\/www.edilera.com\/index.php\/wp-json\/wp\/v2\/media?parent=95916"}],"wp:term":[{"taxonomy":"product_brand","embeddable":true,"href":"https:\/\/www.edilera.com\/index.php\/wp-json\/wp\/v2\/product_brand?post=95916"},{"taxonomy":"product_cat","embeddable":true,"href":"https:\/\/www.edilera.com\/index.php\/wp-json\/wp\/v2\/product_cat?post=95916"},{"taxonomy":"product_tag","embeddable":true,"href":"https:\/\/www.edilera.com\/index.php\/wp-json\/wp\/v2\/product_tag?post=95916"}],"curies":[{"name":"wp","href":"https:\/\/api.w.org\/{rel}","templated":true}]}}