{"id":95119,"date":"2020-11-05T11:56:19","date_gmt":"2020-11-05T10:56:19","guid":{"rendered":"https:\/\/www.edilera.com\/?post_type=product&#038;p=95119"},"modified":"2025-04-10T11:24:32","modified_gmt":"2025-04-10T09:24:32","slug":"coleccion-capitales-de-castilla-y-leon","status":"publish","type":"product","link":"https:\/\/www.edilera.com\/index.php\/producto\/coleccion-capitales-de-castilla-y-leon\/","title":{"rendered":"COLECCI\u00d3N CAPITALES DE CASTILLA Y LE\u00d3N"},"content":{"rendered":"<p><strong>COLECCI\u00d3N CAPITALES DE CASTILLA Y LE\u00d3N<br \/>\n<\/strong><\/p>\n<p>Compre esta colecci\u00f3n de libros:<\/p>\n<p><a href=\"https:\/\/www.edilera.com\/index.php\/producto\/avila-artistica-y-monumental\/\">\u00c1vila<\/a>, <a href=\"https:\/\/www.edilera.com\/index.php\/producto\/salamanca-artistica-y-monumental\/\">Salamanca<\/a>, <a href=\"https:\/\/www.edilera.com\/index.php\/producto\/segovia-artistica-y-monumental\/\">Segovia<\/a>, <a href=\"https:\/\/www.edilera.com\/index.php\/producto\/zamora-artistica-y-monumental\/\">Zamora<\/a>, <a href=\"https:\/\/www.edilera.com\/index.php\/producto\/palencia-artistica-y-monumental\/\">Palencia<\/a> y <a href=\"https:\/\/www.edilera.com\/index.php\/producto\/burgos-artistica-y-monumental\/\">Burgos<\/a>.<\/p>\n","protected":false},"excerpt":{"rendered":"<p>COLECCI\u00d3N CAPITALES DE CASTILLA Y LE\u00d3N Compre esta colecci\u00f3n de libros: \u00c1vila, Salamanca, Segovia, Zamora, Palencia y Burgos.<\/p>\n","protected":false},"featured_media":95140,"comment_status":"open","ping_status":"closed","template":"","meta":[],"product_brand":[],"product_cat":[21,20],"product_tag":[],"class_list":{"0":"post-95119","1":"product","2":"type-product","3":"status-publish","4":"has-post-thumbnail","6":"product_cat-artistica-y-monumental","7":"product_cat-espanol","9":"first","10":"instock","11":"taxable","12":"shipping-taxable","13":"purchasable","14":"product-type-simple"},"jetpack-related-posts":[],"jetpack_sharing_enabled":true,"_links":{"self":[{"href":"https:\/\/www.edilera.com\/index.php\/wp-json\/wp\/v2\/product\/95119","targetHints":{"allow":["GET"]}}],"collection":[{"href":"https:\/\/www.edilera.com\/index.php\/wp-json\/wp\/v2\/product"}],"about":[{"href":"https:\/\/www.edilera.com\/index.php\/wp-json\/wp\/v2\/types\/product"}],"replies":[{"embeddable":true,"href":"https:\/\/www.edilera.com\/index.php\/wp-json\/wp\/v2\/comments?post=95119"}],"version-history":[{"count":7,"href":"https:\/\/www.edilera.com\/index.php\/wp-json\/wp\/v2\/product\/95119\/revisions"}],"predecessor-version":[{"id":96503,"href":"https:\/\/www.edilera.com\/index.php\/wp-json\/wp\/v2\/product\/95119\/revisions\/96503"}],"wp:featuredmedia":[{"embeddable":true,"href":"https:\/\/www.edilera.com\/index.php\/wp-json\/wp\/v2\/media\/95140"}],"wp:attachment":[{"href":"https:\/\/www.edilera.com\/index.php\/wp-json\/wp\/v2\/media?parent=95119"}],"wp:term":[{"taxonomy":"product_brand","embeddable":true,"href":"https:\/\/www.edilera.com\/index.php\/wp-json\/wp\/v2\/product_brand?post=95119"},{"taxonomy":"product_cat","embeddable":true,"href":"https:\/\/www.edilera.com\/index.php\/wp-json\/wp\/v2\/product_cat?post=95119"},{"taxonomy":"product_tag","embeddable":true,"href":"https:\/\/www.edilera.com\/index.php\/wp-json\/wp\/v2\/product_tag?post=95119"}],"curies":[{"name":"wp","href":"https:\/\/api.w.org\/{rel}","templated":true}]}}