{"id":95117,"date":"2020-11-05T11:53:58","date_gmt":"2020-11-05T10:53:58","guid":{"rendered":"https:\/\/www.edilera.com\/?post_type=product&#038;p=95117"},"modified":"2025-07-17T17:36:05","modified_gmt":"2025-07-17T15:36:05","slug":"coleccion-grandes-monumentos-del-arte-espanol","status":"publish","type":"product","link":"https:\/\/www.edilera.com\/index.php\/producto\/coleccion-grandes-monumentos-del-arte-espanol\/","title":{"rendered":"COLECCI\u00d3N GRANDES MONUMENTOS DEL ARTE ESPA\u00d1OL"},"content":{"rendered":"<p><strong>COLECCI\u00d3N GRANDES MONUMENTOS DEL ARTE ESPA\u00d1OL<br \/>\n<\/strong><\/p>\n<p>Compre esta colecci\u00f3n de libros:<\/p>\n<p><a href=\"https:\/\/www.edilera.com\/index.php\/producto\/la-colegiata-romanica-de-santa-marta-de-tera\/\">La colegiata rom\u00e1nica de Santa Marta de Tera<\/a>, <a href=\"https:\/\/www.edilera.com\/index.php\/producto\/san-martin-de-castaneda-y-el-lago-de-sanabria\/\">San Mart\u00edn de Casta\u00f1eda y el Lago de Sanabria<\/a>, <a href=\"https:\/\/www.edilera.com\/index.php\/producto\/la-iglesia-visigotica-de-san-pedro-de-la-nave\/\">La iglesia visig\u00f3tica de San Pedro de la Nave<\/a>, <a href=\"https:\/\/www.edilera.com\/index.php\/producto\/la-real-colegiata-de-toro-santa-maria-la-mayor\/\">La Real Colegiata de Toro<\/a>, <a href=\"https:\/\/www.edilera.com\/index.php\/producto\/nuestra-senora-de-la-anunciada-uruena\/\">la Ermita de la Anunciada en Urue\u00f1a y <\/a><a href=\"https:\/\/www.edilera.com\/index.php\/producto\/el-monasterio-de-san-miguel-de-escalada\/\">El Monasterio Moz\u00e1rabe de San Miguel de Escalada.<\/a><\/p>\n","protected":false},"excerpt":{"rendered":"<p>COLECCI\u00d3N GRANDES MONUMENTOS DEL ARTE ESPA\u00d1OL Compre esta colecci\u00f3n de libros: La colegiata rom\u00e1nica de Santa Marta de Tera, San Mart\u00edn de Casta\u00f1eda y el Lago de Sanabria, La iglesia visig\u00f3tica de San Pedro de la Nave, La Real Colegiata de Toro, la Ermita de la Anunciada en Urue\u00f1a y El Monasterio Moz\u00e1rabe de San [&hellip;]<\/p>\n","protected":false},"featured_media":96547,"comment_status":"open","ping_status":"closed","template":"","meta":[],"product_brand":[],"product_cat":[20,51,29],"product_tag":[],"class_list":{"0":"post-95117","1":"product","2":"type-product","3":"status-publish","4":"has-post-thumbnail","6":"product_cat-espanol","7":"product_cat-monasterios-del-reino-de-leon","8":"product_cat-zamora","10":"first","11":"instock","12":"taxable","13":"shipping-taxable","14":"purchasable","15":"product-type-simple"},"jetpack-related-posts":[],"jetpack_sharing_enabled":true,"_links":{"self":[{"href":"https:\/\/www.edilera.com\/index.php\/wp-json\/wp\/v2\/product\/95117","targetHints":{"allow":["GET"]}}],"collection":[{"href":"https:\/\/www.edilera.com\/index.php\/wp-json\/wp\/v2\/product"}],"about":[{"href":"https:\/\/www.edilera.com\/index.php\/wp-json\/wp\/v2\/types\/product"}],"replies":[{"embeddable":true,"href":"https:\/\/www.edilera.com\/index.php\/wp-json\/wp\/v2\/comments?post=95117"}],"version-history":[{"count":6,"href":"https:\/\/www.edilera.com\/index.php\/wp-json\/wp\/v2\/product\/95117\/revisions"}],"predecessor-version":[{"id":96548,"href":"https:\/\/www.edilera.com\/index.php\/wp-json\/wp\/v2\/product\/95117\/revisions\/96548"}],"wp:featuredmedia":[{"embeddable":true,"href":"https:\/\/www.edilera.com\/index.php\/wp-json\/wp\/v2\/media\/96547"}],"wp:attachment":[{"href":"https:\/\/www.edilera.com\/index.php\/wp-json\/wp\/v2\/media?parent=95117"}],"wp:term":[{"taxonomy":"product_brand","embeddable":true,"href":"https:\/\/www.edilera.com\/index.php\/wp-json\/wp\/v2\/product_brand?post=95117"},{"taxonomy":"product_cat","embeddable":true,"href":"https:\/\/www.edilera.com\/index.php\/wp-json\/wp\/v2\/product_cat?post=95117"},{"taxonomy":"product_tag","embeddable":true,"href":"https:\/\/www.edilera.com\/index.php\/wp-json\/wp\/v2\/product_tag?post=95117"}],"curies":[{"name":"wp","href":"https:\/\/api.w.org\/{rel}","templated":true}]}}