{"id":95109,"date":"2020-11-05T10:12:42","date_gmt":"2020-11-05T09:12:42","guid":{"rendered":"https:\/\/www.edilera.com\/?post_type=product&#038;p=95109"},"modified":"2025-04-10T11:45:23","modified_gmt":"2025-04-10T09:45:23","slug":"coleccion-toro-y-su-alfoz","status":"publish","type":"product","link":"https:\/\/www.edilera.com\/index.php\/producto\/coleccion-toro-y-su-alfoz\/","title":{"rendered":"COLECCI\u00d3N TORO Y SU ALFOZ"},"content":{"rendered":"<p><strong>COLECCI\u00d3N TORO Y SU ALFOZ<br \/>\n<\/strong><\/p>\n<p>Compre esta colecci\u00f3n de libros:<\/p>\n<p><a href=\"https:\/\/www.edilera.com\/index.php\/producto\/toro-artistica-y-monumental\/\">Toro<\/a>, <a href=\"https:\/\/www.edilera.com\/index.php\/producto\/la-real-colegiata-de-toro-santa-maria-la-mayor\/\">La Real Colegiata de Toro<\/a> y <a href=\"https:\/\/www.edilera.com\/index.php\/producto\/nuestra-senora-de-la-anunciada-uruena\/\">Urue\u00f1a<\/a><\/p>\n","protected":false},"excerpt":{"rendered":"<p>COLECCI\u00d3N TORO Y SU ALFOZ Compre esta colecci\u00f3n de libros: Toro, La Real Colegiata de Toro y Urue\u00f1a<\/p>\n","protected":false},"featured_media":95136,"comment_status":"open","ping_status":"closed","template":"","meta":[],"product_brand":[],"product_cat":[20,29],"product_tag":[],"class_list":{"0":"post-95109","1":"product","2":"type-product","3":"status-publish","4":"has-post-thumbnail","6":"product_cat-espanol","7":"product_cat-zamora","9":"first","10":"instock","11":"taxable","12":"shipping-taxable","13":"purchasable","14":"product-type-simple"},"jetpack-related-posts":[],"jetpack_sharing_enabled":true,"_links":{"self":[{"href":"https:\/\/www.edilera.com\/index.php\/wp-json\/wp\/v2\/product\/95109","targetHints":{"allow":["GET"]}}],"collection":[{"href":"https:\/\/www.edilera.com\/index.php\/wp-json\/wp\/v2\/product"}],"about":[{"href":"https:\/\/www.edilera.com\/index.php\/wp-json\/wp\/v2\/types\/product"}],"replies":[{"embeddable":true,"href":"https:\/\/www.edilera.com\/index.php\/wp-json\/wp\/v2\/comments?post=95109"}],"version-history":[{"count":5,"href":"https:\/\/www.edilera.com\/index.php\/wp-json\/wp\/v2\/product\/95109\/revisions"}],"predecessor-version":[{"id":95130,"href":"https:\/\/www.edilera.com\/index.php\/wp-json\/wp\/v2\/product\/95109\/revisions\/95130"}],"wp:featuredmedia":[{"embeddable":true,"href":"https:\/\/www.edilera.com\/index.php\/wp-json\/wp\/v2\/media\/95136"}],"wp:attachment":[{"href":"https:\/\/www.edilera.com\/index.php\/wp-json\/wp\/v2\/media?parent=95109"}],"wp:term":[{"taxonomy":"product_brand","embeddable":true,"href":"https:\/\/www.edilera.com\/index.php\/wp-json\/wp\/v2\/product_brand?post=95109"},{"taxonomy":"product_cat","embeddable":true,"href":"https:\/\/www.edilera.com\/index.php\/wp-json\/wp\/v2\/product_cat?post=95109"},{"taxonomy":"product_tag","embeddable":true,"href":"https:\/\/www.edilera.com\/index.php\/wp-json\/wp\/v2\/product_tag?post=95109"}],"curies":[{"name":"wp","href":"https:\/\/api.w.org\/{rel}","templated":true}]}}