{"id":95104,"date":"2020-11-05T09:14:13","date_gmt":"2020-11-05T08:14:13","guid":{"rendered":"https:\/\/www.edilera.com\/?post_type=product&#038;p=95104"},"modified":"2025-10-18T13:33:02","modified_gmt":"2025-10-18T11:33:02","slug":"lote-de-10-postales-de-zamora","status":"publish","type":"product","link":"https:\/\/www.edilera.com\/index.php\/producto\/lote-de-10-postales-de-zamora\/","title":{"rendered":"LOTE DE 10 POSTALES DE ZAMORA"},"content":{"rendered":"<p><strong>LOTE DE 10 POSTALES DE ZAMORA<\/strong><\/p>\n<p>A ESCOGER ENTRE LAS 26 PRESENTADAS EN LA IMAGEN, IND\u00cdQUENOS EL N\u00daMERO EN OBSERVACIONES.<\/p>\n<p>1. Juramento del Silencio en la Plaza de la Catedral<\/p>\n<p>2. Vista de Zamora, Catedral y Puente rom\u00e1nico<\/p>\n<p>3. San Juan de Puerta Nueva y Merl\u00fa<\/p>\n<p>4. Catedral de Zamora<\/p>\n<p>5. Roset\u00f3n y portada de San Juan de Puerta Nueva<\/p>\n<p>6. Portada de la Magdalena<\/p>\n<p>7. Panor\u00e1mica de Zamora desde el Puente de los Poetas<\/p>\n<p>8. Cimborrio de la Catedral de Zamora, d\u00eda.<\/p>\n<p>9. Puerta de la Traici\u00f3n<\/p>\n<p>11. Castillo de Zamora<\/p>\n<p>12. Estatua de Viriato<\/p>\n<p>13. Calle de Balborraz<\/p>\n<p>14. Panor\u00e1mica de Zamora desde el Puente rom\u00e1nico<\/p>\n<p>15. Santiago del Burgo<\/p>\n<p>16. Palacio de los Momos<\/p>\n<p>17. Vista de Zamora desde el puente de hierro, nocturna<\/p>\n<p>18. Lagunas de Villaf\u00e1fila<\/p>\n<p>19. Los Arribes del Duero<\/p>\n<p>20. San Pedro de la Nave<\/p>\n<p>22. Zamora nevada, Catedral y el Duero<\/p>\n<p>23. Cimborrio de la Catedral noche.<\/p>\n<p>24. Vista de Zamora, ruinas del puente viejo y la Catedral<\/p>\n<p>25. Vista de Zamora desde la playa de los Pelambres<\/p>\n<p>26. Cencellada en Zamora, puente rom\u00e1nico<\/p>\n<p>&nbsp;<\/p>\n","protected":false},"excerpt":{"rendered":"<p>LOTE DE 10 POSTALES DE ZAMORA A ESCOGER ENTRE LAS 26 PRESENTADAS EN LA IMAGEN, IND\u00cdQUENOS EL N\u00daMERO EN OBSERVACIONES. 1. Juramento del Silencio en la Plaza de la Catedral 2. Vista de Zamora, Catedral y Puente rom\u00e1nico 3. San Juan de Puerta Nueva y Merl\u00fa 4. Catedral de Zamora 5. Roset\u00f3n y portada de [&hellip;]<\/p>\n","protected":false},"featured_media":96579,"comment_status":"open","ping_status":"closed","template":"","meta":[],"product_brand":[],"product_cat":[48,29],"product_tag":[],"class_list":{"0":"post-95104","1":"product","2":"type-product","3":"status-publish","4":"has-post-thumbnail","6":"product_cat-postal","7":"product_cat-zamora","9":"first","10":"instock","11":"taxable","12":"shipping-taxable","13":"purchasable","14":"product-type-simple"},"jetpack-related-posts":[],"jetpack_sharing_enabled":true,"_links":{"self":[{"href":"https:\/\/www.edilera.com\/index.php\/wp-json\/wp\/v2\/product\/95104","targetHints":{"allow":["GET"]}}],"collection":[{"href":"https:\/\/www.edilera.com\/index.php\/wp-json\/wp\/v2\/product"}],"about":[{"href":"https:\/\/www.edilera.com\/index.php\/wp-json\/wp\/v2\/types\/product"}],"replies":[{"embeddable":true,"href":"https:\/\/www.edilera.com\/index.php\/wp-json\/wp\/v2\/comments?post=95104"}],"version-history":[{"count":4,"href":"https:\/\/www.edilera.com\/index.php\/wp-json\/wp\/v2\/product\/95104\/revisions"}],"predecessor-version":[{"id":96582,"href":"https:\/\/www.edilera.com\/index.php\/wp-json\/wp\/v2\/product\/95104\/revisions\/96582"}],"wp:featuredmedia":[{"embeddable":true,"href":"https:\/\/www.edilera.com\/index.php\/wp-json\/wp\/v2\/media\/96579"}],"wp:attachment":[{"href":"https:\/\/www.edilera.com\/index.php\/wp-json\/wp\/v2\/media?parent=95104"}],"wp:term":[{"taxonomy":"product_brand","embeddable":true,"href":"https:\/\/www.edilera.com\/index.php\/wp-json\/wp\/v2\/product_brand?post=95104"},{"taxonomy":"product_cat","embeddable":true,"href":"https:\/\/www.edilera.com\/index.php\/wp-json\/wp\/v2\/product_cat?post=95104"},{"taxonomy":"product_tag","embeddable":true,"href":"https:\/\/www.edilera.com\/index.php\/wp-json\/wp\/v2\/product_tag?post=95104"}],"curies":[{"name":"wp","href":"https:\/\/api.w.org\/{rel}","templated":true}]}}