{"id":95098,"date":"2020-11-05T08:35:46","date_gmt":"2020-11-05T07:35:46","guid":{"rendered":"https:\/\/www.edilera.com\/?post_type=product&#038;p=95098"},"modified":"2025-11-05T16:49:23","modified_gmt":"2025-11-05T15:49:23","slug":"lote-de-26-postales-de-zamora","status":"publish","type":"product","link":"https:\/\/www.edilera.com\/index.php\/producto\/lote-de-26-postales-de-zamora\/","title":{"rendered":"LOTE DE 24 POSTALES DE ZAMORA"},"content":{"rendered":"<p><strong>LOTE DE 24 POSTALES DE ZAMORA<\/strong><\/p>\n<p>. Juramento del Silencio en la Plaza de la Catedral<\/p>\n<p>. Vista de Zamora, Catedral y Puente rom\u00e1nico<\/p>\n<p>. San Juan de Puerta Nueva y Merl\u00fa<\/p>\n<p>. Catedral de Zamora<\/p>\n<p>. Roset\u00f3n y portada de San Juan de Puerta Nueva<\/p>\n<p>. Portada de la Magdalena<\/p>\n<p>. Panor\u00e1mica de Zamora desde el Puente de los Poetas<\/p>\n<p>. Cimborrio de la Catedral de Zamora, d\u00eda.<\/p>\n<p>. Puerta de la Traici\u00f3n<\/p>\n<p>. Castillo de Zamora<\/p>\n<p>. Estatua de Viriato<\/p>\n<p>. Calle de Balborraz<\/p>\n<p>. Panor\u00e1mica de Zamora desde el Puente rom\u00e1nico<\/p>\n<p>. Santiago del Burgo<\/p>\n<p>. Palacio de los Momos<\/p>\n<p>. Vista de Zamora desde el puente de hierro, nocturna<\/p>\n<p>. Lagunas de Villaf\u00e1fila<\/p>\n<p>. Los Arribes del Duero<\/p>\n<p>. San Pedro de la Nave<\/p>\n<p>. Zamora nevada, Catedral y el Duero<\/p>\n<p>. Cimborrio de la Catedral noche.<\/p>\n<p>. Vista de Zamora, ruinas del puente viejo y la Catedral<\/p>\n<p>. Vista de Zamora desde la playa de los Pelambres<\/p>\n<p>. Cencellada en Zamora, puente rom\u00e1nico<\/p>\n<p>&nbsp;<\/p>\n","protected":false},"excerpt":{"rendered":"<p>LOTE DE 24 POSTALES DE ZAMORA . Juramento del Silencio en la Plaza de la Catedral . Vista de Zamora, Catedral y Puente rom\u00e1nico . San Juan de Puerta Nueva y Merl\u00fa . Catedral de Zamora . Roset\u00f3n y portada de San Juan de Puerta Nueva . Portada de la Magdalena . Panor\u00e1mica de Zamora [&hellip;]<\/p>\n","protected":false},"featured_media":96579,"comment_status":"open","ping_status":"closed","template":"","meta":[],"product_brand":[],"product_cat":[48,29],"product_tag":[],"class_list":{"0":"post-95098","1":"product","2":"type-product","3":"status-publish","4":"has-post-thumbnail","6":"product_cat-postal","7":"product_cat-zamora","9":"first","10":"instock","11":"taxable","12":"shipping-taxable","13":"purchasable","14":"product-type-simple"},"jetpack-related-posts":[],"jetpack_sharing_enabled":true,"_links":{"self":[{"href":"https:\/\/www.edilera.com\/index.php\/wp-json\/wp\/v2\/product\/95098","targetHints":{"allow":["GET"]}}],"collection":[{"href":"https:\/\/www.edilera.com\/index.php\/wp-json\/wp\/v2\/product"}],"about":[{"href":"https:\/\/www.edilera.com\/index.php\/wp-json\/wp\/v2\/types\/product"}],"replies":[{"embeddable":true,"href":"https:\/\/www.edilera.com\/index.php\/wp-json\/wp\/v2\/comments?post=95098"}],"version-history":[{"count":5,"href":"https:\/\/www.edilera.com\/index.php\/wp-json\/wp\/v2\/product\/95098\/revisions"}],"predecessor-version":[{"id":96585,"href":"https:\/\/www.edilera.com\/index.php\/wp-json\/wp\/v2\/product\/95098\/revisions\/96585"}],"wp:featuredmedia":[{"embeddable":true,"href":"https:\/\/www.edilera.com\/index.php\/wp-json\/wp\/v2\/media\/96579"}],"wp:attachment":[{"href":"https:\/\/www.edilera.com\/index.php\/wp-json\/wp\/v2\/media?parent=95098"}],"wp:term":[{"taxonomy":"product_brand","embeddable":true,"href":"https:\/\/www.edilera.com\/index.php\/wp-json\/wp\/v2\/product_brand?post=95098"},{"taxonomy":"product_cat","embeddable":true,"href":"https:\/\/www.edilera.com\/index.php\/wp-json\/wp\/v2\/product_cat?post=95098"},{"taxonomy":"product_tag","embeddable":true,"href":"https:\/\/www.edilera.com\/index.php\/wp-json\/wp\/v2\/product_tag?post=95098"}],"curies":[{"name":"wp","href":"https:\/\/api.w.org\/{rel}","templated":true}]}}