{"id":94774,"date":"2020-06-08T10:16:44","date_gmt":"2020-06-08T08:16:44","guid":{"rendered":"https:\/\/www.edilera.com\/?post_type=product&#038;p=94774"},"modified":"2021-12-28T14:01:47","modified_gmt":"2021-12-28T13:01:47","slug":"burgos-artistica-e-monumentale","status":"publish","type":"product","link":"https:\/\/www.edilera.com\/index.php\/producto\/burgos-artistica-e-monumentale\/","title":{"rendered":"Burgos, art\u00edstica e monumentale"},"content":{"rendered":"<p lang=\"it-IT\"><b>Guida di Burgos e il Cammino di Santiago che passa attraverso Burgos.<\/b><\/p>\n<p lang=\"it-IT\">Burgos, citt\u00e0 gotica, antica corte, coccolato da monumenti di massimo interesse, come la Cattedrale di Burgos, il monastero di Las Huelgas, La Cartuja de Miraflores, San Pedro de Carde\u00f1a o il Museo dell&#8217;Evoluzione. Questa guida copre tutti i monumenti e i punti di interesse della citt\u00e0 di Burgos e la strada principale per Santiago passando attraverso Burgos. In citt\u00e0 con particolare attenzione alla Cattedrale, ai monasteri e ai musei.<\/p>\n<p lang=\"it-IT\">I testi sono concisi, ricchi e chiari, con oltre 200 immagini, piani e diagrammi di medio e grande formato che aiutano il visitatore ad avere un&#8217;idea chiara, economica e ben utilizzata della sua visita a Burgos. A sua volta funge da ricordo della tua visita.<\/p>\n<ul>\n<li lang=\"it-IT\">Rilegatura: rustica cucita con alette.<\/li>\n<li lang=\"it-IT\">208 pagine.<\/li>\n<li lang=\"it-IT\">Pieno di colori.<\/li>\n<li lang=\"it-IT\">Con i codici QR.<\/li>\n<li lang=\"it-IT\">GIGAPHOTOS<\/li>\n<li lang=\"it-IT\">Con quadriptych pieghevole, all&#8217;interno.<\/li>\n<li lang=\"it-IT\">ISBN: 978-84-945352-9-1<\/li>\n<\/ul>\n<table border=\"0\" frame=\"VOID\" rules=\"NONE\" cellspacing=\"0\">\n<colgroup>\n<col width=\"598\" \/><\/colgroup>\n<tbody>\n<tr>\n<td align=\"LEFT\" width=\"598\" height=\"18\"><b>Indice alfabetico degli argomenti trattati nel libro: <\/b><\/td>\n<\/tr>\n<\/tbody>\n<\/table>\n<p>Accademia del Consolato.<br \/>\nAg\u00e9s.<br \/>\nAlh\u00f3ndiga.<br \/>\nAntico Monastero di San Juan.<br \/>\nAntonio de Cabez\u00f3n.<br \/>\nArchivio Comunale.<br \/>\nArco di Fern\u00e1n Gonz\u00e1lez.<br \/>\nArco di San Esteban.<br \/>\nArco di San Gil.<br \/>\nArco di San Juan.<br \/>\nArco di San Mart\u00edn.<br \/>\nArco di Santa Mar\u00eda.<br \/>\nBelorado.<br \/>\nBibbia di Burgos.<br \/>\nBibbia di Gutenberg.<br \/>\nBibliograf\u00eda.<br \/>\nBiblioteca. Vecchio Ospedale di San Giovanni.<br \/>\nCapella ~ Santuaio di San Amaro Peregrino.<br \/>\nCasa de los impresores. La Celestina.<br \/>\nCasa dei Castilfal\u00e9 o Maluenda.<br \/>\nCasa dei Cubi~Lerma. San Llorente.<br \/>\nCasa del Cordone.<br \/>\nCastrillo de Mota de Jud\u00edos.<br \/>\nCastrojeriz<br \/>\nCattedral di Santa Maria.<br \/>\nCattedral di Santa Maria. Absidiola ~ Retroaltare<br \/>\nCattedral di Santa Maria. Capella della Presentazione.<br \/>\nCattedral di Santa Maria. Capella della Visitazione.<br \/>\nCattedral di Santa Maria. Cappella dei Conestabili<br \/>\nCattedral di Santa Maria. Cappella della Concezione<br \/>\nCattedral di Santa Maria. Cappella di San Nicol\u00e1s.<br \/>\nCattedral di Santa Maria. Cappella di Santa Tecla.<br \/>\nCattedral di Santa Maria. Cappella Maggiore.<br \/>\nCattedral di Santa Maria. Chiostro.<br \/>\nCattedral di Santa Maria. Tomba di el Cid e Jimena.<br \/>\nCattedral di Santa Maria. El Papamoscas<br \/>\nCattedral di Santa Maria. Il Coro.<br \/>\nCattedral di Santa Maria. Museo della Catedrale.<br \/>\nCattedral di Santa Maria. Pianta<br \/>\nCattedral di Santa Maria. Portale del Sarmental<br \/>\nCattedral di Santa Maria. Portale della Coroner\u00eda<br \/>\nCattedral di Santa Maria. Portale della Pellejer\u00eda<br \/>\nCattedral di Santa Maria. Portale Reale o di Santa Mar\u00eda<br \/>\nCattedral di Santa Maria. Retrocoro.<br \/>\nCattedral di Santa Maria. Santissimo Cristo di Burgos.<br \/>\nCattedral di Santa Maria. Scala dorata.<br \/>\nCattedral di Santa Maria. Storia<br \/>\nCattedral di Santa Maria. Storia della construzione<br \/>\nCattedral di Santa Maria. Vetrate.<br \/>\nChiusa de San Llorente de la Vega.<br \/>\nColegio Salda\u00f1a.<br \/>\nConvento de Santa Clara.<br \/>\nConvento dei Salesani.<br \/>\nConvento delle Carmelitane Scalze.<br \/>\nConvento di Santa Dorotea.<br \/>\nDeputazione Provinciale.<br \/>\nIl Camino di Santiago.<br \/>\nIl cammino de Santiago Antico.<br \/>\nIl Cammino Francese.<br \/>\nIl Canale di Castiglia. Ponte del Re<br \/>\nIl Castello di Burgos<br \/>\n\u00cdndice Alfab\u00e9tico.<br \/>\nInstituto Cardenal L\u00f3pez de Mendoza.<br \/>\nItero del Castillo.<br \/>\nLa Citt\u00e0 romana de Sasam\u00f3n e la sue vie<br \/>\nLa Glera.<br \/>\nLa Merced.<br \/>\nLas Llanas ~ Orto del Re.<br \/>\nLe mura di Burgos<br \/>\nLos Trinitarios.<br \/>\nMiraflores.<br \/>\nMonastero di San\u2008Francisco.<br \/>\nMonastero di San Piotro di Carde\u00f1a.<br \/>\nMonastero Reale di las Huelgas.<br \/>\nMonastero Reale di San Agust\u00edn. Archivio<br \/>\nMonumento all`Empecinado.<br \/>\nMuseo del Retablo.<br \/>\nMuseo dell`Evoluzione.<br \/>\nMuseo di Burgos.<br \/>\nMuseo Marciliano Santa Mar\u00eda.<br \/>\nOspedale de la Concepci\u00f3n.<br \/>\nOspedale del Re. Universit\u00e0 di Burgos.<br \/>\nOspedale di Barrantes.<br \/>\nPalazzo Arcivescovile.<br \/>\nPalazzo del Capitanato .<br \/>\nPalazzo del Tribunale .<br \/>\nPaseo de la Isla.<br \/>\nPaseo del Espol\u00f3n.<br \/>\nPlaza Mayor. Municipio.<br \/>\nPonte dei Malati.<br \/>\nPonte di San Paolo.<br \/>\nReal Certosa di Santa Mar\u00eda de<br \/>\nRodrigo D\u00edaz de Vivar, El Cid.<br \/>\nSan Esteban.<br \/>\nSan Gil Abate.<br \/>\nSan Juan de Ortega<br \/>\nSan Lesmes.<br \/>\nSan Lorenzo.<br \/>\nSan Nicola.<br \/>\nSanta \u00c1gueda.<br \/>\nSanta Mar\u00eda la Real di Gamonal<br \/>\nSanti Cosma e Damiano.<br \/>\nSasam\u00f3n.<br \/>\nScuola Municipale di Musica. Bernardas.<br \/>\nSeminario di San Gerolamo.<br \/>\nStoria della Citt\u00e0 di Burgos<br \/>\nTeatro Principal.<br \/>\nTerreno del Cid.<br \/>\nValdefuentes<br \/>\nVillafranca de Montes de Oca<br \/>\nViloria de Rioja<\/p>\n","protected":false},"excerpt":{"rendered":"<p>Guida di Burgos e il Cammino di Santiago che passa attraverso Burgos. Burgos, citt\u00e0 gotica, antica corte, coccolato da monumenti di massimo interesse, come la Cattedrale di Burgos, il monastero di Las Huelgas, La Cartuja de Miraflores, San Pedro de Carde\u00f1a o il Museo dell&#8217;Evoluzione. Questa guida copre tutti i monumenti e i punti di [&hellip;]<\/p>\n","protected":false},"featured_media":94780,"comment_status":"open","ping_status":"closed","template":"","meta":[],"product_brand":[],"product_cat":[31,28,30],"product_tag":[],"class_list":{"0":"post-94774","1":"product","2":"type-product","3":"status-publish","4":"has-post-thumbnail","6":"product_cat-artistica-e-monumentale","7":"product_cat-burgos","8":"product_cat-italiano","10":"first","11":"instock","12":"taxable","13":"shipping-taxable","14":"purchasable","15":"product-type-simple"},"jetpack-related-posts":[],"jetpack_sharing_enabled":true,"_links":{"self":[{"href":"https:\/\/www.edilera.com\/index.php\/wp-json\/wp\/v2\/product\/94774","targetHints":{"allow":["GET"]}}],"collection":[{"href":"https:\/\/www.edilera.com\/index.php\/wp-json\/wp\/v2\/product"}],"about":[{"href":"https:\/\/www.edilera.com\/index.php\/wp-json\/wp\/v2\/types\/product"}],"replies":[{"embeddable":true,"href":"https:\/\/www.edilera.com\/index.php\/wp-json\/wp\/v2\/comments?post=94774"}],"version-history":[{"count":7,"href":"https:\/\/www.edilera.com\/index.php\/wp-json\/wp\/v2\/product\/94774\/revisions"}],"predecessor-version":[{"id":94789,"href":"https:\/\/www.edilera.com\/index.php\/wp-json\/wp\/v2\/product\/94774\/revisions\/94789"}],"wp:featuredmedia":[{"embeddable":true,"href":"https:\/\/www.edilera.com\/index.php\/wp-json\/wp\/v2\/media\/94780"}],"wp:attachment":[{"href":"https:\/\/www.edilera.com\/index.php\/wp-json\/wp\/v2\/media?parent=94774"}],"wp:term":[{"taxonomy":"product_brand","embeddable":true,"href":"https:\/\/www.edilera.com\/index.php\/wp-json\/wp\/v2\/product_brand?post=94774"},{"taxonomy":"product_cat","embeddable":true,"href":"https:\/\/www.edilera.com\/index.php\/wp-json\/wp\/v2\/product_cat?post=94774"},{"taxonomy":"product_tag","embeddable":true,"href":"https:\/\/www.edilera.com\/index.php\/wp-json\/wp\/v2\/product_tag?post=94774"}],"curies":[{"name":"wp","href":"https:\/\/api.w.org\/{rel}","templated":true}]}}