{"id":309,"date":"2019-03-07T12:21:24","date_gmt":"2019-03-07T11:21:24","guid":{"rendered":"https:\/\/www.edilera.com\/?post_type=product&#038;p=309"},"modified":"2026-03-17T13:18:20","modified_gmt":"2026-03-17T12:18:20","slug":"semana-santa-en-zamora","status":"publish","type":"product","link":"https:\/\/www.edilera.com\/index.php\/producto\/semana-santa-en-zamora\/","title":{"rendered":"Semana Santa en Zamora"},"content":{"rendered":"<p><span style=\"font-family: Arial, sans-serif;\">La Semana Santa de Zamora, una de las m\u00e1s importantes de Espa\u00f1a por su antig\u00fcedad y la calidad de los pasos que son sacados en procesi\u00f3n, explicada paso a paso, procesi\u00f3n a procesi\u00f3n y cofrad\u00eda a cofrad\u00eda<\/span><\/p>\n<p><span style=\"font-family: Arial, sans-serif;\">Los textos son concisos, ricos y claros, con m\u00e1s de 200 im\u00e1genes de medio y gran formato, que ayudan al visitante a tener una idea clara, asequible y bien aprovechada de la Semana Santa en Zamora. A su vez sirve como recuerdo de su visita.<\/span><\/p>\n<ul>\n<li><span style=\"font-family: Arial, sans-serif;\">Encuadernaci\u00f3n: r\u00fastica cosida.<\/span><\/li>\n<li><span style=\"font-family: Arial, sans-serif;\">128 p\u00e1ginas.<\/span><\/li>\n<li><span style=\"font-family: Arial, sans-serif;\">A todo color.<\/span><\/li>\n<li><span style=\"font-family: Arial, sans-serif;\">ISBN: 84-614-7467-7<\/span><\/li>\n<\/ul>\n<p><span style=\"font-family: Arial, sans-serif;\"><b>\u00cdndice de temas tratados en el libro:<\/b><\/span><\/p>\n<p><span style=\"font-family: Arial, sans-serif;\">Historia de la Semana Santa<\/span><\/p>\n<p><span style=\"font-family: Arial, sans-serif;\">Museo de Semana Santa y Junta Pro Semana Santa<\/span><\/p>\n<p><span style=\"font-family: Arial, sans-serif;\">Figuras y Personajes de la Semana Santa<\/span><\/p>\n<p><span style=\"font-family: Arial, sans-serif;\">Escudos de las Cofrad\u00edas y Hermandades<\/span><\/p>\n<p><span style=\"font-family: Arial, sans-serif;\">La M\u00fasica en la Semana Santa<\/span><\/p>\n<p><span style=\"font-family: Arial, sans-serif;\">Cofrad\u00edas y Procesiones, por orden de salida:<\/span><\/p>\n<p><span style=\"font-family: Arial, sans-serif;\">Traslado del Nazareno de San Frontis<\/span><\/p>\n<p><span style=\"font-family: Arial, sans-serif;\">Hermandad Penitencial del Stmo. Cristo del Esp\u00edritu Santo<\/span><\/p>\n<p><span style=\"font-family: Arial, sans-serif;\">Hermandad de Nuestro Padre Jes\u00fas de Luz y Vida<\/span><\/p>\n<p><span style=\"font-family: Arial, sans-serif;\">Real Cofrad\u00eda de Jes\u00fas en su Entrada Triunfal en Jerusal\u00e9n, la Borriquita<\/span><\/p>\n<p><span style=\"font-family: Arial, sans-serif;\">Hermandad de Nuestro Padre Jes\u00fas en su Tercera Ca\u00edda<\/span><\/p>\n<p><span style=\"font-family: Arial, sans-serif;\">Hermandad Penitencial de Sant\u00edsimo Cristo de la Buena Muerte<\/span><\/p>\n<p><span style=\"font-family: Arial, sans-serif;\">Cofrad\u00eda de Jes\u00fas del Via Crucis<\/span><\/p>\n<p><span style=\"font-family: Arial, sans-serif;\">Hermandad Penitencial de las Siete Palabras<\/span><\/p>\n<p><span style=\"font-family: Arial, sans-serif;\">Real Hermandad del Sant\u00edsimo Cristo de las Injurias, El Silencio<\/span><\/p>\n<p><span style=\"font-family: Arial, sans-serif;\">Hermandad de Penitencia, las Capas Pardas<\/span><\/p>\n<p><span style=\"font-family: Arial, sans-serif;\">Cofrad\u00eda de la Virgen de la Esperanza<\/span><\/p>\n<p><span style=\"font-family: Arial, sans-serif;\">Cofrad\u00eda de la Santa Vera Cruz, Disciplina y Penitencia<\/span><\/p>\n<p><span style=\"font-family: Arial, sans-serif;\">Penitente Hermandad de Jes\u00fas Yacente<\/span><\/p>\n<p><span style=\"font-family: Arial, sans-serif;\">Cofrad\u00eda de Jes\u00fas Nazareno, vulgo Congregaci\u00f3n<\/span><\/p>\n<p><span style=\"font-family: Arial, sans-serif;\">Real Cofrad\u00eda del Santo Entierro<\/span><\/p>\n<p><span style=\"font-family: Arial, sans-serif;\">Cofrad\u00eda de Nuestra Madre de las Angustias<\/span><\/p>\n<p><span style=\"font-family: Arial, sans-serif;\">Damas de la Virgen de la Soledad, Cofrad\u00eda de Jes\u00fas Nazareno<\/span><\/p>\n<p><span style=\"font-family: Arial, sans-serif;\">Cofrad\u00eda de la Sant\u00edsima Resurrecci\u00f3n<\/span><\/p>\n<p><span style=\"font-family: Arial, sans-serif;\">Sedes y lugares de culto<\/span><\/p>\n<p><span style=\"font-family: Arial, sans-serif;\">La Semana Santa en la provincia de Zamora<\/span><\/p>\n<p><span style=\"font-family: Arial, sans-serif;\">Artistas e Imagineros<\/span><\/p>\n<p><span style=\"font-family: Arial, sans-serif;\">La Gastronom\u00eda de la Semana Santa en Zamora<\/span><\/p>\n<p><span style=\"font-family: Arial, sans-serif;\">Recomendaciones<\/span><\/p>\n<p><span style=\"font-family: Arial, sans-serif;\">Glosario<\/span><\/p>\n","protected":false},"excerpt":{"rendered":"<p>La Semana Santa de Zamora, una de las m\u00e1s importantes de Espa\u00f1a por su antig\u00fcedad y la calidad de los pasos que son sacados en procesi\u00f3n, explicada paso a paso, procesi\u00f3n a procesi\u00f3n y cofrad\u00eda a cofrad\u00eda Los textos son concisos, ricos y claros, con m\u00e1s de 200 im\u00e1genes de medio y gran formato, que [&hellip;]<\/p>\n","protected":false},"featured_media":314,"comment_status":"open","ping_status":"closed","template":"","meta":[],"product_brand":[],"product_cat":[20,19,29],"product_tag":[],"class_list":{"0":"post-309","1":"product","2":"type-product","3":"status-publish","4":"has-post-thumbnail","6":"product_cat-espanol","7":"product_cat-monograficos","8":"product_cat-zamora","10":"first","11":"outofstock","12":"taxable","13":"shipping-taxable","14":"purchasable","15":"product-type-simple"},"jetpack-related-posts":[],"jetpack_sharing_enabled":true,"_links":{"self":[{"href":"https:\/\/www.edilera.com\/index.php\/wp-json\/wp\/v2\/product\/309","targetHints":{"allow":["GET"]}}],"collection":[{"href":"https:\/\/www.edilera.com\/index.php\/wp-json\/wp\/v2\/product"}],"about":[{"href":"https:\/\/www.edilera.com\/index.php\/wp-json\/wp\/v2\/types\/product"}],"replies":[{"embeddable":true,"href":"https:\/\/www.edilera.com\/index.php\/wp-json\/wp\/v2\/comments?post=309"}],"version-history":[{"count":1,"href":"https:\/\/www.edilera.com\/index.php\/wp-json\/wp\/v2\/product\/309\/revisions"}],"predecessor-version":[{"id":96663,"href":"https:\/\/www.edilera.com\/index.php\/wp-json\/wp\/v2\/product\/309\/revisions\/96663"}],"wp:featuredmedia":[{"embeddable":true,"href":"https:\/\/www.edilera.com\/index.php\/wp-json\/wp\/v2\/media\/314"}],"wp:attachment":[{"href":"https:\/\/www.edilera.com\/index.php\/wp-json\/wp\/v2\/media?parent=309"}],"wp:term":[{"taxonomy":"product_brand","embeddable":true,"href":"https:\/\/www.edilera.com\/index.php\/wp-json\/wp\/v2\/product_brand?post=309"},{"taxonomy":"product_cat","embeddable":true,"href":"https:\/\/www.edilera.com\/index.php\/wp-json\/wp\/v2\/product_cat?post=309"},{"taxonomy":"product_tag","embeddable":true,"href":"https:\/\/www.edilera.com\/index.php\/wp-json\/wp\/v2\/product_tag?post=309"}],"curies":[{"name":"wp","href":"https:\/\/api.w.org\/{rel}","templated":true}]}}