{"id":308,"date":"2019-03-07T12:13:39","date_gmt":"2019-03-07T11:13:39","guid":{"rendered":"https:\/\/www.edilera.com\/?post_type=product&#038;p=308"},"modified":"2019-11-04T08:24:40","modified_gmt":"2019-11-04T07:24:40","slug":"semana-santa-ritos-y-tradiciones-1920-1950","status":"publish","type":"product","link":"https:\/\/www.edilera.com\/index.php\/producto\/semana-santa-ritos-y-tradiciones-1920-1950\/","title":{"rendered":"Semana Santa. Ritos y tradiciones 1920-1950"},"content":{"rendered":"<p><span style=\"font-family: Arial, sans-serif;\"><span style=\"font-size: medium;\"><b>Semana Santa. Ritos y tradiciones 1920-1950<\/b><\/span><\/span><\/p>\n<p><span style=\"font-family: Arial, sans-serif;\"><span style=\"font-size: medium;\">Libro indispensable para conocer gr\u00e1ficamente la Semana Santa de Zamora, en ella a partir de los negativos originales conservados en la Colecci\u00f3n: Alberto Fern\u00e1ndez Ferrero, se pueden recorrer como fueron las procesiones de Zamora y el ambiente, las vestimentas de los espectadores, los pasos antes de reformar las mesas&#8230;<\/span><\/span><\/p>\n<p><span style=\"font-family: Arial, sans-serif;\"><span style=\"font-size: medium;\">Las im\u00e1genes tomadas por Pedro Guti\u00e9rrez Somoza DUERO, se han limpiado para la ocasi\u00f3n siendo la primera vez que aparecen con esta calidad publicadas.<\/span><\/span><\/p>\n<p><span style=\"font-family: Arial, sans-serif;\"><span style=\"font-size: medium;\">Cada imagen se acompa\u00f1a de un pie de foto en donde se explica la misma y se data.<\/span><\/span><\/p>\n<ul>\n<li><span style=\"font-family: Arial, sans-serif;\"><span style=\"font-size: medium;\">Encuadernaci\u00f3n: tapa dura, cosida.<\/span><\/span><\/li>\n<li><span style=\"font-family: Arial, sans-serif;\"><span style=\"font-size: medium;\">96 p\u00e1ginas.<\/span><\/span><\/li>\n<li><span style=\"font-family: Arial, sans-serif;\"><span style=\"font-size: medium;\">Blanco y negro.<\/span><\/span><\/li>\n<li>Formato: A4.<\/li>\n<li><span style=\"font-family: Arial, sans-serif;\"><span style=\"font-size: medium;\">ISBN: 978-84-943610-8-1<\/span><\/span><\/li>\n<\/ul>\n<p><span style=\"font-family: Arial, sans-serif;\"><b>\u00cdndice de temas tratados en el libro:<\/b><\/span><\/p>\n<p><span style=\"font-family: Arial, sans-serif;\"><span style=\"font-size: medium;\">Tradiciones y personajes<\/span><\/span><\/p>\n<p><span style=\"font-family: Arial, sans-serif;\"><span style=\"font-size: medium;\"> D. Ram\u00f3n \u00c1lvarez Prieto<\/span><\/span><\/p>\n<p><span style=\"font-family: Arial, sans-serif;\"><span style=\"font-size: medium;\"> D. Mariano Benlliure Gil<\/span><\/span><\/p>\n<p><span style=\"font-family: Arial, sans-serif;\"><span style=\"font-size: medium;\"> Maestro Inocencio Haedo<\/span><\/span><\/p>\n<p><span style=\"font-family: Arial, sans-serif;\"><span style=\"font-size: medium;\">Ritos<\/span><\/span><\/p>\n<p><span style=\"font-family: Arial, sans-serif;\"><span style=\"font-size: medium;\"> Traslado del Nazareno de San Frontis<\/span><\/span><\/p>\n<p><span style=\"font-family: Arial, sans-serif;\"><span style=\"font-size: medium;\"> Real Cofrad\u00eda de Jes\u00fas en su entrada triunfal en Jerusal\u00e9n<\/span><\/span><\/p>\n<p><span style=\"font-family: Arial, sans-serif;\"><span style=\"font-size: medium;\"> Hermandad de Jes\u00fas en su Tercera Ca\u00edda<\/span><\/span><\/p>\n<p><span style=\"font-family: Arial, sans-serif;\"><span style=\"font-size: medium;\"> Real Cofrad\u00eda del Stmo. Cristo de las Injurias<\/span><\/span><\/p>\n<p><span style=\"font-family: Arial, sans-serif;\"><span style=\"font-size: medium;\"> Cofrad\u00eda de la Vera Cruz, Disciplina y Penitencia<\/span><\/span><\/p>\n<p><span style=\"font-family: Arial, sans-serif;\"><span style=\"font-size: medium;\"> Hermandad Penitencial de Jes\u00fas Yacente<\/span><\/span><\/p>\n<p><span style=\"font-family: Arial, sans-serif;\"><span style=\"font-size: medium;\"> Hermandad de Jes\u00fas Nazareno, La Congregaci\u00f3n<\/span><\/span><\/p>\n<p><span style=\"font-family: Arial, sans-serif;\"><span style=\"font-size: medium;\"> Real Cofrad\u00eda del Santo Entierro<\/span><\/span><\/p>\n<p><span style=\"font-family: Arial, sans-serif;\"><span style=\"font-size: medium;\"> Hermandad de Jes\u00fas Nazareno, Damas de la Soledad<\/span><\/span><\/p>\n<p><span style=\"font-family: Arial, sans-serif;\"><span style=\"font-size: medium;\"> Cofrad\u00eda de la Sant\u00edsima Resurrecci\u00f3n<\/span><\/span><\/p>\n","protected":false},"excerpt":{"rendered":"<p>Semana Santa. Ritos y tradiciones 1920-1950 Libro indispensable para conocer gr\u00e1ficamente la Semana Santa de Zamora, en ella a partir de los negativos originales conservados en la Colecci\u00f3n: Alberto Fern\u00e1ndez Ferrero, se pueden recorrer como fueron las procesiones de Zamora y el ambiente, las vestimentas de los espectadores, los pasos antes de reformar las mesas&#8230; [&hellip;]<\/p>\n","protected":false},"featured_media":169,"comment_status":"open","ping_status":"closed","template":"","meta":[],"product_brand":[],"product_cat":[20,19,29],"product_tag":[],"class_list":{"0":"post-308","1":"product","2":"type-product","3":"status-publish","4":"has-post-thumbnail","6":"product_cat-espanol","7":"product_cat-monograficos","8":"product_cat-zamora","10":"first","11":"instock","12":"taxable","13":"shipping-taxable","14":"purchasable","15":"product-type-simple"},"jetpack-related-posts":[],"jetpack_sharing_enabled":true,"_links":{"self":[{"href":"https:\/\/www.edilera.com\/index.php\/wp-json\/wp\/v2\/product\/308","targetHints":{"allow":["GET"]}}],"collection":[{"href":"https:\/\/www.edilera.com\/index.php\/wp-json\/wp\/v2\/product"}],"about":[{"href":"https:\/\/www.edilera.com\/index.php\/wp-json\/wp\/v2\/types\/product"}],"replies":[{"embeddable":true,"href":"https:\/\/www.edilera.com\/index.php\/wp-json\/wp\/v2\/comments?post=308"}],"version-history":[{"count":0,"href":"https:\/\/www.edilera.com\/index.php\/wp-json\/wp\/v2\/product\/308\/revisions"}],"wp:featuredmedia":[{"embeddable":true,"href":"https:\/\/www.edilera.com\/index.php\/wp-json\/wp\/v2\/media\/169"}],"wp:attachment":[{"href":"https:\/\/www.edilera.com\/index.php\/wp-json\/wp\/v2\/media?parent=308"}],"wp:term":[{"taxonomy":"product_brand","embeddable":true,"href":"https:\/\/www.edilera.com\/index.php\/wp-json\/wp\/v2\/product_brand?post=308"},{"taxonomy":"product_cat","embeddable":true,"href":"https:\/\/www.edilera.com\/index.php\/wp-json\/wp\/v2\/product_cat?post=308"},{"taxonomy":"product_tag","embeddable":true,"href":"https:\/\/www.edilera.com\/index.php\/wp-json\/wp\/v2\/product_tag?post=308"}],"curies":[{"name":"wp","href":"https:\/\/api.w.org\/{rel}","templated":true}]}}