{"id":307,"date":"2019-03-07T12:05:08","date_gmt":"2019-03-07T11:05:08","guid":{"rendered":"https:\/\/www.edilera.com\/?post_type=product&#038;p=307"},"modified":"2019-11-04T08:24:40","modified_gmt":"2019-11-04T07:24:40","slug":"lamina-arquitectonica-de-la-fachada-de-la-santa-cruz-de-medina-de-rioseco-2","status":"publish","type":"product","link":"https:\/\/www.edilera.com\/index.php\/producto\/lamina-arquitectonica-de-la-fachada-de-la-santa-cruz-de-medina-de-rioseco-2\/","title":{"rendered":"L\u00e1mina arquitect\u00f3nica de la fachada de la Santa Cruz de Medina de Rioseco. DIN A2"},"content":{"rendered":"<p><b>L\u00e1mina arquitect\u00f3nica de la fachada de la Santa Cruz de Medina de Rioseco.<\/b><\/p>\n<p>Una de las mejores fachadas espa\u00f1olas del momento; una de las cumbres del foco clasicista vallisoletano. La armon\u00eda, la sencillez, lo depurado de su traza, con pilastras y placados, as\u00ed como su gran tama\u00f1o, la hacen merecedora de esta l\u00e1mina para enmarcar en papel especial de alto gramaje y acabado fino.<\/p>\n<p>&nbsp;<\/p>\n<ul>\n<li>Plano: Alberto Fern\u00e1ndez Ferrero.<\/li>\n<li>Dibujo: Laura Illana Guti\u00e9rrez.<\/li>\n<\/ul>\n<p>&nbsp;<\/p>\n<p>Disponible en formato A2.<\/p>\n<p>Se env\u00eda enrrollada dentro de un tubo de cart\u00f3n, incluido en el precio.<\/p>\n","protected":false},"excerpt":{"rendered":"<p>L\u00e1mina arquitect\u00f3nica de la fachada de la Santa Cruz de Medina de Rioseco. Una de las mejores fachadas espa\u00f1olas del momento; una de las cumbres del foco clasicista vallisoletano. La armon\u00eda, la sencillez, lo depurado de su traza, con pilastras y placados, as\u00ed como su gran tama\u00f1o, la hacen merecedora de esta l\u00e1mina para enmarcar [&hellip;]<\/p>\n","protected":false},"featured_media":188,"comment_status":"open","ping_status":"closed","template":"","meta":[],"product_brand":[],"product_cat":[21,19],"product_tag":[],"class_list":{"0":"post-307","1":"product","2":"type-product","3":"status-publish","4":"has-post-thumbnail","6":"product_cat-artistica-y-monumental","7":"product_cat-monograficos","9":"first","10":"instock","11":"taxable","12":"shipping-taxable","13":"purchasable","14":"product-type-simple"},"jetpack-related-posts":[],"jetpack_sharing_enabled":true,"_links":{"self":[{"href":"https:\/\/www.edilera.com\/index.php\/wp-json\/wp\/v2\/product\/307","targetHints":{"allow":["GET"]}}],"collection":[{"href":"https:\/\/www.edilera.com\/index.php\/wp-json\/wp\/v2\/product"}],"about":[{"href":"https:\/\/www.edilera.com\/index.php\/wp-json\/wp\/v2\/types\/product"}],"replies":[{"embeddable":true,"href":"https:\/\/www.edilera.com\/index.php\/wp-json\/wp\/v2\/comments?post=307"}],"version-history":[{"count":0,"href":"https:\/\/www.edilera.com\/index.php\/wp-json\/wp\/v2\/product\/307\/revisions"}],"wp:featuredmedia":[{"embeddable":true,"href":"https:\/\/www.edilera.com\/index.php\/wp-json\/wp\/v2\/media\/188"}],"wp:attachment":[{"href":"https:\/\/www.edilera.com\/index.php\/wp-json\/wp\/v2\/media?parent=307"}],"wp:term":[{"taxonomy":"product_brand","embeddable":true,"href":"https:\/\/www.edilera.com\/index.php\/wp-json\/wp\/v2\/product_brand?post=307"},{"taxonomy":"product_cat","embeddable":true,"href":"https:\/\/www.edilera.com\/index.php\/wp-json\/wp\/v2\/product_cat?post=307"},{"taxonomy":"product_tag","embeddable":true,"href":"https:\/\/www.edilera.com\/index.php\/wp-json\/wp\/v2\/product_tag?post=307"}],"curies":[{"name":"wp","href":"https:\/\/api.w.org\/{rel}","templated":true}]}}