{"id":305,"date":"2019-03-07T08:39:05","date_gmt":"2019-03-07T07:39:05","guid":{"rendered":"https:\/\/www.edilera.com\/?post_type=product&#038;p=305"},"modified":"2019-10-09T08:48:21","modified_gmt":"2019-10-09T06:48:21","slug":"zamora-indispensable","status":"publish","type":"product","link":"https:\/\/www.edilera.com\/index.php\/producto\/zamora-indispensable\/","title":{"rendered":"Zamora, indispensable"},"content":{"rendered":"<p><strong><span style=\"font-family: Arial, sans-serif;\">Gu\u00eda de Zamora y provincia, de bolsillo.<br \/>\n<\/span><\/strong><\/p>\n<p><span style=\"font-family: Arial, sans-serif;\">La Ciudad de Zamora es el lugar del mundo con mayor cantidad y variedad de edificios rom\u00e1nicos, m\u00e1s de 23 iglesias, La Catedral, puentes, murallas, palacios, el castillo, casas rom\u00e1nicas, y otros testimonios de la \u00e9poca. A su vez atesora muestras de otros estilos y \u00e9pocas, como el g\u00f3tico o el modernismo.<\/span><\/p>\n<p><span style=\"font-family: Arial, sans-serif;\">En esta gu\u00eda se tratan todos los principales monumentos y puntos de inter\u00e9s de la Ciudad de Zamora y principales de la provincia de Zamora.<\/span><\/p>\n<p><span style=\"font-family: Arial, sans-serif;\">Los textos son concisos, ricos y claros, con m\u00e1s de 100 im\u00e1genes de medio y gran formato, planos, y esquemas que ayudan al visitante a tener una idea clara, asequible y bien aprovechada de su visita a Zamora. A su vez sirve como recuerdo de su visita.<\/span><\/p>\n<ul>\n<li><span style=\"font-family: Arial, sans-serif;\">Encuadernaci\u00f3n: r\u00fastica cosida con solapas.<\/span><\/li>\n<li><span style=\"font-family: Arial, sans-serif;\">96 p\u00e1ginas.<\/span><\/li>\n<li><span style=\"font-family: Arial, sans-serif;\">A todo color.<\/span><\/li>\n<li><span style=\"font-family: Arial, sans-serif;\">Con mapa de la Ciudad y la provincia en la cubierta.<\/span><\/li>\n<li><span style=\"font-family: Arial, sans-serif;\">ISBN: 978-84-939387-4-1<\/span><\/li>\n<\/ul>\n<p><span style=\"font-family: Arial, sans-serif;\"><b>\u00cdndice alfab\u00e9tico de temas tratados en el libro:<\/b><\/span><\/p>\n<p><span style=\"font-family: Arial, sans-serif;\">De la Plaza de Viriato a la Plaza Mayor<\/span><\/p>\n<p><span style=\"font-family: Arial, sans-serif;\">El Modernismo &#8211; II Recinto Amurallado<\/span><\/p>\n<p><span style=\"font-family: Arial, sans-serif;\">Ferias, fiestas, museos, gastronom\u00eda<\/span><\/p>\n<p><span style=\"font-family: Arial, sans-serif;\">Gu\u00eda pr\u00e1ctica<\/span><\/p>\n<p><span style=\"font-family: Arial, sans-serif;\">Historia de la Ciudad<\/span><\/p>\n<p><span style=\"font-family: Arial, sans-serif;\">La Catedral, el Castillo y la R\u00faa<\/span><\/p>\n<p><span style=\"font-family: Arial, sans-serif;\">Las murallas y Trascastillo<\/span><\/p>\n<p><span style=\"font-family: Arial, sans-serif;\">Las riberas del Duero<\/span><\/p>\n<p><span style=\"font-family: Arial, sans-serif;\">Rutas por la Provincia<\/span><\/p>\n","protected":false},"excerpt":{"rendered":"<p>Gu\u00eda de Zamora y provincia, de bolsillo. La Ciudad de Zamora es el lugar del mundo con mayor cantidad y variedad de edificios rom\u00e1nicos, m\u00e1s de 23 iglesias, La Catedral, puentes, murallas, palacios, el castillo, casas rom\u00e1nicas, y otros testimonios de la \u00e9poca. A su vez atesora muestras de otros estilos y \u00e9pocas, como el [&hellip;]<\/p>\n","protected":false},"featured_media":194,"comment_status":"open","ping_status":"closed","template":"","meta":[],"product_brand":[],"product_cat":[21,20,29],"product_tag":[],"class_list":{"0":"post-305","1":"product","2":"type-product","3":"status-publish","4":"has-post-thumbnail","6":"product_cat-artistica-y-monumental","7":"product_cat-espanol","8":"product_cat-zamora","10":"first","11":"instock","12":"taxable","13":"shipping-taxable","14":"purchasable","15":"product-type-simple"},"jetpack-related-posts":[],"jetpack_sharing_enabled":true,"_links":{"self":[{"href":"https:\/\/www.edilera.com\/index.php\/wp-json\/wp\/v2\/product\/305","targetHints":{"allow":["GET"]}}],"collection":[{"href":"https:\/\/www.edilera.com\/index.php\/wp-json\/wp\/v2\/product"}],"about":[{"href":"https:\/\/www.edilera.com\/index.php\/wp-json\/wp\/v2\/types\/product"}],"replies":[{"embeddable":true,"href":"https:\/\/www.edilera.com\/index.php\/wp-json\/wp\/v2\/comments?post=305"}],"version-history":[{"count":0,"href":"https:\/\/www.edilera.com\/index.php\/wp-json\/wp\/v2\/product\/305\/revisions"}],"wp:featuredmedia":[{"embeddable":true,"href":"https:\/\/www.edilera.com\/index.php\/wp-json\/wp\/v2\/media\/194"}],"wp:attachment":[{"href":"https:\/\/www.edilera.com\/index.php\/wp-json\/wp\/v2\/media?parent=305"}],"wp:term":[{"taxonomy":"product_brand","embeddable":true,"href":"https:\/\/www.edilera.com\/index.php\/wp-json\/wp\/v2\/product_brand?post=305"},{"taxonomy":"product_cat","embeddable":true,"href":"https:\/\/www.edilera.com\/index.php\/wp-json\/wp\/v2\/product_cat?post=305"},{"taxonomy":"product_tag","embeddable":true,"href":"https:\/\/www.edilera.com\/index.php\/wp-json\/wp\/v2\/product_tag?post=305"}],"curies":[{"name":"wp","href":"https:\/\/api.w.org\/{rel}","templated":true}]}}