{"id":277,"date":"2019-03-06T09:16:34","date_gmt":"2019-03-06T08:16:34","guid":{"rendered":"https:\/\/www.edilera.com\/?post_type=product&#038;p=277"},"modified":"2021-12-28T14:05:25","modified_gmt":"2021-12-28T13:05:25","slug":"zamora-artistique-et-monumentale","status":"publish","type":"product","link":"https:\/\/www.edilera.com\/index.php\/producto\/zamora-artistique-et-monumentale\/","title":{"rendered":"Zamora, artistique et monumentale"},"content":{"rendered":"<p><span style=\"font-family: Arial, sans-serif;\">Guide de Zamora et de la province.<br \/>\nLa ville de Zamora est le lieu au monde qui compte le plus grand nombre et la plus grande vari\u00e9t\u00e9 d\u2019\u00e9difices romans, plus de 23 \u00e9glises, la cath\u00e9drale, des ponts, des murs, des palais, le ch\u00e2teau, des maisons romanes et d\u2019autres t\u00e9moignages de l\u2019\u00e9poque. En m\u00eame temps, des \u00e9chantillons d&#8217;autres styles et d&#8217;autres \u00e9poques, tels que le gothique ou le modernisme, sont \u00e9galement pr\u00e9cieux.<br \/>\nCe guide traite de tous les monuments et points d\u2019int\u00e9r\u00eat de la ville de Zamora et des principaux de la province de Zamora.<br \/>\nDans la ville avec une attention particuli\u00e8re \u00e0 la cath\u00e9drale de Zamora et son d\u00f4me, ainsi que de la romane Zamora. Les textes sont concis, riches et clairs, avec plus de 200 images de format moyen et grand, des plans et des programmes qui aident les visiteurs \u00e0 avoir une id\u00e9e claire, abordable et bien utilis\u00e9e de leur visite \u00e0 Zamora. \u00c0 son tour, sert de rappel de votre visite.<\/span><\/p>\n<p>Auteurs: Laura Illana Guti\u00e9rrez et Alberto Fern\u00e1ndez Ferrero.<br \/>\nUne carte de la ville et une autre de la province sont incluses.<br \/>\nReliure: rustique cousu avec des rabats.<br \/>\n160 pages.<br \/>\nCouleur<br \/>\nAvec quadruple pliage, \u00e0 l&#8217;int\u00e9rieur.<br \/>\nISBN: 978-84-945352-1-5<\/p>\n<p><b>Index alphab\u00e9tique des sujets abord\u00e9s dans le livre: <\/b><\/p>\n<p><span style=\"font-family: Arial, sans-serif;\">Vieil H\u00f4tel de Ville<\/span><\/p>\n<p><span style=\"font-family: Arial, sans-serif;\">Alh\u00f3ndiga de Pan, La <\/span><\/p>\n<p><span style=\"font-family: Arial, sans-serif;\">Aliste<\/span><\/p>\n<p><span style=\"font-family: Arial, sans-serif;\">Ancien H\u00f4pital de la Encarnaci\u00f3n<\/span><\/p>\n<p><span style=\"font-family: Arial, sans-serif;\">Ancien Palais Provincial<\/span><\/p>\n<p><span style=\"font-family: Arial, sans-serif;\">Archives Provinciales, Beatus de Zamora et Biblioth\u00e8que<\/span><\/p>\n<p><span style=\"font-family: Arial, sans-serif;\">Arribes del Duero, Los <\/span><\/p>\n<p><span style=\"font-family: Arial, sans-serif;\">Belvedere de San Cipriano<\/span><\/p>\n<p><span style=\"font-family: Arial, sans-serif;\">Belvedere del Troncoso<\/span><\/p>\n<p><span style=\"font-family: Arial, sans-serif;\">Benavente y los Valles, d\u00f3lmenes<\/span><\/p>\n<p><span style=\"font-family: Arial, sans-serif;\">Calle Balborraz<\/span><\/p>\n<p><span style=\"font-family: Arial, sans-serif;\">Camps romains de Petavonivm et villa romaine de Camarzana de Tera<\/span><\/p>\n<p><span style=\"font-family: Arial, sans-serif;\">Carmen del Camino, El <\/span><\/p>\n<p><span style=\"font-family: Arial, sans-serif;\">Cath\u00e9drale El Salvador<\/span><\/p>\n<p><span style=\"font-family: Arial, sans-serif;\">Chanson du Si\u00e8ge de Zamora, La <\/span><\/p>\n<p><span style=\"font-family: Arial, sans-serif;\">ch\u00e2teau, Le <\/span><\/p>\n<p><span style=\"font-family: Arial, sans-serif;\">Convento de San Francisco. Fondation Hispano-portugaise Rei Afonso Henriques<\/span><\/p>\n<p><span style=\"font-family: Arial, sans-serif;\">Convento de Sta. M\u00aa la Real de la Due\u00f1as<\/span><\/p>\n<p><span style=\"font-family: Arial, sans-serif;\">Couvent del Tr\u00e1nsito<\/span><\/p>\n<p><span style=\"font-family: Arial, sans-serif;\">Eduardo Barr\u00f3n<\/span><\/p>\n<p><span style=\"font-family: Arial, sans-serif;\">Esp\u00edritu Santo, El <\/span><\/p>\n<p><span style=\"font-family: Arial, sans-serif;\">Fermoselle<\/span><\/p>\n<p><span style=\"font-family: Arial, sans-serif;\">Fleuve Duero , Le <\/span><\/p>\n<p><span style=\"font-family: Arial, sans-serif;\">Fointane de los Remedios<\/span><\/p>\n<p><span style=\"font-family: Arial, sans-serif;\">Fort\u00edn de San Sebasti\u00e1n<\/span><\/p>\n<p><span style=\"font-family: Arial, sans-serif;\">Gare de chemin de fer<\/span><\/p>\n<p><span style=\"font-family: Arial, sans-serif;\">Hiniesta, Bois de Valorio , La <\/span><\/p>\n<p><span style=\"font-family: Arial, sans-serif;\">Histoire<\/span><\/p>\n<p><span style=\"font-family: Arial, sans-serif;\">Lac de Sanabria, Le <\/span><\/p>\n<p><span style=\"font-family: Arial, sans-serif;\">lagunas de Villaf\u00e1fila ~ Villalpando, Las <\/span><\/p>\n<p><span style=\"font-family: Arial, sans-serif;\">Maison du Cid ~Palais Royal<\/span><\/p>\n<p><span style=\"font-family: Arial, sans-serif;\">Mascarades d\u2019hiver<\/span><\/p>\n<p><span style=\"font-family: Arial, sans-serif;\">modernisme, Le <\/span><\/p>\n<p><span style=\"font-family: Arial, sans-serif;\">Monast\u00e8re de Santa Mar\u00eda de Moreruela <\/span><\/p>\n<p><span style=\"font-family: Arial, sans-serif;\">Monument en l\u2019honneur des hommes tomb\u00e9s \u00e0 la bataille de Villagodio<\/span><\/p>\n<p><span style=\"font-family: Arial, sans-serif;\">Moulins d\u2019Olivares<\/span><\/p>\n<p><span style=\"font-family: Arial, sans-serif;\">Moulins de Caba\u00f1ales <\/span><\/p>\n<p><span style=\"font-family: Arial, sans-serif;\">Mus\u00e9e Cath\u00e9drale<\/span><\/p>\n<p><span style=\"font-family: Arial, sans-serif;\">Mus\u00e9e de la Semaine Sainte<\/span><\/p>\n<p><span style=\"font-family: Arial, sans-serif;\">Mus\u00e9e de Zamora<\/span><\/p>\n<p><span style=\"font-family: Arial, sans-serif;\">Mus\u00e9e Diocesain<\/span><\/p>\n<p><span style=\"font-family: Arial, sans-serif;\">Mus\u00e9e Ethnographique de Castille-et-Le\u00f3n<\/span><\/p>\n<p><span style=\"font-family: Arial, sans-serif;\">Mus\u00e9e Paroissial de San Ildefonso<\/span><\/p>\n<p><span style=\"font-family: Arial, sans-serif;\">Ocellvm Dvrii, Camp romain et ville <\/span><\/p>\n<p><span style=\"font-family: Arial, sans-serif;\">Palais de l\u2019Inquisition <\/span><\/p>\n<p><span style=\"font-family: Arial, sans-serif;\">Palais de los Momos<\/span><\/p>\n<p><span style=\"font-family: Arial, sans-serif;\">Palais des Comtes de Alba de Aliste <\/span><\/p>\n<p><span style=\"font-family: Arial, sans-serif;\">Parador de Turismo<\/span><\/p>\n<p><span style=\"font-family: Arial, sans-serif;\">Parc du Ch\u00e2teau<\/span><\/p>\n<p><span style=\"font-family: Arial, sans-serif;\">P\u00e8re Blanco, Le <\/span><\/p>\n<p><span style=\"font-family: Arial, sans-serif;\">Plaza de Claudio Moyano<\/span><\/p>\n<p><span style=\"font-family: Arial, sans-serif;\">Plaza de Fray Diego de Deza<\/span><\/p>\n<p><span style=\"font-family: Arial, sans-serif;\">Plaza de Santa Luc\u00eda<\/span><\/p>\n<p><span style=\"font-family: Arial, sans-serif;\">Plaza Mayor<\/span><\/p>\n<p><span style=\"font-family: Arial, sans-serif;\">Pont de Fer et pont de chemin de fer<\/span><\/p>\n<p><span style=\"font-family: Arial, sans-serif;\">Pont roman ou Nouveau<\/span><\/p>\n<p><span style=\"font-family: Arial, sans-serif;\">Pont roman ou Vieux<\/span><\/p>\n<p><span style=\"font-family: Arial, sans-serif;\">Porte de la Trahison <\/span><\/p>\n<p><span style=\"font-family: Arial, sans-serif;\">Porte de San Cipriano<\/span><\/p>\n<p><span style=\"font-family: Arial, sans-serif;\">Porte de San Pedro<\/span><\/p>\n<p><span style=\"font-family: Arial, sans-serif;\">Porte del Castiello de Sant Andr\u00e9s<\/span><\/p>\n<p><span style=\"font-family: Arial, sans-serif;\">Porte del Cuartel de Caballer\u00eda<\/span><\/p>\n<p><span style=\"font-family: Arial, sans-serif;\">Porte del Mercadillo<\/span><\/p>\n<p><span style=\"font-family: Arial, sans-serif;\">Porte del Pescado<\/span><\/p>\n<p><span style=\"font-family: Arial, sans-serif;\">Porte del r\u00edo \u00e0 Puerta Nueva<\/span><\/p>\n<p><span style=\"font-family: Arial, sans-serif;\">Porte et Palais de D\u00aa Urraque<\/span><\/p>\n<p><span style=\"font-family: Arial, sans-serif;\">Porte \u00d3ptima ou del Obispo<\/span><\/p>\n<p><span style=\"font-family: Arial, sans-serif;\">Poudri\u00e8re, La <\/span><\/p>\n<p><span style=\"font-family: Arial, sans-serif;\">Province de Zamora, La <\/span><\/p>\n<p><span style=\"font-family: Arial, sans-serif;\">Puebla de Sanabria<\/span><\/p>\n<p><span style=\"font-family: Arial, sans-serif;\">Puebla del Valle, La <\/span><\/p>\n<p><span style=\"font-family: Arial, sans-serif;\">Remedios, Los ~ Santa Mar\u00eda de lo Olleros<\/span><\/p>\n<p><span style=\"font-family: Arial, sans-serif;\">Remparts, Les <\/span><\/p>\n<p><span style=\"font-family: Arial, sans-serif;\">Maisons romanes<\/span><\/p>\n<p><span style=\"font-family: Arial, sans-serif;\">San Andr\u00e9s ~ Seminaire de San Atilano<\/span><\/p>\n<p><span style=\"font-family: Arial, sans-serif;\">San Antol\u00edn<\/span><\/p>\n<p><span style=\"font-family: Arial, sans-serif;\">San Cipriano<\/span><\/p>\n<p><span style=\"font-family: Arial, sans-serif;\">San Claudio de Olivares<\/span><\/p>\n<p><span style=\"font-family: Arial, sans-serif;\">San Esteban<\/span><\/p>\n<p><span style=\"font-family: Arial, sans-serif;\">San Frontis<\/span><\/p>\n<p><span style=\"font-family: Arial, sans-serif;\">San Isidoro<\/span><\/p>\n<p><span style=\"font-family: Arial, sans-serif;\">San Juan de Puerta Nueva<\/span><\/p>\n<p><span style=\"font-family: Arial, sans-serif;\">San Leonardo de Noblat<\/span><\/p>\n<p><span style=\"font-family: Arial, sans-serif;\">San Mart\u00edn de Casta\u00f1eda<\/span><\/p>\n<p><span style=\"font-family: Arial, sans-serif;\">San Pedro de la Nave, L\u2019\u00e9glise wisigothique de <\/span><\/p>\n<p><span style=\"font-family: Arial, sans-serif;\">San Pedro et San Ildefonso<\/span><\/p>\n<p><span style=\"font-family: Arial, sans-serif;\">San Torcuato et Coll\u00e8ge Universitaire<\/span><\/p>\n<p><span style=\"font-family: Arial, sans-serif;\">San Vicente M\u00e1rtir<\/span><\/p>\n<p><span style=\"font-family: Arial, sans-serif;\">Santa Mar\u00eda de la Horta<\/span><\/p>\n<p><span style=\"font-family: Arial, sans-serif;\">Santa Mar\u00eda de la Vega<\/span><\/p>\n<p><span style=\"font-family: Arial, sans-serif;\">Santa Mar\u00eda la Nueva<\/span><\/p>\n<p><span style=\"font-family: Arial, sans-serif;\">Santa Mar\u00eda Magdalena<\/span><\/p>\n<p><span style=\"font-family: Arial, sans-serif;\">Santa Marta de Tera<\/span><\/p>\n<p><span style=\"font-family: Arial, sans-serif;\">Santiago de los Caballeros<\/span><\/p>\n<p><span style=\"font-family: Arial, sans-serif;\">Santiago del Burgo<\/span><\/p>\n<p><span style=\"font-family: Arial, sans-serif;\">Santo Sepulcro, El <\/span><\/p>\n<p><span style=\"font-family: Arial, sans-serif;\">Santo\u2008Tom\u00e9<\/span><\/p>\n<p><span style=\"font-family: Arial, sans-serif;\">Sayago<\/span><\/p>\n<p><span style=\"font-family: Arial, sans-serif;\">Semaine Sainte \u00e0 Zamora, La <\/span><\/p>\n<p><span style=\"font-family: Arial, sans-serif;\">T\u00e1bara et son Scriptorivm<\/span><\/p>\n<p><span style=\"font-family: Arial, sans-serif;\">Th\u00e9\u00e2tre Principal <\/span><\/p>\n<p><span style=\"font-family: Arial, sans-serif;\">The\u00e2tre Ramos Carri\u00f3n<\/span><\/p>\n<p><span style=\"font-family: Arial, sans-serif;\">Toro<\/span><\/p>\n<p><span style=\"font-family: Arial, sans-serif;\">Universit\u00e9 du Travail<\/span><\/p>\n<p><span style=\"font-family: Arial, sans-serif;\">Vieilles boucheries<\/span><\/p>\n<p><span style=\"font-family: Arial, sans-serif;\">Villapando<\/span><\/p>\n","protected":false},"excerpt":{"rendered":"<p>Guide de Zamora et de la province. La ville de Zamora est le lieu au monde qui compte le plus grand nombre et la plus grande vari\u00e9t\u00e9 d\u2019\u00e9difices romans, plus de 23 \u00e9glises, la cath\u00e9drale, des ponts, des murs, des palais, le ch\u00e2teau, des maisons romanes et d\u2019autres t\u00e9moignages de l\u2019\u00e9poque. En m\u00eame temps, des [&hellip;]<\/p>\n","protected":false},"featured_media":52,"comment_status":"open","ping_status":"closed","template":"","meta":[],"product_brand":[],"product_cat":[24,25,29],"product_tag":[],"class_list":{"0":"post-277","1":"product","2":"type-product","3":"status-publish","4":"has-post-thumbnail","6":"product_cat-artistique-et-monumentale","7":"product_cat-francais","8":"product_cat-zamora","10":"first","11":"instock","12":"taxable","13":"shipping-taxable","14":"purchasable","15":"product-type-simple"},"jetpack-related-posts":[],"jetpack_sharing_enabled":true,"_links":{"self":[{"href":"https:\/\/www.edilera.com\/index.php\/wp-json\/wp\/v2\/product\/277","targetHints":{"allow":["GET"]}}],"collection":[{"href":"https:\/\/www.edilera.com\/index.php\/wp-json\/wp\/v2\/product"}],"about":[{"href":"https:\/\/www.edilera.com\/index.php\/wp-json\/wp\/v2\/types\/product"}],"replies":[{"embeddable":true,"href":"https:\/\/www.edilera.com\/index.php\/wp-json\/wp\/v2\/comments?post=277"}],"version-history":[{"count":1,"href":"https:\/\/www.edilera.com\/index.php\/wp-json\/wp\/v2\/product\/277\/revisions"}],"predecessor-version":[{"id":95710,"href":"https:\/\/www.edilera.com\/index.php\/wp-json\/wp\/v2\/product\/277\/revisions\/95710"}],"wp:featuredmedia":[{"embeddable":true,"href":"https:\/\/www.edilera.com\/index.php\/wp-json\/wp\/v2\/media\/52"}],"wp:attachment":[{"href":"https:\/\/www.edilera.com\/index.php\/wp-json\/wp\/v2\/media?parent=277"}],"wp:term":[{"taxonomy":"product_brand","embeddable":true,"href":"https:\/\/www.edilera.com\/index.php\/wp-json\/wp\/v2\/product_brand?post=277"},{"taxonomy":"product_cat","embeddable":true,"href":"https:\/\/www.edilera.com\/index.php\/wp-json\/wp\/v2\/product_cat?post=277"},{"taxonomy":"product_tag","embeddable":true,"href":"https:\/\/www.edilera.com\/index.php\/wp-json\/wp\/v2\/product_tag?post=277"}],"curies":[{"name":"wp","href":"https:\/\/api.w.org\/{rel}","templated":true}]}}