{"id":276,"date":"2019-03-06T09:11:32","date_gmt":"2019-03-06T08:11:32","guid":{"rendered":"https:\/\/www.edilera.com\/?post_type=product&#038;p=276"},"modified":"2021-12-28T14:05:54","modified_gmt":"2021-12-28T13:05:54","slug":"zamora-artistica-e-monumental","status":"publish","type":"product","link":"https:\/\/www.edilera.com\/index.php\/producto\/zamora-artistica-e-monumental\/","title":{"rendered":"Zamora, art\u00edstica e monumental"},"content":{"rendered":"<p><span style=\"font-family: Arial, sans-serif;\">Guia de Zamora e prov\u00edncia.<br \/>\nA cidade de Zamora \u00e9 o lugar no mundo com o maior n\u00famero e variedade de edif\u00edcios rom\u00e2nicos, mais de 23 igrejas, a Catedral, pontes, muralhas, pal\u00e1cios, o castelo, casas rom\u00e2nicas e outros testemunhos da \u00e9poca. Ao mesmo tempo, valoriza amostras de outros estilos e \u00e9pocas, como o g\u00f3tico ou o modernismo.<br \/>\nNeste guia s\u00e3o tratados todos os monumentos e pontos de interesse da cidade de Zamora e os principais da prov\u00edncia de Zamora.<br \/>\nNa cidade, com especial aten\u00e7\u00e3o para a Catedral de Zamora e sua c\u00fapula, bem como o rom\u00e2nico Zamora. Os textos s\u00e3o concisos, ricos e claros, com mais de 200 imagens de m\u00e9dio e grande formato, planos e esquemas que ajudam os visitantes a ter uma ideia clara, acess\u00edvel e bem usada de sua visita a Zamora. Por sua vez serve como um lembrete de sua visita.<br \/>\n<\/span><\/p>\n<ul>\n<li><span style=\"font-family: Arial, sans-serif;\">Autores: Laura Illana Guti\u00e9rrez e Alberto Fern\u00e1ndez Ferrero.<\/span><\/li>\n<li><span style=\"font-family: Arial, sans-serif;\">Traduzido para o portugu\u00eas por: Jos\u00e9 Vieira de acordo com DIN EN 15038.<\/span><\/li>\n<li><span style=\"font-family: Arial, sans-serif;\">Encaderna\u00e7\u00e3o: r\u00fastica costurada com abas.<\/span><\/li>\n<li><span style=\"font-family: Arial, sans-serif;\">160 p\u00e1ginas.<\/span><\/li>\n<li><span style=\"font-family: Arial, sans-serif;\">Cor cheia<\/span><\/li>\n<li><span style=\"font-family: Arial, sans-serif;\">Com dobrar qu\u00e1druplo, no interior.<\/span><\/li>\n<li><span style=\"font-family: Arial, sans-serif;\">ISBN: 978-84-945352-7-7<\/span><\/li>\n<\/ul>\n<p><span style=\"font-family: Arial, sans-serif;\"><strong>\u00cdndice alfab\u00e9tico de t\u00f3picos abordados no livro:<\/strong> <\/span><\/p>\n<p><span style=\"font-family: Arial, sans-serif;\">Acampamentos romanos de Petavonivm e vila romana de Camarzana de Tera<\/span><\/p>\n<p><span style=\"font-family: Arial, sans-serif;\">Acenhas de Caba\u00f1ales<\/span><\/p>\n<p><span style=\"font-family: Arial, sans-serif;\">Alh\u00f3ndiga de Pan, La <\/span><\/p>\n<p><span style=\"font-family: Arial, sans-serif;\">Aliste, Fermoselle, Sayago<\/span><\/p>\n<p><span style=\"font-family: Arial, sans-serif;\">Antigas carnicer\u00edas<\/span><\/p>\n<p><span style=\"font-family: Arial, sans-serif;\">Antigo Pal\u00e1cio da Inquisi\u00e7\u00e3o<\/span><\/p>\n<p><span style=\"font-family: Arial, sans-serif;\">Antigo Pal\u00e1cio Provincial<\/span><\/p>\n<p><span style=\"font-family: Arial, sans-serif;\">Antiguo Hospital da Encarnac\u00e3o<\/span><\/p>\n<p><span style=\"font-family: Arial, sans-serif;\">Arquivo<\/span><\/p>\n<p><span style=\"font-family: Arial, sans-serif;\">Azenhas de Olivares<\/span><\/p>\n<p><span style=\"font-family: Arial, sans-serif;\">Beato de Zamora <\/span><\/p>\n<p><span style=\"font-family: Arial, sans-serif;\">Benavente y los Valles, d\u00f3lmenes<\/span><\/p>\n<p><span style=\"font-family: Arial, sans-serif;\">Biblioteca<\/span><\/p>\n<p><span style=\"font-family: Arial, sans-serif;\">Bosque de Valorio<\/span><\/p>\n<p><span style=\"font-family: Arial, sans-serif;\">Calle Balborraz<\/span><\/p>\n<p><span style=\"font-family: Arial, sans-serif;\">C\u00e2mara Velha<\/span><\/p>\n<p><span style=\"font-family: Arial, sans-serif;\">C\u00e2ntico do Cerco de Zamora, O <\/span><\/p>\n<p><span style=\"font-family: Arial, sans-serif;\">Carmen del Camino<\/span><\/p>\n<p><span style=\"font-family: Arial, sans-serif;\">Casa del Cid<\/span><\/p>\n<p><span style=\"font-family: Arial, sans-serif;\">Castelo<\/span><\/p>\n<p><span style=\"font-family: Arial, sans-serif;\">Catedral de O Salvador<\/span><\/p>\n<p><span style=\"font-family: Arial, sans-serif;\">Convento do Tr\u00e2nsito<\/span><\/p>\n<p><span style=\"font-family: Arial, sans-serif;\">Dep\u00f3sito de Explosivos, O <\/span><\/p>\n<p><span style=\"font-family: Arial, sans-serif;\">Eduardo Barr\u00f3n, O escultor <\/span><\/p>\n<p><span style=\"font-family: Arial, sans-serif;\">Esp\u00edrito Santo, O <\/span><\/p>\n<p><span style=\"font-family: Arial, sans-serif;\">Estac\u00e3o Ferrovi\u00e1ria<\/span><\/p>\n<p><span style=\"font-family: Arial, sans-serif;\">Fonte dos Rem\u00e9dios<\/span><\/p>\n<p><span style=\"font-family: Arial, sans-serif;\">Fortim de S\u00e3o Sebasti\u00e3o<\/span><\/p>\n<p><span style=\"font-family: Arial, sans-serif;\">Hist\u00f3ria<\/span><\/p>\n<p><span style=\"font-family: Arial, sans-serif;\">Indice Alfab\u00e9tico<\/span><\/p>\n<p><span style=\"font-family: Arial, sans-serif;\">Lago de Sanabria, O <\/span><\/p>\n<p><span style=\"font-family: Arial, sans-serif;\">Lagoas de Villaf\u00e1fila ~ Villalpando<\/span><\/p>\n<p><span style=\"font-family: Arial, sans-serif;\">Las Due\u00f1as<\/span><\/p>\n<p><span style=\"font-family: Arial, sans-serif;\">Los Arribes del Duero<\/span><\/p>\n<p><span style=\"font-family: Arial, sans-serif;\">Mascaradas de Inverno<\/span><\/p>\n<p><span style=\"font-family: Arial, sans-serif;\">Miradouro de S\u00e3o Cipriano<\/span><\/p>\n<p><span style=\"font-family: Arial, sans-serif;\">Miradouro do Troncoso<\/span><\/p>\n<p><span style=\"font-family: Arial, sans-serif;\">Modernismo, O<\/span><\/p>\n<p><span style=\"font-family: Arial, sans-serif;\">Monumento a os Ca\u00eddos em 1808<\/span><\/p>\n<p><span style=\"font-family: Arial, sans-serif;\">Muralhas, As <\/span><\/p>\n<p><span style=\"font-family: Arial, sans-serif;\">Museu Catedral\u00edcio<\/span><\/p>\n<p><span style=\"font-family: Arial, sans-serif;\">Museu de Semana Santa<\/span><\/p>\n<p><span style=\"font-family: Arial, sans-serif;\">Museu de Zamora<\/span><\/p>\n<p><span style=\"font-family: Arial, sans-serif;\">Museu Diocesano<\/span><\/p>\n<p><span style=\"font-family: Arial, sans-serif;\">Museu Etnogr\u00e1fico<\/span><\/p>\n<p><span style=\"font-family: Arial, sans-serif;\">Museu Paroquial do Santo Ildefonso<\/span><\/p>\n<p><span style=\"font-family: Arial, sans-serif;\">O Mosteiro de Moreruela<\/span><\/p>\n<p><span style=\"font-family: Arial, sans-serif;\">O rio Douro<\/span><\/p>\n<p><span style=\"font-family: Arial, sans-serif;\">Ocellvm Dvrii, acampamento romano e cidade celtibera e romana<\/span><\/p>\n<p><span style=\"font-family: Arial, sans-serif;\">Padre Blanco bot\u00e2nico, O <\/span><\/p>\n<p><span style=\"font-family: Arial, sans-serif;\">Pal\u00e1cio dos Condes de Alba de Aliste <\/span><\/p>\n<p><span style=\"font-family: Arial, sans-serif;\">Pal\u00e1cio dos Momos<\/span><\/p>\n<p><span style=\"font-family: Arial, sans-serif;\">Palacio Real de Ordo\u00f1o II<\/span><\/p>\n<p><span style=\"font-family: Arial, sans-serif;\">Parque do Castelo<\/span><\/p>\n<p><span style=\"font-family: Arial, sans-serif;\">Ponte de Ferro <\/span><\/p>\n<p><span style=\"font-family: Arial, sans-serif;\">Ponte ferrovi\u00e1ria<\/span><\/p>\n<p><span style=\"font-family: Arial, sans-serif;\">Ponte rom\u00e2nica<\/span><\/p>\n<p><span style=\"font-family: Arial, sans-serif;\">Ponte rom\u00e2nica velha<\/span><\/p>\n<p><span style=\"font-family: Arial, sans-serif;\">Porta da Trai\u00e7\u00e3o<\/span><\/p>\n<p><span style=\"font-family: Arial, sans-serif;\">Porta de D.\u00aa Urraca<\/span><\/p>\n<p><span style=\"font-family: Arial, sans-serif;\">Porta de S\u00e3o Cipriano<\/span><\/p>\n<p><span style=\"font-family: Arial, sans-serif;\">Porta de S\u00e3o Pedro<\/span><\/p>\n<p><span style=\"font-family: Arial, sans-serif;\">Porta do antigo Quartel de Cavalaria<\/span><\/p>\n<p><span style=\"font-family: Arial, sans-serif;\">Porta do Castelo de Santo Andr\u00e9<\/span><\/p>\n<p><span style=\"font-family: Arial, sans-serif;\">Porta do Mercado de Rua<\/span><\/p>\n<p><span style=\"font-family: Arial, sans-serif;\">Porta do Peixe, A <\/span><\/p>\n<p><span style=\"font-family: Arial, sans-serif;\">Porta do rio<\/span><\/p>\n<p><span style=\"font-family: Arial, sans-serif;\">Porta \u00d3tima ou do Bispo<\/span><\/p>\n<p><span style=\"font-family: Arial, sans-serif;\">Pra\u00e7a de Claudio Moyano<\/span><\/p>\n<p><span style=\"font-family: Arial, sans-serif;\">Pra\u00e7a de Frei Diego de Deza<\/span><\/p>\n<p><span style=\"font-family: Arial, sans-serif;\">Pra\u00e7a de Santa Luzia<\/span><\/p>\n<p><span style=\"font-family: Arial, sans-serif;\">Pra\u00e7a Principal <\/span><\/p>\n<p><span style=\"font-family: Arial, sans-serif;\">Provincia de Zamora, A<\/span><\/p>\n<p><span style=\"font-family: Arial, sans-serif;\">Puebla de Sanabria<\/span><\/p>\n<p><span style=\"font-family: Arial, sans-serif;\">Puebla del Valle<\/span><\/p>\n<p><span style=\"font-family: Arial, sans-serif;\">Rem\u00e9dios, Os <\/span><\/p>\n<p><span style=\"font-family: Arial, sans-serif;\">San Antol\u00edn<\/span><\/p>\n<p><span style=\"font-family: Arial, sans-serif;\">San Mart\u00edn de Casta\u00f1eda<\/span><\/p>\n<p><span style=\"font-family: Arial, sans-serif;\">San Pedro de la Nave<\/span><\/p>\n<p><span style=\"font-family: Arial, sans-serif;\">Santa Maria a Nova<\/span><\/p>\n<p><span style=\"font-family: Arial, sans-serif;\">Santa Maria de la Horta<\/span><\/p>\n<p><span style=\"font-family: Arial, sans-serif;\">Santa Maria de la Vega<\/span><\/p>\n<p><span style=\"font-family: Arial, sans-serif;\">Santa Mar\u00eda la Real de la Hiniesta<\/span><\/p>\n<p><span style=\"font-family: Arial, sans-serif;\">Santa Maria Madalena<\/span><\/p>\n<p><span style=\"font-family: Arial, sans-serif;\">Santa Marta de Tera, A Igreja Colegial rom\u00e2nica de <\/span><\/p>\n<p><span style=\"font-family: Arial, sans-serif;\">Santiago de los Caballeros<\/span><\/p>\n<p><span style=\"font-family: Arial, sans-serif;\">Santiago del Burgo<\/span><\/p>\n<p><span style=\"font-family: Arial, sans-serif;\">Santo Andr\u00e9<\/span><\/p>\n<p><span style=\"font-family: Arial, sans-serif;\">Santo Est\u00eav\u00e3o<\/span><\/p>\n<p><span style=\"font-family: Arial, sans-serif;\">Santo Isidoro<\/span><\/p>\n<p><span style=\"font-family: Arial, sans-serif;\">Santo Sepulcro, O <\/span><\/p>\n<p><span style=\"font-family: Arial, sans-serif;\">S\u00e3o Cipriano<\/span><\/p>\n<p><span style=\"font-family: Arial, sans-serif;\">S\u00e3o Cl\u00e1udio de Olivares<\/span><\/p>\n<p><span style=\"font-family: Arial, sans-serif;\">S\u00e3o Francisco. Fundac\u00e3o Hispano-Lusa Rei Afonso Henriques.<\/span><\/p>\n<p><span style=\"font-family: Arial, sans-serif;\">S\u00e3o Frontis<\/span><\/p>\n<p><span style=\"font-family: Arial, sans-serif;\">S\u00e3o Jo\u00e3o de Puerta Nueva<\/span><\/p>\n<p><span style=\"font-family: Arial, sans-serif;\">S\u00e3o Leonardo de Noblat<\/span><\/p>\n<p><span style=\"font-family: Arial, sans-serif;\">S\u00e3o Pedro e Santo Ildefonso<\/span><\/p>\n<p><span style=\"font-family: Arial, sans-serif;\">S\u00e3o\u2008Tom\u00e9<\/span><\/p>\n<p><span style=\"font-family: Arial, sans-serif;\">S\u00e3o Torcuato e Col\u00e9gio Universit\u00e1rio<\/span><\/p>\n<p><span style=\"font-family: Arial, sans-serif;\">S\u00e3o Vicente M\u00e1rtir<\/span><\/p>\n<p><span style=\"font-family: Arial, sans-serif;\">Semana Santa em Zamora, A <\/span><\/p>\n<p><span style=\"font-family: Arial, sans-serif;\">Semin\u00e1rio de S\u00e3o Atilano<\/span><\/p>\n<p><span style=\"font-family: Arial, sans-serif;\">T\u00e1bara e o seu Scriptorivm<\/span><\/p>\n<p><span style=\"font-family: Arial, sans-serif;\">Teatro Principal<\/span><\/p>\n<p><span style=\"font-family: Arial, sans-serif;\">Teatro Ramos Carri\u00f3n<\/span><\/p>\n<p><span style=\"font-family: Arial, sans-serif;\">Toro<\/span><\/p>\n<p><span style=\"font-family: Arial, sans-serif;\">Universidade do Trablaho<\/span><\/p>\n","protected":false},"excerpt":{"rendered":"<p>Guia de Zamora e prov\u00edncia. A cidade de Zamora \u00e9 o lugar no mundo com o maior n\u00famero e variedade de edif\u00edcios rom\u00e2nicos, mais de 23 igrejas, a Catedral, pontes, muralhas, pal\u00e1cios, o castelo, casas rom\u00e2nicas e outros testemunhos da \u00e9poca. Ao mesmo tempo, valoriza amostras de outros estilos e \u00e9pocas, como o g\u00f3tico ou [&hellip;]<\/p>\n","protected":false},"featured_media":54,"comment_status":"open","ping_status":"closed","template":"","meta":[],"product_brand":[],"product_cat":[33,32],"product_tag":[],"class_list":{"0":"post-276","1":"product","2":"type-product","3":"status-publish","4":"has-post-thumbnail","6":"product_cat-artistica-e-monumental","7":"product_cat-portugues","9":"first","10":"instock","11":"taxable","12":"shipping-taxable","13":"purchasable","14":"product-type-simple"},"jetpack-related-posts":[],"jetpack_sharing_enabled":true,"_links":{"self":[{"href":"https:\/\/www.edilera.com\/index.php\/wp-json\/wp\/v2\/product\/276","targetHints":{"allow":["GET"]}}],"collection":[{"href":"https:\/\/www.edilera.com\/index.php\/wp-json\/wp\/v2\/product"}],"about":[{"href":"https:\/\/www.edilera.com\/index.php\/wp-json\/wp\/v2\/types\/product"}],"replies":[{"embeddable":true,"href":"https:\/\/www.edilera.com\/index.php\/wp-json\/wp\/v2\/comments?post=276"}],"version-history":[{"count":1,"href":"https:\/\/www.edilera.com\/index.php\/wp-json\/wp\/v2\/product\/276\/revisions"}],"predecessor-version":[{"id":95711,"href":"https:\/\/www.edilera.com\/index.php\/wp-json\/wp\/v2\/product\/276\/revisions\/95711"}],"wp:featuredmedia":[{"embeddable":true,"href":"https:\/\/www.edilera.com\/index.php\/wp-json\/wp\/v2\/media\/54"}],"wp:attachment":[{"href":"https:\/\/www.edilera.com\/index.php\/wp-json\/wp\/v2\/media?parent=276"}],"wp:term":[{"taxonomy":"product_brand","embeddable":true,"href":"https:\/\/www.edilera.com\/index.php\/wp-json\/wp\/v2\/product_brand?post=276"},{"taxonomy":"product_cat","embeddable":true,"href":"https:\/\/www.edilera.com\/index.php\/wp-json\/wp\/v2\/product_cat?post=276"},{"taxonomy":"product_tag","embeddable":true,"href":"https:\/\/www.edilera.com\/index.php\/wp-json\/wp\/v2\/product_tag?post=276"}],"curies":[{"name":"wp","href":"https:\/\/api.w.org\/{rel}","templated":true}]}}