{"id":273,"date":"2019-03-06T09:02:59","date_gmt":"2019-03-06T08:02:59","guid":{"rendered":"https:\/\/www.edilera.com\/?post_type=product&#038;p=273"},"modified":"2019-12-09T08:28:20","modified_gmt":"2019-12-09T07:28:20","slug":"toro-artistica-y-monumental","status":"publish","type":"product","link":"https:\/\/www.edilera.com\/index.php\/producto\/toro-artistica-y-monumental\/","title":{"rendered":"Toro, art\u00edstica y monumental"},"content":{"rendered":"<p><span style=\"font-family: Arial, sans-serif;\">Gu\u00eda de Toro y los principales monumentos del alfoz.<\/span><\/p>\n<p><span style=\"font-family: Arial, sans-serif;\">Toro la ciudad dela Colegiata, la ciudad en la que tras la batalla de Toro, Isabel la Cat\u00f3lica se pudo intitular reina de Castilla, cuna de reyes Juan II, morada de personajes c\u00e9lebres, Santa Teresa de Jes\u00fas, Fray Diego de Deza, Mar\u00eda de Molina, Pedro I.<\/span><\/p>\n<p><span style=\"font-family: Arial, sans-serif;\">No solamente es lo anterior Toro, desafiante al tiempo la ciudad se conserva como fue en tiempos mejores, los palacios con muchos interiores originales, las iglesias rom\u00e1nicas mud\u00e9jares, decoradas con pinturas murales, techadas con armaduras g\u00f3tico-mud\u00e9jares; o restos marm\u00f3reos de la Repoblaci\u00f3n. <\/span><\/p>\n<p><span style=\"font-family: Arial, sans-serif;\">La gran escuela barroca escult\u00f3rica toresana, Ducete, Rueda, los Tom\u00e9&#8230;<\/span><\/p>\n<p><span style=\"font-family: Arial, sans-serif;\">Y en pintura Lorenzo de \u00c1vila, Fernando Gallego, la tabla de la Virgen de la Mosca.<\/span><\/p>\n<p><span style=\"font-family: Arial, sans-serif;\">Un suma y sigue donde los monasterios, atesoran a\u00fan m\u00e1s obras, el de Sancti Spiritus que es visitable.<\/span><\/p>\n<p><span style=\"font-family: Arial, sans-serif;\">Y como colof\u00f3n la Colegiata de Toro, templo de proporciones catedralicias, con su cimborrio zamorano, la Portada de la Majestad que permanece con sus colores, o la del Apocalipsis, cumbre del rom\u00e1nico zamorano.<\/span><\/p>\n<p><span style=\"font-family: Arial, sans-serif;\">Los textos como en todos nuestros libros son concisos, ricos y claros, con m\u00e1s de 200 im\u00e1genes de medio y gran formato, planos, y esquemas que ayudan al visitante a tener una idea clara, asequible y bien aprovechada de su visita. Y que su vez sirve como recuerdo.<\/span><\/p>\n<ul>\n<li><span style=\"font-family: Arial, sans-serif;\">Encuadernaci\u00f3n: r\u00fastica cosida con solapas.<\/span><\/li>\n<li><span style=\"font-family: Arial, sans-serif;\">96 p\u00e1ginas.<\/span><\/li>\n<li><span style=\"font-family: Arial, sans-serif;\">A todo color.<\/span><\/li>\n<li><span style=\"font-family: Arial, sans-serif;\">Con desplegable cuadr\u00edptico, en el interior.<\/span><\/li>\n<li><span style=\"font-family: Arial, sans-serif;\">ISBN: 978-84-945352-4-6<\/span><\/li>\n<\/ul>\n<p><span style=\"font-family: Arial, sans-serif;\"><b>\u00cdndice alfab\u00e9tico de temas tratados en el libro:<\/b><\/span><\/p>\n<p><span style=\"font-family: Arial, sans-serif;\">Alc\u00e1zar, El <\/span><\/p>\n<p><span style=\"font-family: Arial, sans-serif;\">Antiguo Hospital de San Antonio Abad<\/span><\/p>\n<p><span style=\"font-family: Arial, sans-serif;\">Antiguo Palacio Real<\/span><\/p>\n<p><span style=\"font-family: Arial, sans-serif;\">Arbocala<\/span><\/p>\n<p><span style=\"font-family: Arial, sans-serif;\">Arco del Postigo<\/span><\/p>\n<p><span style=\"font-family: Arial, sans-serif;\">Arco del Reloj<\/span><\/p>\n<p><span style=\"font-family: Arial, sans-serif;\">Ayuntamiento<\/span><\/p>\n<p><span style=\"font-family: Arial, sans-serif;\">Batalla de Toro, Campo de la<\/span><\/p>\n<p><span style=\"font-family: Arial, sans-serif;\">Bibliograf\u00eda<\/span><\/p>\n<p><span style=\"font-family: Arial, sans-serif;\">Bodegas hist\u00f3ricas<\/span><\/p>\n<p><span style=\"font-family: Arial, sans-serif;\">Capilla de los Mercedarios<\/span><\/p>\n<p><span style=\"font-family: Arial, sans-serif;\">Capilla de San Bartolom\u00e9<\/span><\/p>\n<p><span style=\"font-family: Arial, sans-serif;\">Casa de la Nunciatura<\/span><\/p>\n<p><span style=\"font-family: Arial, sans-serif;\">Casa de Santa Teresa de Jes\u00fas<\/span><\/p>\n<p><span style=\"font-family: Arial, sans-serif;\">Casas rom\u00e1nicas<\/span><\/p>\n<p><span style=\"font-family: Arial, sans-serif;\">Castronu\u00f1o<\/span><\/p>\n<p><span style=\"font-family: Arial, sans-serif;\">Chindasvinto, Rey<\/span><\/p>\n<p><span style=\"font-family: Arial, sans-serif;\">Colegiata de Toro, Real <\/span><\/p>\n<p><span style=\"font-family: Arial, sans-serif;\">Convento de la Pur\u00edsima Concepci\u00f3n y San Cayetano<\/span><\/p>\n<p><span style=\"font-family: Arial, sans-serif;\">Convento de San Jos\u00e9<\/span><\/p>\n<p><span style=\"font-family: Arial, sans-serif;\">Convento de Santa Catalina de Siena<\/span><\/p>\n<p><span style=\"font-family: Arial, sans-serif;\">Cristo de las Batallas<\/span><\/p>\n<p><span style=\"font-family: Arial, sans-serif;\">Escuela Barroca de Escultura de Toro<\/span><\/p>\n<p><span style=\"font-family: Arial, sans-serif;\">Esteban de Rueda<\/span><\/p>\n<p><span style=\"font-family: Arial, sans-serif;\">Historia<\/span><\/p>\n<p><span style=\"font-family: Arial, sans-serif;\">Hospital de la Santa Cruz, Antiguo <\/span><\/p>\n<p><span style=\"font-family: Arial, sans-serif;\">Hospital de los Pobres Convalecientes, Antiguo <\/span><\/p>\n<p><span style=\"font-family: Arial, sans-serif;\">Hospital de P\u00e1rraga, antiguo<\/span><\/p>\n<p><span style=\"font-family: Arial, sans-serif;\">Hospital General de Nuestra Se\u00f1ora de las Angustias<\/span><\/p>\n<p><span style=\"font-family: Arial, sans-serif;\">Mercedarios Descalzos<\/span><\/p>\n<p><span style=\"font-family: Arial, sans-serif;\">Monasterio de Sancti Spiritus el Real ~ Museo<\/span><\/p>\n<p><span style=\"font-family: Arial, sans-serif;\">Monasterio de Santa Sof\u00eda<\/span><\/p>\n<p><span style=\"font-family: Arial, sans-serif;\">Morales de Toro<\/span><\/p>\n<p><span style=\"font-family: Arial, sans-serif;\">Mota del Marqu\u00e9s<\/span><\/p>\n<p><span style=\"font-family: Arial, sans-serif;\">Murallas de Toro, Las<\/span><\/p>\n<p><span style=\"font-family: Arial, sans-serif;\">Museo de Pintura Medieval<\/span><\/p>\n<p><span style=\"font-family: Arial, sans-serif;\">Museo del Vino<\/span><\/p>\n<p><span style=\"font-family: Arial, sans-serif;\">Nuestra Se\u00f1ora del Canto<\/span><\/p>\n<p><span style=\"font-family: Arial, sans-serif;\">Palacio de la Inquisici\u00f3n<\/span><\/p>\n<p><span style=\"font-family: Arial, sans-serif;\">Palacio de las Bolas<\/span><\/p>\n<p><span style=\"font-family: Arial, sans-serif;\">Palacio de las Leyes<\/span><\/p>\n<p><span style=\"font-family: Arial, sans-serif;\">Palacio de los Alca\u00f1ices<\/span><\/p>\n<p><span style=\"font-family: Arial, sans-serif;\">Palacio de los Bustamante<\/span><\/p>\n<p><span style=\"font-family: Arial, sans-serif;\">Palacio de los Condes de Requena<\/span><\/p>\n<p><span style=\"font-family: Arial, sans-serif;\">Palacio de los Fuentesa\u00faco<\/span><\/p>\n<p><span style=\"font-family: Arial, sans-serif;\">Palacio de los Marqueses de Castrillo<\/span><\/p>\n<p><span style=\"font-family: Arial, sans-serif;\">Palacio de los Valpara\u00edso<\/span><\/p>\n<p><span style=\"font-family: Arial, sans-serif;\">Palacio del Obispo<\/span><\/p>\n<p><span style=\"font-family: Arial, sans-serif;\">Palacio Real de Mar\u00eda de Molina, Antiguo <\/span><\/p>\n<p><span style=\"font-family: Arial, sans-serif;\">Paseo del Espol\u00f3n<\/span><\/p>\n<p><span style=\"font-family: Arial, sans-serif;\">Plaza de Toros<\/span><\/p>\n<p><span style=\"font-family: Arial, sans-serif;\">Plaza Mayor<\/span><\/p>\n<p><span style=\"font-family: Arial, sans-serif;\">Pozoantiguo<\/span><\/p>\n<p><span style=\"font-family: Arial, sans-serif;\">Puente rom\u00e1nico<\/span><\/p>\n<p><span style=\"font-family: Arial, sans-serif;\">Puerta de Corredera<\/span><\/p>\n<p><span style=\"font-family: Arial, sans-serif;\">Puerta de Santa Catalina<\/span><\/p>\n<p><span style=\"font-family: Arial, sans-serif;\">Real Monasterio de Santa Clara<\/span><\/p>\n<p><span style=\"font-family: Arial, sans-serif;\">Rejadorada<\/span><\/p>\n<p><span style=\"font-family: Arial, sans-serif;\">Ruinas del Real Monasterio de San Ildefonso<\/span><\/p>\n<p><span style=\"font-family: Arial, sans-serif;\">San Cebri\u00e1n de Mazote<\/span><\/p>\n<p><span style=\"font-family: Arial, sans-serif;\">San Juli\u00e1n de los Caballeros<\/span><\/p>\n<p><span style=\"font-family: Arial, sans-serif;\">San Lorenzo el Real<\/span><\/p>\n<p><span style=\"font-family: Arial, sans-serif;\">San Pedro del Olmo<\/span><\/p>\n<p><span style=\"font-family: Arial, sans-serif;\">San Rom\u00e1n de Hornija<\/span><\/p>\n<p><span style=\"font-family: Arial, sans-serif;\">San Salvador de los Caballeros ~ Museo <\/span><\/p>\n<p><span style=\"font-family: Arial, sans-serif;\">San Sebasti\u00e1n de los Caballeros<\/span><\/p>\n<p><span style=\"font-family: Arial, sans-serif;\">Santa Mar\u00eda de Arb\u00e1s<\/span><\/p>\n<p><span style=\"font-family: Arial, sans-serif;\">Santa Mar\u00eda de Roncesvalles<\/span><\/p>\n<p><span style=\"font-family: Arial, sans-serif;\">Sant\u00edsima Trinidad<\/span><\/p>\n<p><span style=\"font-family: Arial, sans-serif;\">Santo Sepulcro ~ Museo<\/span><\/p>\n<p><span style=\"font-family: Arial, sans-serif;\">Santo Tom\u00e1s Cantuariense<\/span><\/p>\n<p><span style=\"font-family: Arial, sans-serif;\">Sebasti\u00e1n Ducete <\/span><\/p>\n<p><span style=\"font-family: Arial, sans-serif;\">Tagarabuena<\/span><\/p>\n<p><span style=\"font-family: Arial, sans-serif;\">Teatro Carlos Latorre<\/span><\/p>\n<p><span style=\"font-family: Arial, sans-serif;\">Tiedra<\/span><\/p>\n<p><span style=\"font-family: Arial, sans-serif;\">Tom\u00e9, La familia <\/span><\/p>\n<p><span style=\"font-family: Arial, sans-serif;\">Urue\u00f1a<\/span><\/p>\n<p><span style=\"font-family: Arial, sans-serif;\">Verraco<\/span><\/p>\n<p><span style=\"font-family: Arial, sans-serif;\">V\u00eda romana de Ocellum Durii a Arbocala<\/span><\/p>\n<p><span style=\"font-family: Arial, sans-serif;\">Villalonso<\/span><\/p>\n<p><span style=\"font-family: Arial, sans-serif;\">Villardondiego<\/span><\/p>\n<p><span style=\"font-family: Arial, sans-serif;\">Villavellid<\/span><\/p>\n<p><span style=\"font-family: Arial, sans-serif;\">Villavendimio<\/span><\/p>\n<p><span style=\"font-family: Arial, sans-serif;\">vino de Toro.El <\/span><\/p>\n","protected":false},"excerpt":{"rendered":"<p>Gu\u00eda de Toro y los principales monumentos del alfoz. Toro la ciudad dela Colegiata, la ciudad en la que tras la batalla de Toro, Isabel la Cat\u00f3lica se pudo intitular reina de Castilla, cuna de reyes Juan II, morada de personajes c\u00e9lebres, Santa Teresa de Jes\u00fas, Fray Diego de Deza, Mar\u00eda de Molina, Pedro I. [&hellip;]<\/p>\n","protected":false},"featured_media":85,"comment_status":"open","ping_status":"closed","template":"","meta":[],"product_brand":[],"product_cat":[21,20,29],"product_tag":[],"class_list":{"0":"post-273","1":"product","2":"type-product","3":"status-publish","4":"has-post-thumbnail","6":"product_cat-artistica-y-monumental","7":"product_cat-espanol","8":"product_cat-zamora","10":"first","11":"instock","12":"taxable","13":"shipping-taxable","14":"purchasable","15":"product-type-simple"},"jetpack-related-posts":[],"jetpack_sharing_enabled":true,"_links":{"self":[{"href":"https:\/\/www.edilera.com\/index.php\/wp-json\/wp\/v2\/product\/273","targetHints":{"allow":["GET"]}}],"collection":[{"href":"https:\/\/www.edilera.com\/index.php\/wp-json\/wp\/v2\/product"}],"about":[{"href":"https:\/\/www.edilera.com\/index.php\/wp-json\/wp\/v2\/types\/product"}],"replies":[{"embeddable":true,"href":"https:\/\/www.edilera.com\/index.php\/wp-json\/wp\/v2\/comments?post=273"}],"version-history":[{"count":0,"href":"https:\/\/www.edilera.com\/index.php\/wp-json\/wp\/v2\/product\/273\/revisions"}],"wp:featuredmedia":[{"embeddable":true,"href":"https:\/\/www.edilera.com\/index.php\/wp-json\/wp\/v2\/media\/85"}],"wp:attachment":[{"href":"https:\/\/www.edilera.com\/index.php\/wp-json\/wp\/v2\/media?parent=273"}],"wp:term":[{"taxonomy":"product_brand","embeddable":true,"href":"https:\/\/www.edilera.com\/index.php\/wp-json\/wp\/v2\/product_brand?post=273"},{"taxonomy":"product_cat","embeddable":true,"href":"https:\/\/www.edilera.com\/index.php\/wp-json\/wp\/v2\/product_cat?post=273"},{"taxonomy":"product_tag","embeddable":true,"href":"https:\/\/www.edilera.com\/index.php\/wp-json\/wp\/v2\/product_tag?post=273"}],"curies":[{"name":"wp","href":"https:\/\/api.w.org\/{rel}","templated":true}]}}