{"id":272,"date":"2019-03-06T09:01:06","date_gmt":"2019-03-06T08:01:06","guid":{"rendered":"https:\/\/www.edilera.com\/?post_type=product&#038;p=272"},"modified":"2021-12-28T14:07:26","modified_gmt":"2021-12-28T13:07:26","slug":"segovia-artistica-e-monumentale","status":"publish","type":"product","link":"https:\/\/www.edilera.com\/index.php\/producto\/segovia-artistica-e-monumentale\/","title":{"rendered":"Segovia, artistica e monumentale."},"content":{"rendered":"<p><span style=\"font-family: Arial, sans-serif;\">Guida di Segovia e provincia. Segovia, la citt\u00e0 dell&#8217;Acquedotto, l&#8217;Alc\u00e1zar, la sua cattedrale oi numerosi monumenti che custodisce.<br \/>\nCorte ha nominato citt\u00e0 e Segovia in epoca romana, presentato in una piena citt\u00e0 capitale, dove le chiese romaniche con i suoi porticati, romanica, palazzi gotici, classicista successo. Monasteri importanti come El Parral o San Antonio el Real. Una nuova cattedrale s.XVI, che \u00e8 una delle pi\u00f9 grandi in Spagna, e tutta rasa al suolo dall&#8217;acquedotto che riforniva la citt\u00e0 delle acque fino al 1921.<br \/>\nIntorno a vista, Vegas, The Royal Mint, e immediati nella Sierra de Segovia (Guadarrama), Real Sitio de San Ildefonso, in cui il Palazzo Reale di San Ildefonso \u00e8 ornato con uno dei migliori giardini barocchi del mondo e con le fonti rendono muto il visitatore.<br \/>\nUna citt\u00e0 ricca di patrimonio che dovrebbe essere visitata ben informata per trarne vantaggio.<br \/>\nI testi sono concisi, ricchi e chiari, con pi\u00f9 di 200 immagini di medio e grande formato, piani e schemi che aiutano i visitatori a un&#8217;idea chiara, accessibile e ben utilizzata della loro visita a Segovia. A sua volta serve come promemoria della vostra visita.<br \/>\n<\/span><\/p>\n<ul>\n<li><span style=\"font-family: Arial, sans-serif;\">Legatura: rustico cucita con alette.<\/span><\/li>\n<li><span style=\"font-family: Arial, sans-serif;\">160 pagine.<\/span><\/li>\n<li><span style=\"font-family: Arial, sans-serif;\">A colori.<\/span><\/li>\n<li><span style=\"font-family: Arial, sans-serif;\">Dimensioni: 17 x 24 cm (verticale).<\/span><\/li>\n<li><span style=\"font-family: Arial, sans-serif;\">Con pieghevole quadruplo, interno.<\/span><\/li>\n<li><span style=\"font-family: Arial, sans-serif;\">Tradotto in italiano da: Massimo Scaglione secondo DIN EN 15038<\/span><\/li>\n<li><span style=\"font-family: Arial, sans-serif;\">ISBN: 978-84-945352-3-9<\/span><\/li>\n<\/ul>\n<p><span style=\"font-family: Arial, sans-serif;\"><b>Indice alfabetico degli argomenti trattati nel libro:<\/b><\/span><\/p>\n<p><span style=\"font-family: Arial, sans-serif;\">Accademia di Artiglieria<\/span><\/p>\n<p><span style=\"font-family: Arial, sans-serif;\">Acquedotto, l&#8217;<\/span><\/p>\n<p><span style=\"font-family: Arial, sans-serif;\">Alc\u00e1zar di Segovia, L&#8217;<\/span><\/p>\n<p><span style=\"font-family: Arial, sans-serif;\">Alh\u00f3ndiga, Mercato dei cereali<\/span><\/p>\n<p><span style=\"font-family: Arial, sans-serif;\">Antico Carcere Reale<\/span><\/p>\n<p><span style=\"font-family: Arial, sans-serif;\">Antico Collegio della Compagnia<\/span><\/p>\n<p><span style=\"font-family: Arial, sans-serif;\">Casa de los del R\u00edo<\/span><\/p>\n<p><span style=\"font-family: Arial, sans-serif;\">Casa de los Linajes<\/span><\/p>\n<p><span style=\"font-family: Arial, sans-serif;\">Casa de los Picos<\/span><\/p>\n<p><span style=\"font-family: Arial, sans-serif;\">Casa de los Solier<\/span><\/p>\n<p><span style=\"font-family: Arial, sans-serif;\">Casa degli Ayala~Berganza<\/span><\/p>\n<p><span style=\"font-family: Arial, sans-serif;\">Casa dei Bermejo<\/span><\/p>\n<p><span style=\"font-family: Arial, sans-serif;\">Casa del Conte de Bornos<\/span><\/p>\n<p><span style=\"font-family: Arial, sans-serif;\">Casa del Decano<\/span><\/p>\n<p><span style=\"font-family: Arial, sans-serif;\">Casa del Hidalgo<\/span><\/p>\n<p><span style=\"font-family: Arial, sans-serif;\">Casa del Marchese dell\u2019Arco<\/span><\/p>\n<p><span style=\"font-family: Arial, sans-serif;\">Casa del Secretario<\/span><\/p>\n<p><span style=\"font-family: Arial, sans-serif;\">Casa del Sello<\/span><\/p>\n<p><span style=\"font-family: Arial, sans-serif;\">Casa del XV secolo<\/span><\/p>\n<p><span style=\"font-family: Arial, sans-serif;\">Casa della Terra<\/span><\/p>\n<p><span style=\"font-family: Arial, sans-serif;\">Casa delle Catene o di Segovia<\/span><\/p>\n<p><span style=\"font-family: Arial, sans-serif;\">Casa di Diego de Rueda<\/span><\/p>\n<p><span style=\"font-family: Arial, sans-serif;\">Casa Mudejar, La <\/span><\/p>\n<p><span style=\"font-family: Arial, sans-serif;\">Casa~Museo di Antonio Machado<\/span><\/p>\n<p><span style=\"font-family: Arial, sans-serif;\">Casa~Palazzo del Conte de Alpuente<\/span><\/p>\n<p><span style=\"font-family: Arial, sans-serif;\">Cattedrale di Santa Mar\u00eda y San Frutos<\/span><\/p>\n<p><span style=\"font-family: Arial, sans-serif;\">Chiesa dei Santi Giusto e Pastore<\/span><\/p>\n<p><span style=\"font-family: Arial, sans-serif;\">Claustra o Canonj\u00edas, La<\/span><\/p>\n<p><span style=\"font-family: Arial, sans-serif;\">Corral del Mudo<\/span><\/p>\n<p><span style=\"font-family: Arial, sans-serif;\">Convento dei Carmelitani Scalzi <\/span><\/p>\n<p><span style=\"font-family: Arial, sans-serif;\">Convento dei Minimi ~ Spazio d&#8217;Arte Mi\u00f1\u00f3n<\/span><\/p>\n<p><span style=\"font-family: Arial, sans-serif;\">Convento della Purissima Concezione<\/span><\/p>\n<p><span style=\"font-family: Arial, sans-serif;\">Convento delle Carmelitane Scalze<\/span><\/p>\n<p><span style=\"font-family: Arial, sans-serif;\">Convento delle Oblate<\/span><\/p>\n<p><span style=\"font-family: Arial, sans-serif;\">Convento dell&#8217;Incarnazione<\/span><\/p>\n<p><span style=\"font-family: Arial, sans-serif;\">Convento di San Vicente el Real<\/span><\/p>\n<p><span style=\"font-family: Arial, sans-serif;\">Convento di Santa Cruz la Real<\/span><\/p>\n<p><span style=\"font-family: Arial, sans-serif;\">Convento di Santa Isabel<\/span><\/p>\n<p><span style=\"font-family: Arial, sans-serif;\">Enrico IV<\/span><\/p>\n<p><span style=\"font-family: Arial, sans-serif;\">Ghetto Giudaico, Sinagoga del\u2008Corpus Christi. Centro Didattico della Juder\u00eda<\/span><\/p>\n<p><span style=\"font-family: Arial, sans-serif;\">Grotta di San Domenico<\/span><\/p>\n<p><span style=\"font-family: Arial, sans-serif;\">Isabella la Cattolica <\/span><\/p>\n<p><span style=\"font-family: Arial, sans-serif;\">Belvedere della Canaleja<\/span><\/p>\n<p><span style=\"font-family: Arial, sans-serif;\">Monasterio de Santa Mar\u00eda de El Parral<\/span><\/p>\n<p><span style=\"font-family: Arial, sans-serif;\">Monastero de San Antonio el Real<\/span><\/p>\n<p><span style=\"font-family: Arial, sans-serif;\">Mura, Le <\/span><\/p>\n<p><span style=\"font-family: Arial, sans-serif;\">Museo di Esteban\u2008Vicente<\/span><\/p>\n<p><span style=\"font-family: Arial, sans-serif;\">Museo di Segovia, Casa del Sole<\/span><\/p>\n<p><span style=\"font-family: Arial, sans-serif;\">Museo Diocesano<\/span><\/p>\n<p><span style=\"font-family: Arial, sans-serif;\">Museo Rodera Robles<\/span><\/p>\n<p><span style=\"font-family: Arial, sans-serif;\">Museo Zuloaga<\/span><\/p>\n<p><span style=\"font-family: Arial, sans-serif;\">Ospedale della Misericordia<\/span><\/p>\n<p><span style=\"font-family: Arial, sans-serif;\">Palazzo degli Aguilar<\/span><\/p>\n<p><span style=\"font-family: Arial, sans-serif;\">Palazzo dei Conti di Mansilla<\/span><\/p>\n<p><span style=\"font-family: Arial, sans-serif;\">Palazzo del Conte di Cheste<\/span><\/p>\n<p><span style=\"font-family: Arial, sans-serif;\">Palazzo del Marchese di Lozoya<\/span><\/p>\n<p><span style=\"font-family: Arial, sans-serif;\">Palazzo della Deputazione Provinciale<\/span><\/p>\n<p><span style=\"font-family: Arial, sans-serif;\">Palazzo di Quintanar<\/span><\/p>\n<p><span style=\"font-family: Arial, sans-serif;\">Palazzo di Villafa\u00f1e<\/span><\/p>\n<p><span style=\"font-family: Arial, sans-serif;\">Palazzo Reale di Enrico IV<\/span><\/p>\n<p><span style=\"font-family: Arial, sans-serif;\">Palazzo Reale di Riofr\u00edo<\/span><\/p>\n<p><span style=\"font-family: Arial, sans-serif;\">Palazzo Vescovile<\/span><\/p>\n<p><span style=\"font-family: Arial, sans-serif;\">Piazza di San Lorenzo<\/span><\/p>\n<p><span style=\"font-family: Arial, sans-serif;\">Piazza di Santa Eulalia <\/span><\/p>\n<p><span style=\"font-family: Arial, sans-serif;\">Plaza de Medina del Campo<\/span><\/p>\n<p><span style=\"font-family: Arial, sans-serif;\">Plaza Mayor<\/span><\/p>\n<p><span style=\"font-family: Arial, sans-serif;\">Provincia di Segovia<\/span><\/p>\n<p><span style=\"font-family: Arial, sans-serif;\">Real Casa de Moneda di Segovia<\/span><\/p>\n<p><span style=\"font-family: Arial, sans-serif;\">Real Fabbrica di Cristalli della Granja<\/span><\/p>\n<p><span style=\"font-family: Arial, sans-serif;\">Real Sitio de San Ildefonso<\/span><\/p>\n<p><span style=\"font-family: Arial, sans-serif;\">Rovine del Convento di Sant&#8217;Agostino<\/span><\/p>\n<p><span style=\"font-family: Arial, sans-serif;\">Salvador, El <\/span><\/p>\n<p><span style=\"font-family: Arial, sans-serif;\">San Andr\u00e9s<\/span><\/p>\n<p><span style=\"font-family: Arial, sans-serif;\">San Blas<\/span><\/p>\n<p><span style=\"font-family: Arial, sans-serif;\">San Clemente<\/span><\/p>\n<p><span style=\"font-family: Arial, sans-serif;\">San Esteban<\/span><\/p>\n<p><span style=\"font-family: Arial, sans-serif;\">San Giovanni della Croce<\/span><\/p>\n<p><span style=\"font-family: Arial, sans-serif;\">San Juan de los Caballeros<\/span><\/p>\n<p><span style=\"font-family: Arial, sans-serif;\">San Lorenzo Martire<\/span><\/p>\n<p><span style=\"font-family: Arial, sans-serif;\">San Marcos<\/span><\/p>\n<p><span style=\"font-family: Arial, sans-serif;\">San Mart\u00edn<\/span><\/p>\n<p><span style=\"font-family: Arial, sans-serif;\">San Miguel<\/span><\/p>\n<p><span style=\"font-family: Arial, sans-serif;\">San Mill\u00e1n<\/span><\/p>\n<p><span style=\"font-family: Arial, sans-serif;\">San Nicol\u00e1s<\/span><\/p>\n<p><span style=\"font-family: Arial, sans-serif;\">San Pedro de los Picos<\/span><\/p>\n<p><span style=\"font-family: Arial, sans-serif;\">San Quirce<\/span><\/p>\n<p><span style=\"font-family: Arial, sans-serif;\">San Sebastiano dei Cavalieri<\/span><\/p>\n<p><span style=\"font-family: Arial, sans-serif;\">Santa Eulalia<\/span><\/p>\n<p><span style=\"font-family: Arial, sans-serif;\">Santissima Trinit\u00e0<\/span><\/p>\n<p><span style=\"font-family: Arial, sans-serif;\">Santo Tom\u00e1s<\/span><\/p>\n<p><span style=\"font-family: Arial, sans-serif;\">Santuario della Virgen de la Fuencisla<\/span><\/p>\n<p><span style=\"font-family: Arial, sans-serif;\">Storia <\/span><\/p>\n<p><span style=\"font-family: Arial, sans-serif;\">Teatro Juan Bravo<\/span><\/p>\n<p><span style=\"font-family: Arial, sans-serif;\">Tetti Segoviani, I<\/span><\/p>\n<p><span style=\"font-family: Arial, sans-serif;\">Torre di Arias D\u00e1vila<\/span><\/p>\n<p><span style=\"font-family: Arial, sans-serif;\">Torre di Ercole. Sto. Domingo el Real<\/span><\/p>\n<p><span style=\"font-family: Arial, sans-serif;\">Torrione di Lozoya<\/span><\/p>\n<p><span style=\"font-family: Arial, sans-serif;\">Valsa\u00edn<\/span><\/p>\n<p><span style=\"font-family: Arial, sans-serif;\">Vera Cruz<\/span><\/p>\n","protected":false},"excerpt":{"rendered":"<p>Guida di Segovia e provincia. Segovia, la citt\u00e0 dell&#8217;Acquedotto, l&#8217;Alc\u00e1zar, la sua cattedrale oi numerosi monumenti che custodisce. Corte ha nominato citt\u00e0 e Segovia in epoca romana, presentato in una piena citt\u00e0 capitale, dove le chiese romaniche con i suoi porticati, romanica, palazzi gotici, classicista successo. Monasteri importanti come El Parral o San Antonio el [&hellip;]<\/p>\n","protected":false},"featured_media":112,"comment_status":"open","ping_status":"closed","template":"","meta":[],"product_brand":[],"product_cat":[31,30],"product_tag":[],"class_list":{"0":"post-272","1":"product","2":"type-product","3":"status-publish","4":"has-post-thumbnail","6":"product_cat-artistica-e-monumentale","7":"product_cat-italiano","9":"first","10":"instock","11":"taxable","12":"shipping-taxable","13":"purchasable","14":"product-type-simple"},"jetpack-related-posts":[],"jetpack_sharing_enabled":true,"_links":{"self":[{"href":"https:\/\/www.edilera.com\/index.php\/wp-json\/wp\/v2\/product\/272","targetHints":{"allow":["GET"]}}],"collection":[{"href":"https:\/\/www.edilera.com\/index.php\/wp-json\/wp\/v2\/product"}],"about":[{"href":"https:\/\/www.edilera.com\/index.php\/wp-json\/wp\/v2\/types\/product"}],"replies":[{"embeddable":true,"href":"https:\/\/www.edilera.com\/index.php\/wp-json\/wp\/v2\/comments?post=272"}],"version-history":[{"count":1,"href":"https:\/\/www.edilera.com\/index.php\/wp-json\/wp\/v2\/product\/272\/revisions"}],"predecessor-version":[{"id":95715,"href":"https:\/\/www.edilera.com\/index.php\/wp-json\/wp\/v2\/product\/272\/revisions\/95715"}],"wp:featuredmedia":[{"embeddable":true,"href":"https:\/\/www.edilera.com\/index.php\/wp-json\/wp\/v2\/media\/112"}],"wp:attachment":[{"href":"https:\/\/www.edilera.com\/index.php\/wp-json\/wp\/v2\/media?parent=272"}],"wp:term":[{"taxonomy":"product_brand","embeddable":true,"href":"https:\/\/www.edilera.com\/index.php\/wp-json\/wp\/v2\/product_brand?post=272"},{"taxonomy":"product_cat","embeddable":true,"href":"https:\/\/www.edilera.com\/index.php\/wp-json\/wp\/v2\/product_cat?post=272"},{"taxonomy":"product_tag","embeddable":true,"href":"https:\/\/www.edilera.com\/index.php\/wp-json\/wp\/v2\/product_tag?post=272"}],"curies":[{"name":"wp","href":"https:\/\/api.w.org\/{rel}","templated":true}]}}