{"id":268,"date":"2019-03-06T08:49:22","date_gmt":"2019-03-06T07:49:22","guid":{"rendered":"https:\/\/www.edilera.com\/?post_type=product&#038;p=268"},"modified":"2021-12-28T14:09:27","modified_gmt":"2021-12-28T13:09:27","slug":"segovia-artistica-y-monumental","status":"publish","type":"product","link":"https:\/\/www.edilera.com\/index.php\/producto\/segovia-artistica-y-monumental\/","title":{"rendered":"Segovia, art\u00edstica y monumental"},"content":{"rendered":"<p align=\"JUSTIFY\"><span style=\"font-family: Arial, sans-serif;\">Gu\u00eda de Segovia y provincia. Segovia, la ciudad del Acueducto, del Alc\u00e1zar, de su catedral o de los much\u00edsimos monumentos que atesora.<\/span><\/p>\n<p align=\"JUSTIFY\"><span style=\"font-family: Arial, sans-serif;\">Corte, ciudad ya nombrada Segovia en tiempos romanos, presenta en la Ciudad un completo patrimonial, en donde se suceden la iglesias rom\u00e1nicas con sus galer\u00edas porticadas, palacios rom\u00e1nicos, g\u00f3ticos, clasicistas. Monasterios tan importantes como El Parral, o de San Antonio el Real. Una catedral nueva s.XVI, que es de las mayores de Espa\u00f1a, y todo ello surcado por el acueducto que surti\u00f3 la Ciudad de agua hasta 1921.<\/span><\/p>\n<p align=\"JUSTIFY\"><span style=\"font-family: Arial, sans-serif;\">A su alrededor, vistas, vegas, la Real Casa de la Moneda, e inmediata en la Sierra de Segovia (Guadarrama), el Real Sitio de San Ildefonso, en donde el palacio Real de San Ildefonso se engalana con uno de los mejores jardines barrocos del mundo y con fuentes hacen enmudecer al visitante.<\/span><\/p>\n<p align=\"JUSTIFY\"><span style=\"font-family: Arial, sans-serif;\">Una ciudad rica en patrimonio que conviene visitar bien informado para poder aprovecharla.<\/span><\/p>\n<p align=\"JUSTIFY\"><span style=\"font-family: Arial, sans-serif;\">Los textos son concisos, ricos y claros, con m\u00e1s de 200 im\u00e1genes de medio y gran formato, planos, y esquemas que ayudan al visitante a tener una idea clara, asequible y bien aprovechada de su visita a Salamanca. A su vez sirve como recuerdo de su visita. <\/span><\/p>\n<ul>\n<li><span style=\"font-family: Arial, sans-serif;\">Encuadernaci\u00f3n: r\u00fastica cosida con solapas.<\/span><\/li>\n<li><span style=\"font-family: Arial, sans-serif;\">160 p\u00e1ginas.<\/span><\/li>\n<li><span style=\"font-family: Arial, sans-serif;\">A todo color.<\/span><\/li>\n<li><span style=\"font-family: Arial, sans-serif;\">Tama\u00f1o: 17 x 24 cm (vertical).<\/span><\/li>\n<li><span style=\"font-family: Arial, sans-serif;\">Con desplegable cuadr\u00edptico, en el interior.<\/span><\/li>\n<li><span style=\"font-family: Arial, sans-serif;\">ISBN: 978-84-942521-6-7<\/span><\/li>\n<\/ul>\n<p><span style=\"font-family: Arial, sans-serif;\"><b>\u00cdndice alfab\u00e9tico de temas tratados en el libro:<\/b><\/span><\/p>\n<p><span style=\"font-family: Arial, sans-serif;\">Academia de Artiller\u00eda<\/span><\/p>\n<p><span style=\"font-family: Arial, sans-serif;\">Acueducto. AQVA SEGOVIENSIS<\/span><\/p>\n<p><span style=\"font-family: Arial, sans-serif;\">Alc\u00e1zar de Segovia<\/span><\/p>\n<p><span style=\"font-family: Arial, sans-serif;\">Alh\u00f3ndiga de grano<\/span><\/p>\n<p><span style=\"font-family: Arial, sans-serif;\">Antigua Carcel Real<\/span><\/p>\n<p><span style=\"font-family: Arial, sans-serif;\">Antiguo Colegio de la Compa\u00f1\u00eda<\/span><\/p>\n<p><span style=\"font-family: Arial, sans-serif;\">Biblioteca P\u00fablica<\/span><\/p>\n<p><span style=\"font-family: Arial, sans-serif;\">Canonj\u00edas<\/span><\/p>\n<p><span style=\"font-family: Arial, sans-serif;\">Casa de Diego de Rueda<\/span><\/p>\n<p><span style=\"font-family: Arial, sans-serif;\">Casa de la Tierra<\/span><\/p>\n<p><span style=\"font-family: Arial, sans-serif;\">Casa de las Cadenas o de Segovia<\/span><\/p>\n<p><span style=\"font-family: Arial, sans-serif;\">Casa de los Ayala~Berganza<\/span><\/p>\n<p><span style=\"font-family: Arial, sans-serif;\">Casa de los Bermejo<\/span><\/p>\n<p><span style=\"font-family: Arial, sans-serif;\">Casa de los del R\u00edo<\/span><\/p>\n<p><span style=\"font-family: Arial, sans-serif;\">Casa de los Linajes<\/span><\/p>\n<p><span style=\"font-family: Arial, sans-serif;\">Casa de los Picos<\/span><\/p>\n<p><span style=\"font-family: Arial, sans-serif;\">Casa de los Solier<\/span><\/p>\n<p><span style=\"font-family: Arial, sans-serif;\">Casa del Conde de Bornos<\/span><\/p>\n<p><span style=\"font-family: Arial, sans-serif;\">Casa del Dean<\/span><\/p>\n<p><span style=\"font-family: Arial, sans-serif;\">Casa del Hidalgo<\/span><\/p>\n<p><span style=\"font-family: Arial, sans-serif;\">Casa del Marqu\u00e9s del Arco<\/span><\/p>\n<p><span style=\"font-family: Arial, sans-serif;\">Casa del s.XV<\/span><\/p>\n<p><span style=\"font-family: Arial, sans-serif;\">Casa del Secretario<\/span><\/p>\n<p><span style=\"font-family: Arial, sans-serif;\">Casa del Sello<\/span><\/p>\n<p><span style=\"font-family: Arial, sans-serif;\">Casa Mudejar<\/span><\/p>\n<p><span style=\"font-family: Arial, sans-serif;\">Casa~Museo de Antonio Machado<\/span><\/p>\n<p><span style=\"font-family: Arial, sans-serif;\">Casa~Palacio del Conde de Alpuente<\/span><\/p>\n<p><span style=\"font-family: Arial, sans-serif;\">Catedral de Santa Mar\u00eda y San Frutos<\/span><\/p>\n<p><span style=\"font-family: Arial, sans-serif;\">Centro Didactico de la Juder\u00eda<\/span><\/p>\n<p><span style=\"font-family: Arial, sans-serif;\">Claustra<\/span><\/p>\n<p><span style=\"font-family: Arial, sans-serif;\">Convento de Carmelitas Descalzas<\/span><\/p>\n<p><span style=\"font-family: Arial, sans-serif;\">Convento de Carmelitas Descalzos<\/span><\/p>\n<p><span style=\"font-family: Arial, sans-serif;\">Convento de la Encarnaci\u00f3n<\/span><\/p>\n<p><span style=\"font-family: Arial, sans-serif;\">Convento de la Pur\u00edsima Concepci\u00f3n<\/span><\/p>\n<p><span style=\"font-family: Arial, sans-serif;\">Convento de las Oblatas<\/span><\/p>\n<p><span style=\"font-family: Arial, sans-serif;\">Convento de M\u00ednimos<\/span><\/p>\n<p><span style=\"font-family: Arial, sans-serif;\">Convento de San Antonio el Real<\/span><\/p>\n<p><span style=\"font-family: Arial, sans-serif;\">Convento de San Vicente el Real<\/span><\/p>\n<p><span style=\"font-family: Arial, sans-serif;\">Convento de Santa Cruz la Real<\/span><\/p>\n<p><span style=\"font-family: Arial, sans-serif;\">Convento de Santa Isabel<\/span><\/p>\n<p><span style=\"font-family: Arial, sans-serif;\">Convento de Santo Domingo el Real<\/span><\/p>\n<p><span style=\"font-family: Arial, sans-serif;\">Corral del Mudo<\/span><\/p>\n<p><span style=\"font-family: Arial, sans-serif;\">Cueva de Santo Domingo<\/span><\/p>\n<p><span style=\"font-family: Arial, sans-serif;\">El Salvador<\/span><\/p>\n<p><span style=\"font-family: Arial, sans-serif;\">Enrique IV<\/span><\/p>\n<p><span style=\"font-family: Arial, sans-serif;\">Espacio de Arte Mi\u00f1\u00f3n<\/span><\/p>\n<p><span style=\"font-family: Arial, sans-serif;\">Historia de Segovia<\/span><\/p>\n<p><span style=\"font-family: Arial, sans-serif;\">Hospital de la Misericordia<\/span><\/p>\n<p><span style=\"font-family: Arial, sans-serif;\">Isabel la Cat\u00f3lica<\/span><\/p>\n<p><span style=\"font-family: Arial, sans-serif;\">Juder\u00eda<\/span><\/p>\n<p><span style=\"font-family: Arial, sans-serif;\">Mirador de la Canaleja<\/span><\/p>\n<p><span style=\"font-family: Arial, sans-serif;\">Monasterio de Santa Mar\u00eda de El Parral<\/span><\/p>\n<p><span style=\"font-family: Arial, sans-serif;\">Mujer Muerta, la<\/span><\/p>\n<p><span style=\"font-family: Arial, sans-serif;\">Murallas<\/span><\/p>\n<p><span style=\"font-family: Arial, sans-serif;\">Museo de Arte Contempor\u00e1neo Esteban\u2008Vicente<\/span><\/p>\n<p><span style=\"font-family: Arial, sans-serif;\">Museo de Segovia<\/span><\/p>\n<p><span style=\"font-family: Arial, sans-serif;\">Museo Diocesano<\/span><\/p>\n<p><span style=\"font-family: Arial, sans-serif;\">Museo Rodera Robles<\/span><\/p>\n<p><span style=\"font-family: Arial, sans-serif;\">Museo Zuloaga<\/span><\/p>\n<p><span style=\"font-family: Arial, sans-serif;\">Obispado<\/span><\/p>\n<p><span style=\"font-family: Arial, sans-serif;\">Palacio de la Diputaci\u00f3n Provincial<\/span><\/p>\n<p><span style=\"font-family: Arial, sans-serif;\">Palacio de los Aguilar<\/span><\/p>\n<p><span style=\"font-family: Arial, sans-serif;\">Palacio de los Condes de Mansilla<\/span><\/p>\n<p><span style=\"font-family: Arial, sans-serif;\">Palacio de Quintanar<\/span><\/p>\n<p><span style=\"font-family: Arial, sans-serif;\">Palacio de Villafa\u00f1e<\/span><\/p>\n<p><span style=\"font-family: Arial, sans-serif;\">Palacio del Conde de Cheste<\/span><\/p>\n<p><span style=\"font-family: Arial, sans-serif;\">Palacio del Marqu\u00e9s de Lozoya<\/span><\/p>\n<p><span style=\"font-family: Arial, sans-serif;\">Palacio Episcopal<\/span><\/p>\n<p><span style=\"font-family: Arial, sans-serif;\">Palacio Real de Enrique IV<\/span><\/p>\n<p><span style=\"font-family: Arial, sans-serif;\">Palacio Real de Riofr\u00edo<\/span><\/p>\n<p><span style=\"font-family: Arial, sans-serif;\">Plaza de Medina del Campo<\/span><\/p>\n<p><span style=\"font-family: Arial, sans-serif;\">Plaza de San Lorenzo<\/span><\/p>\n<p><span style=\"font-family: Arial, sans-serif;\">Plaza de Santa Eulalia<\/span><\/p>\n<p><span style=\"font-family: Arial, sans-serif;\">Plaza Mayor<\/span><\/p>\n<p><span style=\"font-family: Arial, sans-serif;\">Provincia de Segovia<\/span><\/p>\n<p><span style=\"font-family: Arial, sans-serif;\">Puerta de la Luna<\/span><\/p>\n<p><span style=\"font-family: Arial, sans-serif;\">Puerta de San Andr\u00e9s<\/span><\/p>\n<p><span style=\"font-family: Arial, sans-serif;\">Puerta de San Juan<\/span><\/p>\n<p><span style=\"font-family: Arial, sans-serif;\">Puerta de San\u2008Cebri\u00e1n<\/span><\/p>\n<p><span style=\"font-family: Arial, sans-serif;\">Puerta de Santiago<\/span><\/p>\n<p><span style=\"font-family: Arial, sans-serif;\">Puerta del Socorro<\/span><\/p>\n<p><span style=\"font-family: Arial, sans-serif;\">Puerta del Sol<\/span><\/p>\n<p><span style=\"font-family: Arial, sans-serif;\">Real Casa de Moneda de Segovia<\/span><\/p>\n<p><span style=\"font-family: Arial, sans-serif;\">Real F\u00e1brica de Cristales de San Ildefonso<\/span><\/p>\n<p><span style=\"font-family: Arial, sans-serif;\">Real Sitio de San Ildefonso<\/span><\/p>\n<p><span style=\"font-family: Arial, sans-serif;\">Ruinas del Convento de San Agust\u00edn<\/span><\/p>\n<p><span style=\"font-family: Arial, sans-serif;\">San Andr\u00e9s<\/span><\/p>\n<p><span style=\"font-family: Arial, sans-serif;\">San Blas<\/span><\/p>\n<p><span style=\"font-family: Arial, sans-serif;\">San Clemente<\/span><\/p>\n<p><span style=\"font-family: Arial, sans-serif;\">San Esteban<\/span><\/p>\n<p><span style=\"font-family: Arial, sans-serif;\">San Juan de los Caballeros<\/span><\/p>\n<p><span style=\"font-family: Arial, sans-serif;\">San Juan de la Cruz<\/span><\/p>\n<p><span style=\"font-family: Arial, sans-serif;\">San Lorenzo M\u00e1rtir<\/span><\/p>\n<p><span style=\"font-family: Arial, sans-serif;\">San Marcos<\/span><\/p>\n<p><span style=\"font-family: Arial, sans-serif;\">San Mart\u00edn<\/span><\/p>\n<p><span style=\"font-family: Arial, sans-serif;\">San Miguel<\/span><\/p>\n<p><span style=\"font-family: Arial, sans-serif;\">San Mill\u00e1n<\/span><\/p>\n<p><span style=\"font-family: Arial, sans-serif;\">San Nicol\u00e1s<\/span><\/p>\n<p><span style=\"font-family: Arial, sans-serif;\">San Pedro de los Picos<\/span><\/p>\n<p><span style=\"font-family: Arial, sans-serif;\">San Quirce<\/span><\/p>\n<p><span style=\"font-family: Arial, sans-serif;\">San Sebasti\u00e1n de los Caballeros<\/span><\/p>\n<p><span style=\"font-family: Arial, sans-serif;\">Santa Eulalia<\/span><\/p>\n<p><span style=\"font-family: Arial, sans-serif;\">Santa Teresa de Jes\u00fas<\/span><\/p>\n<p><span style=\"font-family: Arial, sans-serif;\">Sant\u00edsima Trinidad<\/span><\/p>\n<p><span style=\"font-family: Arial, sans-serif;\">Santo Domingo de Guzm\u00e1n<\/span><\/p>\n<p><span style=\"font-family: Arial, sans-serif;\">Santo Tom\u00e1s<\/span><\/p>\n<p><span style=\"font-family: Arial, sans-serif;\">Santos Justo y Pastor<\/span><\/p>\n<p><span style=\"font-family: Arial, sans-serif;\">Santuario de la Virgen de la Fuencisla<\/span><\/p>\n<p><span style=\"font-family: Arial, sans-serif;\">Sinagoga del\u2008Corpus Christi, antigua<\/span><\/p>\n<p><span style=\"font-family: Arial, sans-serif;\">Teatro Juan Bravo<\/span><\/p>\n<p><span style=\"font-family: Arial, sans-serif;\">Tejados segovianos<\/span><\/p>\n<p><span style=\"font-family: Arial, sans-serif;\">Torre de Arias D\u00e1vila<\/span><\/p>\n<p><span style=\"font-family: Arial, sans-serif;\">Torre de H\u00e9rcules<\/span><\/p>\n<p><span style=\"font-family: Arial, sans-serif;\">Torre\u00f3n de Lozoya<\/span><\/p>\n<p><span style=\"font-family: Arial, sans-serif;\">Valsa\u00edn, palacio Real de<\/span><\/p>\n<p><span style=\"font-family: Arial, sans-serif;\">Vera Cruz, la<\/span><\/p>\n","protected":false},"excerpt":{"rendered":"<p>Gu\u00eda de Segovia y provincia. Segovia, la ciudad del Acueducto, del Alc\u00e1zar, de su catedral o de los much\u00edsimos monumentos que atesora. Corte, ciudad ya nombrada Segovia en tiempos romanos, presenta en la Ciudad un completo patrimonial, en donde se suceden la iglesias rom\u00e1nicas con sus galer\u00edas porticadas, palacios rom\u00e1nicos, g\u00f3ticos, clasicistas. Monasterios tan importantes [&hellip;]<\/p>\n","protected":false},"featured_media":114,"comment_status":"open","ping_status":"closed","template":"","meta":[],"product_brand":[],"product_cat":[21,20],"product_tag":[],"class_list":{"0":"post-268","1":"product","2":"type-product","3":"status-publish","4":"has-post-thumbnail","6":"product_cat-artistica-y-monumental","7":"product_cat-espanol","9":"first","10":"instock","11":"taxable","12":"shipping-taxable","13":"purchasable","14":"product-type-simple"},"jetpack-related-posts":[],"jetpack_sharing_enabled":true,"_links":{"self":[{"href":"https:\/\/www.edilera.com\/index.php\/wp-json\/wp\/v2\/product\/268","targetHints":{"allow":["GET"]}}],"collection":[{"href":"https:\/\/www.edilera.com\/index.php\/wp-json\/wp\/v2\/product"}],"about":[{"href":"https:\/\/www.edilera.com\/index.php\/wp-json\/wp\/v2\/types\/product"}],"replies":[{"embeddable":true,"href":"https:\/\/www.edilera.com\/index.php\/wp-json\/wp\/v2\/comments?post=268"}],"version-history":[{"count":1,"href":"https:\/\/www.edilera.com\/index.php\/wp-json\/wp\/v2\/product\/268\/revisions"}],"predecessor-version":[{"id":95719,"href":"https:\/\/www.edilera.com\/index.php\/wp-json\/wp\/v2\/product\/268\/revisions\/95719"}],"wp:featuredmedia":[{"embeddable":true,"href":"https:\/\/www.edilera.com\/index.php\/wp-json\/wp\/v2\/media\/114"}],"wp:attachment":[{"href":"https:\/\/www.edilera.com\/index.php\/wp-json\/wp\/v2\/media?parent=268"}],"wp:term":[{"taxonomy":"product_brand","embeddable":true,"href":"https:\/\/www.edilera.com\/index.php\/wp-json\/wp\/v2\/product_brand?post=268"},{"taxonomy":"product_cat","embeddable":true,"href":"https:\/\/www.edilera.com\/index.php\/wp-json\/wp\/v2\/product_cat?post=268"},{"taxonomy":"product_tag","embeddable":true,"href":"https:\/\/www.edilera.com\/index.php\/wp-json\/wp\/v2\/product_tag?post=268"}],"curies":[{"name":"wp","href":"https:\/\/api.w.org\/{rel}","templated":true}]}}