{"id":266,"date":"2019-03-06T08:42:42","date_gmt":"2019-03-06T07:42:42","guid":{"rendered":"https:\/\/www.edilera.com\/?post_type=product&#038;p=266"},"modified":"2019-11-28T09:22:28","modified_gmt":"2019-11-28T08:22:28","slug":"la-iglesia-visigotica-de-san-pedro-de-la-nave","status":"publish","type":"product","link":"https:\/\/www.edilera.com\/index.php\/producto\/la-iglesia-visigotica-de-san-pedro-de-la-nave\/","title":{"rendered":"La iglesia visig\u00f3tica de San Pedro de la Nave"},"content":{"rendered":"<p><span style=\"font-family: Arial, sans-serif;\"><span style=\"font-size: medium;\">La iglesia del antiguo monasterio de San Pedro de Astura, paradigma de la escultura visigoda.<\/span><\/span><\/p>\n<p><span style=\"font-family: Arial, sans-serif;\"><span style=\"font-size: medium;\">Desde los tiempos visigodos junto al r\u00edo Esla, se alza la peque\u00f1a ermita visigoda de San Pedro. Aparecida en los tiempos modernos tras una visita de G\u00f3mez Moreno, posee un riqueza escult\u00f3rica sin parang\u00f3n entre sus coet\u00e1neas. Son especialmente reconocidos los capiteles del Sacrificio de Isaac o el de Daniel en el foso de los Leones. <\/span><\/span><\/p>\n<p><span style=\"font-family: Arial, sans-serif;\"><span style=\"font-size: medium;\">Se estudia su origen, antecedentes, y comparativas con otros templos visigodos como San Juan de Ba\u00f1os o Quintanilla de las Vi\u00f1as.<\/span><\/span><\/p>\n<p><span style=\"font-family: Arial, sans-serif;\"><span style=\"font-size: medium;\">Desde su emplazamiento original con im\u00e1genes antiguas, el traslado, los descubrimientos; la construcci\u00f3n, dataci\u00f3n y ornamentaci\u00f3n se acerca al visitante la realidad de este edificio. <\/span><\/span><\/p>\n<p><span style=\"font-family: Arial, sans-serif;\"><span style=\"font-size: medium;\">Los textos como en todos nuestros libros son concisos, ricos y claros, con im\u00e1genes, planos, y esquemas que ayudan al visitante a tener una idea clara, asequible y bien aprovechada de su visita. Y que su vez sirve como recuerdo.<\/span><\/span><\/p>\n<ul>\n<li><span style=\"font-family: Arial, sans-serif;\"><span style=\"font-size: medium;\">Encuadernaci\u00f3n: r\u00fastica con solapas, cosida con grapa.<\/span><\/span><\/li>\n<li><span style=\"font-family: Arial, sans-serif;\"><span style=\"font-size: medium;\">32 p\u00e1ginas.<\/span><\/span><\/li>\n<li><span style=\"font-family: Arial, sans-serif;\"><span style=\"font-size: medium;\">A todo color.<\/span><\/span><\/li>\n<li><span style=\"font-family: Arial, sans-serif;\"><span style=\"font-size: medium;\">Tama\u00f1o: 24 x 17 vertical.<\/span><\/span><\/li>\n<li><span style=\"font-family: Arial, sans-serif;\"><span style=\"font-size: medium;\">Con grandes im\u00e1genes de los capiteles del Sacrificio de Isaac y Daniel en el foso de los Leones<\/span><\/span><\/li>\n<li><span style=\"font-family: Arial, sans-serif;\"><span style=\"font-size: medium;\">ISBN: 978-84-943610-7-4<\/span><\/span><\/li>\n<\/ul>\n<p><span style=\"font-family: Arial, sans-serif;\"><b>\u00cdndice alfab\u00e9tico de temas tratados en el libro:<\/b><\/span><\/p>\n<p><span style=\"font-family: Arial, sans-serif;\">La \u00e9poca<\/span><\/p>\n<p><span style=\"font-family: Arial, sans-serif;\">Capiteles de las Aves del Para\u00edso<\/span><\/p>\n<p><span style=\"font-family: Arial, sans-serif;\">Construcci\u00f3n <\/span><\/p>\n<p><span style=\"font-family: Arial, sans-serif;\">Daniel el Foso de los Lones<\/span><\/p>\n<p><span style=\"font-family: Arial, sans-serif;\">Descripci\u00f3n exterior<\/span><\/p>\n<p><span style=\"font-family: Arial, sans-serif;\">Descripci\u00f3n interior<\/span><\/p>\n<p><span style=\"font-family: Arial, sans-serif;\">Descubrimientos<\/span><\/p>\n<p><span style=\"font-family: Arial, sans-serif;\">El \u00e1bside<\/span><\/p>\n<p><span style=\"font-family: Arial, sans-serif;\">El Estilo Visigodo<\/span><\/p>\n<p><span style=\"font-family: Arial, sans-serif;\">El Horologio<\/span><\/p>\n<p><span style=\"font-family: Arial, sans-serif;\">El Sacrificio de Isaac<\/span><\/p>\n<p><span style=\"font-family: Arial, sans-serif;\">El solar<\/span><\/p>\n<p><span style=\"font-family: Arial, sans-serif;\">Historia<\/span><\/p>\n<p><span style=\"font-family: Arial, sans-serif;\">La leyenda<\/span><\/p>\n<p><span style=\"font-family: Arial, sans-serif;\">Los Capiteles<\/span><\/p>\n<p><span style=\"font-family: Arial, sans-serif;\">Obras y reparaciones<\/span><\/p>\n<p><span style=\"font-family: Arial, sans-serif;\">Ornamentaci\u00f3n<\/span><\/p>\n<p><span style=\"font-family: Arial, sans-serif;\">Traslado<\/span><\/p>\n","protected":false},"excerpt":{"rendered":"<p>La iglesia del antiguo monasterio de San Pedro de Astura, paradigma de la escultura visigoda. Desde los tiempos visigodos junto al r\u00edo Esla, se alza la peque\u00f1a ermita visigoda de San Pedro. Aparecida en los tiempos modernos tras una visita de G\u00f3mez Moreno, posee un riqueza escult\u00f3rica sin parang\u00f3n entre sus coet\u00e1neas. Son especialmente reconocidos [&hellip;]<\/p>\n","protected":false},"featured_media":125,"comment_status":"open","ping_status":"closed","template":"","meta":[],"product_brand":[],"product_cat":[20,19,29],"product_tag":[],"class_list":{"0":"post-266","1":"product","2":"type-product","3":"status-publish","4":"has-post-thumbnail","6":"product_cat-espanol","7":"product_cat-monograficos","8":"product_cat-zamora","10":"first","11":"instock","12":"taxable","13":"shipping-taxable","14":"purchasable","15":"product-type-simple"},"jetpack-related-posts":[],"jetpack_sharing_enabled":true,"_links":{"self":[{"href":"https:\/\/www.edilera.com\/index.php\/wp-json\/wp\/v2\/product\/266","targetHints":{"allow":["GET"]}}],"collection":[{"href":"https:\/\/www.edilera.com\/index.php\/wp-json\/wp\/v2\/product"}],"about":[{"href":"https:\/\/www.edilera.com\/index.php\/wp-json\/wp\/v2\/types\/product"}],"replies":[{"embeddable":true,"href":"https:\/\/www.edilera.com\/index.php\/wp-json\/wp\/v2\/comments?post=266"}],"version-history":[{"count":0,"href":"https:\/\/www.edilera.com\/index.php\/wp-json\/wp\/v2\/product\/266\/revisions"}],"wp:featuredmedia":[{"embeddable":true,"href":"https:\/\/www.edilera.com\/index.php\/wp-json\/wp\/v2\/media\/125"}],"wp:attachment":[{"href":"https:\/\/www.edilera.com\/index.php\/wp-json\/wp\/v2\/media?parent=266"}],"wp:term":[{"taxonomy":"product_brand","embeddable":true,"href":"https:\/\/www.edilera.com\/index.php\/wp-json\/wp\/v2\/product_brand?post=266"},{"taxonomy":"product_cat","embeddable":true,"href":"https:\/\/www.edilera.com\/index.php\/wp-json\/wp\/v2\/product_cat?post=266"},{"taxonomy":"product_tag","embeddable":true,"href":"https:\/\/www.edilera.com\/index.php\/wp-json\/wp\/v2\/product_tag?post=266"}],"curies":[{"name":"wp","href":"https:\/\/api.w.org\/{rel}","templated":true}]}}