{"id":265,"date":"2019-03-06T08:39:54","date_gmt":"2019-03-06T07:39:54","guid":{"rendered":"https:\/\/www.edilera.com\/?post_type=product&#038;p=265"},"modified":"2022-04-08T09:23:19","modified_gmt":"2022-04-08T07:23:19","slug":"san-martin-de-castaneda-y-el-lago-de-sanabria","status":"publish","type":"product","link":"https:\/\/www.edilera.com\/index.php\/producto\/san-martin-de-castaneda-y-el-lago-de-sanabria\/","title":{"rendered":"San Mart\u00edn de Casta\u00f1eda y el Lago de Sanabria"},"content":{"rendered":"<p><span style=\"font-family: Arial, sans-serif;\"><span style=\"font-size: medium;\">La iglesia del antiguo monasterio de San Mart\u00edn de Casta\u00f1eda, gemela de la Catedral de Zamora, se eleva en un balc\u00f3n sobre el Lago de Sanabria.<\/span><\/span><\/p>\n<p><span style=\"font-family: Arial, sans-serif;\"><span style=\"font-size: medium;\">Desde los tiempos visigodos, de la Repoblaci\u00f3n, el rom\u00e1nico, y hasta la edad moderna, se han ido a\u00f1adiendo partes hasta hacerlo un conjunto \u00fanico y bello, en donde lleg\u00f3 incluso a estar el Beato de Zamora en su armarium.<\/span><\/span><\/p>\n<p><span style=\"font-family: Arial, sans-serif;\"><span style=\"font-size: medium;\">Se estudia su origen, antecedentes, y comparativas con otros cercanos similares as\u00ed como un estudio de la planimetr\u00eda.<\/span><\/span><\/p>\n<p><span style=\"font-family: Arial, sans-serif;\"><span style=\"font-size: medium;\">A su vez se incluye una visita al Parque Natural del Lago de Sanabria y su monta\u00f1as y lagunas, de origen glaciar, explicando su formaci\u00f3n y estado actual, con im\u00e1genes, esquemas y mapas.<\/span><\/span><\/p>\n<p><span style=\"font-family: Arial, sans-serif;\"><span style=\"font-size: medium;\">Los textos como en todos nuestros libros son concisos, ricos y claros, con im\u00e1genes, planos, y esquemas que ayudan al visitante a tener una idea clara, asequible y bien aprovechada de su visita. Y que su vez sirve como recuerdo.<\/span><\/span><\/p>\n<p>&nbsp;<\/p>\n<ul>\n<li><span style=\"font-family: Arial, sans-serif;\"><span style=\"font-size: medium;\">Encuadernaci\u00f3n: r\u00fastica con solapas, cosida con grapa.<\/span><\/span><\/li>\n<li><span style=\"font-family: Arial, sans-serif;\"><span style=\"font-size: medium;\">32 p\u00e1ginas.<\/span><\/span><\/li>\n<li><span style=\"font-family: Arial, sans-serif;\"><span style=\"font-size: medium;\">A todo color.<\/span><\/span><\/li>\n<li><span style=\"font-family: Arial, sans-serif;\"><span style=\"font-size: medium;\">Tama\u00f1o: 24 x 17 vertical.<\/span><\/span><\/li>\n<li><span style=\"font-family: Arial, sans-serif;\"><span style=\"font-size: medium;\">Con mapa del relieve del parque natural del Lago de Sanabria.<\/span><\/span><\/li>\n<li><span style=\"font-family: Arial, sans-serif;\"><span style=\"font-size: medium;\">ISBN: 978-84-945352-8-4<\/span><\/span><\/li>\n<\/ul>\n<p><span style=\"font-family: Arial, sans-serif;\"><b>\u00cdndice alfab\u00e9tico de temas tratados en el libro:<\/b><\/span><\/p>\n<p><span style=\"font-family: Arial, sans-serif;\"><span style=\"font-size: medium;\">SAN MART\u00cdN DE CASTA\u00d1EDA<\/span><\/span><\/p>\n<p><span style=\"font-family: Arial, sans-serif;\"><span style=\"font-size: medium;\">El Exterior<\/span><\/span><\/p>\n<p><span style=\"font-family: Arial, sans-serif;\"><span style=\"font-size: medium;\">El Interior<\/span><\/span><\/p>\n<p><span style=\"font-family: Arial, sans-serif;\"><span style=\"font-size: medium;\">Otros restos conservados<\/span><\/span><\/p>\n<p><span style=\"font-family: Arial, sans-serif;\"><span style=\"font-size: medium;\">Accidentes geol\u00f3gicos<\/span><\/span><\/p>\n<p><span style=\"font-family: Arial, sans-serif;\"><span style=\"font-size: medium;\">Composici\u00f3n y Metrolog\u00eda<\/span><\/span><\/p>\n<p><span style=\"font-family: Arial, sans-serif;\"><span style=\"font-size: medium;\">El Beato de Zamora<\/span><\/span><\/p>\n<p><span style=\"font-family: Arial, sans-serif;\"><span style=\"font-size: medium;\">El Glaciarismo en el lago<\/span><\/span><\/p>\n<p><span style=\"font-family: Arial, sans-serif;\"><span style=\"font-size: medium;\">EL LAGO DE SANABRIA<\/span><\/span><\/p>\n<p><span style=\"font-family: Arial, sans-serif;\"><span style=\"font-size: medium;\">El monasterio y el centro de interpretaci\u00f3n.<\/span><\/span><\/p>\n<p><span style=\"font-family: Arial, sans-serif;\"><span style=\"font-size: medium;\">GLOSARIO Y BIBLIOGRAF\u00cdA<\/span><\/span><\/p>\n<p><span style=\"font-family: Arial, sans-serif;\"><span style=\"font-size: medium;\">Historia del monasterio<\/span><\/span><\/p>\n<p><span style=\"font-family: Arial, sans-serif;\"><span style=\"font-size: medium;\">La iglesia<\/span><\/span><\/p>\n<p><span style=\"font-family: Arial, sans-serif;\"><span style=\"font-size: medium;\">Litogenesis y orog\u00e9nesis<\/span><\/span><\/p>\n","protected":false},"excerpt":{"rendered":"<p>La iglesia del antiguo monasterio de San Mart\u00edn de Casta\u00f1eda, gemela de la Catedral de Zamora, se eleva en un balc\u00f3n sobre el Lago de Sanabria. Desde los tiempos visigodos, de la Repoblaci\u00f3n, el rom\u00e1nico, y hasta la edad moderna, se han ido a\u00f1adiendo partes hasta hacerlo un conjunto \u00fanico y bello, en donde lleg\u00f3 [&hellip;]<\/p>\n","protected":false},"featured_media":129,"comment_status":"open","ping_status":"closed","template":"","meta":[],"product_brand":[],"product_cat":[20,51,19,29],"product_tag":[],"class_list":{"0":"post-265","1":"product","2":"type-product","3":"status-publish","4":"has-post-thumbnail","6":"product_cat-espanol","7":"product_cat-monasterios-del-reino-de-leon","8":"product_cat-monograficos","9":"product_cat-zamora","11":"first","12":"instock","13":"taxable","14":"shipping-taxable","15":"purchasable","16":"product-type-simple"},"jetpack-related-posts":[],"jetpack_sharing_enabled":true,"_links":{"self":[{"href":"https:\/\/www.edilera.com\/index.php\/wp-json\/wp\/v2\/product\/265","targetHints":{"allow":["GET"]}}],"collection":[{"href":"https:\/\/www.edilera.com\/index.php\/wp-json\/wp\/v2\/product"}],"about":[{"href":"https:\/\/www.edilera.com\/index.php\/wp-json\/wp\/v2\/types\/product"}],"replies":[{"embeddable":true,"href":"https:\/\/www.edilera.com\/index.php\/wp-json\/wp\/v2\/comments?post=265"}],"version-history":[{"count":2,"href":"https:\/\/www.edilera.com\/index.php\/wp-json\/wp\/v2\/product\/265\/revisions"}],"predecessor-version":[{"id":95925,"href":"https:\/\/www.edilera.com\/index.php\/wp-json\/wp\/v2\/product\/265\/revisions\/95925"}],"wp:featuredmedia":[{"embeddable":true,"href":"https:\/\/www.edilera.com\/index.php\/wp-json\/wp\/v2\/media\/129"}],"wp:attachment":[{"href":"https:\/\/www.edilera.com\/index.php\/wp-json\/wp\/v2\/media?parent=265"}],"wp:term":[{"taxonomy":"product_brand","embeddable":true,"href":"https:\/\/www.edilera.com\/index.php\/wp-json\/wp\/v2\/product_brand?post=265"},{"taxonomy":"product_cat","embeddable":true,"href":"https:\/\/www.edilera.com\/index.php\/wp-json\/wp\/v2\/product_cat?post=265"},{"taxonomy":"product_tag","embeddable":true,"href":"https:\/\/www.edilera.com\/index.php\/wp-json\/wp\/v2\/product_tag?post=265"}],"curies":[{"name":"wp","href":"https:\/\/api.w.org\/{rel}","templated":true}]}}