{"id":263,"date":"2019-03-05T16:19:46","date_gmt":"2019-03-05T15:19:46","guid":{"rendered":"https:\/\/www.edilera.com\/?post_type=product&#038;p=263"},"modified":"2021-12-28T14:09:52","modified_gmt":"2021-12-28T13:09:52","slug":"salamanca-artistica-e-monumental","status":"publish","type":"product","link":"https:\/\/www.edilera.com\/index.php\/producto\/salamanca-artistica-e-monumental\/","title":{"rendered":"Salamanca, art\u00edstica e monumental"},"content":{"rendered":"<p align=\"LEFT\"><span style=\"font-family: Arial, sans-serif;\">Guia de Salamanca e prov\u00edncia. Salamanca, uma cidade universit\u00e1ria, n\u00e3o \u00e9 s\u00f3 o conhecimento, mas possui um extenso patrim\u00f3nio monumental, da pr\u00e9-hist\u00f3ria pode ser visitada todos os estilos para o nosso tempo. Este guia fornece todos os locais e atrac\u00e7\u00f5es da cidade de Salamanca e chefe da prov\u00edncia de Salamanca tratada. Na cidade, com especial aten\u00e7\u00e3o para as catedrais de Salamanca, antigos e novos, Universidade, Clerec\u00eda, a ponte romana, a Plaza Mayor em Salamanca, o convento de San Esteban, La Casa de las Conchas, ou o Pal\u00e1cio de Monterrey.<br \/>\nOs textos s\u00e3o concisa, rica e clara, com mais de 200 imagens de m\u00e9dia e desenhos de grande formato e diagramas que ajudam os visitantes a ter uma clara, acess\u00edvel e bem usado sua visita a Salamanca id\u00e9ia. Por sua vez serve como um lembrete de sua visita.<br \/>\n<\/span><\/p>\n<ul>\n<li><span style=\"font-family: Arial, sans-serif;\">Encaderna\u00e7\u00e3o: r\u00fastica costurada com abas.<\/span><\/li>\n<li><span style=\"font-family: Arial, sans-serif;\">160 p\u00e1ginas.<\/span><\/li>\n<li><span style=\"font-family: Arial, sans-serif;\">Cor cheia<\/span><\/li>\n<li><span style=\"font-family: Arial, sans-serif;\">Tamanho: 17 x 24 cm (vertical).<\/span><\/li>\n<li><span style=\"font-family: Arial, sans-serif;\">Com dobrar qu\u00e1druplo, no interior.<\/span><\/li>\n<li><span style=\"font-family: Arial, sans-serif;\">Traduzido para o portugu\u00eas por: Fernando Couto de acordo com a norma DIN EN 15038.<\/span><\/li>\n<li><span style=\"font-family: Arial, sans-serif;\">ISBN:<b> <\/b>978-84-945352-5-3<\/span><\/li>\n<\/ul>\n<p align=\"LEFT\"><span style=\"font-family: Arial, sans-serif;\"><b><br \/>\n\u00cdndice alfab\u00e9tico de t\u00f3picos abordados no livro: <\/b><\/span><\/p>\n<p><span style=\"font-family: Arial, sans-serif;\">Biblioteca da Universidade, A<\/span><\/p>\n<p><span style=\"font-family: Arial, sans-serif;\">Calle Libreros<\/span><\/p>\n<p><span style=\"font-family: Arial, sans-serif;\">Capela da Ordem Terceira de S\u00e3o Francisco<\/span><\/p>\n<p><span style=\"font-family: Arial, sans-serif;\">Capela da Vera Cruz<\/span><\/p>\n<p><span style=\"font-family: Arial, sans-serif;\">Carmen de Abajo, O <\/span><\/p>\n<p><span style=\"font-family: Arial, sans-serif;\">Casa da Conc\u00f3rdia<\/span><\/p>\n<p><span style=\"font-family: Arial, sans-serif;\">Casa das Conchas<\/span><\/p>\n<p><span style=\"font-family: Arial, sans-serif;\">Casa das Mortes<\/span><\/p>\n<p><span style=\"font-family: Arial, sans-serif;\">Casa de Dona Mar\u00eda la Brava<\/span><\/p>\n<p><span style=\"font-family: Arial, sans-serif;\">Casa de Maldonado<\/span><\/p>\n<p><span style=\"font-family: Arial, sans-serif;\">Casa de Miguel de Unamuno<\/span><\/p>\n<p><span style=\"font-family: Arial, sans-serif;\">Casa de Santa Teresa<\/span><\/p>\n<p><span style=\"font-family: Arial, sans-serif;\">Casa de Sol\u00eds<\/span><\/p>\n<p><span style=\"font-family: Arial, sans-serif;\">Casa do Regidor Ovalle Prieto<\/span><\/p>\n<p><span style=\"font-family: Arial, sans-serif;\">Casa dos Sexmeros de la Tierra<\/span><\/p>\n<p><span style=\"font-family: Arial, sans-serif;\">Casa\u2008Lis, Museu de Art Noveau e D\u00e9co<\/span><\/p>\n<p><span style=\"font-family: Arial, sans-serif;\">Casa-Museu de Miguel de Unamuno<\/span><\/p>\n<p><span style=\"font-family: Arial, sans-serif;\">Catedrais de Salamanca , As <\/span><\/p>\n<p><span style=\"font-family: Arial, sans-serif;\">Catedral Nova de la Asunci\u00f3n de la Virgen<\/span><\/p>\n<p><span style=\"font-family: Arial, sans-serif;\">Catedral Velha de Santa Mar\u00eda de la Sede<\/span><\/p>\n<p><span style=\"font-family: Arial, sans-serif;\">C\u00e9u de Salamanca, O<\/span><\/p>\n<p><span style=\"font-family: Arial, sans-serif;\">Claustro dos Reis<\/span><\/p>\n<p><span style=\"font-family: Arial, sans-serif;\">Clerezia, Universidade Pontif\u00edcia, A <\/span><\/p>\n<p><span style=\"font-family: Arial, sans-serif;\">Col\u00e9gio de Calatrava<\/span><\/p>\n<p><span style=\"font-family: Arial, sans-serif;\">Col\u00e9gio de San Ambrosio<\/span><\/p>\n<p><span style=\"font-family: Arial, sans-serif;\">Col\u00e9gio de San Ildefonso<\/span><\/p>\n<p><span style=\"font-family: Arial, sans-serif;\">Col\u00e9gio de San Mill\u00e1n<\/span><\/p>\n<p><span style=\"font-family: Arial, sans-serif;\">Col\u00e9gio de Santa Mar\u00eda de los \u00c1ngeles<\/span><\/p>\n<p><span style=\"font-family: Arial, sans-serif;\">Col\u00e9gio Maior do Arcebispo Fonseca<\/span><\/p>\n<p><span style=\"font-family: Arial, sans-serif;\">Col\u00e9gio Mayor de Anaya<\/span><\/p>\n<p><span style=\"font-family: Arial, sans-serif;\">Col\u00e9gio Santa Catalina<\/span><\/p>\n<p><span style=\"font-family: Arial, sans-serif;\">Convento da Madre de Deus<\/span><\/p>\n<p><span style=\"font-family: Arial, sans-serif;\">Convento das Dominicanas Due\u00f1as<\/span><\/p>\n<p><span style=\"font-family: Arial, sans-serif;\">Convento de San El\u00edas dos Carmelitas Descal\u00e7os<\/span><\/p>\n<p><span style=\"font-family: Arial, sans-serif;\">Convento de San Esteban<\/span><\/p>\n<p><span style=\"font-family: Arial, sans-serif;\">Convento de Santa Clara &#8211; Museu<\/span><\/p>\n<p><span style=\"font-family: Arial, sans-serif;\">Convento de Santa \u00darsula<\/span><\/p>\n<p><span style=\"font-family: Arial, sans-serif;\">Convento do Corpus\u2008Christi<\/span><\/p>\n<p><span style=\"font-family: Arial, sans-serif;\">Enigmas da Universidade, Os <\/span><\/p>\n<p><span style=\"font-family: Arial, sans-serif;\">Ermida de Nuestra Se\u00f1ora de la Misericordia<\/span><\/p>\n<p><span style=\"font-family: Arial, sans-serif;\">Escadaria da Universidade, A<\/span><\/p>\n<p><span style=\"font-family: Arial, sans-serif;\">Escadaria de Soto<\/span><\/p>\n<p><span style=\"font-family: Arial, sans-serif;\">Escolas Maiores, As<\/span><\/p>\n<p><span style=\"font-family: Arial, sans-serif;\">Escolas Menores, As<\/span><\/p>\n<p><span style=\"font-family: Arial, sans-serif;\">Fachada de Ramos<\/span><\/p>\n<p><span style=\"font-family: Arial, sans-serif;\">Fachada do Nascimento<\/span><\/p>\n<p><span style=\"font-family: Arial, sans-serif;\">Gruta de Salamanca<\/span><\/p>\n<p><span style=\"font-family: Arial, sans-serif;\">Hist\u00f3ria da cidade de Salamanca <\/span><\/p>\n<p><span style=\"font-family: Arial, sans-serif;\">Horto de Calixto e Melibea<\/span><\/p>\n<p><span style=\"font-family: Arial, sans-serif;\">Hospedaria de Anaya<\/span><\/p>\n<p><span style=\"font-family: Arial, sans-serif;\">Hospital do Estudio<\/span><\/p>\n<p><span style=\"font-family: Arial, sans-serif;\">Hospital Geral da Sant\u00edssima Trindade <\/span><\/p>\n<p><span style=\"font-family: Arial, sans-serif;\">Ieronimus <\/span><\/p>\n<p><span style=\"font-family: Arial, sans-serif;\">Igreja da Sant\u00edssima Trindade-S\u00e3o Paulo<\/span><\/p>\n<p><span style=\"font-family: Arial, sans-serif;\">Igreja de San Benito<\/span><\/p>\n<p><span style=\"font-family: Arial, sans-serif;\">Igreja de San Crist\u00f3bal<\/span><\/p>\n<p><span style=\"font-family: Arial, sans-serif;\">Igreja de San Juan de Barbalos<\/span><\/p>\n<p><span style=\"font-family: Arial, sans-serif;\">Igreja de San Juan de Sahag\u00fan<\/span><\/p>\n<p><span style=\"font-family: Arial, sans-serif;\">Igreja de San Juli\u00e1n e Santa Basilisa<\/span><\/p>\n<p><span style=\"font-family: Arial, sans-serif;\">Igreja de San Mart\u00edn de Tours<\/span><\/p>\n<p><span style=\"font-family: Arial, sans-serif;\">Igreja de San Sebasti\u00e1n<\/span><\/p>\n<p><span style=\"font-family: Arial, sans-serif;\">Igreja de Sancti Spiritus<\/span><\/p>\n<p><span style=\"font-family: Arial, sans-serif;\">Igreja de Santa Mar\u00eda de los Caballeros<\/span><\/p>\n<p><span style=\"font-family: Arial, sans-serif;\">Igreja de Santiago del Arrabal<\/span><\/p>\n<p><span style=\"font-family: Arial, sans-serif;\">Igreja de Santo Tom\u00e1s Cantuariense<\/span><\/p>\n<p><span style=\"font-family: Arial, sans-serif;\">Igreja de S\u00e3o Marcos<\/span><\/p>\n<p><span style=\"font-family: Arial, sans-serif;\">Igreja dos Trinit\u00e1rios<\/span><\/p>\n<p><span style=\"font-family: Arial, sans-serif;\">Igreja e Convento da Pur\u00edssima Concei\u00e7\u00e3o<\/span><\/p>\n<p><span style=\"font-family: Arial, sans-serif;\">Mariquelo, O<\/span><\/p>\n<p><span style=\"font-family: Arial, sans-serif;\">Museu de Salamanca<\/span><\/p>\n<p><span style=\"font-family: Arial, sans-serif;\">Nossa Senhora do Carmelo<\/span><\/p>\n<p><span style=\"font-family: Arial, sans-serif;\">Pal\u00e1cio da Salina<\/span><\/p>\n<p><span style=\"font-family: Arial, sans-serif;\">Pal\u00e1cio de Figueroa<\/span><\/p>\n<p><span style=\"font-family: Arial, sans-serif;\">Pal\u00e1cio de Garc\u00ed-Grande<\/span><\/p>\n<p><span style=\"font-family: Arial, sans-serif;\">Pal\u00e1cio de Montellano<\/span><\/p>\n<p><span style=\"font-family: Arial, sans-serif;\">Pal\u00e1cio de Monterrey<\/span><\/p>\n<p><span style=\"font-family: Arial, sans-serif;\">Pal\u00e1cio de Orellana<\/span><\/p>\n<p><span style=\"font-family: Arial, sans-serif;\">Pal\u00e1cio de Rodr\u00edguez del Manzano<\/span><\/p>\n<p><span style=\"font-family: Arial, sans-serif;\">Pal\u00e1cio de Sol\u00eds<\/span><\/p>\n<p><span style=\"font-family: Arial, sans-serif;\">Pal\u00e1cio e igreja de San Boal<\/span><\/p>\n<p><span style=\"font-family: Arial, sans-serif;\">Patio Chico, El <\/span><\/p>\n<p><span style=\"font-family: Arial, sans-serif;\">Plaza de Anaya, La <\/span><\/p>\n<p><span style=\"font-family: Arial, sans-serif;\">Plaza de Col\u00f3n<\/span><\/p>\n<p><span style=\"font-family: Arial, sans-serif;\">Plaza de la Libertad<\/span><\/p>\n<p><span style=\"font-family: Arial, sans-serif;\">Plaza de los Bandos<\/span><\/p>\n<p><span style=\"font-family: Arial, sans-serif;\">Plaza Mayor<\/span><\/p>\n<p><span style=\"font-family: Arial, sans-serif;\">Ponte Romana<\/span><\/p>\n<p><span style=\"font-family: Arial, sans-serif;\">Prov\u00edncia de Salamanca, A <\/span><\/p>\n<p><span style=\"font-family: Arial, sans-serif;\">Recanto de San Benito, O <\/span><\/p>\n<p><span style=\"font-family: Arial, sans-serif;\">San Isidoro e San Pelayo<\/span><\/p>\n<p><span style=\"font-family: Arial, sans-serif;\">San Polo<\/span><\/p>\n<p><span style=\"font-family: Arial, sans-serif;\">Scala Coeli <\/span><\/p>\n<p><span style=\"font-family: Arial, sans-serif;\">Torre de Abrantes<\/span><\/p>\n<p><span style=\"font-family: Arial, sans-serif;\">Torre del Aire<\/span><\/p>\n<p><span style=\"font-family: Arial, sans-serif;\">Torre del Clavero<\/span><\/p>\n<p><span style=\"font-family: Arial, sans-serif;\">Torre del Gallo, La<\/span><\/p>\n<p><span style=\"font-family: Arial, sans-serif;\">Universidade de Salamanca, A<\/span><\/p>\n","protected":false},"excerpt":{"rendered":"<p>Guia de Salamanca e prov\u00edncia. Salamanca, uma cidade universit\u00e1ria, n\u00e3o \u00e9 s\u00f3 o conhecimento, mas possui um extenso patrim\u00f3nio monumental, da pr\u00e9-hist\u00f3ria pode ser visitada todos os estilos para o nosso tempo. Este guia fornece todos os locais e atrac\u00e7\u00f5es da cidade de Salamanca e chefe da prov\u00edncia de Salamanca tratada. Na cidade, com especial [&hellip;]<\/p>\n","protected":false},"featured_media":138,"comment_status":"open","ping_status":"closed","template":"","meta":[],"product_brand":[],"product_cat":[32],"product_tag":[],"class_list":{"0":"post-263","1":"product","2":"type-product","3":"status-publish","4":"has-post-thumbnail","6":"product_cat-portugues","8":"first","9":"instock","10":"taxable","11":"shipping-taxable","12":"purchasable","13":"product-type-simple"},"jetpack-related-posts":[],"jetpack_sharing_enabled":true,"_links":{"self":[{"href":"https:\/\/www.edilera.com\/index.php\/wp-json\/wp\/v2\/product\/263","targetHints":{"allow":["GET"]}}],"collection":[{"href":"https:\/\/www.edilera.com\/index.php\/wp-json\/wp\/v2\/product"}],"about":[{"href":"https:\/\/www.edilera.com\/index.php\/wp-json\/wp\/v2\/types\/product"}],"replies":[{"embeddable":true,"href":"https:\/\/www.edilera.com\/index.php\/wp-json\/wp\/v2\/comments?post=263"}],"version-history":[{"count":1,"href":"https:\/\/www.edilera.com\/index.php\/wp-json\/wp\/v2\/product\/263\/revisions"}],"predecessor-version":[{"id":95720,"href":"https:\/\/www.edilera.com\/index.php\/wp-json\/wp\/v2\/product\/263\/revisions\/95720"}],"wp:featuredmedia":[{"embeddable":true,"href":"https:\/\/www.edilera.com\/index.php\/wp-json\/wp\/v2\/media\/138"}],"wp:attachment":[{"href":"https:\/\/www.edilera.com\/index.php\/wp-json\/wp\/v2\/media?parent=263"}],"wp:term":[{"taxonomy":"product_brand","embeddable":true,"href":"https:\/\/www.edilera.com\/index.php\/wp-json\/wp\/v2\/product_brand?post=263"},{"taxonomy":"product_cat","embeddable":true,"href":"https:\/\/www.edilera.com\/index.php\/wp-json\/wp\/v2\/product_cat?post=263"},{"taxonomy":"product_tag","embeddable":true,"href":"https:\/\/www.edilera.com\/index.php\/wp-json\/wp\/v2\/product_tag?post=263"}],"curies":[{"name":"wp","href":"https:\/\/api.w.org\/{rel}","templated":true}]}}