{"id":261,"date":"2019-03-05T16:14:58","date_gmt":"2019-03-05T15:14:58","guid":{"rendered":"https:\/\/www.edilera.com\/?post_type=product&#038;p=261"},"modified":"2021-12-28T14:10:56","modified_gmt":"2021-12-28T13:10:56","slug":"salamanca-kuntschatze-und-sehenswurdkeiten","status":"publish","type":"product","link":"https:\/\/www.edilera.com\/index.php\/producto\/salamanca-kuntschatze-und-sehenswurdkeiten\/","title":{"rendered":"Salamanca, kuntsch\u00e4tze und Sehensw\u00fcrdkeiten"},"content":{"rendered":"<p align=\"LEFT\"><span style=\"font-family: Arial, sans-serif;\">F\u00fchrer von Salamanca und Provinz. Salamanca, eine Universit\u00e4tsstadt, ist nicht nur Wissen, sondern hat auch ein umfangreiches monumentales Erbe, von pr\u00e4historischen Zeiten k\u00f6nnen alle Stile bis zu unserer Zeit verfolgt werden. In diesem Leitfaden werden alle Denkm\u00e4ler und Sehensw\u00fcrdigkeiten der Stadt Salamanca und der Principals der Provinz Salamanca behandelt. In der Stadt mit besonderem Augenmerk auf die Kathedralen von Salamanca, Alt und Neu, die Universit\u00e4t, die Clerec\u00eda, die r\u00f6mische Br\u00fccke, die Plaza Mayor von Salamanca, das Kloster San Esteban, das Haus der Muscheln oder der Palacio de Monterrey.<br \/>\nDie Texte sind pr\u00e4gnant, reichhaltig und klar, mit mehr als 200 mittelgro\u00dfen und gro\u00dfen Bildern, Pl\u00e4nen und Entw\u00fcrfen, die dem Besucher eine klare, erschwing<\/span><span style=\"font-family: Arial, sans-serif;\">liche und gut verwendete Vorstellung von seinem Besuch in Salamanca vermitteln. Dies dient wiederum als Erinnerung an Ihren Besuch.<br \/>\n<\/span><\/p>\n<ul>\n<li><span style=\"font-family: Arial, sans-serif;\">Bindung: rustikal mit Klappen gen\u00e4ht.<\/span><\/li>\n<li><span style=\"font-family: Arial, sans-serif;\">160 Seiten.<\/span><\/li>\n<li><span style=\"font-family: Arial, sans-serif;\">Volle farbe<\/span><\/li>\n<li><span style=\"font-family: Arial, sans-serif;\">Gr\u00f6\u00dfe: 17 x 24 cm (vertikal).<\/span><\/li>\n<li><span style=\"font-family: Arial, sans-serif;\">Mit vierfacher Faltung innen.<\/span><\/li>\n<li><span style=\"font-family: Arial, sans-serif;\">\u00dcbersetzt ins Deutsche von: Vera Krutisch nach DIN EN 15038.<\/span><\/li>\n<li><span style=\"font-family: Arial, sans-serif;\">ISBN: 978-84-943610-5-0<\/span><\/li>\n<\/ul>\n<p align=\"LEFT\"><span style=\"font-family: Arial, sans-serif;\"><b>Alphabetischer Index der im Buch behandelten Themen: <\/b><\/span><\/p>\n<p><span style=\"font-family: Arial, sans-serif;\">Antiguo Hospital de la Stma. Trinidad <\/span><\/p>\n<p><span style=\"font-family: Arial, sans-serif;\">Calle Libreros<\/span><\/p>\n<p><span style=\"font-family: Arial, sans-serif;\">Capilla de la Vera Cruz<\/span><\/p>\n<p><span style=\"font-family: Arial, sans-serif;\">Capilla de los Trinitarios<\/span><\/p>\n<p><span style=\"font-family: Arial, sans-serif;\">Casa de D\u00aa Mar\u00eda la Brava<\/span><\/p>\n<p><span style=\"font-family: Arial, sans-serif;\">Casa de la Concordia<\/span><\/p>\n<p><span style=\"font-family: Arial, sans-serif;\">Casa de las Conchas<\/span><\/p>\n<p><span style=\"font-family: Arial, sans-serif;\">Casa de las Muertes<\/span><\/p>\n<p><span style=\"font-family: Arial, sans-serif;\">Casa de los Sexmeros de la Tierra<\/span><\/p>\n<p><span style=\"font-family: Arial, sans-serif;\">Casa de Maldonado<\/span><\/p>\n<p><span style=\"font-family: Arial, sans-serif;\">Casa de Miguel de Unamuno<\/span><\/p>\n<p><span style=\"font-family: Arial, sans-serif;\">Casa de Santa Teresa<\/span><\/p>\n<p><span style=\"font-family: Arial, sans-serif;\">Casa de Sol\u00eds<\/span><\/p>\n<p><span style=\"font-family: Arial, sans-serif;\">Casa del Regidor Ovalle Prieto<\/span><\/p>\n<p><span style=\"font-family: Arial, sans-serif;\">Casa Museo de Miguel de Unamuno<\/span><\/p>\n<p><span style=\"font-family: Arial, sans-serif;\">Casa\u2008Lis, Museum f\u00fcr Art Noveau<\/span><\/p>\n<p><span style=\"font-family: Arial, sans-serif;\">Claustro de Estudios<\/span><\/p>\n<p><span style=\"font-family: Arial, sans-serif;\">Claustro de los Reyes<\/span><\/p>\n<p><span style=\"font-family: Arial, sans-serif;\">Colegio de Calatrava<\/span><\/p>\n<p><span style=\"font-family: Arial, sans-serif;\">Colegio de San Ambrosio<\/span><\/p>\n<p><span style=\"font-family: Arial, sans-serif;\">Colegio de San Ildefonso<\/span><\/p>\n<p><span style=\"font-family: Arial, sans-serif;\">Colegio de Santa Mar\u00eda de los \u00c1ngeles<\/span><\/p>\n<p><span style=\"font-family: Arial, sans-serif;\">Colegio Mayor de Anaya<\/span><\/p>\n<p><span style=\"font-family: Arial, sans-serif;\">Colegio Mayor del Arzobispo Fonseca<\/span><\/p>\n<p><span style=\"font-family: Arial, sans-serif;\">Colegio Santa Catalina<\/span><\/p>\n<p><span style=\"font-family: Arial, sans-serif;\">Convento de la Madre de Dios<\/span><\/p>\n<p><span style=\"font-family: Arial, sans-serif;\">Convento de la Pur\u00edsima und seine Kirche<\/span><\/p>\n<p><span style=\"font-family: Arial, sans-serif;\">Convento de las Due\u00f1as<\/span><\/p>\n<p><span style=\"font-family: Arial, sans-serif;\">Convento de San Esteban<\/span><\/p>\n<p><span style=\"font-family: Arial, sans-serif;\">Convento de Santa Clara <\/span><\/p>\n<p><span style=\"font-family: Arial, sans-serif;\">Convento de Santa \u00darsula<\/span><\/p>\n<p><span style=\"font-family: Arial, sans-serif;\">Corpus\u2008Christi<\/span><\/p>\n<p><span style=\"font-family: Arial, sans-serif;\">Cueva de Salamanca<\/span><\/p>\n<p><span style=\"font-family: Arial, sans-serif;\">Die Alte Kathedrale Santa Mar\u00eda de la Sede <\/span><\/p>\n<p><span style=\"font-family: Arial, sans-serif;\">Die Escuelas Mayores<\/span><\/p>\n<p><span style=\"font-family: Arial, sans-serif;\">Die Kathedralen von Salamanca<\/span><\/p>\n<p><span style=\"font-family: Arial, sans-serif;\">Die Neue Kathedrale oder Asunci\u00f3n de la Virgen<\/span><\/p>\n<p><span style=\"font-family: Arial, sans-serif;\">Die provinz Salamanca<\/span><\/p>\n<p><span style=\"font-family: Arial, sans-serif;\">Die R\u00f6mische Br\u00fccke<\/span><\/p>\n<p><span style=\"font-family: Arial, sans-serif;\">Die treppe der Universit\u00e4t<\/span><\/p>\n<p><span style=\"font-family: Arial, sans-serif;\">Die Universit\u00e4t Salamanca<\/span><\/p>\n<p><span style=\"font-family: Arial, sans-serif;\">Die Universit\u00e4tsbibliothek<\/span><\/p>\n<p><span style=\"font-family: Arial, sans-serif;\">El Carmen de Abajo<\/span><\/p>\n<p><span style=\"font-family: Arial, sans-serif;\">El Cielo de Salamanca<\/span><\/p>\n<p><span style=\"font-family: Arial, sans-serif;\">El Mariquelo<\/span><\/p>\n<p><span style=\"font-family: Arial, sans-serif;\">Ermita de Ntra. Sra. de la Misericordia<\/span><\/p>\n<p><span style=\"font-family: Arial, sans-serif;\">Escalera de Soto<\/span><\/p>\n<p><span style=\"font-family: Arial, sans-serif;\">Escuelas Menores<\/span><\/p>\n<p><span style=\"font-family: Arial, sans-serif;\">Geschichte der Stadt Salamanca<\/span><\/p>\n<p><span style=\"font-family: Arial, sans-serif;\">H\u00f6rs\u00e4le, die Kapelle<\/span><\/p>\n<p><span style=\"font-family: Arial, sans-serif;\">Hospeder\u00eda de Anaya<\/span><\/p>\n<p><span style=\"font-family: Arial, sans-serif;\">Hospital del Estudio<\/span><\/p>\n<p><span style=\"font-family: Arial, sans-serif;\">Huerto de Calixto y Melibea<\/span><\/p>\n<p><span style=\"font-family: Arial, sans-serif;\">Ieronimus &#8211; Aufstieg zum Turm<\/span><\/p>\n<p><span style=\"font-family: Arial, sans-serif;\">Iglesia de San Benito<\/span><\/p>\n<p><span style=\"font-family: Arial, sans-serif;\">Iglesia de San Mill\u00e1n<\/span><\/p>\n<p><span style=\"font-family: Arial, sans-serif;\">Iglesia de San Sebasti\u00e1n<\/span><\/p>\n<p><span style=\"font-family: Arial, sans-serif;\">La Clerec\u00eda- Die P\u00e4bstliche Universit\u00e4t<\/span><\/p>\n<p><span style=\"font-family: Arial, sans-serif;\">Los Capuchinos, capilla<\/span><\/p>\n<p><span style=\"font-family: Arial, sans-serif;\">Los Enigmas <\/span><\/p>\n<p><span style=\"font-family: Arial, sans-serif;\">Museo de Salamanca<\/span><\/p>\n<p><span style=\"font-family: Arial, sans-serif;\">Nuestra Se\u00f1ora del Carmelo<\/span><\/p>\n<p><span style=\"font-family: Arial, sans-serif;\">Palacio de Figueroa<\/span><\/p>\n<p><span style=\"font-family: Arial, sans-serif;\">Palacio de Garc\u00ed-Grande<\/span><\/p>\n<p><span style=\"font-family: Arial, sans-serif;\">Palacio de la Salina<\/span><\/p>\n<p><span style=\"font-family: Arial, sans-serif;\">Palacio de Montellano<\/span><\/p>\n<p><span style=\"font-family: Arial, sans-serif;\">Palacio de Monterrey<\/span><\/p>\n<p><span style=\"font-family: Arial, sans-serif;\">Palacio de Orellana<\/span><\/p>\n<p><span style=\"font-family: Arial, sans-serif;\">Palacio de Rodr\u00edguez del Manzano<\/span><\/p>\n<p><span style=\"font-family: Arial, sans-serif;\">Palacio de Sol\u00eds<\/span><\/p>\n<p><span style=\"font-family: Arial, sans-serif;\">Patio Chico<\/span><\/p>\n<p><span style=\"font-family: Arial, sans-serif;\">Plaza de Anaya<\/span><\/p>\n<p><span style=\"font-family: Arial, sans-serif;\">Plaza de Col\u00f3n<\/span><\/p>\n<p><span style=\"font-family: Arial, sans-serif;\">Plaza de la Libertad<\/span><\/p>\n<p><span style=\"font-family: Arial, sans-serif;\">Plaza de los Bandos<\/span><\/p>\n<p><span style=\"font-family: Arial, sans-serif;\">Plaza de San Boal<\/span><\/p>\n<p><span style=\"font-family: Arial, sans-serif;\">Plaza Mayor<\/span><\/p>\n<p><span style=\"font-family: Arial, sans-serif;\">Portada de Ramos<\/span><\/p>\n<p><span style=\"font-family: Arial, sans-serif;\">Portada del Nacimiento<\/span><\/p>\n<p><span style=\"font-family: Arial, sans-serif;\">Real Colegio<\/span><\/p>\n<p><span style=\"font-family: Arial, sans-serif;\">Rinc\u00f3n de San Benito<\/span><\/p>\n<p><span style=\"font-family: Arial, sans-serif;\">San Crist\u00f3bal<\/span><\/p>\n<p><span style=\"font-family: Arial, sans-serif;\">San El\u00edas<\/span><\/p>\n<p><span style=\"font-family: Arial, sans-serif;\">San Isidoro y San Pelayo<\/span><\/p>\n<p><span style=\"font-family: Arial, sans-serif;\">San Juan de Barbalos<\/span><\/p>\n<p><span style=\"font-family: Arial, sans-serif;\">San Juan de Sahag\u00fan<\/span><\/p>\n<p><span style=\"font-family: Arial, sans-serif;\">San Juli\u00e1n y Santa Basilisa<\/span><\/p>\n<p><span style=\"font-family: Arial, sans-serif;\">San Marcos<\/span><\/p>\n<p><span style=\"font-family: Arial, sans-serif;\">San Mart\u00edn de Tours<\/span><\/p>\n<p><span style=\"font-family: Arial, sans-serif;\">San Pablo<\/span><\/p>\n<p><span style=\"font-family: Arial, sans-serif;\">San Polo<\/span><\/p>\n<p><span style=\"font-family: Arial, sans-serif;\">Sancti Spiritus<\/span><\/p>\n<p><span style=\"font-family: Arial, sans-serif;\">Santa Mar\u00eda de los Caballeros<\/span><\/p>\n<p><span style=\"font-family: Arial, sans-serif;\">Santiago del Arrabal<\/span><\/p>\n<p><span style=\"font-family: Arial, sans-serif;\">Santo Tom\u00e1s Cantuariense<\/span><\/p>\n<p><span style=\"font-family: Arial, sans-serif;\">Scala Coeli &#8211; Blick auf die T\u00fcrme<\/span><\/p>\n<p><span style=\"font-family: Arial, sans-serif;\">Torre de Abrantes<\/span><\/p>\n<p><span style=\"font-family: Arial, sans-serif;\">Torre del Aire<\/span><\/p>\n<p><span style=\"font-family: Arial, sans-serif;\">Torre del Clavero<\/span><\/p>\n<p><span style=\"font-family: Arial, sans-serif;\">Torre del Gallo<\/span><\/p>\n<p><span style=\"font-family: Arial, sans-serif;\">Verraco<\/span><\/p>\n","protected":false},"excerpt":{"rendered":"<p>F\u00fchrer von Salamanca und Provinz. Salamanca, eine Universit\u00e4tsstadt, ist nicht nur Wissen, sondern hat auch ein umfangreiches monumentales Erbe, von pr\u00e4historischen Zeiten k\u00f6nnen alle Stile bis zu unserer Zeit verfolgt werden. In diesem Leitfaden werden alle Denkm\u00e4ler und Sehensw\u00fcrdigkeiten der Stadt Salamanca und der Principals der Provinz Salamanca behandelt. In der Stadt mit besonderem Augenmerk [&hellip;]<\/p>\n","protected":false},"featured_media":160,"comment_status":"open","ping_status":"closed","template":"","meta":[],"product_brand":[],"product_cat":[26,27],"product_tag":[],"class_list":{"0":"post-261","1":"product","2":"type-product","3":"status-publish","4":"has-post-thumbnail","6":"product_cat-deutsch","7":"product_cat-kuntschatze-und-sehenswurdkeiten","9":"first","10":"instock","11":"taxable","12":"shipping-taxable","13":"purchasable","14":"product-type-simple"},"jetpack-related-posts":[],"jetpack_sharing_enabled":true,"_links":{"self":[{"href":"https:\/\/www.edilera.com\/index.php\/wp-json\/wp\/v2\/product\/261","targetHints":{"allow":["GET"]}}],"collection":[{"href":"https:\/\/www.edilera.com\/index.php\/wp-json\/wp\/v2\/product"}],"about":[{"href":"https:\/\/www.edilera.com\/index.php\/wp-json\/wp\/v2\/types\/product"}],"replies":[{"embeddable":true,"href":"https:\/\/www.edilera.com\/index.php\/wp-json\/wp\/v2\/comments?post=261"}],"version-history":[{"count":2,"href":"https:\/\/www.edilera.com\/index.php\/wp-json\/wp\/v2\/product\/261\/revisions"}],"predecessor-version":[{"id":95723,"href":"https:\/\/www.edilera.com\/index.php\/wp-json\/wp\/v2\/product\/261\/revisions\/95723"}],"wp:featuredmedia":[{"embeddable":true,"href":"https:\/\/www.edilera.com\/index.php\/wp-json\/wp\/v2\/media\/160"}],"wp:attachment":[{"href":"https:\/\/www.edilera.com\/index.php\/wp-json\/wp\/v2\/media?parent=261"}],"wp:term":[{"taxonomy":"product_brand","embeddable":true,"href":"https:\/\/www.edilera.com\/index.php\/wp-json\/wp\/v2\/product_brand?post=261"},{"taxonomy":"product_cat","embeddable":true,"href":"https:\/\/www.edilera.com\/index.php\/wp-json\/wp\/v2\/product_cat?post=261"},{"taxonomy":"product_tag","embeddable":true,"href":"https:\/\/www.edilera.com\/index.php\/wp-json\/wp\/v2\/product_tag?post=261"}],"curies":[{"name":"wp","href":"https:\/\/api.w.org\/{rel}","templated":true}]}}