{"id":260,"date":"2019-03-05T16:13:02","date_gmt":"2019-03-05T15:13:02","guid":{"rendered":"https:\/\/www.edilera.com\/?post_type=product&#038;p=260"},"modified":"2021-12-28T14:11:25","modified_gmt":"2021-12-28T13:11:25","slug":"salamanque-artistique-et-monumentale","status":"publish","type":"product","link":"https:\/\/www.edilera.com\/index.php\/producto\/salamanque-artistique-et-monumentale\/","title":{"rendered":"Salamanque, artistique et monumentale."},"content":{"rendered":"<p><span style=\"font-family: Arial, sans-serif;\"><b><\/b>Guide de Salamanque et province. Salamanque, ville universitaire, n\u2019est pas seulement le savoir, elle poss\u00e8de \u00e9galement un vaste patrimoine monumental. Depuis la pr\u00e9histoire, tous les styles se retrouvent dans notre temps. Dans ce guide, tous les monuments et points d\u2019int\u00e9r\u00eat de la ville de Salamanque et des principaux de la province de Salamanque sont trait\u00e9s. Dans la ville avec une attention particuli\u00e8re pour les cath\u00e9drales de Salamanque, Ancienne et Nouvelle, l&#8217;Universit\u00e9, La Clerec\u00eda, le pont romain, la Plaza Mayor de Salamanque, le couvent de San Esteban, la Maison des coquillages ou le Palais de Monterrey.<br \/>\nLes textes sont concis, riches et clairs, avec plus de 200 images de format moyen et grand, des plans et des sch\u00e9mas qui aident le visiteur \u00e0 avoir une id\u00e9e claire, abordable et bien utilis\u00e9e de sa visite \u00e0 Salamanque. \u00c0 son tour, sert de rappel de votre visite.<br \/>\n<\/span><\/p>\n<ul>\n<li><span style=\"font-family: Arial, sans-serif;\">Reliure: rustique cousu avec des rabats.<\/span><\/li>\n<li><span style=\"font-family: Arial, sans-serif;\">160 pages.<\/span><\/li>\n<li><span style=\"font-family: Arial, sans-serif;\">Couleur<\/span><\/li>\n<li><span style=\"font-family: Arial, sans-serif;\">Taille: 17 x 24 cm (vertical).<\/span><\/li>\n<li><span style=\"font-family: Arial, sans-serif;\">Avec quadruple pliage, \u00e0 l&#8217;int\u00e9rieur.<\/span><\/li>\n<li><span style=\"font-family: Arial, sans-serif;\">Traduit en fran\u00e7ais par: Thierry Le Roux selon DIN EN 15038.<\/span><\/li>\n<li><span style=\"font-family: Arial, sans-serif;\">ISBN: 978-84-943610-4-3<\/span><\/li>\n<\/ul>\n<p><span style=\"font-family: Arial, sans-serif;\"><b>Index alphab\u00e9tique des sujets abord\u00e9s dans le livre: <\/b><\/span><\/p>\n<p><span style=\"font-family: Arial, sans-serif;\">Calle Libreros<\/span><\/p>\n<p><span style=\"font-family: Arial, sans-serif;\">Carmen de Abajo<\/span><\/p>\n<p><span style=\"font-family: Arial, sans-serif;\">Casa de las Conchas<\/span><\/p>\n<p><span style=\"font-family: Arial, sans-serif;\">Chapelle de la Vera Cruz<\/span><\/p>\n<p><span style=\"font-family: Arial, sans-serif;\">Chapelle du Tiers-Ordre de Saint Fran\u00e7ois<\/span><\/p>\n<p><span style=\"font-family: Arial, sans-serif;\">Clo\u00eetre des Rois<\/span><\/p>\n<p><span style=\"font-family: Arial, sans-serif;\">Coll\u00e8ge de Calatrava<\/span><\/p>\n<p><span style=\"font-family: Arial, sans-serif;\">Coll\u00e8ge de San Bartolom\u00e9 ou de Anaya<\/span><\/p>\n<p><span style=\"font-family: Arial, sans-serif;\">Coll\u00e8ge de San Ildefonso<\/span><\/p>\n<p><span style=\"font-family: Arial, sans-serif;\">Coll\u00e8ge de Santa Catalina<\/span><\/p>\n<p><span style=\"font-family: Arial, sans-serif;\">Coll\u00e8ge Majeur de l\u2019arch\u00eaque Fonseca<\/span><\/p>\n<p><span style=\"font-family: Arial, sans-serif;\">Coll\u00e8ge Mineur de San Ambrosio<\/span><\/p>\n<p><span style=\"font-family: Arial, sans-serif;\">Coll\u00e8ge Mineur de Santa Mar\u00eda de los \u00c1ngeles<\/span><\/p>\n<p><span style=\"font-family: Arial, sans-serif;\">Couvent de la Madre de Dios<\/span><\/p>\n<p><span style=\"font-family: Arial, sans-serif;\">Couvent de Las Due\u00f1as<\/span><\/p>\n<p><span style=\"font-family: Arial, sans-serif;\">Couvent de San El\u00edas<\/span><\/p>\n<p><span style=\"font-family: Arial, sans-serif;\">Couvent de San Esteban<\/span><\/p>\n<p><span style=\"font-family: Arial, sans-serif;\">Couvent de Santa Clara<\/span><\/p>\n<p><span style=\"font-family: Arial, sans-serif;\">Couvent de Santa \u00darsula<\/span><\/p>\n<p><span style=\"font-family: Arial, sans-serif;\">Couvent du Corpus\u2008Christi<\/span><\/p>\n<p><span style=\"font-family: Arial, sans-serif;\">Couvent et \u00e9glise de la Pur\u00edsima Conception<\/span><\/p>\n<p><span style=\"font-family: Arial, sans-serif;\">Eglise de San Benito<\/span><\/p>\n<p><span style=\"font-family: Arial, sans-serif;\">Eglise des Trinitaires<\/span><\/p>\n<p><span style=\"font-family: Arial, sans-serif;\">Eglise San Juli\u00e1n y Santa Basilisa<\/span><\/p>\n<p><span style=\"font-family: Arial, sans-serif;\">Eglise San Mill\u00e1n<\/span><\/p>\n<p><span style=\"font-family: Arial, sans-serif;\">Eglise San Sebasti\u00e1n<\/span><\/p>\n<p><span style=\"font-family: Arial, sans-serif;\">Eglise Santa Mar\u00eda de los Caballeros<\/span><\/p>\n<p><span style=\"font-family: Arial, sans-serif;\">El Mariquelo<\/span><\/p>\n<p><span style=\"font-family: Arial, sans-serif;\">Ermitage de Nuestra Se\u00f1ora de la Misericordia<\/span><\/p>\n<p><span style=\"font-family: Arial, sans-serif;\">Escalier de Soto<\/span><\/p>\n<p><span style=\"font-family: Arial, sans-serif;\">Grotte de Salamanque<\/span><\/p>\n<p><span style=\"font-family: Arial, sans-serif;\">Histoire de l\u2019Universit\u00e9<\/span><\/p>\n<p><span style=\"font-family: Arial, sans-serif;\">Histoire de la ville de Salamanque<\/span><\/p>\n<p><span style=\"font-family: Arial, sans-serif;\">H\u00f4pital du Studium<\/span><\/p>\n<p><span style=\"font-family: Arial, sans-serif;\">H\u00f4pital General de la Sant\u00edsima Trinidad <\/span><\/p>\n<p><span style=\"font-family: Arial, sans-serif;\">H\u00f4tellerie de Anaya<\/span><\/p>\n<p><span style=\"font-family: Arial, sans-serif;\">Ieronimus &#8211; Mont\u00e9e \u00e0 la tour<\/span><\/p>\n<p><span style=\"font-family: Arial, sans-serif;\">Jardin de Calixte et M\u00e9lib\u00e9e<\/span><\/p>\n<p><span style=\"font-family: Arial, sans-serif;\">L\u2019escalier de l\u2019Universit\u00e9<\/span><\/p>\n<p><span style=\"font-family: Arial, sans-serif;\">L\u2019Universit\u00e9 de Salamanque<\/span><\/p>\n<p><span style=\"font-family: Arial, sans-serif;\">La Biblioth\u00e8que de l\u2019Universit\u00e9<\/span><\/p>\n<p><span style=\"font-family: Arial, sans-serif;\">La Clerec\u00eda, Universit\u00e9 Pontificale<\/span><\/p>\n<p><span style=\"font-family: Arial, sans-serif;\">La Plaza de Anaya<\/span><\/p>\n<p><span style=\"font-family: Arial, sans-serif;\">La Plaza de los Bandos<\/span><\/p>\n<p><span style=\"font-family: Arial, sans-serif;\">La Province de Salamanque<\/span><\/p>\n<p><span style=\"font-family: Arial, sans-serif;\">La Torre del Gallo<\/span><\/p>\n<p><span style=\"font-family: Arial, sans-serif;\">Le Ciel de Salamanque<\/span><\/p>\n<p><span style=\"font-family: Arial, sans-serif;\">Le Coin de San Benito<\/span><\/p>\n<p><span style=\"font-family: Arial, sans-serif;\">Le\u2008Coll\u00e8ge Royal <\/span><\/p>\n<p><span style=\"font-family: Arial, sans-serif;\">Les Cath\u00e9drales de Salamanque<\/span><\/p>\n<p><span style=\"font-family: Arial, sans-serif;\">Les Ecoles Majeures<\/span><\/p>\n<p><span style=\"font-family: Arial, sans-serif;\">Les Ecoles Mineures<\/span><\/p>\n<p><span style=\"font-family: Arial, sans-serif;\">Les \u00c9nigmes <\/span><\/p>\n<p><span style=\"font-family: Arial, sans-serif;\">Maison de D\u00aa Mar\u00eda la Brava<\/span><\/p>\n<p><span style=\"font-family: Arial, sans-serif;\">Maison de Juan de Ovalle o de Sta. Teresa<\/span><\/p>\n<p><span style=\"font-family: Arial, sans-serif;\">Maison de la Concorde<\/span><\/p>\n<p><span style=\"font-family: Arial, sans-serif;\">Maison de los Sexmeros de la Tierra<\/span><\/p>\n<p><span style=\"font-family: Arial, sans-serif;\">Maison de Maldonado<\/span><\/p>\n<p><span style=\"font-family: Arial, sans-serif;\">Maison de Miguel de Unamuno<\/span><\/p>\n<p><span style=\"font-family: Arial, sans-serif;\">Maison de Sol\u00eds<\/span><\/p>\n<p><span style=\"font-family: Arial, sans-serif;\">Maison des Morts<\/span><\/p>\n<p><span style=\"font-family: Arial, sans-serif;\">Maison du Regidor Ovalle Prieto<\/span><\/p>\n<p><span style=\"font-family: Arial, sans-serif;\">Maison\u2008Lis, Mus\u00e9e d\u2019Art Noveau et d\u2019Art Dec\u00f3<\/span><\/p>\n<p><span style=\"font-family: Arial, sans-serif;\">Maison-Mus\u00e9e de Miguel de Unamuno<\/span><\/p>\n<p><span style=\"font-family: Arial, sans-serif;\">Mus\u00e9e de Salamanque<\/span><\/p>\n<p><span style=\"font-family: Arial, sans-serif;\">Nouvelle Cath\u00e9drale ou de la Asunci\u00f3n de la Virgen<\/span><\/p>\n<p><span style=\"font-family: Arial, sans-serif;\">Nuestra Se\u00f1ora del Carmelo<\/span><\/p>\n<p><span style=\"font-family: Arial, sans-serif;\">Palais de Figueroa<\/span><\/p>\n<p><span style=\"font-family: Arial, sans-serif;\">Palais de Garc\u00ed-Grande<\/span><\/p>\n<p><span style=\"font-family: Arial, sans-serif;\">Palais de la Salina<\/span><\/p>\n<p><span style=\"font-family: Arial, sans-serif;\">Palais de Montellano<\/span><\/p>\n<p><span style=\"font-family: Arial, sans-serif;\">Palais de Monterrey<\/span><\/p>\n<p><span style=\"font-family: Arial, sans-serif;\">Palais de Orellana<\/span><\/p>\n<p><span style=\"font-family: Arial, sans-serif;\">Palais de Rodr\u00edguez del Manzano<\/span><\/p>\n<p><span style=\"font-family: Arial, sans-serif;\">Palais de Sol\u00eds<\/span><\/p>\n<p><span style=\"font-family: Arial, sans-serif;\">Patio Chico<\/span><\/p>\n<p><span style=\"font-family: Arial, sans-serif;\">Place de San Boal<\/span><\/p>\n<p><span style=\"font-family: Arial, sans-serif;\">Plaza de Col\u00f3n<\/span><\/p>\n<p><span style=\"font-family: Arial, sans-serif;\">Plaza de la Libertad<\/span><\/p>\n<p><span style=\"font-family: Arial, sans-serif;\">Plaza Mayor<\/span><\/p>\n<p><span style=\"font-family: Arial, sans-serif;\">Pont romain<\/span><\/p>\n<p><span style=\"font-family: Arial, sans-serif;\">Portail de la Naissance<\/span><\/p>\n<p><span style=\"font-family: Arial, sans-serif;\">Portail des Rameaux<\/span><\/p>\n<p><span style=\"font-family: Arial, sans-serif;\">Saint Martin de Tours<\/span><\/p>\n<p><span style=\"font-family: Arial, sans-serif;\">Salles de cours et la chapelle<\/span><\/p>\n<p><span style=\"font-family: Arial, sans-serif;\">San Crist\u00f3bal<\/span><\/p>\n<p><span style=\"font-family: Arial, sans-serif;\">San Isidoro y San Pelayo<\/span><\/p>\n<p><span style=\"font-family: Arial, sans-serif;\">San Juan Bautista de Barbalos<\/span><\/p>\n<p><span style=\"font-family: Arial, sans-serif;\">San Juan de Sahag\u00fan<\/span><\/p>\n<p><span style=\"font-family: Arial, sans-serif;\">San Marcos<\/span><\/p>\n<p><span style=\"font-family: Arial, sans-serif;\">San Pablo<\/span><\/p>\n<p><span style=\"font-family: Arial, sans-serif;\">San Polo<\/span><\/p>\n<p><span style=\"font-family: Arial, sans-serif;\">Sancti Spiritus<\/span><\/p>\n<p><span style=\"font-family: Arial, sans-serif;\">Santiago del Arrabal<\/span><\/p>\n<p><span style=\"font-family: Arial, sans-serif;\">Santo Tom\u00e1s Cantuariense<\/span><\/p>\n<p><span style=\"font-family: Arial, sans-serif;\">Scala Coeli &#8211; Visite aux tours<\/span><\/p>\n<p><span style=\"font-family: Arial, sans-serif;\">Torre del Aire<\/span><\/p>\n<p><span style=\"font-family: Arial, sans-serif;\">Tour de Abrantes<\/span><\/p>\n<p><span style=\"font-family: Arial, sans-serif;\">Tour du Clavero<\/span><\/p>\n<p><span style=\"font-family: Arial, sans-serif;\">Verraco<\/span><\/p>\n<p><span style=\"font-family: Arial, sans-serif;\">Vieille Cath\u00e9drale de Santa Mar\u00eda de la Sede<\/span><\/p>\n","protected":false},"excerpt":{"rendered":"<p>Guide de Salamanque et province. Salamanque, ville universitaire, n\u2019est pas seulement le savoir, elle poss\u00e8de \u00e9galement un vaste patrimoine monumental. Depuis la pr\u00e9histoire, tous les styles se retrouvent dans notre temps. Dans ce guide, tous les monuments et points d\u2019int\u00e9r\u00eat de la ville de Salamanque et des principaux de la province de Salamanque sont trait\u00e9s. [&hellip;]<\/p>\n","protected":false},"featured_media":157,"comment_status":"open","ping_status":"closed","template":"","meta":[],"product_brand":[],"product_cat":[24,25],"product_tag":[],"class_list":{"0":"post-260","1":"product","2":"type-product","3":"status-publish","4":"has-post-thumbnail","6":"product_cat-artistique-et-monumentale","7":"product_cat-francais","9":"first","10":"instock","11":"taxable","12":"shipping-taxable","13":"purchasable","14":"product-type-simple"},"jetpack-related-posts":[],"jetpack_sharing_enabled":true,"_links":{"self":[{"href":"https:\/\/www.edilera.com\/index.php\/wp-json\/wp\/v2\/product\/260","targetHints":{"allow":["GET"]}}],"collection":[{"href":"https:\/\/www.edilera.com\/index.php\/wp-json\/wp\/v2\/product"}],"about":[{"href":"https:\/\/www.edilera.com\/index.php\/wp-json\/wp\/v2\/types\/product"}],"replies":[{"embeddable":true,"href":"https:\/\/www.edilera.com\/index.php\/wp-json\/wp\/v2\/comments?post=260"}],"version-history":[{"count":1,"href":"https:\/\/www.edilera.com\/index.php\/wp-json\/wp\/v2\/product\/260\/revisions"}],"predecessor-version":[{"id":95724,"href":"https:\/\/www.edilera.com\/index.php\/wp-json\/wp\/v2\/product\/260\/revisions\/95724"}],"wp:featuredmedia":[{"embeddable":true,"href":"https:\/\/www.edilera.com\/index.php\/wp-json\/wp\/v2\/media\/157"}],"wp:attachment":[{"href":"https:\/\/www.edilera.com\/index.php\/wp-json\/wp\/v2\/media?parent=260"}],"wp:term":[{"taxonomy":"product_brand","embeddable":true,"href":"https:\/\/www.edilera.com\/index.php\/wp-json\/wp\/v2\/product_brand?post=260"},{"taxonomy":"product_cat","embeddable":true,"href":"https:\/\/www.edilera.com\/index.php\/wp-json\/wp\/v2\/product_cat?post=260"},{"taxonomy":"product_tag","embeddable":true,"href":"https:\/\/www.edilera.com\/index.php\/wp-json\/wp\/v2\/product_tag?post=260"}],"curies":[{"name":"wp","href":"https:\/\/api.w.org\/{rel}","templated":true}]}}