{"id":258,"date":"2019-03-05T16:09:13","date_gmt":"2019-03-05T15:09:13","guid":{"rendered":"https:\/\/www.edilera.com\/?post_type=product&#038;p=258"},"modified":"2021-12-28T14:12:27","modified_gmt":"2021-12-28T13:12:27","slug":"salamanca-artistica-y-monumental","status":"publish","type":"product","link":"https:\/\/www.edilera.com\/index.php\/producto\/salamanca-artistica-y-monumental\/","title":{"rendered":"Salamanca, art\u00edstica y monumental"},"content":{"rendered":"<p><span style=\"font-family: Arial, sans-serif;\"><b>Salamanca, art\u00edstica y monumental.<\/b><\/span><\/p>\n<p align=\"JUSTIFY\"><span style=\"font-family: Arial, sans-serif;\">Gu\u00eda de Salamanca y provincia. Salamanca, ciudad universitaria, no es solamente conocimiento, sino que posee un patrimonio monumental extenso, desde la prehistoria se pueden recorrer todos los estilos hasta nuestro tiempo . En esta gu\u00eda se tratan todos los monumentos y puntos de inter\u00e9s de la Ciudad de Salamanca y principales de la provincia de Salamanca. En la ciudad con especial atenci\u00f3n a las Catedrales de Salamanca, Vieja y Nueva, La Universidad, La Clerec\u00eda, el puente romano, la Plaza Mayor de Salamanca, el convento de San Esteban, La casa de las Conchas, o el Palacio de Monterrey.<\/span><\/p>\n<p align=\"JUSTIFY\"><span style=\"font-family: Arial, sans-serif;\">Los textos son concisos, ricos y claros, con m\u00e1s de 200 im\u00e1genes de medio y gran formato, planos, y esquemas que ayudan al visitante a tener una idea clara, asequible y bien aprovechada de su visita a Salamanca. A su vez sirve como recuerdo de su visita. <\/span><\/p>\n<ul>\n<li><span style=\"font-family: Arial, sans-serif;\">Encuadernaci\u00f3n: r\u00fastica cosida con solapas.<\/span><\/li>\n<li><span style=\"font-family: Arial, sans-serif;\">160 p\u00e1ginas.<\/span><\/li>\n<li><span style=\"font-family: Arial, sans-serif;\">A todo color.<\/span><\/li>\n<li><span style=\"font-family: Arial, sans-serif;\">Tama\u00f1o: 17 x 24 cm (vertical).<\/span><\/li>\n<li><span style=\"font-family: Arial, sans-serif;\">Con desplegable cuadr\u00edptico, en el interior.<\/span><\/li>\n<li><span style=\"font-family: Arial, sans-serif;\">ISBN: 978-84-943610-2-9<\/span><\/li>\n<\/ul>\n<p><span style=\"font-family: Arial, sans-serif;\"><b>\u00cdndice alfab\u00e9tico de temas tratados en el libro:<\/b><\/span><\/p>\n<p><span style=\"font-family: Arial, sans-serif;\">Antiguo Hospital de la Stma. Trinidad <\/span><\/p>\n<p><span style=\"font-family: Arial, sans-serif;\">Biblioteca Hist\u00f3rica de la Universidad<\/span><\/p>\n<p><span style=\"font-family: Arial, sans-serif;\">Calle Libreros<\/span><\/p>\n<p><span style=\"font-family: Arial, sans-serif;\">Capuchinos<\/span><\/p>\n<p><span style=\"font-family: Arial, sans-serif;\">Carmelitas<\/span><\/p>\n<p><span style=\"font-family: Arial, sans-serif;\">Carmen de Abajo<\/span><\/p>\n<p><span style=\"font-family: Arial, sans-serif;\">Casa de Abarca Alcaraz<\/span><\/p>\n<p><span style=\"font-family: Arial, sans-serif;\">Casa de D\u00aa Mar\u00eda la Brava<\/span><\/p>\n<p><span style=\"font-family: Arial, sans-serif;\">Casa de la Concordia<\/span><\/p>\n<p><span style=\"font-family: Arial, sans-serif;\">Casa de las Conchas<\/span><\/p>\n<p><span style=\"font-family: Arial, sans-serif;\">Casa de las Muertes<\/span><\/p>\n<p><span style=\"font-family: Arial, sans-serif;\">Casa de los Sexmeros de la Tierra<\/span><\/p>\n<p><span style=\"font-family: Arial, sans-serif;\">Casa de Maldonado<\/span><\/p>\n<p><span style=\"font-family: Arial, sans-serif;\">Casa de Miguel de Unamuno<\/span><\/p>\n<p><span style=\"font-family: Arial, sans-serif;\">Casa de Santa Teresa<\/span><\/p>\n<p><span style=\"font-family: Arial, sans-serif;\">Casa de Sol\u00eds<\/span><\/p>\n<p><span style=\"font-family: Arial, sans-serif;\">Casa del Regidor Ovalle Prieto<\/span><\/p>\n<p><span style=\"font-family: Arial, sans-serif;\">Casa Museo de Miguel de Unamuno<\/span><\/p>\n<p><span style=\"font-family: Arial, sans-serif;\">Casa\u2008Lis, Museo de Art Noveau<\/span><\/p>\n<p><span style=\"font-family: Arial, sans-serif;\">Catedra Vieja de Santa Mar\u00eda de la Sede <\/span><\/p>\n<p><span style=\"font-family: Arial, sans-serif;\">Catedral Nueva de La Asunci\u00f3n de la Virgen<\/span><\/p>\n<p><span style=\"font-family: Arial, sans-serif;\">Catedrales<\/span><\/p>\n<p><span style=\"font-family: Arial, sans-serif;\">Cerro de San Vicente<\/span><\/p>\n<p><span style=\"font-family: Arial, sans-serif;\">Cielo de Salamanca<\/span><\/p>\n<p><span style=\"font-family: Arial, sans-serif;\">Claustro de la Catedral<\/span><\/p>\n<p><span style=\"font-family: Arial, sans-serif;\">Claustro de la Universidad<\/span><\/p>\n<p><span style=\"font-family: Arial, sans-serif;\">Claustro de los Reyes<\/span><\/p>\n<p><span style=\"font-family: Arial, sans-serif;\">Clerec\u00eda, Universidad Pontificia<\/span><\/p>\n<p><span style=\"font-family: Arial, sans-serif;\">Colegio de Calatrava<\/span><\/p>\n<p><span style=\"font-family: Arial, sans-serif;\">Colegio de San Ambrosio<\/span><\/p>\n<p><span style=\"font-family: Arial, sans-serif;\">Colegio de San Ildefonso<\/span><\/p>\n<p><span style=\"font-family: Arial, sans-serif;\">Colegio de San Mill\u00e1n<\/span><\/p>\n<p><span style=\"font-family: Arial, sans-serif;\">Colegio de Santa Mar\u00eda de los \u00c1ngeles<\/span><\/p>\n<p><span style=\"font-family: Arial, sans-serif;\">Colegio Mayor de Anaya<\/span><\/p>\n<p><span style=\"font-family: Arial, sans-serif;\">Colegio Mayor de Fonseca<\/span><\/p>\n<p><span style=\"font-family: Arial, sans-serif;\">Colegio Santa Catalina<\/span><\/p>\n<p><span style=\"font-family: Arial, sans-serif;\">Convento de la Madre de Dios<\/span><\/p>\n<p><span style=\"font-family: Arial, sans-serif;\">Convento de las Due\u00f1as<\/span><\/p>\n<p><span style=\"font-family: Arial, sans-serif;\">Convento de San Esteban<\/span><\/p>\n<p><span style=\"font-family: Arial, sans-serif;\">Convento de Santa Clara &#8211; Museo<\/span><\/p>\n<p><span style=\"font-family: Arial, sans-serif;\">Convento de Santa \u00darsula<\/span><\/p>\n<p><span style=\"font-family: Arial, sans-serif;\">Convento e iglesia de la Pur\u00edsima<\/span><\/p>\n<p><span style=\"font-family: Arial, sans-serif;\">Corpus\u2008Christi<\/span><\/p>\n<p><span style=\"font-family: Arial, sans-serif;\">Cueva de Salamanca<\/span><\/p>\n<p><span style=\"font-family: Arial, sans-serif;\">Enigmas de la Universidad<\/span><\/p>\n<p><span style=\"font-family: Arial, sans-serif;\">Ermita de Ntra. Sra. de los Remedios<\/span><\/p>\n<p><span style=\"font-family: Arial, sans-serif;\">Escalera de la Universidad<\/span><\/p>\n<p><span style=\"font-family: Arial, sans-serif;\">Escalera de Soto<\/span><\/p>\n<p><span style=\"font-family: Arial, sans-serif;\">Escuelas Menores<\/span><\/p>\n<p><span style=\"font-family: Arial, sans-serif;\">Fachada de las Escuelas Mayores<\/span><\/p>\n<p><span style=\"font-family: Arial, sans-serif;\">Historia de la Ciudad<\/span><\/p>\n<p><span style=\"font-family: Arial, sans-serif;\">Hospeder\u00eda de Anaya<\/span><\/p>\n<p><span style=\"font-family: Arial, sans-serif;\">Hospital del Estudio<\/span><\/p>\n<p><span style=\"font-family: Arial, sans-serif;\">Huerto de Calixto y Melibea<\/span><\/p>\n<p><span style=\"font-family: Arial, sans-serif;\">Ieronimus &#8211; Visita a las torres<\/span><\/p>\n<p><span style=\"font-family: Arial, sans-serif;\">\u00cdndice alfab\u00e9tico<\/span><\/p>\n<p><span style=\"font-family: Arial, sans-serif;\">Mariquelo<\/span><\/p>\n<p><span style=\"font-family: Arial, sans-serif;\">Murallas<\/span><\/p>\n<p><span style=\"font-family: Arial, sans-serif;\">Museo Catedralicio<\/span><\/p>\n<p><span style=\"font-family: Arial, sans-serif;\">Museo de Salamanca<\/span><\/p>\n<p><span style=\"font-family: Arial, sans-serif;\">Museo de Santa Clara<\/span><\/p>\n<p><span style=\"font-family: Arial, sans-serif;\">Ordo Salmanticensis<\/span><\/p>\n<p><span style=\"font-family: Arial, sans-serif;\">Palacio de Rodr\u00edguez del Manzano<\/span><\/p>\n<p><span style=\"font-family: Arial, sans-serif;\">Palacio de Garc\u00ed-Grande<\/span><\/p>\n<p><span style=\"font-family: Arial, sans-serif;\">Palacio de la Salina<\/span><\/p>\n<p><span style=\"font-family: Arial, sans-serif;\">Palacio de los Figueroa<\/span><\/p>\n<p><span style=\"font-family: Arial, sans-serif;\">Palacio de Montellano<\/span><\/p>\n<p><span style=\"font-family: Arial, sans-serif;\">Palacio de Monterrey<\/span><\/p>\n<p><span style=\"font-family: Arial, sans-serif;\">Palacio de Orellana<\/span><\/p>\n<p><span style=\"font-family: Arial, sans-serif;\">Palacio de Sol\u00eds<\/span><\/p>\n<p><span style=\"font-family: Arial, sans-serif;\">Patio Chico<\/span><\/p>\n<p><span style=\"font-family: Arial, sans-serif;\">Plaza de Anaya<\/span><\/p>\n<p><span style=\"font-family: Arial, sans-serif;\">Plaza de Col\u00f3n<\/span><\/p>\n<p><span style=\"font-family: Arial, sans-serif;\">Plaza de la Libertad<\/span><\/p>\n<p><span style=\"font-family: Arial, sans-serif;\">Plaza de los Bandos<\/span><\/p>\n<p><span style=\"font-family: Arial, sans-serif;\">Plaza de San Boal<\/span><\/p>\n<p><span style=\"font-family: Arial, sans-serif;\">Plaza Mayor<\/span><\/p>\n<p><span style=\"font-family: Arial, sans-serif;\">Portada de Ramos<\/span><\/p>\n<p><span style=\"font-family: Arial, sans-serif;\">Portada del Nacimiento<\/span><\/p>\n<p><span style=\"font-family: Arial, sans-serif;\">Provincia de Salamanca<\/span><\/p>\n<p><span style=\"font-family: Arial, sans-serif;\">Puente romano<\/span><\/p>\n<p><span style=\"font-family: Arial, sans-serif;\">Real Colegio Jesuitas<\/span><\/p>\n<p><span style=\"font-family: Arial, sans-serif;\">Rinc\u00f3n de San Benito<\/span><\/p>\n<p><span style=\"font-family: Arial, sans-serif;\">San Benito<\/span><\/p>\n<p><span style=\"font-family: Arial, sans-serif;\">San Crist\u00f3bal<\/span><\/p>\n<p><span style=\"font-family: Arial, sans-serif;\">San El\u00edas<\/span><\/p>\n<p><span style=\"font-family: Arial, sans-serif;\">San Isidoro y San Pelayo<\/span><\/p>\n<p><span style=\"font-family: Arial, sans-serif;\">San Juan de Barbalos<\/span><\/p>\n<p><span style=\"font-family: Arial, sans-serif;\">San Juan de Sahag\u00fan<\/span><\/p>\n<p><span style=\"font-family: Arial, sans-serif;\">San Juli\u00e1n y Santa Basilisa<\/span><\/p>\n<p><span style=\"font-family: Arial, sans-serif;\">San Marcos<\/span><\/p>\n<p><span style=\"font-family: Arial, sans-serif;\">San Mart\u00edn Obispo<\/span><\/p>\n<p><span style=\"font-family: Arial, sans-serif;\">San Pablo<\/span><\/p>\n<p><span style=\"font-family: Arial, sans-serif;\">San Polo<\/span><\/p>\n<p><span style=\"font-family: Arial, sans-serif;\">San Sebasti\u00e1n<\/span><\/p>\n<p><span style=\"font-family: Arial, sans-serif;\">Sancti Spiritus<\/span><\/p>\n<p><span style=\"font-family: Arial, sans-serif;\">Santa Mar\u00eda de los Caballeros<\/span><\/p>\n<p><span style=\"font-family: Arial, sans-serif;\">Santiago del Arrabal<\/span><\/p>\n<p><span style=\"font-family: Arial, sans-serif;\">Santo Tom\u00e1s Cantuariense<\/span><\/p>\n<p><span style=\"font-family: Arial, sans-serif;\">Scala Coeli &#8211; Visita a las torres<\/span><\/p>\n<p><span style=\"font-family: Arial, sans-serif;\">Torre de Abrantes<\/span><\/p>\n<p><span style=\"font-family: Arial, sans-serif;\">Torre del Aire<\/span><\/p>\n<p><span style=\"font-family: Arial, sans-serif;\">Torre del Clavero<\/span><\/p>\n<p><span style=\"font-family: Arial, sans-serif;\">Torre del Gallo<\/span><\/p>\n<p><span style=\"font-family: Arial, sans-serif;\">Trinitarios<\/span><\/p>\n<p><span style=\"font-family: Arial, sans-serif;\">Universidad de Salamanca<\/span><\/p>\n<p><span style=\"font-family: Arial, sans-serif;\">Universidad Pontificia<\/span><\/p>\n<p><span style=\"font-family: Arial, sans-serif;\">Vera Cruz<\/span><\/p>\n<p><span style=\"font-family: Arial, sans-serif;\">Verraco<\/span><\/p>\n","protected":false},"excerpt":{"rendered":"<p>Salamanca, art\u00edstica y monumental. Gu\u00eda de Salamanca y provincia. Salamanca, ciudad universitaria, no es solamente conocimiento, sino que posee un patrimonio monumental extenso, desde la prehistoria se pueden recorrer todos los estilos hasta nuestro tiempo . En esta gu\u00eda se tratan todos los monumentos y puntos de inter\u00e9s de la Ciudad de Salamanca y principales [&hellip;]<\/p>\n","protected":false},"featured_media":158,"comment_status":"open","ping_status":"closed","template":"","meta":[],"product_brand":[],"product_cat":[21,20],"product_tag":[],"class_list":{"0":"post-258","1":"product","2":"type-product","3":"status-publish","4":"has-post-thumbnail","6":"product_cat-artistica-y-monumental","7":"product_cat-espanol","9":"first","10":"instock","11":"taxable","12":"shipping-taxable","13":"purchasable","14":"product-type-simple"},"jetpack-related-posts":[],"jetpack_sharing_enabled":true,"_links":{"self":[{"href":"https:\/\/www.edilera.com\/index.php\/wp-json\/wp\/v2\/product\/258","targetHints":{"allow":["GET"]}}],"collection":[{"href":"https:\/\/www.edilera.com\/index.php\/wp-json\/wp\/v2\/product"}],"about":[{"href":"https:\/\/www.edilera.com\/index.php\/wp-json\/wp\/v2\/types\/product"}],"replies":[{"embeddable":true,"href":"https:\/\/www.edilera.com\/index.php\/wp-json\/wp\/v2\/comments?post=258"}],"version-history":[{"count":1,"href":"https:\/\/www.edilera.com\/index.php\/wp-json\/wp\/v2\/product\/258\/revisions"}],"predecessor-version":[{"id":95727,"href":"https:\/\/www.edilera.com\/index.php\/wp-json\/wp\/v2\/product\/258\/revisions\/95727"}],"wp:featuredmedia":[{"embeddable":true,"href":"https:\/\/www.edilera.com\/index.php\/wp-json\/wp\/v2\/media\/158"}],"wp:attachment":[{"href":"https:\/\/www.edilera.com\/index.php\/wp-json\/wp\/v2\/media?parent=258"}],"wp:term":[{"taxonomy":"product_brand","embeddable":true,"href":"https:\/\/www.edilera.com\/index.php\/wp-json\/wp\/v2\/product_brand?post=258"},{"taxonomy":"product_cat","embeddable":true,"href":"https:\/\/www.edilera.com\/index.php\/wp-json\/wp\/v2\/product_cat?post=258"},{"taxonomy":"product_tag","embeddable":true,"href":"https:\/\/www.edilera.com\/index.php\/wp-json\/wp\/v2\/product_tag?post=258"}],"curies":[{"name":"wp","href":"https:\/\/api.w.org\/{rel}","templated":true}]}}