{"id":253,"date":"2019-03-05T15:59:54","date_gmt":"2019-03-05T14:59:54","guid":{"rendered":"https:\/\/www.edilera.com\/?post_type=product&#038;p=253"},"modified":"2019-10-09T08:48:21","modified_gmt":"2019-10-09T06:48:21","slug":"la-real-colegiata-de-toro-santa-maria-la-mayor","status":"publish","type":"product","link":"https:\/\/www.edilera.com\/index.php\/producto\/la-real-colegiata-de-toro-santa-maria-la-mayor\/","title":{"rendered":"La Real Colegiata de Toro, Santa Mar\u00eda la Mayor"},"content":{"rendered":"<p><span style=\"font-family: Arial, sans-serif;\"><span style=\"font-size: medium;\"><b>La Real Colegiata de Toro, Santa Mar\u00eda la Mayor<\/b><\/span><\/span><\/p>\n<p><span style=\"font-family: Arial, sans-serif;\"><span style=\"font-size: medium;\">La Colegiata de Toro, iglesia gemela de la Catedral de Zamora, de proporciones catedralicias, posee sobre el crucero el tercero de los cimborrios zamoranos junto a Zamora, Salamanca y Plasencia.<\/span><\/span><\/p>\n<p><span style=\"font-family: Arial, sans-serif;\"><span style=\"font-size: medium;\">La portada septemptrional o del Apocalipsis, reci\u00e9n restaurada y que conserva parte de la policrom\u00eda, en ella los reyes m\u00fasicos del Apocalisis tocan los instrumentos musicales que se han servido de modelo para reconstruirlos y poder escuchar de nuevo su m\u00fasica.<\/span><\/span><\/p>\n<p><span style=\"font-family: Arial, sans-serif;\"><span style=\"font-size: medium;\">Y la \u00fanica, portada de la Majestad, de fundamentos rom\u00e1nicos, aunque desarrollo g\u00f3tico, r\u00edcamente policromada y felizmente conservada.<\/span><\/span><\/p>\n<p><span style=\"font-family: Arial, sans-serif;\"><span style=\"font-size: medium;\">Se estudia su origen, antecendentes, y comparativas con otros cercanos similares as\u00ed como el esquema con la iconograf\u00eda de ambos p\u00f3rtico pormenorizada para imagen.<\/span><\/span><\/p>\n<p><span style=\"font-family: Arial, sans-serif;\"><span style=\"font-size: medium;\">Los textos como en todos nuestros libros son concisos, ricos y claros, con im\u00e1genes, planos, y esquemas que ayudan al visitante a tener una idea clara, asequible y bien aprovechada de su visita. Y que su vez sirve como recuerdo.<\/span><\/span><\/p>\n<p>&nbsp;<\/p>\n<ul>\n<li><span style=\"font-family: Arial, sans-serif;\"><span style=\"font-size: medium;\">Encuadernaci\u00f3n: r\u00fastica cosida con grapa.<\/span><\/span><\/li>\n<li><span style=\"font-family: Arial, sans-serif;\"><span style=\"font-size: medium;\">48 p\u00e1ginas.<\/span><\/span><\/li>\n<li><span style=\"font-family: Arial, sans-serif;\"><span style=\"font-size: medium;\">A todo color.<\/span><\/span><\/li>\n<li>Con c\u00f3digos QR.<\/li>\n<li><span style=\"font-family: Arial, sans-serif;\"><span style=\"font-size: medium;\">Con esquema pormenorizado de los p\u00f3rticos de la Majestad y el Apolipsis<\/span><\/span><\/li>\n<li><span style=\"font-family: Arial, sans-serif;\"><span style=\"font-size: medium;\">ISBN: 978-84-939387-9-6<\/span><\/span><\/li>\n<\/ul>\n<p>&nbsp;<\/p>\n<p><span style=\"font-family: Arial, sans-serif;\"><b>\u00cdndice alfab\u00e9tico de temas tratados en el libro:<\/b><\/span><\/p>\n<p><span style=\"font-family: Arial, sans-serif;\"><span style=\"font-size: medium;\">Capiteles<\/span><\/span><\/p>\n<p><span style=\"font-family: Arial, sans-serif;\"><span style=\"font-size: medium;\">Crucero y Capilla Mayor<\/span><\/span><\/p>\n<p><span style=\"font-family: Arial, sans-serif;\"><span style=\"font-size: medium;\">El Cimborrio<\/span><\/span><\/p>\n<p><span style=\"font-family: Arial, sans-serif;\"><span style=\"font-size: medium;\">El exterior<\/span><\/span><\/p>\n<p><span style=\"font-family: Arial, sans-serif;\"><span style=\"font-size: medium;\">El interior<\/span><\/span><\/p>\n<p><span style=\"font-family: Arial, sans-serif;\"><span style=\"font-size: medium;\">Esquema del P\u00f3rtico de la Majestad<\/span><\/span><\/p>\n<p><span style=\"font-family: Arial, sans-serif;\"><span style=\"font-size: medium;\">Estatuas<\/span><\/span><\/p>\n<p><span style=\"font-family: Arial, sans-serif;\"><span style=\"font-size: medium;\">Historia de la Colegiata<\/span><\/span><\/p>\n<p><span style=\"font-family: Arial, sans-serif;\"><span style=\"font-size: medium;\">La Construcci\u00f3n<\/span><\/span><\/p>\n<p><span style=\"font-family: Arial, sans-serif;\"><span style=\"font-size: medium;\">Portada del Juicio Final<\/span><\/span><\/p>\n<p><span style=\"font-family: Arial, sans-serif;\"><span style=\"font-size: medium;\">Portada sur<\/span><\/span><\/p>\n<p><span style=\"font-family: Arial, sans-serif;\"><span style=\"font-size: medium;\">P\u00f3rtico de la Majestad<\/span><\/span><\/p>\n<p><span style=\"font-family: Arial, sans-serif;\"><span style=\"font-size: medium;\">Sacrist\u00eda~Museo Parroquial<\/span><\/span><\/p>\n<p><span style=\"font-family: Arial, sans-serif;\"><span style=\"font-size: medium;\">Torre<\/span><\/span><\/p>\n","protected":false},"excerpt":{"rendered":"<p>La Real Colegiata de Toro, Santa Mar\u00eda la Mayor La Colegiata de Toro, iglesia gemela de la Catedral de Zamora, de proporciones catedralicias, posee sobre el crucero el tercero de los cimborrios zamoranos junto a Zamora, Salamanca y Plasencia. La portada septemptrional o del Apocalipsis, reci\u00e9n restaurada y que conserva parte de la policrom\u00eda, en [&hellip;]<\/p>\n","protected":false},"featured_media":199,"comment_status":"open","ping_status":"closed","template":"","meta":[],"product_brand":[],"product_cat":[20,19,29],"product_tag":[],"class_list":{"0":"post-253","1":"product","2":"type-product","3":"status-publish","4":"has-post-thumbnail","6":"product_cat-espanol","7":"product_cat-monograficos","8":"product_cat-zamora","10":"first","11":"instock","12":"taxable","13":"shipping-taxable","14":"purchasable","15":"product-type-simple"},"jetpack-related-posts":[],"jetpack_sharing_enabled":true,"_links":{"self":[{"href":"https:\/\/www.edilera.com\/index.php\/wp-json\/wp\/v2\/product\/253","targetHints":{"allow":["GET"]}}],"collection":[{"href":"https:\/\/www.edilera.com\/index.php\/wp-json\/wp\/v2\/product"}],"about":[{"href":"https:\/\/www.edilera.com\/index.php\/wp-json\/wp\/v2\/types\/product"}],"replies":[{"embeddable":true,"href":"https:\/\/www.edilera.com\/index.php\/wp-json\/wp\/v2\/comments?post=253"}],"version-history":[{"count":0,"href":"https:\/\/www.edilera.com\/index.php\/wp-json\/wp\/v2\/product\/253\/revisions"}],"wp:featuredmedia":[{"embeddable":true,"href":"https:\/\/www.edilera.com\/index.php\/wp-json\/wp\/v2\/media\/199"}],"wp:attachment":[{"href":"https:\/\/www.edilera.com\/index.php\/wp-json\/wp\/v2\/media?parent=253"}],"wp:term":[{"taxonomy":"product_brand","embeddable":true,"href":"https:\/\/www.edilera.com\/index.php\/wp-json\/wp\/v2\/product_brand?post=253"},{"taxonomy":"product_cat","embeddable":true,"href":"https:\/\/www.edilera.com\/index.php\/wp-json\/wp\/v2\/product_cat?post=253"},{"taxonomy":"product_tag","embeddable":true,"href":"https:\/\/www.edilera.com\/index.php\/wp-json\/wp\/v2\/product_tag?post=253"}],"curies":[{"name":"wp","href":"https:\/\/api.w.org\/{rel}","templated":true}]}}