{"id":252,"date":"2019-03-05T15:56:59","date_gmt":"2019-03-05T14:56:59","guid":{"rendered":"https:\/\/www.edilera.com\/?post_type=product&#038;p=252"},"modified":"2021-12-28T14:12:53","modified_gmt":"2021-12-28T13:12:53","slug":"burgos-artistique-et-monumentale","status":"publish","type":"product","link":"https:\/\/www.edilera.com\/index.php\/producto\/burgos-artistique-et-monumentale\/","title":{"rendered":"Burgos, artistique et monumentale"},"content":{"rendered":"<p align=\"LEFT\"><span style=\"font-family: Arial, sans-serif;\"><strong>Guide de Burgos et la route de Santiago passant par Burgos.<\/strong><br \/>\nBurgos, ville gothique, ancienne cour, regorgeant de monuments d&#8217;int\u00e9r\u00eat maximum, tels que la cath\u00e9drale de Burgos, le monast\u00e8re de Las Huelgas, la Cartuja de Miraflores, San Pedro de Carde\u00f1a ou le Mus\u00e9e de l&#8217;\u00c9volution. Ce guide couvre tous les monuments et points d\u2019int\u00e9r\u00eat de la ville de Burgos et de l\u2019itin\u00e9raire principal de Santiago lorsqu\u2019il passe par Burgos. Dans la ville avec une attention particuli\u00e8re pour la cath\u00e9drale, les monast\u00e8res et les mus\u00e9es.<br \/>\nLes textes sont concis, riches et clairs, avec plus de 200 images de format moyen et grand, des plans et des programmes qui aident les visiteurs \u00e0 avoir une id\u00e9e claire, abordable et bien utilis\u00e9e de leur visite \u00e0 Burgos. \u00c0 son tour, sert de rappel de votre visite.<\/span><\/p>\n<ul>\n<li>Reliure: rustique cousu avec des rabats.<\/li>\n<li>208 pages.<\/li>\n<li>Couleur.<\/li>\n<li><span style=\"font-family: Arial, sans-serif;\">Traduit en fran\u00e7ais par: Jean Marc Meinier selon DIN EN 15038.<\/span><\/li>\n<li><span style=\"font-family: Arial, sans-serif;\">Avec quadruple pliage, \u00e0 l&#8217;int\u00e9rieur.<\/span><\/li>\n<li><span style=\"font-family: Arial, sans-serif;\">ISBN: 978-84-948338-1-6<\/span><\/li>\n<\/ul>\n<p align=\"LEFT\"><span style=\"font-family: Arial, sans-serif;\"><b><br \/>\nIndex alphab\u00e9tique des sujets abord\u00e9s dans le livre: <\/b><\/span><\/p>\n<p><span style=\"font-family: Arial, sans-serif;\">Acad\u00e9mie du Consulat<\/span><\/p>\n<p><span style=\"font-family: Arial, sans-serif;\">Ag\u00e9s.<\/span><\/p>\n<p><span style=\"font-family: Arial, sans-serif;\">Alh\u00f3ndiga.<\/span><\/p>\n<p><span style=\"font-family: Arial, sans-serif;\">Ancien Monast\u00e8re de San Juan.<\/span><\/p>\n<p><span style=\"font-family: Arial, sans-serif;\">Antonio de Cabez\u00f3n.<\/span><\/p>\n<p><span style=\"font-family: Arial, sans-serif;\">Arc de Fern\u00e1n Gonz\u00e1lez.<\/span><\/p>\n<p><span style=\"font-family: Arial, sans-serif;\">Arc de San Esteban.<\/span><\/p>\n<p><span style=\"font-family: Arial, sans-serif;\">Arc de San Juan.<\/span><\/p>\n<p><span style=\"font-family: Arial, sans-serif;\">Arc de San Mart\u00edn.<\/span><\/p>\n<p><span style=\"font-family: Arial, sans-serif;\">Arc de Santa Mar\u00eda.<\/span><\/p>\n<p><span style=\"font-family: Arial, sans-serif;\">Arri\u00e8re du ma\u00eetre-autel.<\/span><\/p>\n<p><span style=\"font-family: Arial, sans-serif;\">Arri\u00e8re-ch\u0153ur.<\/span><\/p>\n<p><span style=\"font-family: Arial, sans-serif;\">Belorado.<\/span><\/p>\n<p><span style=\"font-family: Arial, sans-serif;\">Biblioth\u00e8que, Ancien H\u00f4pital de San Juan.<\/span><\/p>\n<p><span style=\"font-family: Arial, sans-serif;\">Canal de castille, le .<\/span><\/p>\n<p><span style=\"font-family: Arial, sans-serif;\">Capilla mayor, la. <\/span><\/p>\n<p><span style=\"font-family: Arial, sans-serif;\">Castrillo de Mota de Jud\u00edos.<\/span><\/p>\n<p><span style=\"font-family: Arial, sans-serif;\">Castrojeriz.<\/span><\/p>\n<p><span style=\"font-family: Arial, sans-serif;\">Cath\u00e9drale de Santa Mar\u00eda.<\/span><\/p>\n<p><span style=\"font-family: Arial, sans-serif;\">Chapelle de la Conception ou de Santa Ana.<\/span><\/p>\n<p><span style=\"font-family: Arial, sans-serif;\">Chapelle de la Pr\u00e9sentation.<\/span><\/p>\n<p><span style=\"font-family: Arial, sans-serif;\">Chapelle de la Visitation.<\/span><\/p>\n<p><span style=\"font-family: Arial, sans-serif;\">Chapelle de San Nicol\u00e1s.<\/span><\/p>\n<p><span style=\"font-family: Arial, sans-serif;\">Chapelle de Santa Tecla.<\/span><\/p>\n<p><span style=\"font-family: Arial, sans-serif;\">Chapelle des Conn\u00e9tables.<\/span><\/p>\n<p><span style=\"font-family: Arial, sans-serif;\">Chapelle Sanctuaire de San Amaro P\u00e9lerin. <\/span><\/p>\n<p><span style=\"font-family: Arial, sans-serif;\">Chartreuse Royale de Santa Mar\u00eda de Miraflores.<\/span><\/p>\n<p><span style=\"font-family: Arial, sans-serif;\">Ch\u00e2teau, le. <\/span><\/p>\n<p><span style=\"font-family: Arial, sans-serif;\">Chemin de Saint-Jacques, le. <\/span><\/p>\n<p><span style=\"font-family: Arial, sans-serif;\">Ch\u0153ur, le. <\/span><\/p>\n<p><span style=\"font-family: Arial, sans-serif;\">Clo\u00eetre.<\/span><\/p>\n<p><span style=\"font-family: Arial, sans-serif;\">Convento de las Salesas.<\/span><\/p>\n<p><span style=\"font-family: Arial, sans-serif;\">Couvent de Santa Clara.<\/span><\/p>\n<p><span style=\"font-family: Arial, sans-serif;\">Couvent de Santa Dorotea.<\/span><\/p>\n<p><span style=\"font-family: Arial, sans-serif;\">Couvent des Carmes Deschaussees<\/span><\/p>\n<p><span style=\"font-family: Arial, sans-serif;\">D\u00e9ambulatoire.<\/span><\/p>\n<p><span style=\"font-family: Arial, sans-serif;\">Deputation Provinciale.<\/span><\/p>\n<p><span style=\"font-family: Arial, sans-serif;\">\u00c9cluse n\u00ba 14.<\/span><\/p>\n<p><span style=\"font-family: Arial, sans-serif;\">\u00c9cole de Musique Municipale, Ancien Monast\u00e8re des Bernardas.<\/span><\/p>\n<p><span style=\"font-family: Arial, sans-serif;\">\u00c9cole Salda\u00f1a.<\/span><\/p>\n<p><span style=\"font-family: Arial, sans-serif;\">Entr\u00e9e du Couronnement.<\/span><\/p>\n<p><span style=\"font-family: Arial, sans-serif;\">Entr\u00e9e du Sarmental.<\/span><\/p>\n<p><span style=\"font-family: Arial, sans-serif;\">Entr\u00e9e Royale ou de Santa Mar\u00eda.<\/span><\/p>\n<p><span style=\"font-family: Arial, sans-serif;\">Escalier Dor\u00e9.<\/span><\/p>\n<p><span style=\"font-family: Arial, sans-serif;\">Glera, la.<\/span><\/p>\n<p><span style=\"font-family: Arial, sans-serif;\">Histoire de la Ville de Burgos.<\/span><\/p>\n<p><span style=\"font-family: Arial, sans-serif;\">H\u00f4pital de Barrantes.<\/span><\/p>\n<p><span style=\"font-family: Arial, sans-serif;\">H\u00f4pital de la Conception.<\/span><\/p>\n<p><span style=\"font-family: Arial, sans-serif;\">H\u00f4pital du Roi, Universit\u00e9 de Burgos.<\/span><\/p>\n<p><span style=\"font-family: Arial, sans-serif;\">Institut Cardinal L\u00f3pez de Mendoza.<\/span><\/p>\n<p><span style=\"font-family: Arial, sans-serif;\">Itero del Castillo.<\/span><\/p>\n<p><span style=\"font-family: Arial, sans-serif;\">L&#8217;Ancien Chemin de Saint-Jacques.<\/span><\/p>\n<p><span style=\"font-family: Arial, sans-serif;\">Las llanas.<\/span><\/p>\n<p><span style=\"font-family: Arial, sans-serif;\">Maison des Cubes, Maison des Lerma.<\/span><\/p>\n<p><span style=\"font-family: Arial, sans-serif;\">Maison des Imprimeurs, Premi\u00e8re \u00e9dition de La Celestina.<\/span><\/p>\n<p><span style=\"font-family: Arial, sans-serif;\">Maison des Maluenda ou Castilfal\u00e9, Archives Municipales.<\/span><\/p>\n<p><span style=\"font-family: Arial, sans-serif;\">Maison du Cordon.<\/span><\/p>\n<p><span style=\"font-family: Arial, sans-serif;\">Maison du Cid.<\/span><\/p>\n<p><span style=\"font-family: Arial, sans-serif;\">Merced, la.<\/span><\/p>\n<p><span style=\"font-family: Arial, sans-serif;\">Monast\u00e8re de San Francisco.<\/span><\/p>\n<p><span style=\"font-family: Arial, sans-serif;\">Monast\u00e8re de San Pedro de Carde\u00f1a.<\/span><\/p>\n<p><span style=\"font-family: Arial, sans-serif;\">Monast\u00e8re Royal de San Agust\u00edn, Archives de la Deputation Provinciale.<\/span><\/p>\n<p><span style=\"font-family: Arial, sans-serif;\">Monast\u00e8re Royal de Santa Mar\u00eda de las Huelgas.<\/span><\/p>\n<p><span style=\"font-family: Arial, sans-serif;\">Monument de l&#8217;Empecinado.<\/span><\/p>\n<p><span style=\"font-family: Arial, sans-serif;\">Muraille de burgos, la. <\/span><\/p>\n<p><span style=\"font-family: Arial, sans-serif;\">Mus\u00e9e de Burgos.<\/span><\/p>\n<p><span style=\"font-family: Arial, sans-serif;\">Mus\u00e9e de l&#8217;\u00c9volution.<\/span><\/p>\n<p><span style=\"font-family: Arial, sans-serif;\">Mus\u00e9e Marceliano Santa Mar\u00eda.<\/span><\/p>\n<p><span style=\"font-family: Arial, sans-serif;\">Palais Archi\u00e9piscopal.<\/span><\/p>\n<p><span style=\"font-family: Arial, sans-serif;\">Palais de la Capitainerie.<\/span><\/p>\n<p><span style=\"font-family: Arial, sans-serif;\">Palais de l&#8217;Audience.<\/span><\/p>\n<p><span style=\"font-family: Arial, sans-serif;\">Papamoscas.<\/span><\/p>\n<p><span style=\"font-family: Arial, sans-serif;\">Paseo de la Isla.<\/span><\/p>\n<p><span style=\"font-family: Arial, sans-serif;\">Paseo del Espol\u00f3n.<\/span><\/p>\n<p><span style=\"font-family: Arial, sans-serif;\">Peintures de la Deputation Provinciale.<\/span><\/p>\n<p><span style=\"font-family: Arial, sans-serif;\">Place de los Casta\u00f1os, Ancienne \u00c9glise de San Llorente.<\/span><\/p>\n<p><span style=\"font-family: Arial, sans-serif;\">Plaza mayor, H\u00f4tel de Ville.<\/span><\/p>\n<p><span style=\"font-family: Arial, sans-serif;\">Pont de Malatos.<\/span><\/p>\n<p><span style=\"font-family: Arial, sans-serif;\">Pont de San Pablo.<\/span><\/p>\n<p><span style=\"font-family: Arial, sans-serif;\">Pont du Roi.<\/span><\/p>\n<p><span style=\"font-family: Arial, sans-serif;\">Porte de la Pellejer\u00eda.<\/span><\/p>\n<p><span style=\"font-family: Arial, sans-serif;\">Rodrigo D\u00edaz, El Cid, Statue \u00c9questre.<\/span><\/p>\n<p><span style=\"font-family: Arial, sans-serif;\">Saint Christ de Burgos.<\/span><\/p>\n<p><span style=\"font-family: Arial, sans-serif;\">San Cosme et San Dami\u00e1n.<\/span><\/p>\n<p><span style=\"font-family: Arial, sans-serif;\">San Esteban ~ Mus\u00e9e du retable.<\/span><\/p>\n<p><span style=\"font-family: Arial, sans-serif;\">San Gil Abad.<\/span><\/p>\n<p><span style=\"font-family: Arial, sans-serif;\">San Juan de Ortega.<\/span><\/p>\n<p><span style=\"font-family: Arial, sans-serif;\">San Lesmes<\/span><\/p>\n<p><span style=\"font-family: Arial, sans-serif;\">San Lorenzo.<\/span><\/p>\n<p><span style=\"font-family: Arial, sans-serif;\">San Nicol\u00e1s.<\/span><\/p>\n<p><span style=\"font-family: Arial, sans-serif;\">Santa Gadea.<\/span><\/p>\n<p><span style=\"font-family: Arial, sans-serif;\">Santa Mar\u00eda la Real de Gamonal.<\/span><\/p>\n<p><span style=\"font-family: Arial, sans-serif;\">Sasam\u00f3n ~ Segisamone.<\/span><\/p>\n<p><span style=\"font-family: Arial, sans-serif;\">S\u00e9minaire de San Jer\u00f3nimo.<\/span><\/p>\n<p><span style=\"font-family: Arial, sans-serif;\">The\u00e2tre Principal.<\/span><\/p>\n<p><span style=\"font-family: Arial, sans-serif;\">Transept ~ Tour-lanterne.<\/span><\/p>\n<p><span style=\"font-family: Arial, sans-serif;\">Trinitaires, les.<\/span><\/p>\n<p><span style=\"font-family: Arial, sans-serif;\">Valdefuentes.<\/span><\/p>\n<p><span style=\"font-family: Arial, sans-serif;\">Villafranca de Montes de Oca.<\/span><\/p>\n<p><span style=\"font-family: Arial, sans-serif;\">Ville romaine de Sasam\u00f3n et ses voies, la. <\/span><\/p>\n<p><span style=\"font-family: Arial, sans-serif;\">Viloria de Rioja.<\/span><\/p>\n<p><span style=\"font-family: Arial, sans-serif;\">Vitraux.<\/span><\/p>\n","protected":false},"excerpt":{"rendered":"<p>Guide de Burgos et la route de Santiago passant par Burgos. Burgos, ville gothique, ancienne cour, regorgeant de monuments d&#8217;int\u00e9r\u00eat maximum, tels que la cath\u00e9drale de Burgos, le monast\u00e8re de Las Huelgas, la Cartuja de Miraflores, San Pedro de Carde\u00f1a ou le Mus\u00e9e de l&#8217;\u00c9volution. Ce guide couvre tous les monuments et points d\u2019int\u00e9r\u00eat de [&hellip;]<\/p>\n","protected":false},"featured_media":206,"comment_status":"open","ping_status":"closed","template":"","meta":[],"product_brand":[],"product_cat":[24,28,25],"product_tag":[],"class_list":{"0":"post-252","1":"product","2":"type-product","3":"status-publish","4":"has-post-thumbnail","6":"product_cat-artistique-et-monumentale","7":"product_cat-burgos","8":"product_cat-francais","10":"first","11":"instock","12":"taxable","13":"shipping-taxable","14":"purchasable","15":"product-type-simple"},"jetpack-related-posts":[],"jetpack_sharing_enabled":true,"_links":{"self":[{"href":"https:\/\/www.edilera.com\/index.php\/wp-json\/wp\/v2\/product\/252","targetHints":{"allow":["GET"]}}],"collection":[{"href":"https:\/\/www.edilera.com\/index.php\/wp-json\/wp\/v2\/product"}],"about":[{"href":"https:\/\/www.edilera.com\/index.php\/wp-json\/wp\/v2\/types\/product"}],"replies":[{"embeddable":true,"href":"https:\/\/www.edilera.com\/index.php\/wp-json\/wp\/v2\/comments?post=252"}],"version-history":[{"count":1,"href":"https:\/\/www.edilera.com\/index.php\/wp-json\/wp\/v2\/product\/252\/revisions"}],"predecessor-version":[{"id":95728,"href":"https:\/\/www.edilera.com\/index.php\/wp-json\/wp\/v2\/product\/252\/revisions\/95728"}],"wp:featuredmedia":[{"embeddable":true,"href":"https:\/\/www.edilera.com\/index.php\/wp-json\/wp\/v2\/media\/206"}],"wp:attachment":[{"href":"https:\/\/www.edilera.com\/index.php\/wp-json\/wp\/v2\/media?parent=252"}],"wp:term":[{"taxonomy":"product_brand","embeddable":true,"href":"https:\/\/www.edilera.com\/index.php\/wp-json\/wp\/v2\/product_brand?post=252"},{"taxonomy":"product_cat","embeddable":true,"href":"https:\/\/www.edilera.com\/index.php\/wp-json\/wp\/v2\/product_cat?post=252"},{"taxonomy":"product_tag","embeddable":true,"href":"https:\/\/www.edilera.com\/index.php\/wp-json\/wp\/v2\/product_tag?post=252"}],"curies":[{"name":"wp","href":"https:\/\/api.w.org\/{rel}","templated":true}]}}