{"id":250,"date":"2019-03-05T15:52:54","date_gmt":"2019-03-05T14:52:54","guid":{"rendered":"https:\/\/www.edilera.com\/?post_type=product&#038;p=250"},"modified":"2021-12-28T14:13:40","modified_gmt":"2021-12-28T13:13:40","slug":"burgos-artistica-y-monumental","status":"publish","type":"product","link":"https:\/\/www.edilera.com\/index.php\/producto\/burgos-artistica-y-monumental\/","title":{"rendered":"Burgos, art\u00edstica y monumental"},"content":{"rendered":"<p align=\"JUSTIFY\"><strong><span style=\"font-family: Arial, sans-serif;\">Gu\u00eda de Burgos y el camino de Santiago a su paso por Burgos.<\/span><\/strong><\/p>\n<p align=\"JUSTIFY\"><span style=\"font-family: Arial, sans-serif;\">Burgos, Ciudad g\u00f3tica, antigua corte, cuajada de monumentos del m\u00e1ximo inter\u00e9s, como la Catedral de Burgos, El Monasterio de Las Huelgas, La Cartuja de Miraflores, San Pedro de Carde\u00f1a o el Museo de la Evoluci\u00f3n. En esta gu\u00eda se tratan todos los monumentos y puntos de inter\u00e9s de la Ciudad de Burgos y principales el camino de Santiago a su paso por Burgos. En la ciudad con especial atenci\u00f3n a la Catedral, monasterios y museos.<\/span><\/p>\n<p align=\"JUSTIFY\"><span style=\"font-family: Arial, sans-serif;\">Los textos son concisos, ricos y claros, con m\u00e1s de 200 im\u00e1genes de medio y gran formato, planos, y esquemas que ayudan al visitante a tener una idea clara, asequible y bien aprovechada de su visita a Burgos. A su vez sirve como recuerdo de su visita. <\/span><\/p>\n<ul>\n<li><span style=\"font-family: Arial, sans-serif;\">Encuadernaci\u00f3n: r\u00fastica cosida con solapas.<\/span><\/li>\n<li><span style=\"font-family: Arial, sans-serif;\">208 p\u00e1ginas.<\/span><\/li>\n<li><span style=\"font-family: Arial, sans-serif;\">A todo color.<\/span><\/li>\n<li>Con c\u00f3digos QR.<\/li>\n<li>GIGAFOTOS<\/li>\n<li><span style=\"font-family: Arial, sans-serif;\">Con desplegable cuadr\u00edptico, en el interior.<\/span><\/li>\n<li><span style=\"font-family: Arial, sans-serif;\">ISBN: 978-84-945352-9-1<\/span><\/li>\n<\/ul>\n<p>&nbsp;<\/p>\n<p><span style=\"font-family: Arial, sans-serif;\"><b>\u00cdndice alfab\u00e9tico de temas tratados en el libro:<\/b><\/span><\/p>\n<p><span style=\"font-family: Arial, sans-serif;\">Academia del Consulado del Mar.<\/span><\/p>\n<p><span style=\"font-family: Arial, sans-serif;\">Ag\u00e9s.<\/span><\/p>\n<p><span style=\"font-family: Arial, sans-serif;\">Alh\u00f3ndiga.<\/span><\/p>\n<p><span style=\"font-family: Arial, sans-serif;\">Antiguo Hospital de Barrantes.<\/span><\/p>\n<p><span style=\"font-family: Arial, sans-serif;\">Antiguo Monasterio de San Juan.<\/span><\/p>\n<p><span style=\"font-family: Arial, sans-serif;\">Antonio de Cabez\u00f3n.<\/span><\/p>\n<p><span style=\"font-family: Arial, sans-serif;\">Archivo de la Diputaci\u00f3n Provincial de Burgos.<\/span><\/p>\n<p><span style=\"font-family: Arial, sans-serif;\">Archivo Hist\u00f3rico Municipal.<\/span><\/p>\n<p><span style=\"font-family: Arial, sans-serif;\">Arco de Fern\u00e1n Gonz\u00e1lez.<\/span><\/p>\n<p><span style=\"font-family: Arial, sans-serif;\">Arco de San Esteban.<\/span><\/p>\n<p><span style=\"font-family: Arial, sans-serif;\">Arco de San Gil.<\/span><\/p>\n<p><span style=\"font-family: Arial, sans-serif;\">Arco de San Juan.<\/span><\/p>\n<p><span style=\"font-family: Arial, sans-serif;\">Arco de San Mart\u00edn.<\/span><\/p>\n<p><span style=\"font-family: Arial, sans-serif;\">Arco de Santa Mar\u00eda.<\/span><\/p>\n<p><span style=\"font-family: Arial, sans-serif;\">Belorado.<\/span><\/p>\n<p><span style=\"font-family: Arial, sans-serif;\">Biblia de Burgos.<\/span><\/p>\n<p><span style=\"font-family: Arial, sans-serif;\">Biblia de Gutenberg.<\/span><\/p>\n<p><span style=\"font-family: Arial, sans-serif;\">Bibliograf\u00eda.<\/span><\/p>\n<p><span style=\"font-family: Arial, sans-serif;\">Biblioteca P\u00fablica. Hospital de San Juan<\/span><\/p>\n<p><span style=\"font-family: Arial, sans-serif;\">camino de Santiago Antiguo, El <\/span><\/p>\n<p><span style=\"font-family: Arial, sans-serif;\">Camino de Santiago en la provincia, El <\/span><\/p>\n<p><span style=\"font-family: Arial, sans-serif;\">Camino Franc\u00e9s, El <\/span><\/p>\n<p><span style=\"font-family: Arial, sans-serif;\">Canal de Castilla, El <\/span><\/p>\n<p><span style=\"font-family: Arial, sans-serif;\">Capilla de la Concepci\u00f3n o Santa Ana.<\/span><\/p>\n<p><span style=\"font-family: Arial, sans-serif;\">Capilla de la Presentaci\u00f3n.<\/span><\/p>\n<p><span style=\"font-family: Arial, sans-serif;\">Capilla de la Visitaci\u00f3n<\/span><\/p>\n<p><span style=\"font-family: Arial, sans-serif;\">Capilla de los Condestables, La <\/span><\/p>\n<p><span style=\"font-family: Arial, sans-serif;\">Capilla de San Amaro.<\/span><\/p>\n<p><span style=\"font-family: Arial, sans-serif;\">Capilla de San Nicol\u00e1s.<\/span><\/p>\n<p><span style=\"font-family: Arial, sans-serif;\">Capilla de Santa Tecla.<\/span><\/p>\n<p><span style=\"font-family: Arial, sans-serif;\">Casa de Castilfal\u00e9 o Maluena.<\/span><\/p>\n<p><span style=\"font-family: Arial, sans-serif;\">Casa de los Cubos~Lerma. San Llorente.<\/span><\/p>\n<p><span style=\"font-family: Arial, sans-serif;\">Casa del Cord\u00f3n.<\/span><\/p>\n<p><span style=\"font-family: Arial, sans-serif;\">Castillo de Burgos, El <\/span><\/p>\n<p><span style=\"font-family: Arial, sans-serif;\">Castrillo de Mota de Jud\u00edos.<\/span><\/p>\n<p><span style=\"font-family: Arial, sans-serif;\">Castrojeriz<\/span><\/p>\n<p><span style=\"font-family: Arial, sans-serif;\">Catedral de Santa Mar\u00eda.<\/span><\/p>\n<p><span style=\"font-family: Arial, sans-serif;\">Cimborrio, El<\/span><\/p>\n<p><span style=\"font-family: Arial, sans-serif;\">Ciudad romana de Sasam\u00f3n y sus v\u00edas, La <\/span><\/p>\n<p><span style=\"font-family: Arial, sans-serif;\">Claustro.<\/span><\/p>\n<p><span style=\"font-family: Arial, sans-serif;\">Colegio Salda\u00f1a.<\/span><\/p>\n<p><span style=\"font-family: Arial, sans-serif;\">Conservatorio de M\u00fasica. Bernardas.<\/span><\/p>\n<p><span style=\"font-family: Arial, sans-serif;\">Convento de Carmelitas Descalzas.<\/span><\/p>\n<p><span style=\"font-family: Arial, sans-serif;\">Convento de las Salesas.<\/span><\/p>\n<p><span style=\"font-family: Arial, sans-serif;\">Convento de Santa Clara.<\/span><\/p>\n<p><span style=\"font-family: Arial, sans-serif;\">Convento de Santa Dorotea.<\/span><\/p>\n<p><span style=\"font-family: Arial, sans-serif;\">Edificio de la Diputaci\u00f3n Provincial.<\/span><\/p>\n<p><span style=\"font-family: Arial, sans-serif;\">escalera dorada, La <\/span><\/p>\n<p><span style=\"font-family: Arial, sans-serif;\">Esclusa de San Llorente de la Vega.<\/span><\/p>\n<p><span style=\"font-family: Arial, sans-serif;\">Girola<\/span><\/p>\n<p><span style=\"font-family: Arial, sans-serif;\">Glera, La <\/span><\/p>\n<p><span style=\"font-family: Arial, sans-serif;\">Historia de la Ciudad<\/span><\/p>\n<p><span style=\"font-family: Arial, sans-serif;\">Historia del camino.<\/span><\/p>\n<p><span style=\"font-family: Arial, sans-serif;\">Hospital de la Concepci\u00f3n.<\/span><\/p>\n<p><span style=\"font-family: Arial, sans-serif;\">Hospital del Rey.<\/span><\/p>\n<p><span style=\"font-family: Arial, sans-serif;\">Instituto Cardenal L\u00f3pez de Mendoza.<\/span><\/p>\n<p><span style=\"font-family: Arial, sans-serif;\">Itero del Castillo.<\/span><\/p>\n<p><span style=\"font-family: Arial, sans-serif;\">Llanas, Las<\/span><\/p>\n<p><span style=\"font-family: Arial, sans-serif;\">Merced, La <\/span><\/p>\n<p><span style=\"font-family: Arial, sans-serif;\">Monasterio de San Pedro de Carde\u00f1a.<\/span><\/p>\n<p><span style=\"font-family: Arial, sans-serif;\">muralla de Burgos, La <\/span><\/p>\n<p><span style=\"font-family: Arial, sans-serif;\">Museo Catedralicio.<\/span><\/p>\n<p><span style=\"font-family: Arial, sans-serif;\">Museo de Burgos.<\/span><\/p>\n<p><span style=\"font-family: Arial, sans-serif;\">Museo de la Evoluci\u00f3n.<\/span><\/p>\n<p><span style=\"font-family: Arial, sans-serif;\">Museo del Retablo.<\/span><\/p>\n<p><span style=\"font-family: Arial, sans-serif;\">Museo Marciliano Santa Mar\u00eda.<\/span><\/p>\n<p><span style=\"font-family: Arial, sans-serif;\">Palacio Arzobispal.<\/span><\/p>\n<p><span style=\"font-family: Arial, sans-serif;\">Palacio de la Audiencia.<\/span><\/p>\n<p><span style=\"font-family: Arial, sans-serif;\">Palacio de la Capitan\u00eda .<\/span><\/p>\n<p><span style=\"font-family: Arial, sans-serif;\">Papamoscas, reloj, El <\/span><\/p>\n<p><span style=\"font-family: Arial, sans-serif;\">Paseo de la Isla.<\/span><\/p>\n<p><span style=\"font-family: Arial, sans-serif;\">Paseo del Espol\u00f3n.<\/span><\/p>\n<p><span style=\"font-family: Arial, sans-serif;\">Plaza Mayor. Ayuntamiento.<\/span><\/p>\n<p><span style=\"font-family: Arial, sans-serif;\">Portada de la Coroner\u00eda<\/span><\/p>\n<p><span style=\"font-family: Arial, sans-serif;\">Portada del Sarmental<\/span><\/p>\n<p><span style=\"font-family: Arial, sans-serif;\">Portada Real o de Santa Mar\u00eda<\/span><\/p>\n<p><span style=\"font-family: Arial, sans-serif;\">Puente de Malatos.<\/span><\/p>\n<p><span style=\"font-family: Arial, sans-serif;\">Puente de San Pablo.<\/span><\/p>\n<p><span style=\"font-family: Arial, sans-serif;\">Puente del Rey , El<\/span><\/p>\n<p><span style=\"font-family: Arial, sans-serif;\">Puerta de la Pellejer\u00eda<\/span><\/p>\n<p><span style=\"font-family: Arial, sans-serif;\">Real Cartuja de Santa Mar\u00eda de Miraflores.<\/span><\/p>\n<p><span style=\"font-family: Arial, sans-serif;\">Real Monasterio de las Huelgas.<\/span><\/p>\n<p><span style=\"font-family: Arial, sans-serif;\">Real Monasterio de San Agust\u00edn.<\/span><\/p>\n<p><span style=\"font-family: Arial, sans-serif;\">Rodrigo D\u00edaz de Vivar, El Cid.<\/span><\/p>\n<p><span style=\"font-family: Arial, sans-serif;\">Ruinas de San\u2008Francisco.<\/span><\/p>\n<p><span style=\"font-family: Arial, sans-serif;\">San Cosme y San Dami\u00e1n.<\/span><\/p>\n<p><span style=\"font-family: Arial, sans-serif;\">San Esteban.<\/span><\/p>\n<p><span style=\"font-family: Arial, sans-serif;\">San Gil.<\/span><\/p>\n<p><span style=\"font-family: Arial, sans-serif;\">San Juan de Ortega<\/span><\/p>\n<p><span style=\"font-family: Arial, sans-serif;\">San Lesmes.<\/span><\/p>\n<p><span style=\"font-family: Arial, sans-serif;\">San Lorenzo.<\/span><\/p>\n<p><span style=\"font-family: Arial, sans-serif;\">San Nicol\u00e1s.<\/span><\/p>\n<p><span style=\"font-family: Arial, sans-serif;\">Santa \u00c1gueda.<\/span><\/p>\n<p><span style=\"font-family: Arial, sans-serif;\">Santa Mar\u00eda la Real de Gamonal<\/span><\/p>\n<p><span style=\"font-family: Arial, sans-serif;\">Sasam\u00f3n.<\/span><\/p>\n<p><span style=\"font-family: Arial, sans-serif;\">Seminario de San Jer\u00f3nimo.<\/span><\/p>\n<p><span style=\"font-family: Arial, sans-serif;\">Solar del Cid.<\/span><\/p>\n<p><span style=\"font-family: Arial, sans-serif;\">Stmo. Cristo de Burgos, El <\/span><\/p>\n<p><span style=\"font-family: Arial, sans-serif;\">Teatro Principal.<\/span><\/p>\n<p><span style=\"font-family: Arial, sans-serif;\">Trasaltar.<\/span><\/p>\n<p><span style=\"font-family: Arial, sans-serif;\">Trascoro.<\/span><\/p>\n<p><span style=\"font-family: Arial, sans-serif;\">Trinitarios, Los <\/span><\/p>\n<p><span style=\"font-family: Arial, sans-serif;\">Tumba del Cid y Jimena.<\/span><\/p>\n<p><span style=\"font-family: Arial, sans-serif;\">Tumba del Empecinado.<\/span><\/p>\n<p><span style=\"font-family: Arial, sans-serif;\">Valdefuentes<\/span><\/p>\n<p><span style=\"font-family: Arial, sans-serif;\">Vidrieras.<\/span><\/p>\n<p><span style=\"font-family: Arial, sans-serif;\">Villafranca de Montes de Oca<\/span><\/p>\n<p><span style=\"font-family: Arial, sans-serif;\">Viloria de Rioja<\/span><\/p>\n","protected":false},"excerpt":{"rendered":"<p>Gu\u00eda de Burgos y el camino de Santiago a su paso por Burgos. Burgos, Ciudad g\u00f3tica, antigua corte, cuajada de monumentos del m\u00e1ximo inter\u00e9s, como la Catedral de Burgos, El Monasterio de Las Huelgas, La Cartuja de Miraflores, San Pedro de Carde\u00f1a o el Museo de la Evoluci\u00f3n. En esta gu\u00eda se tratan todos los [&hellip;]<\/p>\n","protected":false},"featured_media":211,"comment_status":"open","ping_status":"closed","template":"","meta":[],"product_brand":[],"product_cat":[21,28,20],"product_tag":[],"class_list":{"0":"post-250","1":"product","2":"type-product","3":"status-publish","4":"has-post-thumbnail","6":"product_cat-artistica-y-monumental","7":"product_cat-burgos","8":"product_cat-espanol","10":"first","11":"instock","12":"taxable","13":"shipping-taxable","14":"purchasable","15":"product-type-simple"},"jetpack-related-posts":[],"jetpack_sharing_enabled":true,"_links":{"self":[{"href":"https:\/\/www.edilera.com\/index.php\/wp-json\/wp\/v2\/product\/250","targetHints":{"allow":["GET"]}}],"collection":[{"href":"https:\/\/www.edilera.com\/index.php\/wp-json\/wp\/v2\/product"}],"about":[{"href":"https:\/\/www.edilera.com\/index.php\/wp-json\/wp\/v2\/types\/product"}],"replies":[{"embeddable":true,"href":"https:\/\/www.edilera.com\/index.php\/wp-json\/wp\/v2\/comments?post=250"}],"version-history":[{"count":1,"href":"https:\/\/www.edilera.com\/index.php\/wp-json\/wp\/v2\/product\/250\/revisions"}],"predecessor-version":[{"id":95729,"href":"https:\/\/www.edilera.com\/index.php\/wp-json\/wp\/v2\/product\/250\/revisions\/95729"}],"wp:featuredmedia":[{"embeddable":true,"href":"https:\/\/www.edilera.com\/index.php\/wp-json\/wp\/v2\/media\/211"}],"wp:attachment":[{"href":"https:\/\/www.edilera.com\/index.php\/wp-json\/wp\/v2\/media?parent=250"}],"wp:term":[{"taxonomy":"product_brand","embeddable":true,"href":"https:\/\/www.edilera.com\/index.php\/wp-json\/wp\/v2\/product_brand?post=250"},{"taxonomy":"product_cat","embeddable":true,"href":"https:\/\/www.edilera.com\/index.php\/wp-json\/wp\/v2\/product_cat?post=250"},{"taxonomy":"product_tag","embeddable":true,"href":"https:\/\/www.edilera.com\/index.php\/wp-json\/wp\/v2\/product_tag?post=250"}],"curies":[{"name":"wp","href":"https:\/\/api.w.org\/{rel}","templated":true}]}}