{"id":249,"date":"2019-03-05T15:50:32","date_gmt":"2019-03-05T14:50:32","guid":{"rendered":"https:\/\/www.edilera.com\/?post_type=product&#038;p=249"},"modified":"2021-12-28T14:14:48","modified_gmt":"2021-12-28T13:14:48","slug":"avila-kuntschatze-und-sehenswurdkeiten","status":"publish","type":"product","link":"https:\/\/www.edilera.com\/index.php\/producto\/avila-kuntschatze-und-sehenswurdkeiten\/","title":{"rendered":"\u00c1vila, kuntsch\u00e4tze und sehensw\u00fcrdkeiten."},"content":{"rendered":"<p><strong><span style=\"font-family: Arial, sans-serif;\">F\u00fchrer von \u00c1vila und Provinz.<\/span><\/strong><\/p>\n<p><span style=\"font-family: Arial, sans-serif;\">\u00c1vila, die Stadt Santa Teresa, verteidigt durch ihre Mauern, Weltkulturerbe. In diesem Leitfaden werden alle Denkm\u00e4ler und Sehensw\u00fcrdigkeiten der Stadt \u00c1vila und die wichtigsten der Provinz \u00c1vila behandelt. In der Stadt mit besonderem Augenmerk auf der Kathedrale von \u00c1vila, den Mauern, der Basilika San Vicente, San Pedro und den Kl\u00f6stern, in denen der Heilige lebte.<br \/>\nDie Texte sind pr\u00e4gnant, reichhaltig und klar, mit mehr als 200 mittelgro\u00dfen und gro\u00dfen Bildern, Pl\u00e4nen und Entw\u00fcrfen, die dem Besucher eine klare, erschwingliche und gut benutzte Vorstellung von seinem Besuch in \u00c1vila vermitteln. Dies dient wiederum als Erinnerung an Ihren Besuch.<br \/>\n<\/span><\/p>\n<ul>\n<li><span style=\"font-family: Arial, sans-serif;\">Bindung: rustikal mit Klappen gen\u00e4ht.<\/span><\/li>\n<li><span style=\"font-family: Arial, sans-serif;\">160 Seiten.<\/span><\/li>\n<li><span style=\"font-family: Arial, sans-serif;\">Volle farbe<\/span><\/li>\n<li><span style=\"font-family: Arial, sans-serif;\">\u00dcbersetzt ins Deutsche von: Vera Krutisch nach der DIN EN 15038.<\/span><\/li>\n<li><span style=\"font-family: Arial, sans-serif;\">Mit vierfacher Faltung innen.<\/span><\/li>\n<li><span style=\"font-family: Arial, sans-serif;\">ISBN: 978-84-943610-1-2<\/span><\/li>\n<\/ul>\n<p><span style=\"font-family: Arial, sans-serif;\"><b>Alphabetischer Index der im Buch behandelten Themen: <\/b><\/span><\/p>\n<p><span style=\"font-family: Arial, sans-serif;\">Alte Konvent San Francisco, Das<\/span><\/p>\n<p><span style=\"font-family: Arial, sans-serif;\">Arenas de San Pedro<\/span><\/p>\n<p><span style=\"font-family: Arial, sans-serif;\">Ar\u00e9valo Mud\u00e9jar Kunst in La Mora\u00f1a<\/span><\/p>\n<p><span style=\"font-family: Arial, sans-serif;\">Basilika der Hl.Vicente, Die<\/span><\/p>\n<p><span style=\"font-family: Arial, sans-serif;\">Bisch\u00f6fliche Palast, Der<\/span><\/p>\n<p><span style=\"font-family: Arial, sans-serif;\">Bonilla de la Sierra<\/span><\/p>\n<p><span style=\"font-family: Arial, sans-serif;\">Br\u00fccke \u00fcber den Fluss Adaja, Die<\/span><\/p>\n<p><span style=\"font-family: Arial, sans-serif;\">Candeleda<\/span><\/p>\n<p><span style=\"font-family: Arial, sans-serif;\">Castro de El Raso<\/span><\/p>\n<p><span style=\"font-family: Arial, sans-serif;\">Castro de La Mesa de Miranda<\/span><\/p>\n<p><span style=\"font-family: Arial, sans-serif;\">Castro de Las Cogotas<\/span><\/p>\n<p><span style=\"font-family: Arial, sans-serif;\">Castro de Ulaca<\/span><\/p>\n<p><span style=\"font-family: Arial, sans-serif;\">Cebreros<\/span><\/p>\n<p><span style=\"font-family: Arial, sans-serif;\">El Barco de \u00c1vila<\/span><\/p>\n<p><span style=\"font-family: Arial, sans-serif;\">Episkopat, Das<\/span><\/p>\n<p><span style=\"font-family: Arial, sans-serif;\">Ermita del Cristo del Humilladero, Die<\/span><\/p>\n<p><span style=\"font-family: Arial, sans-serif;\">Fontiveros <\/span><\/p>\n<p><span style=\"font-family: Arial, sans-serif;\">Fr\u00fcher Gerbereien<\/span><\/p>\n<p><span style=\"font-family: Arial, sans-serif;\">Fr\u00fchere Stallungen B\u00f3vedas del Carmen, Die<\/span><\/p>\n<p><span style=\"font-family: Arial, sans-serif;\">Geschichte<\/span><\/p>\n<p><span style=\"font-family: Arial, sans-serif;\">Haus der Dekane ~ Provinzmuseum, Das<\/span><\/p>\n<p><span style=\"font-family: Arial, sans-serif;\">Historiche Stadtarchiv, Das<\/span><\/p>\n<p><span style=\"font-family: Arial, sans-serif;\">Hl. Johannes von Kreuz<\/span><\/p>\n<p><span style=\"font-family: Arial, sans-serif;\">Hl. Peter von Alc\u00e1ntara<\/span><\/p>\n<p><span style=\"font-family: Arial, sans-serif;\">H\u00f6hlen Cuevas del \u00c1guila, Die<\/span><\/p>\n<p><span style=\"font-family: Arial, sans-serif;\">Hospiz Santa Escol\u00e1stica, Das<\/span><\/p>\n<p><span style=\"font-family: Arial, sans-serif;\">Kapelle Cristo de la Luz, Die<\/span><\/p>\n<p><span style=\"font-family: Arial, sans-serif;\">Kapelle der Vier S\u00e4ulen, Die<\/span><\/p>\n<p><span style=\"font-family: Arial, sans-serif;\">Kapelle des Mos\u00e9n Rub\u00ed, Die<\/span><\/p>\n<p><span style=\"font-family: Arial, sans-serif;\">Kapelle Ntra. Sra. de las Vacas, Die<\/span><\/p>\n<p><span style=\"font-family: Arial, sans-serif;\">Kapelle Ntra. Sra. de Sonsoles, Die<\/span><\/p>\n<p><span style=\"font-family: Arial, sans-serif;\">Kapelle Nuestra Se\u00f1ora de las Nieves, Die<\/span><\/p>\n<p><span style=\"font-family: Arial, sans-serif;\">Kathedrale El Salvador, Die<\/span><\/p>\n<p><span style=\"font-family: Arial, sans-serif;\">Kirche Inmaculado Coraz\u00f3n de Mar\u00eda, Die<\/span><\/p>\n<p><span style=\"font-family: Arial, sans-serif;\">Kirche La Antigua, Die<\/span><\/p>\n<p><span style=\"font-family: Arial, sans-serif;\">Kirche La Magdalena, Die<\/span><\/p>\n<p><span style=\"font-family: Arial, sans-serif;\">Kirche San Andr\u00e9s, Die<\/span><\/p>\n<p><span style=\"font-family: Arial, sans-serif;\">Kirche San Esteban, Die<\/span><\/p>\n<p><span style=\"font-family: Arial, sans-serif;\">Kirche San Juan Bautista, Die<\/span><\/p>\n<p><span style=\"font-family: Arial, sans-serif;\">Kirche San Mart\u00edn, Die<\/span><\/p>\n<p><span style=\"font-family: Arial, sans-serif;\">Kirche San Nicol\u00e1s, Die<\/span><\/p>\n<p><span style=\"font-family: Arial, sans-serif;\">Kirche San Pedro, Die<\/span><\/p>\n<p><span style=\"font-family: Arial, sans-serif;\">Kirche San Segundo, Die<\/span><\/p>\n<p><span style=\"font-family: Arial, sans-serif;\">Kirche Santiago, Die<\/span><\/p>\n<p><span style=\"font-family: Arial, sans-serif;\">Kloster der Encarnaci\u00f3n<\/span><\/p>\n<p><span style=\"font-family: Arial, sans-serif;\">K\u00f6nligliche Kloster Santa Ana, Das<\/span><\/p>\n<p><span style=\"font-family: Arial, sans-serif;\">K\u00f6nligliche Kloster Santo Tom\u00e1s, Das<\/span><\/p>\n<p><span style=\"font-family: Arial, sans-serif;\">Konvent de la Santa, Der<\/span><\/p>\n<p><span style=\"font-family: Arial, sans-serif;\">Konvent Las Gordillas, Das<\/span><\/p>\n<p><span style=\"font-family: Arial, sans-serif;\">Konvent Ntra. Sra. de Gracia, Das<\/span><\/p>\n<p><span style=\"font-family: Arial, sans-serif;\">Konvent San Antonio de Padua, Das<\/span><\/p>\n<p><span style=\"font-family: Arial, sans-serif;\">Konvent San Jos\u00e9, Das<\/span><\/p>\n<p><span style=\"font-family: Arial, sans-serif;\">Las Navas del Marqu\u00e9s<\/span><\/p>\n<p><span style=\"font-family: Arial, sans-serif;\">Legende der Liebschaft von Jimeno und Madrona, Die<\/span><\/p>\n<p><span style=\"font-family: Arial, sans-serif;\">Madrigal de las Altas Torres<\/span><\/p>\n<p><span style=\"font-family: Arial, sans-serif;\">Mombeltr\u00e1n<\/span><\/p>\n<p><span style=\"font-family: Arial, sans-serif;\">Museo de Intendencia, Der<\/span><\/p>\n<p><span style=\"font-family: Arial, sans-serif;\">Museum G.Caprotti<\/span><\/p>\n<p><span style=\"font-family: Arial, sans-serif;\">Nachmittelalterlichen Keramik\u00f6fen, Die<\/span><\/p>\n<p><span style=\"font-family: Arial, sans-serif;\">Palast der Familie \u00c1guila, Der<\/span><\/p>\n<p><span style=\"font-family: Arial, sans-serif;\">Palast der Familie Almarza, Der<\/span><\/p>\n<p><span style=\"font-family: Arial, sans-serif;\">Palast der Familie Benavites ~ Parador, Der<\/span><\/p>\n<p><span style=\"font-family: Arial, sans-serif;\">Palast der Familie Bracamonte, Der<\/span><\/p>\n<p><span style=\"font-family: Arial, sans-serif;\">Palast der Familie Guillamas, Der<\/span><\/p>\n<p><span style=\"font-family: Arial, sans-serif;\">Palast der Familie Lesquinas, Der<\/span><\/p>\n<p><span style=\"font-family: Arial, sans-serif;\">Palast der Familie N\u00fa\u00f1ez Vela, Der<\/span><\/p>\n<p><span style=\"font-family: Arial, sans-serif;\">Palast der Familie Polentinos, Der<\/span><\/p>\n<p><span style=\"font-family: Arial, sans-serif;\">Palast der Familie Serrano, Der<\/span><\/p>\n<p><span style=\"font-family: Arial, sans-serif;\">Palast der Familie Sofraga, Der<\/span><\/p>\n<p><span style=\"font-family: Arial, sans-serif;\">Palast der Familie Valderr\u00e1banos, Das<\/span><\/p>\n<p><span style=\"font-family: Arial, sans-serif;\">Palast der Familie Velada, Der<\/span><\/p>\n<p><span style=\"font-family: Arial, sans-serif;\">Palast der Familie Verdugo, Der<\/span><\/p>\n<p><span style=\"font-family: Arial, sans-serif;\">Palast der Grafen von Superunda, Der<\/span><\/p>\n<p><span style=\"font-family: Arial, sans-serif;\">Palast des K\u00f6nigs im Kindesalter, Das<\/span><\/p>\n<p><span style=\"font-family: Arial, sans-serif;\">Piedrahita<\/span><\/p>\n<p><span style=\"font-family: Arial, sans-serif;\">Plaza Mayor oder Plaza del Mercado Chico, Die<\/span><\/p>\n<p><span style=\"font-family: Arial, sans-serif;\">Provinz \u00c1vila, Die<\/span><\/p>\n<p><span style=\"font-family: Arial, sans-serif;\">Provinzmuseum<\/span><\/p>\n<p><span style=\"font-family: Arial, sans-serif;\">Pza. de Sta. Teresa oder El Grande, Die<\/span><\/p>\n<p><span style=\"font-family: Arial, sans-serif;\">Ruinen des Konvents de los Jer\u00f3nimos, Die<\/span><\/p>\n<p><span style=\"font-family: Arial, sans-serif;\">Santa Mar\u00eda de la Cabeza<\/span><\/p>\n<p><span style=\"font-family: Arial, sans-serif;\">Santo Tom\u00e9 el viejo ~ Provinzmuseum<\/span><\/p>\n<p><span style=\"font-family: Arial, sans-serif;\">Stadtmauer, Die<\/span><\/p>\n<p><span style=\"font-family: Arial, sans-serif;\">Stadttor Postigo de la Malaventura, Das<\/span><\/p>\n<p><span style=\"font-family: Arial, sans-serif;\">Stadttor Puerta de Carnicer\u00edas, Das<\/span><\/p>\n<p><span style=\"font-family: Arial, sans-serif;\">Stadttor Puerta de la Santa, Das<\/span><\/p>\n<p><span style=\"font-family: Arial, sans-serif;\">Stadttor Puerta de San Vicente, Das<\/span><\/p>\n<p><span style=\"font-family: Arial, sans-serif;\">Stadttor Puerta del Alc\u00e1zar, Das<\/span><\/p>\n<p><span style=\"font-family: Arial, sans-serif;\">Stadttor Puerta del Carmen, Das<\/span><\/p>\n<p><span style=\"font-family: Arial, sans-serif;\">Stadttor Puerta del Mariscal, Das<\/span><\/p>\n<p><span style=\"font-family: Arial, sans-serif;\">Stadttor Puerta del Puente, Das<\/span><\/p>\n<p><span style=\"font-family: Arial, sans-serif;\">Stadttor Puerta del Rastro, Das<\/span><\/p>\n<p><span style=\"font-family: Arial, sans-serif;\">Stra\u00dfe Calle de la Vida y la Muerte, Die<\/span><\/p>\n<p><span style=\"font-family: Arial, sans-serif;\">Toros de Guisando<\/span><\/p>\n<p><span style=\"font-family: Arial, sans-serif;\">Verracos<\/span><\/p>\n<p><span style=\"font-family: Arial, sans-serif;\">Verteidigungsturm der Guzmanes, Der<\/span><\/p>\n<p><span style=\"font-family: Arial, sans-serif;\">Wohnh\u00e4user der Familie D\u00e1vila, Die<\/span><\/p>\n","protected":false},"excerpt":{"rendered":"<p>F\u00fchrer von \u00c1vila und Provinz. \u00c1vila, die Stadt Santa Teresa, verteidigt durch ihre Mauern, Weltkulturerbe. In diesem Leitfaden werden alle Denkm\u00e4ler und Sehensw\u00fcrdigkeiten der Stadt \u00c1vila und die wichtigsten der Provinz \u00c1vila behandelt. In der Stadt mit besonderem Augenmerk auf der Kathedrale von \u00c1vila, den Mauern, der Basilika San Vicente, San Pedro und den Kl\u00f6stern, [&hellip;]<\/p>\n","protected":false},"featured_media":230,"comment_status":"open","ping_status":"closed","template":"","meta":[],"product_brand":[],"product_cat":[26,27],"product_tag":[],"class_list":{"0":"post-249","1":"product","2":"type-product","3":"status-publish","4":"has-post-thumbnail","6":"product_cat-deutsch","7":"product_cat-kuntschatze-und-sehenswurdkeiten","9":"first","10":"instock","11":"taxable","12":"shipping-taxable","13":"purchasable","14":"product-type-simple"},"jetpack-related-posts":[],"jetpack_sharing_enabled":true,"_links":{"self":[{"href":"https:\/\/www.edilera.com\/index.php\/wp-json\/wp\/v2\/product\/249","targetHints":{"allow":["GET"]}}],"collection":[{"href":"https:\/\/www.edilera.com\/index.php\/wp-json\/wp\/v2\/product"}],"about":[{"href":"https:\/\/www.edilera.com\/index.php\/wp-json\/wp\/v2\/types\/product"}],"replies":[{"embeddable":true,"href":"https:\/\/www.edilera.com\/index.php\/wp-json\/wp\/v2\/comments?post=249"}],"version-history":[{"count":1,"href":"https:\/\/www.edilera.com\/index.php\/wp-json\/wp\/v2\/product\/249\/revisions"}],"predecessor-version":[{"id":95731,"href":"https:\/\/www.edilera.com\/index.php\/wp-json\/wp\/v2\/product\/249\/revisions\/95731"}],"wp:featuredmedia":[{"embeddable":true,"href":"https:\/\/www.edilera.com\/index.php\/wp-json\/wp\/v2\/media\/230"}],"wp:attachment":[{"href":"https:\/\/www.edilera.com\/index.php\/wp-json\/wp\/v2\/media?parent=249"}],"wp:term":[{"taxonomy":"product_brand","embeddable":true,"href":"https:\/\/www.edilera.com\/index.php\/wp-json\/wp\/v2\/product_brand?post=249"},{"taxonomy":"product_cat","embeddable":true,"href":"https:\/\/www.edilera.com\/index.php\/wp-json\/wp\/v2\/product_cat?post=249"},{"taxonomy":"product_tag","embeddable":true,"href":"https:\/\/www.edilera.com\/index.php\/wp-json\/wp\/v2\/product_tag?post=249"}],"curies":[{"name":"wp","href":"https:\/\/api.w.org\/{rel}","templated":true}]}}