{"id":248,"date":"2019-03-05T15:47:55","date_gmt":"2019-03-05T14:47:55","guid":{"rendered":"https:\/\/www.edilera.com\/?post_type=product&#038;p=248"},"modified":"2021-12-28T14:15:25","modified_gmt":"2021-12-28T13:15:25","slug":"avila-artistique-et-monumentale","status":"publish","type":"product","link":"https:\/\/www.edilera.com\/index.php\/producto\/avila-artistique-et-monumentale\/","title":{"rendered":"\u00c1vila, artistique et monumentale"},"content":{"rendered":"<p><strong><span style=\"font-family: Arial, sans-serif;\">Guide d&#8217;\u00c1vila et de la province.<\/span><\/strong><\/p>\n<p><span style=\"font-family: Arial, sans-serif;\">\u00c1vila, la ville de Santa Teresa, d\u00e9fendue par ses murs, site du patrimoine mondial. Ce guide traite de tous les monuments et points d\u2019int\u00e9r\u00eat de la ville d\u2019Avila et des principaux de la province d\u2019Avila. Dans la ville avec une attention particuli\u00e8re pour la cath\u00e9drale d&#8217;\u00c1vila, les remparts, la basilique de San Vicente, San Pedro et les couvents o\u00f9 le saint a v\u00e9cu.<br \/>\nLes textes sont concis, riches et clairs, avec plus de 200 images de format moyen et grand, des plans et des sch\u00e9mas qui aident le visiteur \u00e0 avoir une id\u00e9e claire, abordable et bien utilis\u00e9e de sa visite \u00e0 \u00c1vila. \u00c0 son tour, sert de rappel de votre visite.<br \/>\n<\/span><\/p>\n<ul>\n<li><span style=\"font-family: Arial, sans-serif;\">Reliure: rustique cousu avec des rabats.<\/span><\/li>\n<li><span style=\"font-family: Arial, sans-serif;\">160 pages.<\/span><\/li>\n<li><span style=\"font-family: Arial, sans-serif;\">Couleur.<\/span><\/li>\n<li><span style=\"font-family: Arial, sans-serif;\">Traduit en fran\u00e7ais par: Thierry Le Roux selon DIN EN 15038.<\/span><\/li>\n<li><span style=\"font-family: Arial, sans-serif;\">Avec quadruple pliage, \u00e0 l&#8217;int\u00e9rieur.<\/span><\/li>\n<li><span style=\"font-family: Arial, sans-serif;\">ISBN: 978-84-943610-0-5<\/span><\/li>\n<\/ul>\n<p><span style=\"font-family: Arial, sans-serif;\"><b><br \/>\nIndex alphab\u00e9tique des sujets abord\u00e9s dans le livre: <\/b><\/span><\/p>\n<p><span style=\"font-family: Arial, sans-serif;\">Ancien Couvent de San Francisco<\/span><\/p>\n<p><span style=\"font-family: Arial, sans-serif;\">Archives Historiques Provinciales<\/span><\/p>\n<p><span style=\"font-family: Arial, sans-serif;\">Arenas de San Pedro <\/span><\/p>\n<p><span style=\"font-family: Arial, sans-serif;\">Ar\u00e9valo y el mud\u00e9jar de la Mora\u00f1a<\/span><\/p>\n<p><span style=\"font-family: Arial, sans-serif;\">Basilique de San Vicente<\/span><\/p>\n<p><span style=\"font-family: Arial, sans-serif;\">Bonilla de la Sierra<\/span><\/p>\n<p><span style=\"font-family: Arial, sans-serif;\">B\u00f3vedas del Carmen<\/span><\/p>\n<p><span style=\"font-family: Arial, sans-serif;\">Calle de la Vida y la Muerte ou Cruz Vieja<\/span><\/p>\n<p><span style=\"font-family: Arial, sans-serif;\">Candeleda<\/span><\/p>\n<p><span style=\"font-family: Arial, sans-serif;\">Castro d\u2019Ulaca<\/span><\/p>\n<p><span style=\"font-family: Arial, sans-serif;\">Castro de La Mesa de Miranda<\/span><\/p>\n<p><span style=\"font-family: Arial, sans-serif;\">Castro de Las Cogotas<\/span><\/p>\n<p><span style=\"font-family: Arial, sans-serif;\">Castro del Raso<\/span><\/p>\n<p><span style=\"font-family: Arial, sans-serif;\">Cath\u00e9drale El Salvador<\/span><\/p>\n<p><span style=\"font-family: Arial, sans-serif;\">Cebreros<\/span><\/p>\n<p><span style=\"font-family: Arial, sans-serif;\">Chapelle Mos\u00e9n Rub\u00ed<\/span><\/p>\n<p><span style=\"font-family: Arial, sans-serif;\">Couvent de la Sainte<\/span><\/p>\n<p><span style=\"font-family: Arial, sans-serif;\">Couvent de Ntra. Sra. de Gracia<\/span><\/p>\n<p><span style=\"font-family: Arial, sans-serif;\">Couvent de San Antonio de Padua<\/span><\/p>\n<p><span style=\"font-family: Arial, sans-serif;\">Couvent de San Jos\u00e9<\/span><\/p>\n<p><span style=\"font-family: Arial, sans-serif;\">Demeure des Guillamas<\/span><\/p>\n<p><span style=\"font-family: Arial, sans-serif;\">Demeure des Lesquinas<\/span><\/p>\n<p><span style=\"font-family: Arial, sans-serif;\">El Barco de \u00c1vila<\/span><\/p>\n<p><span style=\"font-family: Arial, sans-serif;\">Ermitage de Ntra. Sra. de las Vacas<\/span><\/p>\n<p><span style=\"font-family: Arial, sans-serif;\">Ermitage del Cristo de la Luz<\/span><\/p>\n<p><span style=\"font-family: Arial, sans-serif;\">Ermitage del Cristo del Humilladero<\/span><\/p>\n<p><span style=\"font-family: Arial, sans-serif;\">Fontiveros et San Juan de la Cruz<\/span><\/p>\n<p><span style=\"font-family: Arial, sans-serif;\">Fours Post-Medievaux<\/span><\/p>\n<p><span style=\"font-family: Arial, sans-serif;\">Grottes de L\u2019Aigle<\/span><\/p>\n<p><span style=\"font-family: Arial, sans-serif;\">Histoire d\u2019\u00c1vila<\/span><\/p>\n<p><span style=\"font-family: Arial, sans-serif;\">H\u00f4pital de Santa Escol\u00e1stica<\/span><\/p>\n<p><span style=\"font-family: Arial, sans-serif;\">Inmaculado Coraz\u00f3n de Mar\u00eda<\/span><\/p>\n<p><span style=\"font-family: Arial, sans-serif;\">L\u2019Episcopio<\/span><\/p>\n<p><span style=\"font-family: Arial, sans-serif;\">La Antigua<\/span><\/p>\n<p><span style=\"font-family: Arial, sans-serif;\">La Magdalena<\/span><\/p>\n<p><span style=\"font-family: Arial, sans-serif;\">La Muraille d\u2019\u00c1vila<\/span><\/p>\n<p><span style=\"font-family: Arial, sans-serif;\">La Province d\u2019\u00c1vila<\/span><\/p>\n<p><span style=\"font-family: Arial, sans-serif;\">Las Gordillas<\/span><\/p>\n<p><span style=\"font-family: Arial, sans-serif;\">Las Navas del Marqu\u00e9s<\/span><\/p>\n<p><span style=\"font-family: Arial, sans-serif;\">L\u00e9gende des Amours de Jimeno y Madrona<\/span><\/p>\n<p><span style=\"font-family: Arial, sans-serif;\">Les Castros et Verracos<\/span><\/p>\n<p><span style=\"font-family: Arial, sans-serif;\">Les Taureaux de Guisando<\/span><\/p>\n<p><span style=\"font-family: Arial, sans-serif;\">Los Cuatro Postes<\/span><\/p>\n<p><span style=\"font-family: Arial, sans-serif;\">Madrigal de las Altas Torres<\/span><\/p>\n<p><span style=\"font-family: Arial, sans-serif;\">Maison des D\u00e1vila<\/span><\/p>\n<p><span style=\"font-family: Arial, sans-serif;\">Maison des Doyens ~ Mus\u00e9e Provincial<\/span><\/p>\n<p><span style=\"font-family: Arial, sans-serif;\">Mombeltr\u00e1n<\/span><\/p>\n<p><span style=\"font-family: Arial, sans-serif;\">Monast\u00e8re de la Encarnaci\u00f3n<\/span><\/p>\n<p><span style=\"font-family: Arial, sans-serif;\">Monast\u00e8re Royal de Santa Ana<\/span><\/p>\n<p><span style=\"font-family: Arial, sans-serif;\">Monast\u00e8re Royal de Santo Tom\u00e1s<\/span><\/p>\n<p><span style=\"font-family: Arial, sans-serif;\">Mus\u00e9e du Corps d\u2019Intendance<\/span><\/p>\n<p><span style=\"font-family: Arial, sans-serif;\">Mus\u00e9e G.Caprotti<\/span><\/p>\n<p><span style=\"font-family: Arial, sans-serif;\">Ntra. Sra. de las Nieves<\/span><\/p>\n<p><span style=\"font-family: Arial, sans-serif;\">Palais de Benavites ~ Parador<\/span><\/p>\n<p><span style=\"font-family: Arial, sans-serif;\">Palais de N\u00fa\u00f1ez Vela<\/span><\/p>\n<p><span style=\"font-family: Arial, sans-serif;\">Palais de Polentinos<\/span><\/p>\n<p><span style=\"font-family: Arial, sans-serif;\">Palais de Valderr\u00e1banos<\/span><\/p>\n<p><span style=\"font-family: Arial, sans-serif;\">Palais del Rey Ni\u00f1o<\/span><\/p>\n<p><span style=\"font-family: Arial, sans-serif;\">Palais des \u00c1guila<\/span><\/p>\n<p><span style=\"font-family: Arial, sans-serif;\">Palais des Almarza<\/span><\/p>\n<p><span style=\"font-family: Arial, sans-serif;\">Palais des Bracamonte<\/span><\/p>\n<p><span style=\"font-family: Arial, sans-serif;\">Palais des Comtes de Superunda <\/span><\/p>\n<p><span style=\"font-family: Arial, sans-serif;\">Palais des Serrano<\/span><\/p>\n<p><span style=\"font-family: Arial, sans-serif;\">Palais des Sofraga<\/span><\/p>\n<p><span style=\"font-family: Arial, sans-serif;\">Palais des Velada<\/span><\/p>\n<p><span style=\"font-family: Arial, sans-serif;\">Palais des Verdugo<\/span><\/p>\n<p><span style=\"font-family: Arial, sans-serif;\">Palais Episcopal<\/span><\/p>\n<p><span style=\"font-family: Arial, sans-serif;\">Piedrahita<\/span><\/p>\n<p><span style=\"font-family: Arial, sans-serif;\">Plaza de Sta. Teresa ou El Grande<\/span><\/p>\n<p><span style=\"font-family: Arial, sans-serif;\">Plaza Mayor ~ Mercado Chico<\/span><\/p>\n<p><span style=\"font-family: Arial, sans-serif;\">Pont de l\u2019Adaja et Anciennes Tanneries<\/span><\/p>\n<p><span style=\"font-family: Arial, sans-serif;\">Porte de Carnicer\u00edas<\/span><\/p>\n<p><span style=\"font-family: Arial, sans-serif;\">Porte de l\u2019Alc\u00e1zar<\/span><\/p>\n<p><span style=\"font-family: Arial, sans-serif;\">Porte de la Santa ou de Montenegro<\/span><\/p>\n<p><span style=\"font-family: Arial, sans-serif;\">Porte de San Vicente<\/span><\/p>\n<p><span style=\"font-family: Arial, sans-serif;\">Porte del Carmen<\/span><\/p>\n<p><span style=\"font-family: Arial, sans-serif;\">Porte del Mariscal<\/span><\/p>\n<p><span style=\"font-family: Arial, sans-serif;\">Porte del Puente ou de San Segundo<\/span><\/p>\n<p><span style=\"font-family: Arial, sans-serif;\">Porte del Rastro ou de Grajal<\/span><\/p>\n<p><span style=\"font-family: Arial, sans-serif;\">Postigo de la Malaventura<\/span><\/p>\n<p><span style=\"font-family: Arial, sans-serif;\">Ruines du Convent des Hieronymites<\/span><\/p>\n<p><span style=\"font-family: Arial, sans-serif;\">San Andr\u00e9s<\/span><\/p>\n<p><span style=\"font-family: Arial, sans-serif;\">San Esteban<\/span><\/p>\n<p><span style=\"font-family: Arial, sans-serif;\">San Juan Bautista <\/span><\/p>\n<p><span style=\"font-family: Arial, sans-serif;\">San Mart\u00edn<\/span><\/p>\n<p><span style=\"font-family: Arial, sans-serif;\">San Nicol\u00e1s<\/span><\/p>\n<p><span style=\"font-family: Arial, sans-serif;\">San Pedro<\/span><\/p>\n<p><span style=\"font-family: Arial, sans-serif;\">San Pedro de Alc\u00e1ntara<\/span><\/p>\n<p><span style=\"font-family: Arial, sans-serif;\">San Segundo<\/span><\/p>\n<p><span style=\"font-family: Arial, sans-serif;\">Sanctuaire de Ntra. Sra. de Sonsoles<\/span><\/p>\n<p><span style=\"font-family: Arial, sans-serif;\">Santa Mar\u00eda de la Cabeza<\/span><\/p>\n<p><span style=\"font-family: Arial, sans-serif;\">Santiago<\/span><\/p>\n<p><span style=\"font-family: Arial, sans-serif;\">Santo Tom\u00e9 el Viejo ~ Mus\u00e9e Provincial<\/span><\/p>\n<p><span style=\"font-family: Arial, sans-serif;\">Tour des Guzmanes<\/span><\/p>\n","protected":false},"excerpt":{"rendered":"<p>Guide d&#8217;\u00c1vila et de la province. \u00c1vila, la ville de Santa Teresa, d\u00e9fendue par ses murs, site du patrimoine mondial. Ce guide traite de tous les monuments et points d\u2019int\u00e9r\u00eat de la ville d\u2019Avila et des principaux de la province d\u2019Avila. Dans la ville avec une attention particuli\u00e8re pour la cath\u00e9drale d&#8217;\u00c1vila, les remparts, la [&hellip;]<\/p>\n","protected":false},"featured_media":218,"comment_status":"open","ping_status":"closed","template":"","meta":[],"product_brand":[],"product_cat":[24,25],"product_tag":[],"class_list":{"0":"post-248","1":"product","2":"type-product","3":"status-publish","4":"has-post-thumbnail","6":"product_cat-artistique-et-monumentale","7":"product_cat-francais","9":"first","10":"instock","11":"taxable","12":"shipping-taxable","13":"purchasable","14":"product-type-simple"},"jetpack-related-posts":[],"jetpack_sharing_enabled":true,"_links":{"self":[{"href":"https:\/\/www.edilera.com\/index.php\/wp-json\/wp\/v2\/product\/248","targetHints":{"allow":["GET"]}}],"collection":[{"href":"https:\/\/www.edilera.com\/index.php\/wp-json\/wp\/v2\/product"}],"about":[{"href":"https:\/\/www.edilera.com\/index.php\/wp-json\/wp\/v2\/types\/product"}],"replies":[{"embeddable":true,"href":"https:\/\/www.edilera.com\/index.php\/wp-json\/wp\/v2\/comments?post=248"}],"version-history":[{"count":1,"href":"https:\/\/www.edilera.com\/index.php\/wp-json\/wp\/v2\/product\/248\/revisions"}],"predecessor-version":[{"id":95732,"href":"https:\/\/www.edilera.com\/index.php\/wp-json\/wp\/v2\/product\/248\/revisions\/95732"}],"wp:featuredmedia":[{"embeddable":true,"href":"https:\/\/www.edilera.com\/index.php\/wp-json\/wp\/v2\/media\/218"}],"wp:attachment":[{"href":"https:\/\/www.edilera.com\/index.php\/wp-json\/wp\/v2\/media?parent=248"}],"wp:term":[{"taxonomy":"product_brand","embeddable":true,"href":"https:\/\/www.edilera.com\/index.php\/wp-json\/wp\/v2\/product_brand?post=248"},{"taxonomy":"product_cat","embeddable":true,"href":"https:\/\/www.edilera.com\/index.php\/wp-json\/wp\/v2\/product_cat?post=248"},{"taxonomy":"product_tag","embeddable":true,"href":"https:\/\/www.edilera.com\/index.php\/wp-json\/wp\/v2\/product_tag?post=248"}],"curies":[{"name":"wp","href":"https:\/\/api.w.org\/{rel}","templated":true}]}}