{"id":247,"date":"2019-03-05T15:45:43","date_gmt":"2019-03-05T14:45:43","guid":{"rendered":"https:\/\/www.edilera.com\/?post_type=product&#038;p=247"},"modified":"2021-12-28T14:16:16","modified_gmt":"2021-12-28T13:16:16","slug":"avila-art-and-monuments","status":"publish","type":"product","link":"https:\/\/www.edilera.com\/index.php\/producto\/avila-art-and-monuments\/","title":{"rendered":"\u00c1vila, art and monuments"},"content":{"rendered":"<p><span style=\"font-family: Arial, sans-serif;\"><strong>Guide of \u00c1vila and province.<\/strong><\/span><\/p>\n<p>\u00c1vila, the city of Santa Teresa, defended by its walls, World Heritage Site.<br \/>\nIn this guide all the monuments and points of interest of the City of \u00c1vila and principal ones of the province of \u00c1vila are treated.<br \/>\nIn the city with special attention to the Cathedral of \u00c1vila, the walls, the Basilica of San Vicente, San Pedro and the convents where the Saint lived. The texts are concise, rich and clear, with more than 200 images of medium and large format, plans, and schemes that help the visitor to have a clear, affordable and well-used idea of his visit to \u00c1vila. In turn serves as a reminder of your visit.<\/p>\n<ul>\n<li><span style=\"font-family: Arial, sans-serif;\">Binding: rustic stitched with flaps.<\/span><\/li>\n<li><span style=\"font-family: Arial, sans-serif;\">160 pages.<\/span><\/li>\n<li><span style=\"font-family: Arial, sans-serif;\">Full color.<\/span><\/li>\n<li><span style=\"font-family: Arial, sans-serif;\">Translated into English by: Simon Harris according to the European Standard DIN EN 15038.<\/span><\/li>\n<li><span style=\"font-family: Arial, sans-serif;\">With quadruple folding, inside.<\/span><\/li>\n<li><span style=\"font-family: Arial, sans-serif;\">ISBN: 978-84-942521-9-8<\/span><\/li>\n<\/ul>\n<p><span style=\"font-family: Arial, sans-serif;\"><br \/>\n<b>Alphabetic index of topics covered in the book: <\/b><\/span><\/p>\n<p><span style=\"font-family: Arial, sans-serif;\">Adaja Bridge and Former Tanneries<\/span><\/p>\n<p><span style=\"font-family: Arial, sans-serif;\">Alc\u00e1zar Gate<\/span><\/p>\n<p><span style=\"font-family: Arial, sans-serif;\">Arenas de San Pedro<\/span><\/p>\n<p><span style=\"font-family: Arial, sans-serif;\">Ar\u00e9valo, mud\u00e9jar in La Mora\u00f1a<\/span><\/p>\n<p><span style=\"font-family: Arial, sans-serif;\">Basilica of Saint Vicent<\/span><\/p>\n<p><span style=\"font-family: Arial, sans-serif;\">Benavites Palace ~ Parador<\/span><\/p>\n<p><span style=\"font-family: Arial, sans-serif;\">Boards, The<\/span><\/p>\n<p><span style=\"font-family: Arial, sans-serif;\">Bonilla de la Sierra<\/span><\/p>\n<p><span style=\"font-family: Arial, sans-serif;\">Bracamonte Palace<\/span><\/p>\n<p><span style=\"font-family: Arial, sans-serif;\">Bridge Gate<\/span><\/p>\n<p><span style=\"font-family: Arial, sans-serif;\">Candeleda<\/span><\/p>\n<p><span style=\"font-family: Arial, sans-serif;\">Carmen Gate<\/span><\/p>\n<p><span style=\"font-family: Arial, sans-serif;\">Carmen Vaults<\/span><\/p>\n<p><span style=\"font-family: Arial, sans-serif;\">Caves of \u00c1guila<\/span><\/p>\n<p><span style=\"font-family: Arial, sans-serif;\">Cebreros<\/span><\/p>\n<p><span style=\"font-family: Arial, sans-serif;\">Chapel of Mos\u00e9n Rub\u00ed<\/span><\/p>\n<p><span style=\"font-family: Arial, sans-serif;\">Convent of Our Lady of Grace<\/span><\/p>\n<p><span style=\"font-family: Arial, sans-serif;\">Convent of Saint Anthony<\/span><\/p>\n<p><span style=\"font-family: Arial, sans-serif;\">Convent of the Incarnation<\/span><\/p>\n<p><span style=\"font-family: Arial, sans-serif;\">Convent of the Saint<\/span><\/p>\n<p><span style=\"font-family: Arial, sans-serif;\">El Barco de \u00c1vila<\/span><\/p>\n<p><span style=\"font-family: Arial, sans-serif;\">Episcopal Palace<\/span><\/p>\n<p><span style=\"font-family: Arial, sans-serif;\">Episcope<\/span><\/p>\n<p><span style=\"font-family: Arial, sans-serif;\">Ermita de Ntra. Sra. de las Vacas<\/span><\/p>\n<p><span style=\"font-family: Arial, sans-serif;\">Fontiveros<\/span><\/p>\n<p><span style=\"font-family: Arial, sans-serif;\">Gate of Flour Weighing<\/span><\/p>\n<p><span style=\"font-family: Arial, sans-serif;\">Gate of Misfortune<\/span><\/p>\n<p><span style=\"font-family: Arial, sans-serif;\">Gate of St. Vincent<\/span><\/p>\n<p><span style=\"font-family: Arial, sans-serif;\">Gate of the Mariscal<\/span><\/p>\n<p><span style=\"font-family: Arial, sans-serif;\">Gate of the Rastro<\/span><\/p>\n<p><span style=\"font-family: Arial, sans-serif;\">Gate of the Saint<\/span><\/p>\n<p><span style=\"font-family: Arial, sans-serif;\">Guzmanes\u00b4\u2008Tower<\/span><\/p>\n<p><span style=\"font-family: Arial, sans-serif;\">Hermitage of Christ of the Calvary<\/span><\/p>\n<p><span style=\"font-family: Arial, sans-serif;\">Hermitage of Christ of the Light<\/span><\/p>\n<p><span style=\"font-family: Arial, sans-serif;\">Hill-Fortresses of El Raso<\/span><\/p>\n<p><span style=\"font-family: Arial, sans-serif;\">Hill-Fortresses of La Mesa de Miranda<\/span><\/p>\n<p><span style=\"font-family: Arial, sans-serif;\">Hill-Fortresses of Las Cogotas<\/span><\/p>\n<p><span style=\"font-family: Arial, sans-serif;\">Hill-Fortresses of Ulaca<\/span><\/p>\n<p><span style=\"font-family: Arial, sans-serif;\">Histoy of \u00c1vila<\/span><\/p>\n<p><span style=\"font-family: Arial, sans-serif;\">House of the Deans ~ Provincial Museum<\/span><\/p>\n<p><span style=\"font-family: Arial, sans-serif;\">Houses of the D\u00e1vila<\/span><\/p>\n<p><span style=\"font-family: Arial, sans-serif;\">Inmaculate Heart of Mary<\/span><\/p>\n<p><span style=\"font-family: Arial, sans-serif;\">La Antigua<\/span><\/p>\n<p><span style=\"font-family: Arial, sans-serif;\">La Magdalena<\/span><\/p>\n<p><span style=\"font-family: Arial, sans-serif;\">Las Gordillas<\/span><\/p>\n<p><span style=\"font-family: Arial, sans-serif;\">Las Navas del Marqu\u00e9s<\/span><\/p>\n<p><span style=\"font-family: Arial, sans-serif;\">Leyend of the love of Jimena and Madrona<\/span><\/p>\n<p><span style=\"font-family: Arial, sans-serif;\">Madrigal de las Altas Torres<\/span><\/p>\n<p><span style=\"font-family: Arial, sans-serif;\">Main Square ~ Mercado Chico<\/span><\/p>\n<p><span style=\"font-family: Arial, sans-serif;\">Mansion of the Guillamas<\/span><\/p>\n<p><span style=\"font-family: Arial, sans-serif;\">Mansion of the Lesquinas<\/span><\/p>\n<p><span style=\"font-family: Arial, sans-serif;\">Mercado Grande Square or St. Teresa<\/span><\/p>\n<p><span style=\"font-family: Arial, sans-serif;\">Mombeltr\u00e1n<\/span><\/p>\n<p><span style=\"font-family: Arial, sans-serif;\">Museum of G.Caprotti<\/span><\/p>\n<p><span style=\"font-family: Arial, sans-serif;\">Our Lady of Snow<\/span><\/p>\n<p><span style=\"font-family: Arial, sans-serif;\">Palace of N\u00fa\u00f1ez Vela<\/span><\/p>\n<p><span style=\"font-family: Arial, sans-serif;\">Palace of Polentinos. Museum of the Service Corps<\/span><\/p>\n<p><span style=\"font-family: Arial, sans-serif;\">Palace of the \u00c1guila<\/span><\/p>\n<p><span style=\"font-family: Arial, sans-serif;\">Palace of the Almarza<\/span><\/p>\n<p><span style=\"font-family: Arial, sans-serif;\">Palace of the Child King<\/span><\/p>\n<p><span style=\"font-family: Arial, sans-serif;\">Palace of the Serrano<\/span><\/p>\n<p><span style=\"font-family: Arial, sans-serif;\">Palace of the Sofraga<\/span><\/p>\n<p><span style=\"font-family: Arial, sans-serif;\">Palace of the Superunda <\/span><\/p>\n<p><span style=\"font-family: Arial, sans-serif;\">Palace of the Verdugo<\/span><\/p>\n<p><span style=\"font-family: Arial, sans-serif;\">Piedrahita<\/span><\/p>\n<p><span style=\"font-family: Arial, sans-serif;\">Postmedieval Ovens<\/span><\/p>\n<p><span style=\"font-family: Arial, sans-serif;\">Provincial Historic Archive<\/span><\/p>\n<p><span style=\"font-family: Arial, sans-serif;\">Provincial Museum ~ Santo Tom\u00e9<\/span><\/p>\n<p><span style=\"font-family: Arial, sans-serif;\">Roman Steles<\/span><\/p>\n<p><span style=\"font-family: Arial, sans-serif;\">Royal Monastery of St. Ana<\/span><\/p>\n<p><span style=\"font-family: Arial, sans-serif;\">Royal Monastery of St. Thomas<\/span><\/p>\n<p><span style=\"font-family: Arial, sans-serif;\">Ruins of the Hierononymites\u00b4s\u2008Convent<\/span><\/p>\n<p><span style=\"font-family: Arial, sans-serif;\">Sanctuary of Our Lady of Sonsoles<\/span><\/p>\n<p><span style=\"font-family: Arial, sans-serif;\">Santa Mar\u00eda de la Cabeza<\/span><\/p>\n<p><span style=\"font-family: Arial, sans-serif;\">St. Andrew<\/span><\/p>\n<p><span style=\"font-family: Arial, sans-serif;\">St. Francis<\/span><\/p>\n<p><span style=\"font-family: Arial, sans-serif;\">St. James<\/span><\/p>\n<p><span style=\"font-family: Arial, sans-serif;\">St. John<\/span><\/p>\n<p><span style=\"font-family: Arial, sans-serif;\">St. John of the Cross<\/span><\/p>\n<p><span style=\"font-family: Arial, sans-serif;\">St. Joseph\u00b4s Convent<\/span><\/p>\n<p><span style=\"font-family: Arial, sans-serif;\">St. Martin<\/span><\/p>\n<p><span style=\"font-family: Arial, sans-serif;\">St. Nicholas<\/span><\/p>\n<p><span style=\"font-family: Arial, sans-serif;\">St. Peter<\/span><\/p>\n<p><span style=\"font-family: Arial, sans-serif;\">St. Peter of Alc\u00e1ntara<\/span><\/p>\n<p><span style=\"font-family: Arial, sans-serif;\">St. Scholastica Hospital<\/span><\/p>\n<p><span style=\"font-family: Arial, sans-serif;\">St. Secundus<\/span><\/p>\n<p><span style=\"font-family: Arial, sans-serif;\">St. Stefan<\/span><\/p>\n<p><span style=\"font-family: Arial, sans-serif;\">Street of Life and Dead of Old Cross<\/span><\/p>\n<p><span style=\"font-family: Arial, sans-serif;\">The \u00c1vila City Walls<\/span><\/p>\n<p><span style=\"font-family: Arial, sans-serif;\">The Bulls of Guisando<\/span><\/p>\n<p><span style=\"font-family: Arial, sans-serif;\">The Four Posts<\/span><\/p>\n<p><span style=\"font-family: Arial, sans-serif;\">The Province of \u00c1vila<\/span><\/p>\n<p><span style=\"font-family: Arial, sans-serif;\">The Saviour Cathedral<\/span><\/p>\n<p><span style=\"font-family: Arial, sans-serif;\">The surroundings of La Antigua and St. Peter.<\/span><\/p>\n<p><span style=\"font-family: Arial, sans-serif;\">Valderr\u00e1banos Palace<\/span><\/p>\n<p><span style=\"font-family: Arial, sans-serif;\">Velada Palace<\/span><\/p>\n<p><span style=\"font-family: Arial, sans-serif;\">Vetton Boards<\/span><\/p>\n","protected":false},"excerpt":{"rendered":"<p>Guide of \u00c1vila and province. \u00c1vila, the city of Santa Teresa, defended by its walls, World Heritage Site. In this guide all the monuments and points of interest of the City of \u00c1vila and principal ones of the province of \u00c1vila are treated. In the city with special attention to the Cathedral of \u00c1vila, the [&hellip;]<\/p>\n","protected":false},"featured_media":226,"comment_status":"open","ping_status":"closed","template":"","meta":[],"product_brand":[],"product_cat":[23,22],"product_tag":[],"class_list":{"0":"post-247","1":"product","2":"type-product","3":"status-publish","4":"has-post-thumbnail","6":"product_cat-art-and-monuments","7":"product_cat-english","9":"first","10":"instock","11":"taxable","12":"shipping-taxable","13":"purchasable","14":"product-type-simple"},"jetpack-related-posts":[],"jetpack_sharing_enabled":true,"_links":{"self":[{"href":"https:\/\/www.edilera.com\/index.php\/wp-json\/wp\/v2\/product\/247","targetHints":{"allow":["GET"]}}],"collection":[{"href":"https:\/\/www.edilera.com\/index.php\/wp-json\/wp\/v2\/product"}],"about":[{"href":"https:\/\/www.edilera.com\/index.php\/wp-json\/wp\/v2\/types\/product"}],"replies":[{"embeddable":true,"href":"https:\/\/www.edilera.com\/index.php\/wp-json\/wp\/v2\/comments?post=247"}],"version-history":[{"count":2,"href":"https:\/\/www.edilera.com\/index.php\/wp-json\/wp\/v2\/product\/247\/revisions"}],"predecessor-version":[{"id":95734,"href":"https:\/\/www.edilera.com\/index.php\/wp-json\/wp\/v2\/product\/247\/revisions\/95734"}],"wp:featuredmedia":[{"embeddable":true,"href":"https:\/\/www.edilera.com\/index.php\/wp-json\/wp\/v2\/media\/226"}],"wp:attachment":[{"href":"https:\/\/www.edilera.com\/index.php\/wp-json\/wp\/v2\/media?parent=247"}],"wp:term":[{"taxonomy":"product_brand","embeddable":true,"href":"https:\/\/www.edilera.com\/index.php\/wp-json\/wp\/v2\/product_brand?post=247"},{"taxonomy":"product_cat","embeddable":true,"href":"https:\/\/www.edilera.com\/index.php\/wp-json\/wp\/v2\/product_cat?post=247"},{"taxonomy":"product_tag","embeddable":true,"href":"https:\/\/www.edilera.com\/index.php\/wp-json\/wp\/v2\/product_tag?post=247"}],"curies":[{"name":"wp","href":"https:\/\/api.w.org\/{rel}","templated":true}]}}