{"id":246,"date":"2019-03-05T15:43:19","date_gmt":"2019-03-05T14:43:19","guid":{"rendered":"https:\/\/www.edilera.com\/?post_type=product&#038;p=246"},"modified":"2021-12-28T14:16:36","modified_gmt":"2021-12-28T13:16:36","slug":"avila-artistica-y-monumental","status":"publish","type":"product","link":"https:\/\/www.edilera.com\/index.php\/producto\/avila-artistica-y-monumental\/","title":{"rendered":"\u00c1vila, art\u00edstica y monumental."},"content":{"rendered":"<p align=\"JUSTIFY\"><span style=\"font-family: Arial, sans-serif;\">Gu\u00eda de \u00c1vila y provincia. \u00c1vila, la ciudad de Santa Teresa, defendida por su murallas, Patrimonio de la Humanidad. En esta gu\u00eda se tratan todos los monumentos y puntos de inter\u00e9s de la Ciudad de \u00c1vila y principales de la provincia de \u00c1vila. En la ciudad con especial atenci\u00f3n a la Catedral de \u00c1vila, las murallas, la Bas\u00edlica de San Vicente, San Pedro y los conventos en donde vivi\u00f3 la Santa.<\/span><\/p>\n<p align=\"JUSTIFY\"><span style=\"font-family: Arial, sans-serif;\">Los textos son concisos, ricos y claros, con m\u00e1s de 200 im\u00e1genes de medio y gran formato, planos, y esquemas que ayudan al visitante a tener una idea clara, asequible y bien aprovechada de su visita a \u00c1vila. A su vez sirve como recuerdo de su visita. <\/span><\/p>\n<ul>\n<li><span style=\"font-family: Arial, sans-serif;\">Encuadernaci\u00f3n: r\u00fastica cosida con solapas.<\/span><\/li>\n<li><span style=\"font-family: Arial, sans-serif;\">160 p\u00e1ginas.<\/span><\/li>\n<li><span style=\"font-family: Arial, sans-serif;\">A todo color.<\/span><\/li>\n<li><span style=\"font-family: Arial, sans-serif;\">Con desplegable cuadr\u00edptico, en el interior.<\/span><\/li>\n<li><span style=\"font-family: Arial, sans-serif;\">ISBN: 978-84-942521-8-1<\/span><\/li>\n<\/ul>\n<p><span style=\"font-family: Arial, sans-serif;\"><b>\u00cdndice alfab\u00e9tico de temas tratados en el libro:<\/b><\/span><\/p>\n<p><span style=\"font-family: Arial, sans-serif;\">Antigua, La<\/span><\/p>\n<p><span style=\"font-family: Arial, sans-serif;\">Archivo Hist\u00f3rico Provincial<\/span><\/p>\n<p><span style=\"font-family: Arial, sans-serif;\">Arenas de San Pedro<\/span><\/p>\n<p><span style=\"font-family: Arial, sans-serif;\">Ar\u00e9valo y el mud\u00e9jar de la Mora\u00f1a<\/span><\/p>\n<p><span style=\"font-family: Arial, sans-serif;\">Barco de \u00c1vila, El<\/span><\/p>\n<p><span style=\"font-family: Arial, sans-serif;\">Bas\u00edlica de San Vicente<\/span><\/p>\n<p><span style=\"font-family: Arial, sans-serif;\">Bonilla de la Sierra<\/span><\/p>\n<p><span style=\"font-family: Arial, sans-serif;\">B\u00f3vedas del Carmen<\/span><\/p>\n<p><span style=\"font-family: Arial, sans-serif;\">Calle de la Vida y la Muerte<\/span><\/p>\n<p><span style=\"font-family: Arial, sans-serif;\">Candeleda<\/span><\/p>\n<p><span style=\"font-family: Arial, sans-serif;\">Capilla de Mos\u00e9n Rub\u00ed<\/span><\/p>\n<p><span style=\"font-family: Arial, sans-serif;\">Casa de los Deanes<\/span><\/p>\n<p><span style=\"font-family: Arial, sans-serif;\">Castro de El Raso<\/span><\/p>\n<p><span style=\"font-family: Arial, sans-serif;\">Castro de La Mesa de Miranda<\/span><\/p>\n<p><span style=\"font-family: Arial, sans-serif;\">Castro de Las Cogotas<\/span><\/p>\n<p><span style=\"font-family: Arial, sans-serif;\">Castro de Ulaca<\/span><\/p>\n<p><span style=\"font-family: Arial, sans-serif;\">Catedral de El Salvador<\/span><\/p>\n<p><span style=\"font-family: Arial, sans-serif;\">Cebreros<\/span><\/p>\n<p><span style=\"font-family: Arial, sans-serif;\">Convento de la Encarnaci\u00f3n<\/span><\/p>\n<p><span style=\"font-family: Arial, sans-serif;\">Convento de la Santa<\/span><\/p>\n<p><span style=\"font-family: Arial, sans-serif;\">Convento de Ntra. Sra. de Gracia<\/span><\/p>\n<p><span style=\"font-family: Arial, sans-serif;\">Convento de San Antonio de Padua<\/span><\/p>\n<p><span style=\"font-family: Arial, sans-serif;\">Convento de San Jos\u00e9<\/span><\/p>\n<p><span style=\"font-family: Arial, sans-serif;\">Cuatro Postes, Los<\/span><\/p>\n<p><span style=\"font-family: Arial, sans-serif;\">Cuevas del \u00c1guila<\/span><\/p>\n<p><span style=\"font-family: Arial, sans-serif;\">Episcopio, El<\/span><\/p>\n<p><span style=\"font-family: Arial, sans-serif;\">Ermita de Ntra. Sra. de las Vacas<\/span><\/p>\n<p><span style=\"font-family: Arial, sans-serif;\">Ermita del Cristo de la Luz<\/span><\/p>\n<p><span style=\"font-family: Arial, sans-serif;\">Ermita del Cristo del Humilladero<\/span><\/p>\n<p><span style=\"font-family: Arial, sans-serif;\">Estelas romanas<\/span><\/p>\n<p><span style=\"font-family: Arial, sans-serif;\">Fontiveros <\/span><\/p>\n<p><span style=\"font-family: Arial, sans-serif;\">Gordillas, Las<\/span><\/p>\n<p><span style=\"font-family: Arial, sans-serif;\">Historia de \u00c1vila<\/span><\/p>\n<p><span style=\"font-family: Arial, sans-serif;\">Hornos Postmedievales<\/span><\/p>\n<p><span style=\"font-family: Arial, sans-serif;\">Inmaculado Coraz\u00f3n de Mar\u00eda<\/span><\/p>\n<p><span style=\"font-family: Arial, sans-serif;\">Leyenda de los Amores de Jimeno y Madrona<\/span><\/p>\n<p><span style=\"font-family: Arial, sans-serif;\">Madrigal de las Altas Torres<\/span><\/p>\n<p><span style=\"font-family: Arial, sans-serif;\">Magdalena, La<\/span><\/p>\n<p><span style=\"font-family: Arial, sans-serif;\">Mansi\u00f3n de los Guillamas<\/span><\/p>\n<p><span style=\"font-family: Arial, sans-serif;\">Mansi\u00f3n de los Lesquinas<\/span><\/p>\n<p><span style=\"font-family: Arial, sans-serif;\">Mansi\u00f3n de Superunda <\/span><\/p>\n<p><span style=\"font-family: Arial, sans-serif;\">Mercado Chico<\/span><\/p>\n<p><span style=\"font-family: Arial, sans-serif;\">Mombeltr\u00e1n<\/span><\/p>\n<p><span style=\"font-family: Arial, sans-serif;\">Murallas, Las<\/span><\/p>\n<p><span style=\"font-family: Arial, sans-serif;\">Museo de \u00c1vila<\/span><\/p>\n<p><span style=\"font-family: Arial, sans-serif;\">Museo de G.Caprotti<\/span><\/p>\n<p><span style=\"font-family: Arial, sans-serif;\">Navas del Marqu\u00e9s, Las<\/span><\/p>\n<p><span style=\"font-family: Arial, sans-serif;\">Ntra. Sra. de las Nieves<\/span><\/p>\n<p><span style=\"font-family: Arial, sans-serif;\">Olmo del Rastro<\/span><\/p>\n<p><span style=\"font-family: Arial, sans-serif;\">Palacio de Benavites ~ Parador<\/span><\/p>\n<p><span style=\"font-family: Arial, sans-serif;\">Palacio de Bracamonte<\/span><\/p>\n<p><span style=\"font-family: Arial, sans-serif;\">Palacio de los \u00c1guila<\/span><\/p>\n<p><span style=\"font-family: Arial, sans-serif;\">Palacio de los Almarza<\/span><\/p>\n<p><span style=\"font-family: Arial, sans-serif;\">Palacio de los Arias D\u00e1vila<\/span><\/p>\n<p><span style=\"font-family: Arial, sans-serif;\">Palacio de los N\u00fa\u00f1ez Vela<\/span><\/p>\n<p><span style=\"font-family: Arial, sans-serif;\">Palacio de los Serrano<\/span><\/p>\n<p><span style=\"font-family: Arial, sans-serif;\">Palacio de los Sofraga<\/span><\/p>\n<p><span style=\"font-family: Arial, sans-serif;\">Palacio de los Velada<\/span><\/p>\n<p><span style=\"font-family: Arial, sans-serif;\">Palacio de los Verdugo<\/span><\/p>\n<p><span style=\"font-family: Arial, sans-serif;\">Palacio de Polentinos. Museo de Intendencia<\/span><\/p>\n<p><span style=\"font-family: Arial, sans-serif;\">Palacio de Valderr\u00e1banos<\/span><\/p>\n<p><span style=\"font-family: Arial, sans-serif;\">Palacio del Rey Ni\u00f1o<\/span><\/p>\n<p><span style=\"font-family: Arial, sans-serif;\">Palacio Episcopal<\/span><\/p>\n<p><span style=\"font-family: Arial, sans-serif;\">Piedrahita<\/span><\/p>\n<p><span style=\"font-family: Arial, sans-serif;\">Plaza Mayor <\/span><\/p>\n<p><span style=\"font-family: Arial, sans-serif;\">Postigo de la Malaventura<\/span><\/p>\n<p><span style=\"font-family: Arial, sans-serif;\">Provincia de \u00c1vila, La<\/span><\/p>\n<p><span style=\"font-family: Arial, sans-serif;\">Puente medieval y tener\u00edas<\/span><\/p>\n<p><span style=\"font-family: Arial, sans-serif;\">Puerta de Carnicer\u00edas<\/span><\/p>\n<p><span style=\"font-family: Arial, sans-serif;\">Puerta de la Santa o de Montenegro<\/span><\/p>\n<p><span style=\"font-family: Arial, sans-serif;\">Puerta de San Vicente<\/span><\/p>\n<p><span style=\"font-family: Arial, sans-serif;\">Puerta del Alc\u00e1zar<\/span><\/p>\n<p><span style=\"font-family: Arial, sans-serif;\">Puerta del Carmen<\/span><\/p>\n<p><span style=\"font-family: Arial, sans-serif;\">Puerta del Mariscal<\/span><\/p>\n<p><span style=\"font-family: Arial, sans-serif;\">Puerta del Puente o de San Segundo <\/span><\/p>\n<p><span style=\"font-family: Arial, sans-serif;\">Puerta del Rastro o de Grajal<\/span><\/p>\n<p><span style=\"font-family: Arial, sans-serif;\">Pza. del Mercado Grande o de Sta. Teresa<\/span><\/p>\n<p><span style=\"font-family: Arial, sans-serif;\">Real Monasterio de Santa Ana<\/span><\/p>\n<p><span style=\"font-family: Arial, sans-serif;\">Real Monasterio de Santo Tom\u00e1s<\/span><\/p>\n<p><span style=\"font-family: Arial, sans-serif;\">Ruinas de los Jer\u00f3nimos<\/span><\/p>\n<p><span style=\"font-family: Arial, sans-serif;\">Ruinas del Hospital de Sta. Escol\u00e1stica<\/span><\/p>\n<p><span style=\"font-family: Arial, sans-serif;\">San Andr\u00e9s<\/span><\/p>\n<p><span style=\"font-family: Arial, sans-serif;\">San Esteban<\/span><\/p>\n<p><span style=\"font-family: Arial, sans-serif;\">San Francisco<\/span><\/p>\n<p><span style=\"font-family: Arial, sans-serif;\">San Juan<\/span><\/p>\n<p><span style=\"font-family: Arial, sans-serif;\">San Juan de la Cruz<\/span><\/p>\n<p><span style=\"font-family: Arial, sans-serif;\">San Mart\u00edn<\/span><\/p>\n<p><span style=\"font-family: Arial, sans-serif;\">San Nicol\u00e1s<\/span><\/p>\n<p><span style=\"font-family: Arial, sans-serif;\">San Pedro<\/span><\/p>\n<p><span style=\"font-family: Arial, sans-serif;\">San Pedro de Alc\u00e1ntara<\/span><\/p>\n<p><span style=\"font-family: Arial, sans-serif;\">San Segundo<\/span><\/p>\n<p><span style=\"font-family: Arial, sans-serif;\">Santa Mar\u00eda de la Cabeza<\/span><\/p>\n<p><span style=\"font-family: Arial, sans-serif;\">Santiago<\/span><\/p>\n<p><span style=\"font-family: Arial, sans-serif;\">Santo Tom\u00e9 el viejo <\/span><\/p>\n<p><span style=\"font-family: Arial, sans-serif;\">Santuario de Ntra. Sra. de Sonsoles<\/span><\/p>\n<p><span style=\"font-family: Arial, sans-serif;\">Toros de Guisando, Los<\/span><\/p>\n<p><span style=\"font-family: Arial, sans-serif;\">Torre\u00f3n de los Guzmanes<\/span><\/p>\n<p><span style=\"font-family: Arial, sans-serif;\">Verracos, Los<\/span><\/p>\n","protected":false},"excerpt":{"rendered":"<p>Gu\u00eda de \u00c1vila y provincia. \u00c1vila, la ciudad de Santa Teresa, defendida por su murallas, Patrimonio de la Humanidad. En esta gu\u00eda se tratan todos los monumentos y puntos de inter\u00e9s de la Ciudad de \u00c1vila y principales de la provincia de \u00c1vila. En la ciudad con especial atenci\u00f3n a la Catedral de \u00c1vila, las [&hellip;]<\/p>\n","protected":false},"featured_media":222,"comment_status":"open","ping_status":"closed","template":"","meta":[],"product_brand":[],"product_cat":[21,20],"product_tag":[],"class_list":{"0":"post-246","1":"product","2":"type-product","3":"status-publish","4":"has-post-thumbnail","6":"product_cat-artistica-y-monumental","7":"product_cat-espanol","9":"first","10":"instock","11":"taxable","12":"shipping-taxable","13":"purchasable","14":"product-type-simple"},"jetpack-related-posts":[],"jetpack_sharing_enabled":true,"_links":{"self":[{"href":"https:\/\/www.edilera.com\/index.php\/wp-json\/wp\/v2\/product\/246","targetHints":{"allow":["GET"]}}],"collection":[{"href":"https:\/\/www.edilera.com\/index.php\/wp-json\/wp\/v2\/product"}],"about":[{"href":"https:\/\/www.edilera.com\/index.php\/wp-json\/wp\/v2\/types\/product"}],"replies":[{"embeddable":true,"href":"https:\/\/www.edilera.com\/index.php\/wp-json\/wp\/v2\/comments?post=246"}],"version-history":[{"count":1,"href":"https:\/\/www.edilera.com\/index.php\/wp-json\/wp\/v2\/product\/246\/revisions"}],"predecessor-version":[{"id":95735,"href":"https:\/\/www.edilera.com\/index.php\/wp-json\/wp\/v2\/product\/246\/revisions\/95735"}],"wp:featuredmedia":[{"embeddable":true,"href":"https:\/\/www.edilera.com\/index.php\/wp-json\/wp\/v2\/media\/222"}],"wp:attachment":[{"href":"https:\/\/www.edilera.com\/index.php\/wp-json\/wp\/v2\/media?parent=246"}],"wp:term":[{"taxonomy":"product_brand","embeddable":true,"href":"https:\/\/www.edilera.com\/index.php\/wp-json\/wp\/v2\/product_brand?post=246"},{"taxonomy":"product_cat","embeddable":true,"href":"https:\/\/www.edilera.com\/index.php\/wp-json\/wp\/v2\/product_cat?post=246"},{"taxonomy":"product_tag","embeddable":true,"href":"https:\/\/www.edilera.com\/index.php\/wp-json\/wp\/v2\/product_tag?post=246"}],"curies":[{"name":"wp","href":"https:\/\/api.w.org\/{rel}","templated":true}]}}