{"id":245,"date":"2019-03-05T15:40:10","date_gmt":"2019-03-05T14:40:10","guid":{"rendered":"https:\/\/www.edilera.com\/?post_type=product&#038;p=245"},"modified":"2026-04-27T12:33:54","modified_gmt":"2026-04-27T10:33:54","slug":"el-arlanza-lerma-silos-covarrubias-artistica-y-monumental","status":"publish","type":"product","link":"https:\/\/www.edilera.com\/index.php\/producto\/el-arlanza-lerma-silos-covarrubias-artistica-y-monumental\/","title":{"rendered":"El Arlanza, Lerma, Silos, Covarrubias, art\u00edstica y monumental."},"content":{"rendered":"<p><strong><span style=\"font-family: Arial, sans-serif;\">Gu\u00eda de la comarca del Arlanza: Lerma, Silos, Covarrubias.<\/span><\/strong><\/p>\n<p>&nbsp;<\/p>\n<p><span style=\"font-family: Arial, sans-serif;\">El conocido como tri\u00e1ngulo del Arlanza es una zona de gran riqueza, art\u00edstica, natural y monumental.<\/span><\/p>\n<p><span style=\"font-family: Arial, sans-serif;\">En Covarrubias, cuna de Castilla, se pueden visitar el torre\u00f3n de Fern\u00e1n Gonz\u00e1lez, su colegiata, muy cercano el monasterio de San Pedro de Arlanza que se eleva a\u00fan sobre un paisaje espectacular de sabinares junto al r\u00edo que da nombre a la comarca.<\/span><\/p>\n<p><span style=\"font-family: Arial, sans-serif;\">Al otro lado de la Sierra de la Mamblas Lara de los Infantes y su cantar, y muy cercana la ermita visigoda de Quintanilla de las Vi\u00f1as. Desde all\u00ed y hasta Salas de los Infantes un discurrir de icnitas y bosques petrificados.<\/span><\/p>\n<p><span style=\"font-family: Arial, sans-serif;\">En Santo Domingo de Silos, nos sorprende la riqueza de la poblaci\u00f3n y su siempre inestimable monasterio de Santo Domingo, el claustro, sus capiteles, sus paneles y el canto de los monjes. Junto a \u00e9l, el lugar de rodaje de la pel\u00edcula de EL Bueno, el Feo y el Malo, el cementerio de Sad Hill.<\/span><\/p>\n<p><span style=\"font-family: Arial, sans-serif;\">Finalmente Lerma, desde donde el Duque y su se\u00f1or Felipe III gobernaron el mayor imperio de la tierra, de los que son tesminonios, el Palacio Ducal, hoy Parador, y las iglesias y conventos que se yerguen en la Villa Ducal.<\/span><\/p>\n<p><span style=\"font-family: Arial, sans-serif;\">Los textos como en todos nuestros libros son concisos, ricos y claros, con m\u00e1s de 200 im\u00e1genes de medio y gran formato, planos, y esquemas que ayudan al visitante a tener una idea clara, asequible y bien aprovechada de su visita. Y que su vez sirve como recuerdo.<\/span><\/p>\n<p><span style=\"font-family: Arial, sans-serif;\">Se incluyen c\u00f3digos QR que dirigen a contenido extra, tal como gigafotos, indicaciones para llegar o poder escuchar a los monjes de Silos.<\/span><\/p>\n<p>&nbsp;<\/p>\n<ul>\n<li><span style=\"font-family: Arial, sans-serif;\">Encuadernaci\u00f3n: r\u00fastica cosida con solapas.<\/span><\/li>\n<li><span style=\"font-family: Arial, sans-serif;\">96 p\u00e1ginas.<\/span><\/li>\n<li><span style=\"font-family: Arial, sans-serif;\">A todo color.<\/span><\/li>\n<li><span style=\"font-family: Arial, sans-serif;\">Con desplegable cuadr\u00edptico, en el interior.<\/span><\/li>\n<li><span style=\"font-family: Arial, sans-serif;\">QR.<\/span><\/li>\n<li><span style=\"font-family: Arial, sans-serif;\">GIGAFOTOS.<\/span><\/li>\n<li><span style=\"font-family: Arial, sans-serif;\">ISBN: 978-84-948338-4-7<\/span><\/li>\n<\/ul>\n<p>&nbsp;<\/p>\n<p><strong><span style=\"font-family: Arial, sans-serif;\">\u00cdndice alfab\u00e9tico de temas tratados en el libro:<\/span><\/strong><\/p>\n<p><span style=\"font-family: Arial, sans-serif;\">\u00c1rboles f\u00f3siles.<\/span><\/p>\n<p><span style=\"font-family: Arial, sans-serif;\">Barbadillo del Mercado.<\/span><\/p>\n<p><span style=\"font-family: Arial, sans-serif;\">Cementerio de Sad Hill.<\/span><\/p>\n<p><span style=\"font-family: Arial, sans-serif;\">Colegiata de San Cosme y San Dami\u00e1n.<\/span><\/p>\n<p><span style=\"font-family: Arial, sans-serif;\">Convento de La Ascensi\u00f3n.<\/span><\/p>\n<p><span style=\"font-family: Arial, sans-serif;\">Convento de la Madre de Dios.<\/span><\/p>\n<p><span style=\"font-family: Arial, sans-serif;\">Convento de San Blas.<\/span><\/p>\n<p><span style=\"font-family: Arial, sans-serif;\">Convento de Santa Teresa.<\/span><\/p>\n<p><span style=\"font-family: Arial, sans-serif;\">Convento de Santo Domingo.<\/span><\/p>\n<p><span style=\"font-family: Arial, sans-serif;\">Covarrubias.<\/span><\/p>\n<p><span style=\"font-family: Arial, sans-serif;\">Cura Merino, El .<\/span><\/p>\n<p><span style=\"font-family: Arial, sans-serif;\">Desfiladero de La Yecla.<\/span><\/p>\n<p><span style=\"font-family: Arial, sans-serif;\">Duque de Lerma, El .<\/span><\/p>\n<p><span style=\"font-family: Arial, sans-serif;\">Ermita de La Piedad.<\/span><\/p>\n<p><span style=\"font-family: Arial, sans-serif;\">Ermita de San Pelayo.<\/span><\/p>\n<p><span style=\"font-family: Arial, sans-serif;\">Ermita del Humilladero.<\/span><\/p>\n<p><span style=\"font-family: Arial, sans-serif;\">Ex-Colegiata de San Pedro.<\/span><\/p>\n<p><span style=\"font-family: Arial, sans-serif;\">Historia de la villa.<\/span><\/p>\n<p><span style=\"font-family: Arial, sans-serif;\">Icnitas.<\/span><\/p>\n<p><span style=\"font-family: Arial, sans-serif;\">Jos\u00e9 Zorrilla.<\/span><\/p>\n<p><span style=\"font-family: Arial, sans-serif;\">Lara de los Infantes.<\/span><\/p>\n<p><span style=\"font-family: Arial, sans-serif;\">Lerma.<\/span><\/p>\n<p><span style=\"font-family: Arial, sans-serif;\">Leyenda de los Siete Infantes de Lara.<\/span><\/p>\n<p><span style=\"font-family: Arial, sans-serif;\">Monasterio de San Pedro de Arlanza.<\/span><\/p>\n<p><span style=\"font-family: Arial, sans-serif;\">Monasterio de Santo Domingo de Silos.<\/span><\/p>\n<p><span style=\"font-family: Arial, sans-serif;\">Monasterio de Villamayor de los Montes.<\/span><\/p>\n<p><span style=\"font-family: Arial, sans-serif;\">muralla de Lerma, La.<\/span><\/p>\n<p><span style=\"font-family: Arial, sans-serif;\">Palacio Ducal.<\/span><\/p>\n<p><span style=\"font-family: Arial, sans-serif;\">Parador Nacional de Turismo.<\/span><\/p>\n<p><span style=\"font-family: Arial, sans-serif;\">Quintanilla de las Vi\u00f1as.<\/span><\/p>\n<p><span style=\"font-family: Arial, sans-serif;\">Ruinas del Convento de San Francisco.<\/span><\/p>\n<p><span style=\"font-family: Arial, sans-serif;\">San Pedro de Arlanza.<\/span><\/p>\n<p><span style=\"font-family: Arial, sans-serif;\">Santo Domingo de Silos.<\/span><\/p>\n<p><span style=\"font-family: Arial, sans-serif;\">Tord\u00f3mar.<\/span><\/p>\n<p><span style=\"font-family: Arial, sans-serif;\">Torre\u00f3n de Fern\u00e1n Gonz\u00e1lez.<\/span><\/p>\n","protected":false},"excerpt":{"rendered":"<p>Gu\u00eda de la comarca del Arlanza: Lerma, Silos, Covarrubias. &nbsp; El conocido como tri\u00e1ngulo del Arlanza es una zona de gran riqueza, art\u00edstica, natural y monumental. En Covarrubias, cuna de Castilla, se pueden visitar el torre\u00f3n de Fern\u00e1n Gonz\u00e1lez, su colegiata, muy cercano el monasterio de San Pedro de Arlanza que se eleva a\u00fan sobre [&hellip;]<\/p>\n","protected":false},"featured_media":239,"comment_status":"open","ping_status":"closed","template":"","meta":[],"product_brand":[],"product_cat":[21,28,20],"product_tag":[],"class_list":{"0":"post-245","1":"product","2":"type-product","3":"status-publish","4":"has-post-thumbnail","6":"product_cat-artistica-y-monumental","7":"product_cat-burgos","8":"product_cat-espanol","10":"first","11":"instock","12":"taxable","13":"shipping-taxable","14":"purchasable","15":"product-type-simple"},"jetpack-related-posts":[],"jetpack_sharing_enabled":true,"_links":{"self":[{"href":"https:\/\/www.edilera.com\/index.php\/wp-json\/wp\/v2\/product\/245","targetHints":{"allow":["GET"]}}],"collection":[{"href":"https:\/\/www.edilera.com\/index.php\/wp-json\/wp\/v2\/product"}],"about":[{"href":"https:\/\/www.edilera.com\/index.php\/wp-json\/wp\/v2\/types\/product"}],"replies":[{"embeddable":true,"href":"https:\/\/www.edilera.com\/index.php\/wp-json\/wp\/v2\/comments?post=245"}],"version-history":[{"count":1,"href":"https:\/\/www.edilera.com\/index.php\/wp-json\/wp\/v2\/product\/245\/revisions"}],"predecessor-version":[{"id":96675,"href":"https:\/\/www.edilera.com\/index.php\/wp-json\/wp\/v2\/product\/245\/revisions\/96675"}],"wp:featuredmedia":[{"embeddable":true,"href":"https:\/\/www.edilera.com\/index.php\/wp-json\/wp\/v2\/media\/239"}],"wp:attachment":[{"href":"https:\/\/www.edilera.com\/index.php\/wp-json\/wp\/v2\/media?parent=245"}],"wp:term":[{"taxonomy":"product_brand","embeddable":true,"href":"https:\/\/www.edilera.com\/index.php\/wp-json\/wp\/v2\/product_brand?post=245"},{"taxonomy":"product_cat","embeddable":true,"href":"https:\/\/www.edilera.com\/index.php\/wp-json\/wp\/v2\/product_cat?post=245"},{"taxonomy":"product_tag","embeddable":true,"href":"https:\/\/www.edilera.com\/index.php\/wp-json\/wp\/v2\/product_tag?post=245"}],"curies":[{"name":"wp","href":"https:\/\/api.w.org\/{rel}","templated":true}]}}