{"id":94945,"date":"2020-07-24T18:40:11","date_gmt":"2020-07-24T16:40:11","guid":{"rendered":"https:\/\/www.edilera.com\/?page_id=94945"},"modified":"2020-07-27T09:21:01","modified_gmt":"2020-07-27T07:21:01","slug":"devoluciones","status":"publish","type":"page","link":"https:\/\/www.edilera.com\/index.php\/devoluciones\/","title":{"rendered":"Devoluciones"},"content":{"rendered":"\t\t<div data-elementor-type=\"wp-page\" data-elementor-id=\"94945\" class=\"elementor elementor-94945\">\n\t\t\t\t\t\t<section class=\"elementor-section elementor-top-section elementor-element elementor-element-6d5bc95 elementor-section-boxed elementor-section-height-default elementor-section-height-default\" data-id=\"6d5bc95\" data-element_type=\"section\" data-e-type=\"section\">\n\t\t\t\t\t\t<div class=\"elementor-container elementor-column-gap-default\">\n\t\t\t\t\t<div class=\"elementor-column elementor-col-100 elementor-top-column elementor-element elementor-element-791d787\" data-id=\"791d787\" data-element_type=\"column\" data-e-type=\"column\">\n\t\t\t<div class=\"elementor-widget-wrap\">\n\t\t\t\t\t\t\t<\/div>\n\t\t<\/div>\n\t\t\t\t\t<\/div>\n\t\t<\/section>\n\t\t\t\t<section class=\"elementor-section elementor-top-section elementor-element elementor-element-b359af8 elementor-section-boxed elementor-section-height-default elementor-section-height-default\" data-id=\"b359af8\" data-element_type=\"section\" data-e-type=\"section\">\n\t\t\t\t\t\t<div class=\"elementor-container elementor-column-gap-default\">\n\t\t\t\t\t<div class=\"elementor-column elementor-col-100 elementor-top-column elementor-element elementor-element-21b0e81\" data-id=\"21b0e81\" data-element_type=\"column\" data-e-type=\"column\">\n\t\t\t<div class=\"elementor-widget-wrap elementor-element-populated\">\n\t\t\t\t\t\t\t<\/div>\n\t\t<\/div>\n\t\t\t\t\t<\/div>\n\t\t<\/section>\n\t\t\t\t<section class=\"elementor-section elementor-top-section elementor-element elementor-element-f8aff8b elementor-section-boxed elementor-section-height-default elementor-section-height-default\" data-id=\"f8aff8b\" data-element_type=\"section\" data-e-type=\"section\">\n\t\t\t\t\t\t<div class=\"elementor-container elementor-column-gap-default\">\n\t\t\t\t\t<div class=\"elementor-column elementor-col-100 elementor-top-column elementor-element elementor-element-88d9dda\" data-id=\"88d9dda\" data-element_type=\"column\" data-e-type=\"column\">\n\t\t\t<div class=\"elementor-widget-wrap elementor-element-populated\">\n\t\t\t\t\t\t<div class=\"elementor-element elementor-element-758afba elementor-widget elementor-widget-text-editor\" data-id=\"758afba\" data-element_type=\"widget\" data-e-type=\"widget\" data-widget_type=\"text-editor.default\">\n\t\t\t\t<div class=\"elementor-widget-container\">\n\t\t\t\t\t\t\t\t\t<p><\/p>\n<p><strong><a>Devoluciones y canjes de producto<br><\/a><\/strong>Canje gratuito para productos que lleguen equivocados o en mal estado en los tres d\u00edas siguientes a la recepci\u00f3n<\/p>\n<p>Disponemos de un servicio de canje gratuito para productos que lleguen equivocados, defectuosos o en mal estado. Si recibe un producto as\u00ed, contacta con nosotros antes de 3 d\u00edas desde la recepci\u00f3n del paquete para que podamos programarle el canje.<\/p>\n<p>Env\u00edenos un correo electr\u00f3nico a <a href=\"mailto:tienda@edilera.com\">tienda@edilera.com<\/a> para informarnos de que va a realizar la devoluci\u00f3n y le informaremos sobre el procedimiento a seguir para el env\u00edo de vuelta del producto.<\/p><p><strong><a>Cancelaci\u00f3n de un pedido<br><\/a><\/strong>Simpre que no haya sido enviado el pedido, puede cancelarlo. <br><\/p>\n<p>Si le quedan dudas, escr\u00edbanos a <a href=\"mailto:tienda@edilera.com\">tienda@edilera.com<\/a> y le responderemos de inmediato.<\/p>\t\t\t\t\t\t\t\t<\/div>\n\t\t\t\t<\/div>\n\t\t\t\t\t<\/div>\n\t\t<\/div>\n\t\t\t\t\t<\/div>\n\t\t<\/section>\n\t\t\t\t<\/div>\n\t\t","protected":false},"excerpt":{"rendered":"<p>Devoluciones y canjes de productoCanje gratuito para productos que lleguen equivocados o en mal estado en los tres d\u00edas siguientes a la recepci\u00f3n Disponemos de un servicio de canje gratuito para productos que lleguen equivocados, defectuosos o en mal estado. Si recibe un producto as\u00ed, contacta con nosotros antes de 3 d\u00edas desde la recepci\u00f3n [&hellip;]<\/p>\n","protected":false},"author":17,"featured_media":0,"parent":0,"menu_order":0,"comment_status":"closed","ping_status":"closed","template":"","meta":{"footnotes":""},"class_list":["post-94945","page","type-page","status-publish","hentry"],"jetpack_shortlink":"https:\/\/wp.me\/PaMcFs-oHn","jetpack-related-posts":[],"jetpack_sharing_enabled":true,"_links":{"self":[{"href":"https:\/\/www.edilera.com\/index.php\/wp-json\/wp\/v2\/pages\/94945","targetHints":{"allow":["GET"]}}],"collection":[{"href":"https:\/\/www.edilera.com\/index.php\/wp-json\/wp\/v2\/pages"}],"about":[{"href":"https:\/\/www.edilera.com\/index.php\/wp-json\/wp\/v2\/types\/page"}],"author":[{"embeddable":true,"href":"https:\/\/www.edilera.com\/index.php\/wp-json\/wp\/v2\/users\/17"}],"replies":[{"embeddable":true,"href":"https:\/\/www.edilera.com\/index.php\/wp-json\/wp\/v2\/comments?post=94945"}],"version-history":[{"count":4,"href":"https:\/\/www.edilera.com\/index.php\/wp-json\/wp\/v2\/pages\/94945\/revisions"}],"predecessor-version":[{"id":94965,"href":"https:\/\/www.edilera.com\/index.php\/wp-json\/wp\/v2\/pages\/94945\/revisions\/94965"}],"wp:attachment":[{"href":"https:\/\/www.edilera.com\/index.php\/wp-json\/wp\/v2\/media?parent=94945"}],"curies":[{"name":"wp","href":"https:\/\/api.w.org\/{rel}","templated":true}]}}