{"id":94938,"date":"2020-07-24T18:30:58","date_gmt":"2020-07-24T16:30:58","guid":{"rendered":"https:\/\/www.edilera.com\/?page_id=94938"},"modified":"2020-07-27T09:14:37","modified_gmt":"2020-07-27T07:14:37","slug":"pago-seguro","status":"publish","type":"page","link":"https:\/\/www.edilera.com\/index.php\/pago-seguro\/","title":{"rendered":"Pago seguro"},"content":{"rendered":"\t\t<div data-elementor-type=\"wp-page\" data-elementor-id=\"94938\" class=\"elementor elementor-94938\">\n\t\t\t\t\t\t<section class=\"elementor-section elementor-top-section elementor-element elementor-element-1672aaf elementor-section-boxed elementor-section-height-default elementor-section-height-default\" data-id=\"1672aaf\" data-element_type=\"section\" data-e-type=\"section\">\n\t\t\t\t\t\t<div class=\"elementor-container elementor-column-gap-default\">\n\t\t\t\t\t<div class=\"elementor-column elementor-col-100 elementor-top-column elementor-element elementor-element-f69218c\" data-id=\"f69218c\" data-element_type=\"column\" data-e-type=\"column\">\n\t\t\t<div class=\"elementor-widget-wrap elementor-element-populated\">\n\t\t\t\t\t\t<div class=\"elementor-element elementor-element-6e5f856 elementor-widget elementor-widget-text-editor\" data-id=\"6e5f856\" data-element_type=\"widget\" data-e-type=\"widget\" data-widget_type=\"text-editor.default\">\n\t\t\t\t<div class=\"elementor-widget-container\">\n\t\t\t\t\t\t\t\t\t<p><strong><a>\u00bfMi compra es totalmente segura?<\/a><\/strong><\/p><p>La conexi\u00f3n de su navegador con la web <strong>estar\u00e1 cifrada bajo SSL en todos los procesos importantes de la misma (registro de usuario, carrito de la compra, proceso de pago&#8230;)<\/strong> Y bien.. \u00bfQu\u00e9 es SSL?<br \/>\u00a0<br \/><strong>SSL (Secure Socket Layer)<\/strong> es un est\u00e1ndar para comunicarse a trav\u00e9s de un canal seguro que imposibilita la intercepci\u00f3n de informaci\u00f3n critica como datos de tarjetas de cr\u00e9dito, permitiendo as\u00ed transacciones financieras electr\u00f3nicas seguras en Internet. Esta tecnolog\u00eda usa compleja encriptaci\u00f3n de datos que nosotros incorporamos en nuestros servidores. Puede confiar en dicho canal seguro en las compras en este sitio web.<\/p>\t\t\t\t\t\t\t\t<\/div>\n\t\t\t\t<\/div>\n\t\t\t\t\t<\/div>\n\t\t<\/div>\n\t\t\t\t\t<\/div>\n\t\t<\/section>\n\t\t\t\t<\/div>\n\t\t","protected":false},"excerpt":{"rendered":"<p>\u00bfMi compra es totalmente segura? La conexi\u00f3n de su navegador con la web estar\u00e1 cifrada bajo SSL en todos los procesos importantes de la misma (registro de usuario, carrito de la compra, proceso de pago&#8230;) Y bien.. \u00bfQu\u00e9 es SSL?\u00a0SSL (Secure Socket Layer) es un est\u00e1ndar para comunicarse a trav\u00e9s de un canal seguro que [&hellip;]<\/p>\n","protected":false},"author":17,"featured_media":0,"parent":0,"menu_order":0,"comment_status":"closed","ping_status":"closed","template":"","meta":{"footnotes":""},"class_list":["post-94938","page","type-page","status-publish","hentry"],"jetpack_shortlink":"https:\/\/wp.me\/PaMcFs-oHg","jetpack-related-posts":[],"jetpack_sharing_enabled":true,"_links":{"self":[{"href":"https:\/\/www.edilera.com\/index.php\/wp-json\/wp\/v2\/pages\/94938","targetHints":{"allow":["GET"]}}],"collection":[{"href":"https:\/\/www.edilera.com\/index.php\/wp-json\/wp\/v2\/pages"}],"about":[{"href":"https:\/\/www.edilera.com\/index.php\/wp-json\/wp\/v2\/types\/page"}],"author":[{"embeddable":true,"href":"https:\/\/www.edilera.com\/index.php\/wp-json\/wp\/v2\/users\/17"}],"replies":[{"embeddable":true,"href":"https:\/\/www.edilera.com\/index.php\/wp-json\/wp\/v2\/comments?post=94938"}],"version-history":[{"count":4,"href":"https:\/\/www.edilera.com\/index.php\/wp-json\/wp\/v2\/pages\/94938\/revisions"}],"predecessor-version":[{"id":94962,"href":"https:\/\/www.edilera.com\/index.php\/wp-json\/wp\/v2\/pages\/94938\/revisions\/94962"}],"wp:attachment":[{"href":"https:\/\/www.edilera.com\/index.php\/wp-json\/wp\/v2\/media?parent=94938"}],"curies":[{"name":"wp","href":"https:\/\/api.w.org\/{rel}","templated":true}]}}