{"id":94935,"date":"2020-07-24T18:28:22","date_gmt":"2020-07-24T16:28:22","guid":{"rendered":"https:\/\/www.edilera.com\/?page_id=94935"},"modified":"2020-07-24T18:29:44","modified_gmt":"2020-07-24T16:29:44","slug":"forma-de-pago","status":"publish","type":"page","link":"https:\/\/www.edilera.com\/index.php\/forma-de-pago\/","title":{"rendered":"Forma de pago"},"content":{"rendered":"\t\t<div data-elementor-type=\"wp-page\" data-elementor-id=\"94935\" class=\"elementor elementor-94935\">\n\t\t\t\t\t\t<section class=\"elementor-section elementor-top-section elementor-element elementor-element-80f92d0 elementor-section-boxed elementor-section-height-default elementor-section-height-default\" data-id=\"80f92d0\" data-element_type=\"section\" data-e-type=\"section\">\n\t\t\t\t\t\t<div class=\"elementor-container elementor-column-gap-default\">\n\t\t\t\t\t<div class=\"elementor-column elementor-col-100 elementor-top-column elementor-element elementor-element-a06382e\" data-id=\"a06382e\" data-element_type=\"column\" data-e-type=\"column\">\n\t\t\t<div class=\"elementor-widget-wrap elementor-element-populated\">\n\t\t\t\t\t\t<div class=\"elementor-element elementor-element-9f56dd9 elementor-widget elementor-widget-text-editor\" data-id=\"9f56dd9\" data-element_type=\"widget\" data-e-type=\"widget\" data-widget_type=\"text-editor.default\">\n\t\t\t\t<div class=\"elementor-widget-container\">\n\t\t\t\t\t\t\t\t\t<p><strong><a>Formas de Pago<br><\/a><\/strong><\/p>\n<p>Todas las compras son 100% seguras<\/p>\n<p>Disponemos de las siguientes formas de pago:<\/p>\n<ul><li><strong>Paypal<\/strong><br>Si tiene una cuenta en Paypal, puede \nhacer el pago a trav\u00e9s de ella. El pago se procesa de forma inmediata y \nel pedido se procesa con rapidez.<\/li><li><strong>Pago contra reembolso<\/strong><br>Pagar\u00e1 la mercanc\u00eda al \nmensajero, en efectivo, en el momento de la entrega del paquete m\u00e1s \n3,63\u20ac de gastos de gesti\u00f3n. El env\u00edo se procesa con la misma rapidez que\n en los dos casos anteriores, pero esta opci\u00f3n solo est\u00e1 disponible para\n Espa\u00f1a peninsular y Baleares. MIENTRAS DURE LA PANDEMIA POR CORONAVIRUS\n ESTA OPCI\u00d3N EST\u00c1 POR SU SEGURIDAD Y LA DEL REPARTIDOR DESACTIVADA.<br><\/li><li><strong>Transferencia bancaria<\/strong><br>Al seleccionar esta forma\n de pago, al final del proceso recibir\u00e1 un e-mail con el n\u00famero de \ncuenta en el que deber\u00e1 ingresar el importe. Al hacer la transferencia, \nindique claramente su nombre, apellidos y su n\u00ba de pedido. Debe realizar\n la transferencia dentro de los 3 d\u00edas laborables siguientes de la \nconfirmaci\u00f3n de su pedido. Normalmente las transferencias se reflejan en\n nuestra cuenta con 24 \u00f3 48 horas de demora. El env\u00edo del pedido no se \nrealizar\u00e1 hasta que recibamos la transferencia o el cliente nos env\u00ede el\n justificante por e-mail. Si a los 7 d\u00edas de haber realizado el pedido, \nno hemos recibido la transferencia, el pedido se cancela \nautom\u00e1ticamente.<\/li><li><strong>Tarjeta de cr\u00e9dito \/ d\u00e9bito<\/strong><br>Al seleccionar esta \nforma de pago, al final del proceso de compra ser\u00e1 redirigido a la \nplataforma de pago seguro de Redsys y Santander donde podr\u00e1 efectuar el \npago de su compra.<br><\/li><\/ul>\n<p><strong><a>\u00bfCobran comisi\u00f3n por alguna de las formas de pago?<\/a><\/strong><\/p>\n<p>No cobramos comisi\u00f3n por ninguna de las formas de pago, excepto si escoge el pago contra reembolso que deberemos sumar 3,63\u20ac.<\/p>\t\t\t\t\t\t\t\t<\/div>\n\t\t\t\t<\/div>\n\t\t\t\t\t<\/div>\n\t\t<\/div>\n\t\t\t\t\t<\/div>\n\t\t<\/section>\n\t\t\t\t<\/div>\n\t\t","protected":false},"excerpt":{"rendered":"<p>Formas de Pago Todas las compras son 100% seguras Disponemos de las siguientes formas de pago: PaypalSi tiene una cuenta en Paypal, puede hacer el pago a trav\u00e9s de ella. El pago se procesa de forma inmediata y el pedido se procesa con rapidez. Pago contra reembolsoPagar\u00e1 la mercanc\u00eda al mensajero, en efectivo, en el [&hellip;]<\/p>\n","protected":false},"author":17,"featured_media":0,"parent":0,"menu_order":0,"comment_status":"closed","ping_status":"closed","template":"","meta":{"footnotes":""},"class_list":["post-94935","page","type-page","status-publish","hentry"],"jetpack_shortlink":"https:\/\/wp.me\/PaMcFs-oHd","jetpack-related-posts":[],"jetpack_sharing_enabled":true,"_links":{"self":[{"href":"https:\/\/www.edilera.com\/index.php\/wp-json\/wp\/v2\/pages\/94935","targetHints":{"allow":["GET"]}}],"collection":[{"href":"https:\/\/www.edilera.com\/index.php\/wp-json\/wp\/v2\/pages"}],"about":[{"href":"https:\/\/www.edilera.com\/index.php\/wp-json\/wp\/v2\/types\/page"}],"author":[{"embeddable":true,"href":"https:\/\/www.edilera.com\/index.php\/wp-json\/wp\/v2\/users\/17"}],"replies":[{"embeddable":true,"href":"https:\/\/www.edilera.com\/index.php\/wp-json\/wp\/v2\/comments?post=94935"}],"version-history":[{"count":2,"href":"https:\/\/www.edilera.com\/index.php\/wp-json\/wp\/v2\/pages\/94935\/revisions"}],"predecessor-version":[{"id":94937,"href":"https:\/\/www.edilera.com\/index.php\/wp-json\/wp\/v2\/pages\/94935\/revisions\/94937"}],"wp:attachment":[{"href":"https:\/\/www.edilera.com\/index.php\/wp-json\/wp\/v2\/media?parent=94935"}],"curies":[{"name":"wp","href":"https:\/\/api.w.org\/{rel}","templated":true}]}}