{"id":94516,"date":"2020-03-26T11:29:58","date_gmt":"2020-03-26T10:29:58","guid":{"rendered":"https:\/\/www.edilera.com\/?page_id=94516"},"modified":"2020-07-27T09:18:46","modified_gmt":"2020-07-27T07:18:46","slug":"condiciones-de-compra","status":"publish","type":"page","link":"https:\/\/www.edilera.com\/index.php\/condiciones-de-compra\/","title":{"rendered":"Condiciones de compra"},"content":{"rendered":"\t\t<div data-elementor-type=\"wp-page\" data-elementor-id=\"94516\" class=\"elementor elementor-94516\">\n\t\t\t\t\t\t<section class=\"elementor-section elementor-top-section elementor-element elementor-element-b482053 elementor-section-boxed elementor-section-height-default elementor-section-height-default\" data-id=\"b482053\" data-element_type=\"section\" data-e-type=\"section\">\n\t\t\t\t\t\t<div class=\"elementor-container elementor-column-gap-default\">\n\t\t\t\t\t<div class=\"elementor-column elementor-col-100 elementor-top-column elementor-element elementor-element-34e5592\" data-id=\"34e5592\" data-element_type=\"column\" data-e-type=\"column\">\n\t\t\t<div class=\"elementor-widget-wrap elementor-element-populated\">\n\t\t\t\t\t\t<div class=\"elementor-element elementor-element-dd36533 elementor-widget elementor-widget-text-editor\" data-id=\"dd36533\" data-element_type=\"widget\" data-e-type=\"widget\" data-widget_type=\"text-editor.default\">\n\t\t\t\t<div class=\"elementor-widget-container\">\n\t\t\t\t\t\t\t\t\t<p><strong><a>Derecho y Jurisdicci\u00f3n aplicable a las ventas realizadas desde esta web.<\/a><\/strong><\/p>\n<p><span style=\"font-family: sans-serif;\"><span style=\"font-size: small;\">Todos los pedidos que se acepten se regir\u00e1n y regular\u00e1n, en cuanto a su validez, ejecuci\u00f3n, interpretaci\u00f3n, efecto y dem\u00e1s aspectos,<\/span><\/span> <span style=\"font-family: sans-serif;\"><span style=\"font-size: small;\">por el Derecho com\u00fan del Reino de Espa\u00f1a, en cuyo estado tiene localizado EDILERA su<\/span><\/span> <span style=\"font-family: sans-serif;\"><span style=\"font-size: small;\">centro principal de actividad. <br><\/span><\/span><\/p>\n<p><span style=\"font-family: sans-serif;\"><span style=\"font-size: small;\">EDILERA no autoriza la compra de productos a menores de 18 a\u00f1os. El uso \nde sus servicios por menores de edad debe hacerse bajo supervisi\u00f3n de un\n padre o un tutor.\n Por lo tanto, si un menor quiere comprar alg\u00fan producto s\u00f3lo tiene la \nopci\u00f3n de utilizar los datos de inicio de un adulto y sus credenciales \nbancarias.<\/span><\/span><\/p>\n<p><span style=\"font-family: sans-serif;\"><span style=\"font-size: small;\">El Comprador acepta que todas las acciones o procedimientos judiciales que se susciten, directa, indirectamente, o de otro modo, en relaci\u00f3n con, en conexi\u00f3n con, o a partir de, cualquier pedido aceptado por la Sociedad, se sustanciar\u00e1n, a la exclusiva apreciaci\u00f3n y opci\u00f3n de la Sociedad, en los Juzgados y Tribunales de Zamora. El Comprador acepta someterse a la jurisdicci\u00f3n de los citados Juzgados y Tribunales y renuncia a cualquier derecho de traslado o cambio de jurisdicci\u00f3n en cualquier litigio entablado por<\/span><\/span> <span style=\"font-family: sans-serif;\"><span style=\"font-size: small;\">\u00e9l contra EDILERA o en cualquier litigio entablado por EDILERA contra \u00e9l. <\/span><\/span><\/p>\n<p><span style=\"font-family: sans-serif;\"><span style=\"font-size: small;\">Todos los pedidos que se acepten se regir\u00e1n y regular\u00e1n, en cuanto a su validez, ejecuci\u00f3n, interpretaci\u00f3n, efecto y dem\u00e1s aspectos,<\/span><\/span> <span style=\"font-family: sans-serif;\"><span style=\"font-size: small;\">por el Derecho com\u00fan del Reino de Espa\u00f1a, en el que tiene localizado EDILERA su<\/span><\/span> <span style=\"font-family: sans-serif;\"><span style=\"font-size: small;\">centro principal de actividad. <\/span><\/span><\/p>\n<p><span style=\"font-family: sans-serif;\"><span style=\"font-size: small;\">El Comprador acepta que todas las acciones o procedimientos judiciales que se susciten, directa, indirectamente, o de otro modo, en relaci\u00f3n con, en conexi\u00f3n con, o a partir de, cualquier pedido aceptado por la Sociedad, se sustanciar\u00e1n, a la exclusiva apreciaci\u00f3n y opci\u00f3n de la Sociedad, en los Juzgados y Tribunales de Zamora. El Comprador acepta someterse a la jurisdicci\u00f3n de los citados Juzgados y Tribunales y renuncia a cualquier derecho de traslado o cambio de jurisdicci\u00f3n en cualquier litigio entablado por<\/span><\/span> <span style=\"font-family: sans-serif;\"><span style=\"font-size: small;\">\u00e9l contra EDILERA o en cualquier litigio entablado por EDILERA contra \u00e9l. <\/span><\/span><\/p>\t\t\t\t\t\t\t\t<\/div>\n\t\t\t\t<\/div>\n\t\t\t\t\t<\/div>\n\t\t<\/div>\n\t\t\t\t\t<\/div>\n\t\t<\/section>\n\t\t\t\t<\/div>\n\t\t","protected":false},"excerpt":{"rendered":"<p>Derecho y Jurisdicci\u00f3n aplicable a las ventas realizadas desde esta web. Todos los pedidos que se acepten se regir\u00e1n y regular\u00e1n, en cuanto a su validez, ejecuci\u00f3n, interpretaci\u00f3n, efecto y dem\u00e1s aspectos, por el Derecho com\u00fan del Reino de Espa\u00f1a, en cuyo estado tiene localizado EDILERA su centro principal de actividad. EDILERA no autoriza la [&hellip;]<\/p>\n","protected":false},"author":17,"featured_media":0,"parent":0,"menu_order":0,"comment_status":"closed","ping_status":"closed","template":"","meta":{"footnotes":""},"class_list":["post-94516","page","type-page","status-publish","hentry"],"jetpack_shortlink":"https:\/\/wp.me\/PaMcFs-oAs","jetpack-related-posts":[],"jetpack_sharing_enabled":true,"_links":{"self":[{"href":"https:\/\/www.edilera.com\/index.php\/wp-json\/wp\/v2\/pages\/94516","targetHints":{"allow":["GET"]}}],"collection":[{"href":"https:\/\/www.edilera.com\/index.php\/wp-json\/wp\/v2\/pages"}],"about":[{"href":"https:\/\/www.edilera.com\/index.php\/wp-json\/wp\/v2\/types\/page"}],"author":[{"embeddable":true,"href":"https:\/\/www.edilera.com\/index.php\/wp-json\/wp\/v2\/users\/17"}],"replies":[{"embeddable":true,"href":"https:\/\/www.edilera.com\/index.php\/wp-json\/wp\/v2\/comments?post=94516"}],"version-history":[{"count":12,"href":"https:\/\/www.edilera.com\/index.php\/wp-json\/wp\/v2\/pages\/94516\/revisions"}],"predecessor-version":[{"id":94963,"href":"https:\/\/www.edilera.com\/index.php\/wp-json\/wp\/v2\/pages\/94516\/revisions\/94963"}],"wp:attachment":[{"href":"https:\/\/www.edilera.com\/index.php\/wp-json\/wp\/v2\/media?parent=94516"}],"curies":[{"name":"wp","href":"https:\/\/api.w.org\/{rel}","templated":true}]}}