{"id":94461,"date":"2020-03-17T17:42:44","date_gmt":"2020-03-17T16:42:44","guid":{"rendered":"https:\/\/www.edilera.com\/?page_id=94461"},"modified":"2020-03-17T17:45:42","modified_gmt":"2020-03-17T16:45:42","slug":"contacto","status":"publish","type":"page","link":"https:\/\/www.edilera.com\/index.php\/contacto\/","title":{"rendered":"Contacto"},"content":{"rendered":"\n<p><strong>Puede ponerse en contacto con nosotros a trav\u00e9s del correo electr\u00f3nico:<\/strong><\/p>\n\n\n\n<p><em>contacto@edilera.com<\/em><\/p>\n\n\n\n<p><strong>O por correo postal a la direcci\u00f3n:<\/strong><\/p>\n\n\n\n<p>Ediciones EDILERA<\/p>\n\n\n\n<p>Apdo. de correos: 472<\/p>\n\n\n\n<p>49080 ZAMORA (Espa\u00f1a)<\/p>\n\n\n\n<p><\/p>\n","protected":false},"excerpt":{"rendered":"<p>Puede ponerse en contacto con nosotros a trav\u00e9s del correo electr\u00f3nico: contacto@edilera.com O por correo postal a la direcci\u00f3n: Ediciones EDILERA Apdo. de correos: 472 49080 ZAMORA (Espa\u00f1a)<\/p>\n","protected":false},"author":17,"featured_media":0,"parent":0,"menu_order":0,"comment_status":"closed","ping_status":"closed","template":"","meta":{"footnotes":""},"class_list":["post-94461","page","type-page","status-publish","hentry"],"jetpack_shortlink":"https:\/\/wp.me\/PaMcFs-ozz","jetpack-related-posts":[],"jetpack_sharing_enabled":true,"_links":{"self":[{"href":"https:\/\/www.edilera.com\/index.php\/wp-json\/wp\/v2\/pages\/94461","targetHints":{"allow":["GET"]}}],"collection":[{"href":"https:\/\/www.edilera.com\/index.php\/wp-json\/wp\/v2\/pages"}],"about":[{"href":"https:\/\/www.edilera.com\/index.php\/wp-json\/wp\/v2\/types\/page"}],"author":[{"embeddable":true,"href":"https:\/\/www.edilera.com\/index.php\/wp-json\/wp\/v2\/users\/17"}],"replies":[{"embeddable":true,"href":"https:\/\/www.edilera.com\/index.php\/wp-json\/wp\/v2\/comments?post=94461"}],"version-history":[{"count":3,"href":"https:\/\/www.edilera.com\/index.php\/wp-json\/wp\/v2\/pages\/94461\/revisions"}],"predecessor-version":[{"id":94464,"href":"https:\/\/www.edilera.com\/index.php\/wp-json\/wp\/v2\/pages\/94461\/revisions\/94464"}],"wp:attachment":[{"href":"https:\/\/www.edilera.com\/index.php\/wp-json\/wp\/v2\/media?parent=94461"}],"curies":[{"name":"wp","href":"https:\/\/api.w.org\/{rel}","templated":true}]}}